{"id":7,"date":"2013-05-13T14:35:01","date_gmt":"2013-05-13T14:35:01","guid":{"rendered":"\/ch\/?page_id=7"},"modified":"2013-05-17T18:39:05","modified_gmt":"2013-05-17T18:39:05","slug":"sobre-a-instituicao","status":"publish","type":"page","link":"https:\/\/centros.uepb.edu.br\/ch\/sobre-a-instituicao\/","title":{"rendered":"Sobre a institui\u00e7\u00e3o"},"content":{"rendered":"<p>Incorporado \u00e0 Universidade Estadual da Para\u00edba em novembro de 1987, ap\u00f3s aprova\u00e7\u00e3o do projeto de lei n\u00famero 81\/87, de autoria do ent\u00e3o deputado estadual Roberto Paulino, o campus III da UEPB teve como denomina\u00e7\u00e3o inicial Faculdade de Filosofia, Ci\u00eancias e Letras de Guarabira (FAFIG). Com o objetivo de fomentar o ensino de n\u00edvel superior, tal institui\u00e7\u00e3o foi criada em 1967, tendo sido resultado da lei municipal n\u00famero 132\/1967, e de sua posterior publica\u00e7\u00e3o no Di\u00e1rio Oficial do Estado, em 9 de setembro do referido ano.<\/p>\n<p>Mas a autoriza\u00e7\u00e3o para o funcionamento da FAFIG ocorreu quatro anos depois, em 14\/4\/1971, por meio do decreto 63.509, tendo como mantenedora a Funda\u00e7\u00e3o Educacional de Guarabira, vinculada a prefeitura municipal.<\/p>\n<p>Por outro lado, o reconhecimento do primeiro curso s\u00f3 viria a acontecer em 15 de dezembro de 1977, atrav\u00e9s do decreto de n\u00famero 81.039, que permitiu a cria\u00e7\u00e3o do curso de licenciatura de 1\u00ba grau em Estudos Sociais e Letras.<\/p>\n<p>Apenas em 1979 foi criado o Campus Universit\u00e1rio de Guarabira, por meio do decreto municipal n\u00famero 64\/79. A instala\u00e7\u00e3o contava com uma \u00e1rea inicial de 23.000 m\u00b2.<\/p>\n<p>A partir de 1983, as atividades da institui\u00e7\u00e3o passaram a funcionar onde se localiza a atual sede do campus, no bairro Areia Branca. No entanto, continuava sendo financeiramente mantida pela Funda\u00e7\u00e3o Educacional de Guarabira. Nesse mesmo ano, foram autorizados, pela resolu\u00e7\u00e3o n\u00famero 20\/83, o funcionamento de mais tr\u00eas licenciaturas: Geografia, Hist\u00f3ria e Letras.<\/p>\n<p>Hoje, com mais de 70 ambientes distribu\u00eddos em dois pr\u00e9dios, o Centro de Humanidades (CH) Osmar de Aquino, homenagem ao popular advogado guarabirense que por duas vezes foi prefeito do munic\u00edpio (sendo nomeado para o cargo em 1940, e eleito em 1955), \u00e9 considerado um dos mais atuantes campi da UEPB.<\/p>\n<p>Com o compromisso de alavancar e promover o desenvolvimento sociocultural da regi\u00e3o, o CH investe em tecnologia e procura dinamizar os setores de pesquisa. Com a iniciativa do excelente corpo docente que disp\u00f5e, o centro investe em projetos de pesquisa e extens\u00e3o em n\u00edvel de gradua\u00e7\u00e3o, com atividades desenvolvidas pelas cinco departamentos: Hist\u00f3ria, Geografia, Letras (L\u00edngua e Literatura Portuguesa e Inglesa), Educa\u00e7\u00e3o (Pedagogia) e Ci\u00eancias Jur\u00eddicas (Direito).<\/p>\n<p>Tamb\u00e9m apresenta cinco cursos de p\u00f3s-gradua\u00e7\u00e3o (especializa\u00e7\u00f5es): \u201cGeografia e Territ\u00f3rio: planejamento urbano, rural e ambiental\u201d; Direitos Fundamentais e Democracia; \u201cLiteratura; interculturalidade afro-brasileira\u201d; \u201cHist\u00f3ria Cultural\u201d e \u201cEnsino de L\u00ednguas e Lingu\u00edstica\u201d, al\u00e9m de \u201cLiteratura Comparada\u201d.<\/p>\n<p>Em rela\u00e7\u00e3o \u00e0 infraestrutura, o campus conta com laborat\u00f3rio de inform\u00e1tica (com 16 computadores, com internet banda larga); ambientes de professores; Centro de Refer\u00eancia em Direitos Humanos da Para\u00edba; Escrit\u00f3rio Modelo de Direito; ambiente dos grupos de pesquisa em Direito; laborat\u00f3rio de estudos ambientais Prof. Paulo Lima, audit\u00f3rios; arquivo; biblioteca; salas dos grupos de pesquisa dos cursos de Pedagogia, Hist\u00f3ria, Letras; al\u00e9m do setor de Diplomas; coordena\u00e7\u00f5es; departamentos; dire\u00e7\u00e3o e salas de aulas.<\/p>\n<p>&nbsp;<\/p>\n","protected":false},"excerpt":{"rendered":"<p>Incorporado \u00e0 Universidade Estadual da Para\u00edba em novembro de 1987, ap\u00f3s aprova\u00e7\u00e3o do projeto de lei n\u00famero 81\/87, de autoria do ent\u00e3o deputado estadual Roberto Paulino, o campus III da UEPB teve como denomina\u00e7\u00e3o inicial Faculdade de Filosofia, Ci\u00eancias e Letras de Guarabira (FAFIG). Com o objetivo de fomentar o ensino de n\u00edvel superior, tal <a class=\"leiamais\" href=\"https:\/\/centros.uepb.edu.br\/ch\/sobre-a-instituicao\/\">Leia Mais&#8230;<\/a><\/p>\n","protected":false},"author":1,"featured_media":0,"parent":0,"menu_order":0,"comment_status":"open","ping_status":"open","template":"","meta":{"jetpack_post_was_ever_published":false,"footnotes":""},"class_list":["post-7","page","type-page","status-publish","hentry"],"jetpack_shortlink":"https:\/\/wp.me\/P4NR4N-7","jetpack_sharing_enabled":true,"_links":{"self":[{"href":"https:\/\/centros.uepb.edu.br\/ch\/wp-json\/wp\/v2\/pages\/7","targetHints":{"allow":["GET"]}}],"collection":[{"href":"https:\/\/centros.uepb.edu.br\/ch\/wp-json\/wp\/v2\/pages"}],"about":[{"href":"https:\/\/centros.uepb.edu.br\/ch\/wp-json\/wp\/v2\/types\/page"}],"author":[{"embeddable":true,"href":"https:\/\/centros.uepb.edu.br\/ch\/wp-json\/wp\/v2\/users\/1"}],"replies":[{"embeddable":true,"href":"https:\/\/centros.uepb.edu.br\/ch\/wp-json\/wp\/v2\/comments?post=7"}],"version-history":[{"count":0,"href":"https:\/\/centros.uepb.edu.br\/ch\/wp-json\/wp\/v2\/pages\/7\/revisions"}],"wp:attachment":[{"href":"https:\/\/centros.uepb.edu.br\/ch\/wp-json\/wp\/v2\/media?parent=7"}],"curies":[{"name":"wp","href":"https:\/\/api.w.org\/{rel}","templated":true}]}}