{"id":37,"date":"2013-05-13T18:39:15","date_gmt":"2013-05-13T18:39:15","guid":{"rendered":"\/ch\/?page_id=37"},"modified":"2025-06-02T16:46:11","modified_gmt":"2025-06-02T16:46:11","slug":"licenciatura-plena-em-geografia","status":"publish","type":"page","link":"https:\/\/centros.uepb.edu.br\/ch\/cursos\/licenciatura-plena-em-geografia\/","title":{"rendered":"Licenciatura Plena em Geografia"},"content":{"rendered":"<p><strong>Hist\u00f3rico<\/strong><\/p>\n<p>A Miss\u00e3o do curso de Licenciatura Plena em Geografia\u00a0 \u00e9 formar cidad\u00e3os que se comprometam com a amplia\u00e7\u00e3o e socializa\u00e7\u00e3o do conhecimento geogr\u00e1fico nos diversos n\u00edveis educacionais e t\u00e9cnicos, que possam contribuir para o desenvolvimento cient\u00edfico nacional, regional e local, particularmente do estado da Para\u00edba, seguindo os princ\u00edpios do Desenvolvimento Sustent\u00e1vel.<\/p>\n<p>Formar profissionais capazes de compreender a rela\u00e7\u00e3o sociedade-natureza de maneira te\u00f3rica e pr\u00e1tica tendo como refer\u00eancia a din\u00e2mica geogr\u00e1fica desenvolvida em escalas local e global e a necessidade de contribuir na constru\u00e7\u00e3o do cotidiano respeitando as bases hist\u00f3ricas, pol\u00edticas, econ\u00f4micas e sociais, ferramentas estas indispens\u00e1veis para a consolida\u00e7\u00e3o de uma carreira docente que se preocupa com as transforma\u00e7\u00f5es dos m\u00faltiplos espa\u00e7os.<\/p>\n<p>O Curso de Licenciatura Plena em Geografia tem por finalidade formar e capacitar profissionais para exercer a doc\u00eancia em n\u00edvel de ensino fundamental, m\u00e9dio e superior e promover o ensino, a pesquisa e a extens\u00e3o de forma integrada e comprometida com as prioridades do desenvolvimento local e regional. Dessa forma, os discentes dever\u00e3o ser capazes de vivenciar a pr\u00e1tica pedag\u00f3gica com base na observa\u00e7\u00e3o e na atua\u00e7\u00e3o democr\u00e1tica, adaptando-se \u00e0s novas tecnologias e \u00e0 din\u00e2mica da produ\u00e7\u00e3o do espa\u00e7o.<\/p>\n<p><strong>Modalidade<\/strong>: Licenciatura Plena em Geografia<br \/>\n<strong>Cria\u00e7\u00e3o<\/strong>: Resolu\u00e7\u00e3o n\u00ba 20\/83. De 07\/04\/1983<br \/>\n<strong>Regime Escolar<\/strong>: (Seriado Semestral com duas entradas)<br \/>\n<strong>Carga Hor\u00e1ria total do curso<\/strong>: 3000 h\/a<br \/>\n<strong>Turnos de funcionamento<\/strong>: Tarde\/Noite<br \/>\n<strong>E-mail<\/strong>:<\/p>\n<p><strong>Dura\u00e7\u00e3o do Curso<\/strong><\/p>\n<p>Turno Diurno: 04 (quatro) anos<br \/>\nTurno Noturno: 05 (cinco) anos<\/p>\n<p><strong>Campo de atua\u00e7\u00e3o profissional<\/strong>:<\/p>\n<p>O profissional de Geografia dever\u00e1, ao final do curso, estar\u00e1 apto a exercer diversas atividades ligadas ao Ensino, ao Planejamento, e Gest\u00e3o Ambiental, An\u00e1lise de atividades Tur\u00edsticas, quer seja em \u00f3rg\u00e3os governamentais e \/ou empresas privadas.<br \/>\nDentre estes \u00f3rg\u00e3os \u00e9 poss\u00edvel citar, Institui\u00e7\u00f5es de Ensino, IBGE, SUDEMA, EMATER, SUDENE, SETUR, Empresas Privadas, Secretarias de Agricultura, e do Meio Ambiente onde, a atua\u00e7\u00e3o do profissional de Geografia seja de apoio t\u00e9cnico e respaldo para a realiza\u00e7\u00e3o de tarefas inerentes \u00e0 sua \u00e1rea de conhecimento.<br \/>\nDessa forma, o profissional formado pelo Curso de Licenciatura Plena em Geografia poder\u00e1 exercer atividades ligadas \u00e0s seguintes atividades:<\/p>\n<ul>\n<li>Atuar como docente e pesquisador no ensino, fundamental, m\u00e9dio e superior;<\/li>\n<li>Elaborar e executar programas, interdisciplinares de gest\u00e3o e educa\u00e7\u00e3o\u00a0\u00a0 ambiental;<\/li>\n<li>Projetos e consultorias em Geografia e Educa\u00e7\u00e3o Ambiental<\/li>\n<li>Estudar os elementos e processos relacionados \u00e0 produ\u00e7\u00e3o do espa\u00e7o geogr\u00e1fico, com base nos fundamentos da ci\u00eancia geogr\u00e1fica;<\/li>\n<li>Atuar como agente de transforma\u00e7\u00e3o da sociedade, utilizando os conhecimentos da ci\u00eancia geogr\u00e1fica para a melhoria da qualidade de vida da popula\u00e7\u00e3o;<\/li>\n<li>Reconhecer e utilizar diferentes abordagens te\u00f3rico-metodol\u00f3gicas ligadas ao ensino de Geografia, compreendendo a complexidade dos fen\u00f4menos geogr\u00e1ficos.<\/li>\n<\/ul>\n<p><strong>Coordena\u00e7\u00e3o do curso (Gest\u00e3o 2025-2027)<\/strong>:<br \/>\nProf. <span style=\"font-weight: 400\">Lucas Augusto Pereira da Silva <\/span>(Coordenador)<\/p>\n<p>E-mail: <strong><a href=\"mailto:lucas.augusto@servidor.uepb.edu.br\">lucas.augusto@servidor.uepb.edu.br<\/a><\/strong><\/p>\n<p>Prof. Dr. Jos\u00e9 M\u00e1cio Ramalho Te\u00f3dulo (Coordenador adjunto)<\/p>\n<p>E-mail: <strong><a href=\"mailto:teodulomacio@servidor.uepb.edu.br\">teodulomacio@servidor.uepb.edu.br<\/a><\/strong><\/p>\n<p><strong>Contato:<\/strong> coord.geografia.ch@setor.uepb.edu.br<\/p>\n<p>&nbsp;<\/p>\n<p><strong>Chefia Departamental <\/strong><strong>(Gest\u00e3o 2025-2027):<\/strong><\/p>\n<p>Prof. Dr. <span style=\"font-weight: 400\">Leandro Paiva do Monte Rodrigues<\/span> (Chefe)<\/p>\n<p>E-mail:<strong> <a href=\"mailto:lepaivarodrigues@servidor.uepb.edu.br\">lepaivarodrigues@servidor.uepb.edu.br<\/a><\/strong><\/p>\n<p>Profa. Dra. Ang\u00e9lica Mara de Lima Dias(Chefe adjunta)<\/p>\n<p>E-mail: <strong><a href=\"mailto:angelicadias@servidor.uepb.edu.br\">angelicadias@servidor.uepb.edu.br<\/a><\/strong><\/p>\n<p><strong>Contato:<\/strong> depto.geografia.ch@setor.uepb.edu.br<\/p>\n<p>&nbsp;<\/p>\n<p><strong>Secret\u00e1rios<\/strong>:<\/p>\n<p>Eliz\u00e2ngela do Nascimento Cruz<\/p>\n<p>Walmir Rodrigues de Ara\u00fajo<\/p>\n<p>&nbsp;<\/p>\n<p><strong>Linhas de pesquisa do curso<\/strong>:<\/p>\n<ul>\n<li>Transforma\u00e7\u00f5es econ\u00f4micas e processos de urbaniza\u00e7\u00e3o.<\/li>\n<li>Ecossistemas e Impactos Ambientais nos Espa\u00e7os Urbanos e Rurais.<\/li>\n<li>Moderniza\u00e7\u00e3o agr\u00edcola: reorganiza\u00e7\u00e3o espacial e rela\u00e7\u00f5es de trabalho<\/li>\n<li>Poder Local e Organiza\u00e7\u00e3o do Espa\u00e7o.<\/li>\n<li>Conserva\u00e7\u00e3o do Meio Ambiente e Sustentabilidade dos Ecossistemas.<\/li>\n<li>Geografia, Educa\u00e7\u00e3o e Cidadania.<\/li>\n<li>Geografia da percep\u00e7\u00e3o e da fenomenologia<\/li>\n<li>Geografia do Ensino Fundamental e M\u00e9dio.<\/li>\n<li>Geografia do Turismo.<\/li>\n<li>Geografia Cultural e da Percep\u00e7\u00e3o.<\/li>\n<li>Geografia, Territ\u00f3rio e Territorialidade.<\/li>\n<li>Geografia, Regi\u00e3o e Regionaliza\u00e7\u00e3o.<\/li>\n<li>Geografia, Planejamento e Gest\u00e3o Ambiental.<\/li>\n<li>Geografia e an\u00e1lise da pesquisa<\/li>\n<li>Geografia rural e agr\u00e1ria (meio ambiente rural)<\/li>\n<\/ul>\n<p>&nbsp;<\/p>\n<p>&nbsp;<\/p>\n","protected":false},"excerpt":{"rendered":"<p>Hist\u00f3rico A Miss\u00e3o do curso de Licenciatura Plena em Geografia\u00a0 \u00e9 formar cidad\u00e3os que se comprometam com a amplia\u00e7\u00e3o e socializa\u00e7\u00e3o do conhecimento geogr\u00e1fico nos diversos n\u00edveis educacionais e t\u00e9cnicos, que possam contribuir para o desenvolvimento cient\u00edfico nacional, regional e local, particularmente do estado da Para\u00edba, seguindo os princ\u00edpios do Desenvolvimento Sustent\u00e1vel. Formar profissionais capazes <a class=\"leiamais\" href=\"https:\/\/centros.uepb.edu.br\/ch\/cursos\/licenciatura-plena-em-geografia\/\">Leia Mais&#8230;<\/a><\/p>\n","protected":false},"author":26,"featured_media":0,"parent":27,"menu_order":0,"comment_status":"open","ping_status":"open","template":"","meta":{"jetpack_post_was_ever_published":false,"footnotes":""},"class_list":["post-37","page","type-page","status-publish","hentry"],"jetpack_shortlink":"https:\/\/wp.me\/P4NR4N-B","jetpack_sharing_enabled":true,"_links":{"self":[{"href":"https:\/\/centros.uepb.edu.br\/ch\/wp-json\/wp\/v2\/pages\/37","targetHints":{"allow":["GET"]}}],"collection":[{"href":"https:\/\/centros.uepb.edu.br\/ch\/wp-json\/wp\/v2\/pages"}],"about":[{"href":"https:\/\/centros.uepb.edu.br\/ch\/wp-json\/wp\/v2\/types\/page"}],"author":[{"embeddable":true,"href":"https:\/\/centros.uepb.edu.br\/ch\/wp-json\/wp\/v2\/users\/26"}],"replies":[{"embeddable":true,"href":"https:\/\/centros.uepb.edu.br\/ch\/wp-json\/wp\/v2\/comments?post=37"}],"version-history":[{"count":0,"href":"https:\/\/centros.uepb.edu.br\/ch\/wp-json\/wp\/v2\/pages\/37\/revisions"}],"up":[{"embeddable":true,"href":"https:\/\/centros.uepb.edu.br\/ch\/wp-json\/wp\/v2\/pages\/27"}],"wp:attachment":[{"href":"https:\/\/centros.uepb.edu.br\/ch\/wp-json\/wp\/v2\/media?parent=37"}],"curies":[{"name":"wp","href":"https:\/\/api.w.org\/{rel}","templated":true}]}}