{"id":31,"date":"2013-05-13T18:02:27","date_gmt":"2013-05-13T18:02:27","guid":{"rendered":"\/ch\/?page_id=31"},"modified":"2025-06-02T16:45:35","modified_gmt":"2025-06-02T16:45:35","slug":"bacharelado-em-direito","status":"publish","type":"page","link":"https:\/\/centros.uepb.edu.br\/ch\/cursos\/bacharelado-em-direito\/","title":{"rendered":"Bacharelado em Direito"},"content":{"rendered":"<p><strong>Hist\u00f3rico<\/strong>: O Curso de Direito tem dura\u00e7\u00e3o m\u00e9dia de 5 anos, tendo como atividade, componente curricular, est\u00e1gio obrigat\u00f3rio e o trabalho de conclus\u00e3o de curso ao seu t\u00e9rmino.<\/p>\n<p><strong>Modalidade<\/strong>: Bacharelado<\/p>\n<p><strong>Regime Escolar<\/strong>: (Seriado Semestral com duas entradas)<\/p>\n<p><strong>Carga Hor\u00e1ria total do curso<\/strong>: 4.500h\/a<\/p>\n<p><strong>Campo de atua\u00e7\u00e3o profissional<\/strong><\/p>\n<p>O profissional do Curso de Direito disp\u00f5e de um extenso e variado campo de atua\u00e7\u00e3o, atendendo as demandas do mercado de trabalho, atuando na esfera p\u00fablica por meio de carreiras jur\u00eddicas, como a de magistrados, promotores de justi\u00e7a, procuradores, defensores p\u00fablicos, delegados e investigadores de pol\u00edcia, bem como na esfera privada, atuando como advogado e consultor jur\u00eddico.<br \/>\nO exerc\u00edcio da profiss\u00e3o tamb\u00e9m permite que o profissional se dedique a academia, como professor e pesquisador do Direito, notadamente aos que buscam qualifica\u00e7\u00e3o atrav\u00e9s dos cursos de p\u00f3s-gradua\u00e7\u00e3o.<\/p>\n<p><strong>Coordena\u00e7\u00e3o do Curso (Gest\u00e3o 2025-2027):<\/strong><\/p>\n<p>Prof. Ma. Luciana Maria Moreira Souto de Oliveira (Coordenadora)<\/p>\n<p>E-mail:<strong> <a href=\"mailto:lucianasoutoliveira@servidor.uepb.edu.br\">lucianasoutoliveira@servidor.uepb.edu.br<\/a><\/strong><\/p>\n<p>Prof. Me. M\u00e1rio Win\u00edcius Carneiro Medeiros\u00a0 (Coordenador Adjunto)<\/p>\n<p>E-mail:<strong> <a href=\"mailto:mario3at@servidor.uepb.edu.br\">mario3at@servidor.uepb.edu.br<\/a><\/strong><\/p>\n<p><strong>Contato: coord.direito.ch@setor.uepb.edu.br\u00a0<\/strong><\/p>\n<p>&nbsp;<\/p>\n<p><strong>Chefia de Departamento (Gest\u00e3o 2023-2025):<\/strong><\/p>\n<p><span style=\"font-family: 'Arial','sans-serif';color: #444444\">Prof. Ma. Maria S\u00f4nia de Medeiros Santos de Assis (chefe)<\/span><\/p>\n<p>E-mail: <strong><a href=\"mailto:soniamedeirosassis@servidor.uepb.edu.br\">soniamedeirosassis@servidor.uepb.edu.br<\/a><\/strong><\/p>\n<p><span style=\"color: #444444\"><span style=\"font-family: Arial, sans-serif\">Prof. Me. Agassiz de Almeida Filho <\/span><\/span>(chefe adjunto)<\/p>\n<p>E-mail: <strong><a href=\"mailto:agassizfilho@servidor.uepb.edu.br\">agassizfilho@servidor.uepb.edu.br<\/a><\/strong><\/p>\n<p>&nbsp;<\/p>\n<p><strong>Secret\u00e1rios:<\/strong><\/p>\n<p>Simone Bezerril Guedes Cardozo<\/p>\n<p>Jardiel Pereira de Freitas<\/p>\n<p>&nbsp;<\/p>\n","protected":false},"excerpt":{"rendered":"<p>Hist\u00f3rico: O Curso de Direito tem dura\u00e7\u00e3o m\u00e9dia de 5 anos, tendo como atividade, componente curricular, est\u00e1gio obrigat\u00f3rio e o trabalho de conclus\u00e3o de curso ao seu t\u00e9rmino. Modalidade: Bacharelado Regime Escolar: (Seriado Semestral com duas entradas) Carga Hor\u00e1ria total do curso: 4.500h\/a Campo de atua\u00e7\u00e3o profissional O profissional do Curso de Direito disp\u00f5e de <a class=\"leiamais\" href=\"https:\/\/centros.uepb.edu.br\/ch\/cursos\/bacharelado-em-direito\/\">Leia Mais&#8230;<\/a><\/p>\n","protected":false},"author":26,"featured_media":0,"parent":27,"menu_order":0,"comment_status":"open","ping_status":"open","template":"","meta":{"jetpack_post_was_ever_published":false,"footnotes":""},"class_list":["post-31","page","type-page","status-publish","hentry"],"jetpack_shortlink":"https:\/\/wp.me\/P4NR4N-v","jetpack_sharing_enabled":true,"_links":{"self":[{"href":"https:\/\/centros.uepb.edu.br\/ch\/wp-json\/wp\/v2\/pages\/31","targetHints":{"allow":["GET"]}}],"collection":[{"href":"https:\/\/centros.uepb.edu.br\/ch\/wp-json\/wp\/v2\/pages"}],"about":[{"href":"https:\/\/centros.uepb.edu.br\/ch\/wp-json\/wp\/v2\/types\/page"}],"author":[{"embeddable":true,"href":"https:\/\/centros.uepb.edu.br\/ch\/wp-json\/wp\/v2\/users\/26"}],"replies":[{"embeddable":true,"href":"https:\/\/centros.uepb.edu.br\/ch\/wp-json\/wp\/v2\/comments?post=31"}],"version-history":[{"count":0,"href":"https:\/\/centros.uepb.edu.br\/ch\/wp-json\/wp\/v2\/pages\/31\/revisions"}],"up":[{"embeddable":true,"href":"https:\/\/centros.uepb.edu.br\/ch\/wp-json\/wp\/v2\/pages\/27"}],"wp:attachment":[{"href":"https:\/\/centros.uepb.edu.br\/ch\/wp-json\/wp\/v2\/media?parent=31"}],"curies":[{"name":"wp","href":"https:\/\/api.w.org\/{rel}","templated":true}]}}