{"id":27,"date":"2013-05-13T17:49:49","date_gmt":"2013-05-13T17:49:49","guid":{"rendered":"\/ch\/?page_id=27"},"modified":"2020-06-15T19:59:26","modified_gmt":"2020-06-15T19:59:26","slug":"cursos","status":"publish","type":"page","link":"https:\/\/centros.uepb.edu.br\/ch\/cursos\/","title":{"rendered":"Cursos"},"content":{"rendered":"<p>[wptabs mode=&#8221;horizontal&#8221; type=&#8221;accordion&#8221;]<br \/>\n[wptabtitle]Bacharelado em Direito[\/wptabtitle]<br \/>\n[wptabcontent]<\/p>\n<p><strong>Hist\u00f3rico<\/strong>: O Curso de Direito tem dura\u00e7\u00e3o m\u00e9dia de 5 anos, tendo como atividade, componente curricular, est\u00e1gio obrigat\u00f3rio e o trabalho de conclus\u00e3o de curso ao seu t\u00e9rmino.<\/p>\n<p><strong>Modalidade<\/strong>: Bacharelado<\/p>\n<p><strong>Cria\u00e7\u00e3o<\/strong>: (RESOLU\u00c7\u00c3O)<\/p>\n<p><strong>Regime Escolar<\/strong>: (Seriado Semestral com duas entradas)<\/p>\n<p><strong>Carga Hor\u00e1ria total do curso<\/strong>: 4.500h\/a<\/p>\n<p><strong>Turnos de funcionamento<\/strong>: manh\u00e3 e tarde<\/p>\n<p><strong>Contato<\/strong>: Secret\u00e1rio do Curso de Direito (luladelfino@bol.com.br) e Coordenadora do Curso de Direito (soniamsa@globo.com)<\/p>\n<p><strong>Dura\u00e7\u00e3o do Curso<\/strong><\/p>\n<p>Turno Diurno: Cinco anos (m\u00ednimo) e sete anos (m\u00e1ximo)<br \/>\nTurno Noturno:<\/p>\n<p><strong>Campo de atua\u00e7\u00e3o profissional<\/strong><\/p>\n<p>O profissional do Curso de Direito disp\u00f5e de um extenso e variado campo de atua\u00e7\u00e3o, atendendo as demandas do mercado de trabalho, atuando na esfera p\u00fablica por meio de carreiras jur\u00eddicas, como a de magistrados, promotores de justi\u00e7a, procuradores, defensores p\u00fablicos, delegados e investigadores de pol\u00edcia, bem como na esfera privada, atuando como advogado e consultor jur\u00eddico.<br \/>\nO exerc\u00edcio da profiss\u00e3o tamb\u00e9m permite que o profissional se dedique a academia, como professor e pesquisador do Direito, notadamente aos que buscam qualifica\u00e7\u00e3o atrav\u00e9s dos cursos de p\u00f3s-gradua\u00e7\u00e3o.<\/p>\n<p><strong>Coordena\u00e7\u00e3o do curso<\/strong><\/p>\n<p>Prof. Me. Jossano Mendes de Amorim (coordenador)<\/p>\n<p>Prof. Ma. Kilma Maisa de Lima Gondim (coordenadora adjunta)<\/p>\n<p><strong>Chefia de Departamento<\/strong><\/p>\n<p style=\"text-align: justify;line-height: 21.0pt;background: #F9F9F9;margin: 0cm 0cm 15.0pt 0cm\"><span style=\"font-family: 'Arial','sans-serif';color: #444444\">Prof. Me. Agassiz de Almeida Filho (chefe)<\/span><\/p>\n<p style=\"text-align: justify;line-height: 21.0pt;background: #F9F9F9;margin: 0cm 0cm 15.0pt 0cm\">Prof. Ma. Maria S\u00f4nia de Medeiros Santos de Assis (chefe adjunta)<\/p>\n<p><strong>Secret\u00e1rios<\/strong><br \/>\nLuiz Delfino da Silva<\/p>\n<p><strong>Monitorias<\/strong><br \/>\nCoordena\u00e7\u00e3o de Monitoria \u2013 Maria S\u00f4nia de Medeiros Santos de Assis (este semestre n\u00e3o tem monitores)<\/p>\n<p>[wpfilebase tag=fileurl id=2 linktext=&#8217;Lista de Professores&#8217; \/]<br \/>\n[\/wptabcontent]<\/p>\n<p>[wptabtitle]Licenciatura Plena em Geografia[\/wptabtitle]<br \/>\n[wptabcontent]<\/p>\n<p><strong>Hist\u00f3rico<\/strong><\/p>\n<p>A Miss\u00e3o do curso de Licenciatura Plena em Geografia\u00a0 \u00e9 formar cidad\u00e3os que se comprometam com a amplia\u00e7\u00e3o e socializa\u00e7\u00e3o do conhecimento geogr\u00e1fico nos diversos n\u00edveis educacionais e t\u00e9cnicos, que possam contribuir para o desenvolvimento cient\u00edfico nacional, regional e local, particularmente do estado da Para\u00edba, seguindo os princ\u00edpios do Desenvolvimento Sustent\u00e1vel.<\/p>\n<p>Formar profissionais capazes de compreender a rela\u00e7\u00e3o sociedade-natureza de maneira te\u00f3rica e pr\u00e1tica tendo como refer\u00eancia a din\u00e2mica geogr\u00e1fica desenvolvida em escalas local e global e a necessidade de contribuir na constru\u00e7\u00e3o do cotidiano respeitando as bases hist\u00f3ricas, pol\u00edticas, econ\u00f4micas e sociais, ferramentas estas indispens\u00e1veis para a consolida\u00e7\u00e3o de uma carreira docente que se preocupa com as transforma\u00e7\u00f5es dos m\u00faltiplos espa\u00e7os.<\/p>\n<p>O Curso de Licenciatura Plena em Geografia tem por finalidade formar e capacitar profissionais para exercer a doc\u00eancia em n\u00edvel de ensino fundamental, m\u00e9dio e superior e promover o ensino, a pesquisa e a extens\u00e3o de forma integrada e comprometida com as prioridades do desenvolvimento local e regional. Dessa forma, os discentes dever\u00e3o ser capazes de vivenciar a pr\u00e1tica pedag\u00f3gica com base na observa\u00e7\u00e3o e na atua\u00e7\u00e3o democr\u00e1tica, adaptando-se \u00e0s novas tecnologias e \u00e0 din\u00e2mica da produ\u00e7\u00e3o do espa\u00e7o.<\/p>\n<p><strong>Modalidade<\/strong>: Licenciatura Plena em Geografia<\/p>\n<p><strong>Cria\u00e7\u00e3o<\/strong>: Resolu\u00e7\u00e3o n\u00ba 20\/83. De 07\/04\/1983<\/p>\n<p><strong>Regime Escolar<\/strong>: (Seriado Semestral com duas entradas)<\/p>\n<p><strong>Carga Hor\u00e1ria total do curso<\/strong>: 3000 h\/a<\/p>\n<p><strong>Turnos de funcionamento<\/strong>: Tarde\/Noite<\/p>\n<p><strong>E-mail<\/strong>:<\/p>\n<p><strong>Dura\u00e7\u00e3o do Curso<\/strong><\/p>\n<p>Turno Diurno: 04 (quatro) anos<br \/>\nTurno Noturno: 05 (cinco) anos<\/p>\n<p><strong>Campo de atua\u00e7\u00e3o profissional<\/strong>:<\/p>\n<p>O profissional de Geografia dever\u00e1, ao final do curso, estar\u00e1 apto a exercer diversas atividades ligadas ao Ensino, ao Planejamento, e Gest\u00e3o Ambiental, An\u00e1lise de atividades Tur\u00edsticas, quer seja em \u00f3rg\u00e3os governamentais e \/ou empresas privadas.<br \/>\nDentre estes \u00f3rg\u00e3os \u00e9 poss\u00edvel citar, Institui\u00e7\u00f5es de Ensino, IBGE, SUDEMA, EMATER, SUDENE, SETUR, Empresas Privadas, Secretarias de Agricultura, e do Meio Ambiente onde, a atua\u00e7\u00e3o do profissional de Geografia seja de apoio t\u00e9cnico e respaldo para a realiza\u00e7\u00e3o de tarefas inerentes \u00e0 sua \u00e1rea de conhecimento.<br \/>\nDessa forma, o profissional formado pelo Curso de Licenciatura Plena em Geografia poder\u00e1 exercer atividades ligadas \u00e0s seguintes atividades:<\/p>\n<ul>\n<li>Atuar como docente e pesquisador no ensino, fundamental, m\u00e9dio e superior;<\/li>\n<li>Elaborar e executar programas, interdisciplinares de gest\u00e3o e educa\u00e7\u00e3o\u00a0\u00a0 ambiental;<\/li>\n<li>Projetos e consultorias em Geografia e Educa\u00e7\u00e3o Ambiental<\/li>\n<li>Estudar os elementos e processos relacionados \u00e0 produ\u00e7\u00e3o do espa\u00e7o geogr\u00e1fico, com base nos fundamentos da ci\u00eancia geogr\u00e1fica;<\/li>\n<li>Atuar como agente de transforma\u00e7\u00e3o da sociedade, utilizando os conhecimentos da ci\u00eancia geogr\u00e1fica para a melhoria da qualidade de vida da popula\u00e7\u00e3o;<\/li>\n<li>Reconhecer e utilizar diferentes abordagens te\u00f3rico-metodol\u00f3gicas ligadas ao ensino de Geografia, compreendendo a complexidade dos fen\u00f4menos geogr\u00e1ficos.<\/li>\n<\/ul>\n<p><strong>Coordena\u00e7\u00e3o do curso<\/strong>:<br \/>\nProf. Dr. Francisco F\u00e1bio Dantas da Costa (coordenador)<\/p>\n<p>Prof. Dr. Lanusse Salim Rocha Tuma (coordenador adjunto)<\/p>\n<p><strong>Chefia Departamental<\/strong>:<br \/>\nProf. Dr. Leandro Paiva de Monte Rodrigues (chefe)<\/p>\n<p>Prof. Dr. Carlos Ant\u00f4nio Berlarmino Alves (chefe adjunto)<\/p>\n<p><strong>Linhas de pesquisa do curso<\/strong>:<\/p>\n<ul>\n<li>Transforma\u00e7\u00f5es econ\u00f4micas e processos de urbaniza\u00e7\u00e3o.<\/li>\n<li>Ecossistemas e Impactos Ambientais nos Espa\u00e7os Urbanos e Rurais.<\/li>\n<li>Moderniza\u00e7\u00e3o agr\u00edcola: reorganiza\u00e7\u00e3o espacial e rela\u00e7\u00f5es de trabalho<\/li>\n<li>Poder Local e Organiza\u00e7\u00e3o do Espa\u00e7o.<\/li>\n<li>Conserva\u00e7\u00e3o do Meio Ambiente e Sustentabilidade dos Ecossistemas.<\/li>\n<li>Geografia, Educa\u00e7\u00e3o e Cidadania.<\/li>\n<li>Geografia da percep\u00e7\u00e3o e da fenomenologia<\/li>\n<li>Geografia do Ensino Fundamental e M\u00e9dio.<\/li>\n<li>Geografia do Turismo.<\/li>\n<li>Geografia Cultural e da Percep\u00e7\u00e3o.<\/li>\n<li>Geografia, Territ\u00f3rio e Territorialidade.<\/li>\n<li>Geografia, Regi\u00e3o e Regionaliza\u00e7\u00e3o.<\/li>\n<li>Geografia, Planejamento e Gest\u00e3o Ambiental.<\/li>\n<li>Geografia e an\u00e1lise da pesquisa<\/li>\n<li>Geografia rural e agr\u00e1ria (meio ambiente rural)<\/li>\n<\/ul>\n<p><strong>Grupos de pesquisa<\/strong>:<br \/>\nTerra \u2013 Grupo de pesquisa urbana, rural e ambiental<br \/>\nCeget \u2013 Centro de Estudos da Geografia do Trabalho<\/p>\n<p><strong>Monitorias<\/strong>:<br \/>\nEstudos Clim\u00e1ticos<br \/>\nEstudos Geol\u00f3gicos<\/p>\n<p><strong>Est\u00e1gios<\/strong>:<br \/>\nPIBID \u2013 Programa Institucional de bolsas de Inicia\u00e7\u00e3o \u00e0 Doc\u00eancia.<br \/>\nCl\u00e9oma Maria Toscano Henriques<br \/>\nMaria Juliana Leopoldino Villar<br \/>\nProfessores: (nome, e-mail, lattes e \u00e1rea de atua\u00e7\u00e3o)<\/p>\n<p>[wpfilebase tag=fileurl id=3 linktext=&#8217;Lista de Professores&#8217; \/]<br \/>\n[\/wptabcontent]<\/p>\n<p>[wptabtitle]Licenciatura Plena em Hist\u00f3ria[\/wptabtitle][wptabcontent]<\/p>\n<p><strong>Hist\u00f3rico<\/strong>:<\/p>\n<p>Em 1981 foi criada, na cidade de Guarabira-PB, a ent\u00e3o Faculdade de Filosofia, Ci\u00eancias e Letras de Guarabira-PB \u2013 FAFIG, instalada no antigo Col\u00e9gio Nossa Senhora da Luz, situado no bairro central da cidade. Posteriormente, em 1982, a mesma foi transferida para o bairro de Areia Branca, no Km 1 da Rodovia 075-PB. Os cursos de licenciatura que funcionavam na FAFIG, aos poucos trouxeram para a regi\u00e3o de Guarabira um intenso fluxo de estudantes universit\u00e1rios, em sua maioria, oriundos das localidades circunvizinhas.<\/p>\n<p>Ainda como FAFIG, por for\u00e7a da Resolu\u00e7\u00e3o de no 20\/83, de 07 de abril de 1983, foi criado o Curso de Licenciatura em Hist\u00f3ria, o que constou do D.O.U. de 12 de maio de 1983. Com isso foi ampliado o leque de forma\u00e7\u00e3o human\u00edstica, ao passo que, trouxe para a cidade de Guarabira, um crescente n\u00famero de estudantes interessados nessa \u00e1rea de estudo, cujo interesse ultrapassou a mera forma\u00e7\u00e3o de professores de hist\u00f3ria, de modo a construir um perfil profissional, que paulatinamente, come\u00e7ava a perceber a cr\u00edtica e a problem\u00e1tica do humano em sociedade.<\/p>\n<p>Incorporada, em 1986, a Faculdade Regional do Nordeste \u2013 FURNE, a FAFIG deixou de existir e as transforma\u00e7\u00f5es n\u00e3o pararam. Quando a FURNE foi estadualizada, essa Institui\u00e7\u00e3o de Ensino Superior conduziu todos os antigos cursos para o mesmo destino. A partir de ent\u00e3o, as transforma\u00e7\u00f5es foram crescentes; nascia ent\u00e3o o Centro de Humanidades Osmar de Aquino, da Universidade Estadual da Para\u00edba, convergindo para a forma\u00e7\u00e3o de professores licenciados e bachar\u00e9is nas \u00e1reas human\u00edsticas: Geografia, Letras, Hist\u00f3ria, Direito e, mais recentemente, Pedagogia.<\/p>\n<p>Oito anos depois, o Curso de Licenciatura Plena em Hist\u00f3ria foi reconhecido, pela Portaria Ministerial de no 939, de 16 de julho de 1994, publicada no D.O.U. de 17 de junho do mesmo ano. Desde a \u201cturma pioneira\u201d, do per\u00edodo 83.2, constitu\u00edda por 55 alunos, o Curso de Licenciatura Plena em Hist\u00f3ria, ao passar por transforma\u00e7\u00f5es organizativas e institucionais, funciona atualmente nos turnos vespertino e noturno, com duas entradas para cada per\u00edodo, oferecendo um total de 120 vagas anuais.\u00a0 Conta ainda com a recente implanta\u00e7\u00e3o do seu Curso de Especializa\u00e7\u00e3o em Hist\u00f3ria Cultural, iniciado no semestre 2009.2, com a oferta de 35 vagas.<br \/>\nO Curso promove de modo crescente o desenvolvimento cr\u00edtico e intelectual da regi\u00e3o do Brejo paraibano. A preocupa\u00e7\u00e3o n\u00e3o tem sido apenas a de formar professores licenciados que possam ocupar as vagas remanescentes das cidades circunvizinhas \u00e0 sede em que o curso est\u00e1 localizado. A op\u00e7\u00e3o por formar profissionais cr\u00edticos e integrados com o contexto e com as transforma\u00e7\u00f5es sociais, pol\u00edticas e culturais da regi\u00e3o, deu ao curso de Licenciatura Plena em Hist\u00f3ria o respaldo necess\u00e1rio ao reconhecimento da sociedade.<\/p>\n<p>Em 2013, o quadro docente efetivo do Curso conta com 20 (vinte) professores efetivos e 1 visitante, sendo 14 (quatorze) Doutores, 04(quatro) Mestres, 02(dois) Especialistas e 01(um) Graduado. S\u00e3o profissionais que atuam em diferentes \u00e1reas de Ensino e Pesquisa, qualificados em diversas universidades brasileiras e do exterior.<\/p>\n<p>Convergem para o Centro de Humanidades estudantes de v\u00e1rios lugares do Brejo paraibano, do Sert\u00e3o da Para\u00edba e do Litoral, como tamb\u00e9m, estudantes de outros estados, a exemplo do Cear\u00e1, Bahia e Rio Grande do Norte. No caso do curso de Hist\u00f3ria, a clientela estudantil \u00e9 bastante diversificada, seja quanto ao local de origem, faixa et\u00e1ria, condi\u00e7\u00e3o s\u00f3cio-econ\u00f4mica, identidades \u00e9tnicas e culturais. Tal diversidade, bem como o reconhecimento de que a estrutura da gradua\u00e7\u00e3o est\u00e1 alicer\u00e7ada numa concep\u00e7\u00e3o de ensino n\u00e3o dissociada da Pesquisa e da Extens\u00e3o &#8211; o que \u00e9 uma composi\u00e7\u00e3o que favorece, em demasia, a transmiss\u00e3o do conhecimento hist\u00f3rico de modo cr\u00edtico e problematizador\u00a0 &#8211;\u00a0 faz com que nossa gradua\u00e7\u00e3o n\u00e3o se configure como um curso end\u00f3geno e\/ou local, mas antes como um espa\u00e7o pol\u00edtico e de constru\u00e7\u00e3o e difus\u00e3o de conhecimento, que procura reinventar e transcender fronteiras.<br \/>\nCria\u00e7\u00e3o: Portaria Ministerial de no 939, de 16 de julho de 1994, publicada no D.O.U. de 17 de junho do mesmo ano.<\/p>\n<p><strong>Regime Escolar<\/strong>: Seriado Semestral com duas entradas<\/p>\n<p><strong>Carga hor\u00e1ria total do curso<\/strong>:\u00a0 2.810 horas<\/p>\n<p><strong>Turnos de funcionamento<\/strong>: vespertino e noturno<\/p>\n<p><strong>Dura\u00e7\u00e3o do Curso<\/strong><br \/>\nTurno Diurno: 8 semestres<br \/>\nTurno Noturno: 9 semestres<\/p>\n<p><strong>Campo de atua\u00e7\u00e3o profissional<\/strong>:<\/p>\n<p>O profissional licenciado em Hist\u00f3ria, na perspectiva de forma\u00e7\u00e3o aqui proposta, estar\u00e1 apto a atuar em diversas \u00e1reas\/espa\u00e7os relacionadas ao Ensino e Pesquisa do conhecimento hist\u00f3rico. A saber:<\/p>\n<ul>\n<li>Ensino Fundamental, M\u00e9dio e Superior de Institui\u00e7\u00f5es P\u00fablicas e Privadas. Nas de n\u00edvel superior poder\u00e1 atuar em Cursos espec\u00edficos de Hist\u00f3ria e\/ou de \u00e1reas correlatas, que ofere\u00e7am componentes curriculares de conhecimento hist\u00f3rico.<\/li>\n<li>N\u00facleos\/Funda\u00e7\u00f5es\/Ag\u00eancias de Pesquisa; Arquivos, Museus, Curadorias e \u00f3rg\u00e3os ligados \u00e0 preserva\u00e7\u00e3o e difus\u00e3o da Hist\u00f3ria, da Mem\u00f3ria e Patrim\u00f4nio Cultural, p\u00fablicos ou privados, incluindo Organiza\u00e7\u00f5es N\u00e3o Governamentais (ONG\u2019S).<\/li>\n<li>Assessorias a empresas, \u00f3rg\u00e3os ou ag\u00eancias ligadas \u00e0 produ\u00e7\u00e3o midi\u00e1tica _ Publicidade, Cinema e demais meios de comunica\u00e7\u00e3o de massa. Editorias de livros, jornais e revistas especializados.<\/li>\n<li>Assessorias \u00e0s empresas e\/ou institui\u00e7\u00f5es ligadas ao Turismo.<\/li>\n<\/ul>\n<p><strong>Coordena\u00e7\u00e3o do curso<\/strong> (Bi\u00eanio 2018-2020):<br \/>\nProf Dra. Naiara Ferraz Bandeira Alves (coordenadora)<\/p>\n<p>Prof. Dra. Edna Maria N\u00f3brega Ara\u00fajo (coordenadora adjunta)<\/p>\n<p><strong>Chefia Departamental<\/strong>:<br \/>\nProf. Dra. Joedna Reis de Meneses (chefe)<\/p>\n<p>Prof. Dra. Susel Oliveira da Rosa (chefe adjunto)<\/p>\n<p><strong>Contato:<\/strong> coord.hist.uepb@gmail.com<\/p>\n<p><strong>Linhas de pesquisa<\/strong>:<\/p>\n<p>O equil\u00edbrio entre Ensino, Pesquisa e Extens\u00e3o depende da din\u00e2mica da oferta curricular em conson\u00e2ncia com as Linhas de Pesquisa e com a \u00e1rea de Ensino, em particular os Est\u00e1gios Supervisionados.<\/p>\n<p>As Linhas de Pesquisa contemplam as diferentes grandes \u00e1reas e abrem horizontes plurais de objetos, problemas e abordagens de estudo, em compasso com a especializa\u00e7\u00e3o e atua\u00e7\u00e3o do nosso quadro de professores orientadores. S\u00e3o elas:<\/p>\n<ul>\n<li>Historiografia, Literatura e M\u00eddia;<\/li>\n<li>Hist\u00f3ria, Pol\u00edtica e Rela\u00e7\u00f5es de Poder;<\/li>\n<li>Hist\u00f3ria, Trabalho e Economia;<\/li>\n<li>Hist\u00f3ria e Estudos Culturais: Etnia, Cren\u00e7a, G\u00eanero e Sexualidade;<\/li>\n<li>Hist\u00f3ria, Mem\u00f3ria e Cotidiano;<\/li>\n<li>Hist\u00f3ria, Ensino e Curr\u00edculo;<\/li>\n<li>Hist\u00f3ria Cultural e Cidade<\/li>\n<\/ul>\n<p>Estas linhas constituem o territ\u00f3rio prof\u00edcuo de v\u00e1rias experi\u00eancias de Pesquisa e Extens\u00e3o, ligadas aos editais da pr\u00f3pria Institui\u00e7\u00e3o e\/ou de ag\u00eancias de fomento de \u00e2mbito regional e\/ou nacional, a exemplo dos Programas de Inicia\u00e7\u00e3o Cient\u00edfica (PIBIC), PROPESQ, PROBEX, Edital Universal do CNPq, etc.<\/p>\n<p>[wpfilebase tag=fileurl id=4 linktext=&#8217;Lista de Professores&#8217; \/]<br \/>\n[\/wptabcontent]<\/p>\n<p>[wptabtitle]Licenciatura Plena em Letras[\/wptabtitle]<br \/>\n[wptabcontent]<\/p>\n<p><strong>Coordena\u00e7\u00e3o do curso<\/strong> (Bi\u00eanio 2018-2020):<\/p>\n<p>Prof Dr.\u00a0William Sampaio Lima de Sousa (coordenador)<\/p>\n<p>Prof. Dr.\u00a0Eduardo Henrique Cirilo Valones (coordenador adjunto)<\/p>\n<p><strong>Chefia Departamental<\/strong>:<br \/>\nProf. Dr. Juarez Nogueira Lins (chefe)<\/p>\n<p>Prof. Dr.\u00a0 Jos\u00e9 Vilian Mangueira (chefe adjunto)<\/p>\n<p>[wpfilebase tag=fileurl id=7 linktext=&#8217;Lista de Professores&#8217; \/]<br \/>\n[\/wptabcontent]<\/p>\n<p>[wptabtitle]Licenciatura em Pedagogia[\/wptabtitle]<br \/>\n[wptabcontent]<\/p>\n<p><strong>Coordena\u00e7\u00e3o do curso<\/strong> (Bi\u00eanio 2018-2020):<\/p>\n<p>Prof. Dra.\u00a0Luciana Silva do Nascimento (coordenadora)<\/p>\n<p>Prof. Dra.\u00a0M\u00f4nica de F\u00e1tima Guedes de Oliveira (coordenadora adjunta).<\/p>\n<p><strong>Chefia Departamental<\/strong>:<\/p>\n<p>Prof. Dra.\u00a0Ver\u00f4nica Pessoa da Silva (chefe)<\/p>\n<p>Prof. Dra.\u00a0Germana Alves de Menezes (chefe adjunta)<\/p>\n<p>[wpfilebase tag=fileurl id=5 linktext=&#8217;Lista de Professores&#8217; \/]<br \/>\n[\/wptabcontent]<\/p>\n<p>[\/wptabs]<\/p>\n","protected":false},"excerpt":{"rendered":"<p>[wptabs mode=&#8221;horizontal&#8221; type=&#8221;accordion&#8221;] [wptabtitle]Bacharelado em Direito[\/wptabtitle] [wptabcontent] Hist\u00f3rico: O Curso de Direito tem dura\u00e7\u00e3o m\u00e9dia de 5 anos, tendo como atividade, componente curricular, est\u00e1gio obrigat\u00f3rio e o trabalho de conclus\u00e3o de curso ao seu t\u00e9rmino. Modalidade: Bacharelado Cria\u00e7\u00e3o: (RESOLU\u00c7\u00c3O) Regime Escolar: (Seriado Semestral com duas entradas) Carga Hor\u00e1ria total do curso: 4.500h\/a Turnos de funcionamento: <a class=\"leiamais\" href=\"https:\/\/centros.uepb.edu.br\/ch\/cursos\/\">Leia Mais&#8230;<\/a><\/p>\n","protected":false},"author":26,"featured_media":0,"parent":0,"menu_order":0,"comment_status":"open","ping_status":"open","template":"","meta":{"jetpack_post_was_ever_published":false,"footnotes":""},"class_list":["post-27","page","type-page","status-publish","hentry"],"jetpack_shortlink":"https:\/\/wp.me\/P4NR4N-r","jetpack_sharing_enabled":true,"_links":{"self":[{"href":"https:\/\/centros.uepb.edu.br\/ch\/wp-json\/wp\/v2\/pages\/27","targetHints":{"allow":["GET"]}}],"collection":[{"href":"https:\/\/centros.uepb.edu.br\/ch\/wp-json\/wp\/v2\/pages"}],"about":[{"href":"https:\/\/centros.uepb.edu.br\/ch\/wp-json\/wp\/v2\/types\/page"}],"author":[{"embeddable":true,"href":"https:\/\/centros.uepb.edu.br\/ch\/wp-json\/wp\/v2\/users\/26"}],"replies":[{"embeddable":true,"href":"https:\/\/centros.uepb.edu.br\/ch\/wp-json\/wp\/v2\/comments?post=27"}],"version-history":[{"count":0,"href":"https:\/\/centros.uepb.edu.br\/ch\/wp-json\/wp\/v2\/pages\/27\/revisions"}],"wp:attachment":[{"href":"https:\/\/centros.uepb.edu.br\/ch\/wp-json\/wp\/v2\/media?parent=27"}],"curies":[{"name":"wp","href":"https:\/\/api.w.org\/{rel}","templated":true}]}}