{"id":258,"date":"2013-05-21T14:12:07","date_gmt":"2013-05-21T14:12:07","guid":{"rendered":"\/ch\/?page_id=258"},"modified":"2022-06-27T10:45:39","modified_gmt":"2022-06-27T10:45:39","slug":"especializacoes","status":"publish","type":"page","link":"https:\/\/centros.uepb.edu.br\/ch\/pos-graduacao\/especializacoes\/","title":{"rendered":"Especializa\u00e7\u00f5es"},"content":{"rendered":"<div class=\"wpb-content-wrapper\"><p>[vc_row][vc_column][vc_tta_tabs][vc_tta_section title=&#8221;Geografia&#8221; tab_id=&#8221;1656326691873-34373a9c-0f3d&#8221;][vc_column_text]<strong>Geografia e Territ\u00f3rio: Planejamento urbano, rural e ambiental<\/strong><\/p>\n<p><strong>\u00c1rea<\/strong>: Geografia<\/p>\n<p><strong>Linhas de pesquisa<\/strong>:<\/p>\n<p>Planos diretores urbanos, rurais e regionais;<\/p>\n<ul>\n<li>Cadastro t\u00e9cnico urbano e rural multi-finalit\u00e1rio;<\/li>\n<li>Ordenamento territorial, regional e local;<\/li>\n<li>Desenvolvimento Territorial Sustent\u00e1vel<\/li>\n<li>Plano de Desenvolvimento dos Assentamentos Rurais<\/li>\n<li>Elabora\u00e7\u00e3o e gerenciamento de cadastro rurais e urbanos;<\/li>\n<li>Implanta\u00e7\u00e3o de gerenciamento de sistemas de Informa\u00e7\u00f5es geogr\u00e1ficas (SIG\u2019s);<\/li>\n<li>Estrutura\u00e7\u00e3o e reestrutura\u00e7\u00e3o dos sistemas de circula\u00e7\u00e3o de pessoas, bens e servi\u00e7os;<\/li>\n<li>Pesquisa de mercado e interc\u00e2mbio regional e inter-regional;<\/li>\n<li>Delimita\u00e7\u00e3o e caracteriza\u00e7\u00e3o de territ\u00f3rios e regi\u00f5es para planejamento;<\/li>\n<li>Estudos populacionais e geoecon\u00f4micos.<\/li>\n<li>Planos de convers\u00e3o agroecol\u00f3gica e\/ou de agricultura org\u00e2nica;<\/li>\n<li>Planos de Desenvolvimento Agr\u00e1rio;<\/li>\n<li>Planos de erradica\u00e7\u00e3o do trabalho infantil;<\/li>\n<li>Planos de desenvolvimento local sustent\u00e1vel;<\/li>\n<li>Planos de erradica\u00e7\u00e3o da pobreza, doen\u00e7a e analfabetismo local.<\/li>\n<li>Estrat\u00e9gia de capitaliza\u00e7\u00e3o e economia local a partir do empreendedorismo;<\/li>\n<li>Planos de organiza\u00e7\u00e3o social associativista e cooperativista<\/li>\n<\/ul>\n<p>Planejamento do meio f\u00edsico\/ambiental<\/p>\n<ul>\n<li>Caracteriza\u00e7\u00e3o do meio F\u00edsico;<\/li>\n<li>Estudos e pesquisas geomorfol\u00f3gicas;<\/li>\n<li>Climatologia; geologia, hidrologia;<\/li>\n<li>C\u00e1lculo de movimenta\u00e7\u00e3o do relevo.<\/li>\n<li>Elabora\u00e7\u00e3o de Estudos e Relat\u00f3rios de Impacto Ambiental (EIA\u2019s, RIMA\u2019s);<\/li>\n<li>Avalia\u00e7\u00f5es, pareceres, laudos t\u00e9cnicos, per\u00edcias e gerenciamento de recursos naturais;<\/li>\n<li>Plano e Relat\u00f3rio de Controle Ambiental (PCA e RCA);<\/li>\n<li>Monitoramento Ambiental.<\/li>\n<li>Plano de recupera\u00e7\u00e3o de \u00e1reas degradadas e de risco<\/li>\n<li>Plano de manejo agroecol\u00f3gico, org\u00e2nico e de agricultura familiar;<\/li>\n<li>Delimita\u00e7\u00e3o e Plano de Manejo de Bacias hidrogr\u00e1ficas;<\/li>\n<li>Avalia\u00e7\u00e3o e estudo do potencial de recursos h\u00eddricos;<\/li>\n<li>Controle de escoamento, eros\u00e3o e assoreamento dos cursos d\u2019\u00e1gua.<\/li>\n<\/ul>\n<p>Planejamento t\u00e9cnico: Cartografia e sistemas de informa\u00e7\u00f5es geogr\u00e1fica<\/p>\n<ul>\n<li>Mapeamento B\u00e1sico;<\/li>\n<li>Mapeamento Tem\u00e1tico;<\/li>\n<li>Cartografia Urbana;<\/li>\n<li>Delimita\u00e7\u00e3o do espa\u00e7o territorial municipal, distrital e regional;<\/li>\n<li>Cartas de declividade e perfil de relevo;<\/li>\n<li>C\u00e1lculo de \u00e1reas; transforma\u00e7\u00e3o e c\u00e1lculo de escalas; loca\u00e7\u00e3o de pontos ou \u00e1reas por coordenadas geogr\u00e1ficas;<\/li>\n<li>Interpreta\u00e7\u00e3o de fotografias a\u00e9reas e imagens de sat\u00e9lite;<\/li>\n<li>Geoprocessamento, Sistema de Informa\u00e7\u00f5es Geogr\u00e1ficas e cartografia digital.<\/li>\n<\/ul>\n<p>Geografia do turismo e planejamento territorial<\/p>\n<ul>\n<li>Levantamento do potencial tur\u00edstico;<\/li>\n<li>Projeto e servi\u00e7os de turismo ecol\u00f3gico (Identifica\u00e7\u00e3o de trilhas);<\/li>\n<li>Gerenciamento de p\u00f3los tur\u00edsticos.<\/li>\n<li>Turismo de aventura, religioso, rural.<\/li>\n<li>Planos de valoriza\u00e7\u00e3o das culturas e identidades locais.<\/li>\n<\/ul>\n<p><strong>Hist\u00f3rico<\/strong>:<\/p>\n<p>O curso de Especializa\u00e7\u00e3o em Geografia e Territ\u00f3rio: Planejamento Urbano, Rural e Ambiental foi idealizado pelos professores Belarmino Mariano Neto e Lanusse Salim Rocha. Ap\u00f3s passar por aprova\u00e7\u00e3o em reuni\u00e3o departamental, o curso teve in\u00edcio no final de 2008, com uma turma composta por 25 estudantes, que conclu\u00edram em 2009. No ano seguinte, formou-se uma nova turma, com 28 alunos. A terceira turma iniciou o curso em 2011, tendo finalizado em 2012.<\/p>\n<p>Inicialmente, a especializa\u00e7\u00e3o era vinculada ao Departamento de Geo-Hist\u00f3ria, mas acabou ficando ligado ao Departamento de Geografia depois da divis\u00e3o do referido departamento.<\/p>\n<p>A exist\u00eancia da especializa\u00e7\u00e3o se justifica porque na atualidade existe uma grande preocupa\u00e7\u00e3o em escala nacional sobre as quest\u00f5es socioecon\u00f4micas, pol\u00edticas e culturais no que tange aos espa\u00e7os territoriais urbanos, rurais e ambientais. As preocupa\u00e7\u00f5es com a coisa p\u00fablica, as leis de responsabilidade fiscal e o uso do dinheiro p\u00fablico que \u00e9 repassado pelas diferentes esferas pol\u00edtico-administrativas do pa\u00eds t\u00eam exigido da sociedade civil e do poder pol\u00edtico local uma maior transpar\u00eancia em rela\u00e7\u00e3o ao processo de administra\u00e7\u00e3o dos munic\u00edpios, tanto em ambientes urbanos quanto em \u00e1reas rurais.<\/p>\n<p>Por outro lado, sabemos que o poder de organiza\u00e7\u00e3o social e a busca de alternativas para o desenvolvimento local sustent\u00e1vel \u00e9 uma das principais preocupa\u00e7\u00f5es de entidades como as organiza\u00e7\u00f5es religiosas, sindicais, n\u00e3o-governamentais, associa\u00e7\u00f5es, cooperativas, etc. Nesse sentido, surge a demanda por aperfei\u00e7oamentos e\/ou especializa\u00e7\u00f5es que deem conta de pensar a organiza\u00e7\u00e3o e o planejamento dos espa\u00e7os territoriais urbanos, rurais e ambientais. O Planejamento \u00e9 uma das marcas do s\u00e9culo XX. \u00c9 a partir do planejamento que as a\u00e7\u00f5es sociais se concretizam eficientemente.<\/p>\n<p>Pode-se pensar tamb\u00e9m em rela\u00e7\u00e3o \u00e0s pol\u00edticas p\u00fablicas, ao processo de exclus\u00e3o e as contradi\u00e7\u00f5es vividas nos espa\u00e7os f\u00edsicos ocupados pela sociedade. Situa\u00e7\u00f5es urbanas e rurais em que a pobreza e as desigualdades podem ser sentidas e notadas em diferentes est\u00e1gios. Como o poder pol\u00edtico local pode gerir determinadas situa\u00e7\u00f5es na perspectiva de supera\u00e7\u00e3o dos problemas, sejam eles: urbanos, rurais ou ambientais. Entende-se que a qualifica\u00e7\u00e3o profissional e acad\u00eamica, seja o caminho para mudan\u00e7as da vida social e melhoria da qualidade de vida de uma comunidade e da sociedade como um todo.<\/p>\n<p>Tanto a Geografia como as demais ci\u00eancias humanas e sociais aplicadas sempre estiveram preocupadas com projetos ou planos de desenvolvimento racionais em diferentes escalas. Poder\u00edamos citar como exemplo os planos diretores de uma cidade com mais de vinte mil habitantes; um projeto de Desenvolvimento Territorial Sustent\u00e1vel para uma comunidade rural e seus tipos de identidades locais; podemos pensar em um plano de engenharia ambiental para suprir a demanda de uma popula\u00e7\u00e3o por \u00e1gua tratada, ou o plano de manejo ecol\u00f3gico de um ambiente natural que \u00e9 ocupado por uma comunidade tradicional (ind\u00edgena ou quilombola). Estes s\u00e3o bons motivos para justificarmos a import\u00e2ncia de um curso dessa magnitude.<\/p>\n<p>Acredita-se que o planejamento urbano passe diretamente pelos campos de conhecimento da Geografia, pois esta \u00e9 uma ci\u00eancia de interrela\u00e7\u00f5es e vis\u00e3o abrangente no tocante ao espa\u00e7o\/tempo e a sociedade\/natureza. Temos condi\u00e7\u00f5es t\u00e9cnicas, te\u00f3ricas e metodol\u00f3gicas para analisar e compreender os diferentes focos e quest\u00f5es que perpassam um territ\u00f3rio, uma paisagem e uma regi\u00e3o.<\/p>\n<p>Por \u201cespa\u00e7os territoriais\u201d (SANTOS; SILVEIRA, 2001, p. 20) considera-se tanto as a\u00e7\u00f5es do Estado em suas diferentes esferas pol\u00edticoadministrativas (governos municipais, estaduais e federais) quanto \u00e0s a\u00e7\u00f5es sociais organizadas. Entende-se que o espa\u00e7o territorial \u00e9 fruto de sucessivas transforma\u00e7\u00f5es e nossa base te\u00f3rica parte da no\u00e7\u00e3o de territ\u00f3rio usado, podendo ser entendido enquanto sin\u00f4nimo de espa\u00e7o geogr\u00e1fico.<\/p>\n<p>As quest\u00f5es agr\u00e1rias, os problemas rurais, agr\u00edcolas, e ambientais est\u00e3o no cerne da Geografia e esta ci\u00eancia conseguiu organizar linhas de aprofundamentos para responder a todas estas quest\u00f5es. Hoje, sabe-se que o Desenvolvimento Territorial Sustent\u00e1vel passa diretamente pelos conceitos e an\u00e1lises geogr\u00e1ficas e ao lado das demais ci\u00eancias sociais\/humanas pode dar conta de planejar sa\u00eddas estrat\u00e9gicas e solu\u00e7\u00f5es planejadas para as diferentes quest\u00f5es sociais no campo.<\/p>\n<p>Destaca-se que na natureza tudo est\u00e1 mudando permanentemente. E a a\u00e7\u00e3o humana, cada vez com maior capacidade t\u00e9cnica de interven\u00e7\u00e3o, acelera e tenciona este processo de mudan\u00e7a, de transforma\u00e7\u00e3o, com conseq\u00fc\u00eancias no cotidiano de cada um de n\u00f3s. \u00c9, por tanto, fundamental o permanente acompanhamento deste desenvolvimento, pois a defasagem entre a realidade do espa\u00e7o geogr\u00e1fico e a compreens\u00e3o que se tem dela pode trazer muitos transtornos \u00e0 sociedade e principalmente aqueles que t\u00eam a tarefa de administrar. A raridade do espa\u00e7o e o pre\u00e7o imposto pela l\u00f3gica do modo de vida capitalista expresso na sociedade de consumo tende a alterar profundamente o lugar onde vivemos e sem um devido planejamento das nossas a\u00e7\u00f5es poderemos perder o sentido de nossa pr\u00f3pria exist\u00eancia na Terra. Entende-se que s\u00f3 um profissional preparado para compreender os mecanismos de desenvolvimento dos espa\u00e7os e da natureza pode fazer a diferen\u00e7a.<\/p>\n<p>Frente \u00e0 demanda existente na Regi\u00e3o Agreste e microrregi\u00f5es do Brejo e Guarabira, onde a UEPB mant\u00e9m o Campus III e atende a cerca de quarenta e sete munic\u00edpios, essa institui\u00e7\u00e3o, atrav\u00e9s do Centro de Humanidades, justifica a oferta do Curso de Especializa\u00e7\u00e3o em Geografia e Territ\u00f3rio: Planejamento Urbano, Rural e Ambiental, o que se constituir\u00e1 numa oportunidade singular para professores e outros profissionais do servi\u00e7o p\u00fablico e \/ou privado graduados tanto em geografia, quanto nas ci\u00eancias afins (hist\u00f3ria, direito, pedagogia, letras, antropologia, administra\u00e7\u00e3o, turismo, ecologia, economia, etc.), possam se qualificar e dar continuidade as suas vidas acad\u00eamicas e profissionais.<\/p>\n<p><strong>Dias das Aulas<\/strong>\u00a0Sextas-feiras e s\u00e1bados.<\/p>\n<p><strong>Hor\u00e1rio<\/strong>\u00a0Manh\u00e3 e tarde<\/p>\n<p><strong>Coordenadores<\/strong>\u00a0Luciene Vieira de Arruda\u00a0Belarmino Mariano Neto<\/p>\n<p><strong>Cronograma<\/strong>\u00a0A \u00faltima turma finalizou em maio de 2012.\u00a0A pr\u00f3xima turma ainda est\u00e1 sem prazo determinado para iniciar processo de sele\u00e7\u00e3o.[\/vc_column_text][\/vc_tta_section][vc_tta_section title=&#8221;Letras&#8221; tab_id=&#8221;1656326691883-50569575-dcdb&#8221;][\/vc_tta_section][\/vc_tta_tabs][\/vc_column][\/vc_row]<\/p>\n<\/div>","protected":false},"excerpt":{"rendered":"<p>[vc_row][vc_column][vc_tta_tabs][vc_tta_section title=&#8221;Geografia&#8221; tab_id=&#8221;1656326691873-34373a9c-0f3d&#8221;][vc_column_text]Geografia e Territ\u00f3rio: Planejamento urbano, rural e ambiental \u00c1rea: Geografia Linhas de pesquisa: Planos diretores urbanos, rurais e regionais; Cadastro t\u00e9cnico urbano e rural multi-finalit\u00e1rio; Ordenamento territorial, regional e local; Desenvolvimento Territorial Sustent\u00e1vel Plano de Desenvolvimento dos Assentamentos Rurais Elabora\u00e7\u00e3o e gerenciamento de cadastro rurais e urbanos; Implanta\u00e7\u00e3o de gerenciamento de sistemas de <a class=\"leiamais\" href=\"https:\/\/centros.uepb.edu.br\/ch\/pos-graduacao\/especializacoes\/\">Leia Mais&#8230;<\/a><\/p>\n","protected":false},"author":25,"featured_media":0,"parent":217,"menu_order":0,"comment_status":"open","ping_status":"open","template":"","meta":{"jetpack_post_was_ever_published":false,"footnotes":""},"class_list":["post-258","page","type-page","status-publish","hentry"],"jetpack_shortlink":"https:\/\/wp.me\/P4NR4N-4a","jetpack_sharing_enabled":true,"_links":{"self":[{"href":"https:\/\/centros.uepb.edu.br\/ch\/wp-json\/wp\/v2\/pages\/258","targetHints":{"allow":["GET"]}}],"collection":[{"href":"https:\/\/centros.uepb.edu.br\/ch\/wp-json\/wp\/v2\/pages"}],"about":[{"href":"https:\/\/centros.uepb.edu.br\/ch\/wp-json\/wp\/v2\/types\/page"}],"author":[{"embeddable":true,"href":"https:\/\/centros.uepb.edu.br\/ch\/wp-json\/wp\/v2\/users\/25"}],"replies":[{"embeddable":true,"href":"https:\/\/centros.uepb.edu.br\/ch\/wp-json\/wp\/v2\/comments?post=258"}],"version-history":[{"count":0,"href":"https:\/\/centros.uepb.edu.br\/ch\/wp-json\/wp\/v2\/pages\/258\/revisions"}],"up":[{"embeddable":true,"href":"https:\/\/centros.uepb.edu.br\/ch\/wp-json\/wp\/v2\/pages\/217"}],"wp:attachment":[{"href":"https:\/\/centros.uepb.edu.br\/ch\/wp-json\/wp\/v2\/media?parent=258"}],"curies":[{"name":"wp","href":"https:\/\/api.w.org\/{rel}","templated":true}]}}