{"id":236,"date":"2013-05-17T18:39:34","date_gmt":"2013-05-17T18:39:34","guid":{"rendered":"\/ch\/?page_id=236"},"modified":"2025-06-02T16:51:20","modified_gmt":"2025-06-02T16:51:20","slug":"contato","status":"publish","type":"page","link":"https:\/\/centros.uepb.edu.br\/ch\/contato\/","title":{"rendered":"Contato"},"content":{"rendered":"<p><strong>Diretora<\/strong>: Profa. Maria de F\u00e1tima de Souza Aquino <strong>(Gest\u00e3o 2025-2027)<\/strong><br \/>\n<strong>Vice-Diretora<\/strong>: Profa. Naiara Ferraz Bandeira Alves <strong>(Gest\u00e3o 2025-2027)<\/strong><br \/>\n<strong>Contatos<\/strong>: Whatsapp (83) 99370-1712<br \/>\n<strong>E-mail<\/strong>: ch@setor.uepb.edu.br<br \/>\n<strong>Atendimento<\/strong>: das 7h \u00e0s 17h<\/p>\n<p><strong>Diret\u00f3rio Central dos Estudantes\u00a0 &#8211; DCE<\/strong><\/p>\n<ul>\n<li>Representante: Claudemir Martins<\/li>\n<\/ul>\n<p><strong>CA de Direito<\/strong><\/p>\n<ul>\n<li>Centro Acad\u00eamico Ant\u00f4nio Cavalcante da Costa Neto (CADI)<\/li>\n<li>Representante: Jos\u00e9 Jonas Silva Brito<\/li>\n<li>E-mail: jose.jonas.brito@aluno.uepb.edu.br<\/li>\n<\/ul>\n<p><strong>CA de Geografia<\/strong><\/p>\n<ul>\n<li>Centro Acad\u00eamico Milton Santos (CAGEO)<\/li>\n<li>Representantes:<em>Presidente<\/em>\n<p>Nome: KAYLLANE SILVA BARBOSA<br \/>\nE-mail: Kayllane.barbosa@aluno.uepb.edu.br<\/p>\n<p><em>Vice-Presidente<\/em><\/p>\n<p>Nome: OZANAN S\u00c1VIO SIMPL\u00cdCIO SANTOS<br \/>\nEmail: ozanan.santos@aluno.uepb.edu.br<\/li>\n<\/ul>\n<p><strong>CA de Hist\u00f3ria<\/strong><\/p>\n<ul>\n<li>Representante:<\/li>\n<li>E-mail:<\/li>\n<\/ul>\n<p><strong>CA de Letras<\/strong><\/p>\n<ul>\n<li>Representante:<\/li>\n<li>E-mail:<\/li>\n<\/ul>\n<p><strong>CA de Pedagogia<\/strong><\/p>\n<ul>\n<li>Representante: &#8211;<\/li>\n<li>E-mail: &#8211;<\/li>\n<\/ul>\n<p>&nbsp;<\/p>\n","protected":false},"excerpt":{"rendered":"<p>Diretora: Profa. Maria de F\u00e1tima de Souza Aquino (Gest\u00e3o 2025-2027) Vice-Diretora: Profa. Naiara Ferraz Bandeira Alves (Gest\u00e3o 2025-2027) Contatos: Whatsapp (83) 99370-1712 E-mail: ch@setor.uepb.edu.br Atendimento: das 7h \u00e0s 17h Diret\u00f3rio Central dos Estudantes\u00a0 &#8211; DCE Representante: Claudemir Martins CA de Direito Centro Acad\u00eamico Ant\u00f4nio Cavalcante da Costa Neto (CADI) Representante: Jos\u00e9 Jonas Silva Brito E-mail: <a class=\"leiamais\" href=\"https:\/\/centros.uepb.edu.br\/ch\/contato\/\">Leia Mais&#8230;<\/a><\/p>\n","protected":false},"author":26,"featured_media":0,"parent":0,"menu_order":0,"comment_status":"open","ping_status":"open","template":"","meta":{"jetpack_post_was_ever_published":false,"footnotes":""},"class_list":["post-236","page","type-page","status-publish","hentry"],"jetpack_shortlink":"https:\/\/wp.me\/P4NR4N-3O","jetpack_sharing_enabled":true,"_links":{"self":[{"href":"https:\/\/centros.uepb.edu.br\/ch\/wp-json\/wp\/v2\/pages\/236","targetHints":{"allow":["GET"]}}],"collection":[{"href":"https:\/\/centros.uepb.edu.br\/ch\/wp-json\/wp\/v2\/pages"}],"about":[{"href":"https:\/\/centros.uepb.edu.br\/ch\/wp-json\/wp\/v2\/types\/page"}],"author":[{"embeddable":true,"href":"https:\/\/centros.uepb.edu.br\/ch\/wp-json\/wp\/v2\/users\/26"}],"replies":[{"embeddable":true,"href":"https:\/\/centros.uepb.edu.br\/ch\/wp-json\/wp\/v2\/comments?post=236"}],"version-history":[{"count":0,"href":"https:\/\/centros.uepb.edu.br\/ch\/wp-json\/wp\/v2\/pages\/236\/revisions"}],"wp:attachment":[{"href":"https:\/\/centros.uepb.edu.br\/ch\/wp-json\/wp\/v2\/media?parent=236"}],"curies":[{"name":"wp","href":"https:\/\/api.w.org\/{rel}","templated":true}]}}