{"id":211,"date":"2025-05-15T13:31:05","date_gmt":"2025-05-15T13:31:05","guid":{"rendered":"\/ch\/?page_id=211"},"modified":"2025-06-06T16:32:04","modified_gmt":"2025-06-06T16:32:04","slug":"biblioteca","status":"publish","type":"page","link":"https:\/\/centros.uepb.edu.br\/ch\/biblioteca\/","title":{"rendered":"Biblioteca"},"content":{"rendered":"<div class=\"wpb-content-wrapper\"><p>[vc_row][vc_column][vc_column_text]Criada para suprir as necessidades intelectuais dos alunos da Faculdade de Filosofia, Ci\u00eancias e Letras de Guarabira (FAFIG), a Bbiblioteca Setorial Professora Maria do Carmo de Miranda evoluiu juntamente com a Universidade Estadual da Para\u00edba, passando, ao longo de sua exist\u00eancia, por v\u00e1rias mudan\u00e7as.<\/p>\n<p>Ap\u00f3s vinte anos de UEPB em Guarabira, no dia 03 de maio de 2010, a biblioteca foi reinaugurada em um novo espa\u00e7o f\u00edsico, com uma \u00e1rea de 240 m\u00b2. Trata-se de uma nova estrutura para melhor atender os usu\u00e1rios em ambiente amplo, bem iluminado, climatizado e agrad\u00e1vel.<\/p>\n<p>O hor\u00e1rio de funcionamento \u00e9 de segunda a sexta, das 7h00 \u00e0s 21:30h, ininterruptamente.[\/vc_column_text][\/vc_column][\/vc_row][vc_row][vc_column][vc_tta_tour][vc_tta_section title=&#8221;Infraestrutura&#8221; tab_id=&#8221;1656595264239-7a4d5127-27cb&#8221;][vc_column_text]<\/p>\n<ul>\n<li>Guarda-volumes com 40 nichos;<\/li>\n<li>12 cabines de estudo individuais;<\/li>\n<li>5 mesas para estudo em grupo;<\/li>\n<li>Catalogo de consulta de livro: autor, assunto e t\u00edtulo;<\/li>\n<li>Mapoteca;<\/li>\n<li>Setor de Peri\u00f3dicos;<\/li>\n<li>Setor de Monografias;<\/li>\n<li>Acervo geral.<\/li>\n<\/ul>\n<p>[\/vc_column_text][\/vc_tta_section][vc_tta_section title=&#8221;Contatos&#8221; tab_id=&#8221;1656595264253-4338d716-5c94&#8243;][vc_column_text css=&#8221;&#8221;]<strong>E-mail<\/strong>: biblioteca.campus3@uepb.edu.br<\/p>\n<p><strong>Bibliotec\u00e1rias<\/strong>:<\/p>\n<p>Andreza Nadja Freitas Serafim<\/p>\n<p>Maria Suzana<\/p>\n<p>&nbsp;<\/p>\n<p><strong>Telefone<\/strong>: 3271-4080 &#8211; Ramal 214.[\/vc_column_text][\/vc_tta_section][vc_tta_section title=&#8221;Funcion\u00e1rios&#8221; tab_id=&#8221;1656595328475-bacab7e1-c335&#8243;][vc_column_text]<\/p>\n<ul>\n<li>1 Bibliotec\u00e1ria;<\/li>\n<li>4 Auxiliar de biblioteca;<\/li>\n<li>3 Assistentes administrativos;<\/li>\n<\/ul>\n<p>[\/vc_column_text][\/vc_tta_section][vc_tta_section title=&#8221;Formul\u00e1rios e Documentos&#8221; tab_id=&#8221;1656595363979-7444b07b-42b6&#8243;][vc_column_text]<\/p>\n<ul>\n<li><a href=\"http:\/\/uepb.edu.br\/biblioteca\/fichacatalografica\/\" target=\"_blank\" rel=\"noopener\">Formul\u00e1rio da Ficha catalogr\u00e1fica<\/a><\/li>\n<li><a href=\"http:\/\/biblioteca.uepb.edu.br\/index.php?option=com_content&amp;view=article&amp;id=540&amp;Itemid=573\" target=\"_blank\" rel=\"noopener\">Regras para dep\u00f3sito dos trabalhos acad\u00eamicos<\/a><\/li>\n<li><a href=\"http:\/\/biblioteca.uepb.edu.br\/index.php?option=com_content&amp;view=article&amp;id=453&amp;Itemid=558\" target=\"_blank\" rel=\"noopener\">Normas do SIB<\/a><\/li>\n<li><a href=\"http:\/\/biblioteca.uepb.edu.br\/index.php?option=com_content&amp;view=article&amp;id=532&amp;Itemid=572\" target=\"_blank\" rel=\"noopener\">ABNT: guia de normaliza\u00e7\u00e3o<\/a><\/li>\n<li><a href=\"http:\/\/biblioteca.uepb.edu.br\/index.php?option=com_content&amp;view=article&amp;id=536&amp;Itemid=563\" target=\"_blank\" rel=\"noopener\">Aquisi\u00e7\u00e3o de livros<\/a><\/li>\n<li><a href=\"http:\/\/biblioteca.uepb.edu.br\/index.php?option=com_content&amp;view=article&amp;id=536&amp;Itemid=563\" target=\"_blank\" rel=\"noopener\">Boletim de Alerta: novas aquisi\u00e7\u00f5es<\/a> &#8211; \u00c9 mais um servi\u00e7o que a Biblioteca Professora Maria Do Carmo de Miranda, disponibiliza para seus usu\u00e1rios, tendo como objetivo principal dar visibilidade para a comunidade acad\u00eamica das novas aquisi\u00e7\u00f5es feita pela Institui\u00e7\u00e3o para a Biblioteca do Campus III.<\/li>\n<\/ul>\n<p>[\/vc_column_text][\/vc_tta_section][vc_tta_section title=&#8221;Patrona&#8221; tab_id=&#8221;1656595421781-ecccae0f-b972&#8243;][vc_column_text]Maria do Carmo de Miranda nasceu no dia 7 de junho de 1942, em Macau, no Rio Grande do Norte no dia 7 de junho de 1942. \u00c9 filha de Luiz de Souza Miranda e Izaura Martins de Miranda.<\/p>\n<p>Fixou resid\u00eancia junto com a fam\u00edlia na cidade de Cabedelo em 1952, onde concluiu o ensino prim\u00e1rio. Para prosseguir os estudos, mudou-se para a cidade de Jo\u00e3o Pessoa, onde passou a estudar no col\u00e9gio Lins de Vasconcelos; nesta fase come\u00e7ou a demonstrar interesse pela educa\u00e7\u00e3o, ministrando aulas de refor\u00e7o escolar em domic\u00edlio com apenas 16 anos.<\/p>\n<p>Sua primeira experi\u00eancia de doc\u00eancia foi proporcionada por uma vaga que surgiu na prefeitura de Jo\u00e3o Pessoa, cujo ensino era oferecido na Igreja de Nossa Senhora da Concei\u00e7\u00e3o, situado no Varadouro. Nesse per\u00edodo, inexistia, formalmente, rede de ensino municipal, sendo este realizado em locais como igrejas ou mesmo pela pr\u00f3pria comunidade, em salas com turmas multisseriadas.<\/p>\n<p>Conclu\u00eddo o gin\u00e1sio, estudou pedag\u00f3gico no Instituto de Educa\u00e7\u00e3o da Para\u00edba (IEP), terminado em 1962. Recebeu do ent\u00e3o governador do Estado, Pedro Moreno Gondin, como presente de formatura, a nomea\u00e7\u00e3o de Diretora da Rede Ferrovi\u00e1ria Engenheiro Wanderley, na cidade de Cabedelo, tendo como lema: \u201ctrabalho de conquista\u201d.<\/p>\n<p>Quando a escola foi desativada, Maria do Carmo foi transferida para o Grupo Escolar Jo\u00e3o XXIII, tamb\u00e9m em Cabedelo.<\/p>\n<p>Ainda na cidade de Cabedelo, fundou o Externato Nossa Senhora do Carmo, que oferecia educa\u00e7\u00e3o infantil (antigos maternal, jardim e alfabetiza\u00e7\u00e3o). O Externado foi a realiza\u00e7\u00e3o de um sonho que perseguiu durante toda a sua vida.<\/p>\n<p>Licenciou-se em Pedagogia pela Faculdade de Filosofia e Letras da Universidade Federal da Para\u00edba (UFPB), em 1967.<\/p>\n<p>Na Escola Normal de Santa Rita, em 1969, foi convidada a ministrar a disciplina de Psicologia da Educa\u00e7\u00e3o. Em 1971, foi admitida para exercer a fun\u00e7\u00e3o de professora de Pr\u00e1tica de Ensino (did\u00e1tica) na mesma institui\u00e7\u00e3o.<\/p>\n<p>Dez anos depois, foi nomeada para exercer, de forma comissionada, o cargo de Administradora da Escola Normal Alu\u00edsio Pereira Borges, tamb\u00e9m em Santa Rita.<\/p>\n<p>Em 1986, foi convidada assumir o cargo de administradora escolar da Escola Normal Estadual Ministro Pereira Lira.<\/p>\n<p>Foi fundadora da Faculdade de Ci\u00eancias e Letras de Guarabira (FAFIG), hoje o Campus IIII da Universidade Estadual da Para\u00edba (UEPB), empregando enorme empenho para que a unidade fosse estadualizada.<\/p>\n<p>Faleceu no dia 7 de setembro de 1988, em Jo\u00e3o Pessoa, v\u00edtima de um aneurisma cerebral, deixando dois filhos e uma hist\u00f3ria de paix\u00e3o e dedica\u00e7\u00e3o \u00e0 educa\u00e7\u00e3o.[\/vc_column_text][\/vc_tta_section][\/vc_tta_tour][\/vc_column][\/vc_row][vc_row][vc_column][vc_text_separator title=&#8221;Servi\u00e7os Oferecidos&#8221; i_icon_fontawesome=&#8221;fas fa-book&#8221; i_color=&#8221;custom&#8221; title_align=&#8221;separator_align_left&#8221; add_icon=&#8221;true&#8221; i_custom_color=&#8221;#cc0000&#8243;][vc_tta_tour][vc_tta_section title=&#8221;Ficha catalogr\u00e1fica online&#8221; tab_id=&#8221;1656595563146-af7049dd-908a&#8221;][vc_column_text]A Biblioteca do Campus III \u00e9 respons\u00e1vel pela elabora\u00e7\u00e3o de ficha catalogr\u00e1fica online (o usu\u00e1rio acessa a p\u00e1gina eletr\u00f4nica no link preenche o formul\u00e1rio e, num prazo de 48h \u00fateis, recebe a citada ficha pelo e-mail). O documento recebido deve ser impresso no verso da folha de rosto e \u00e9 de car\u00e1ter obrigat\u00f3rio nos TCC&#8217;s, monografias, disserta\u00e7\u00f5es, teses e relat\u00f3rios de pesquisa da UEPB. Clique <a href=\"http:\/\/uepb.edu.br\/biblioteca\/fichacatalografica\/\" target=\"_blank\" rel=\"noopener\">aqui<\/a> para acessar.[\/vc_column_text][\/vc_tta_section][vc_tta_section title=&#8221;Auxilio na normaliza\u00e7\u00e3o, de acordo com a ABNT, dos trabalhos dos usu\u00e1rios da UEPB&#8221; tab_id=&#8221;1656595563161-865c95b4-5267&#8243;][vc_column_text]Como forma de garantir a qualidade da produ\u00e7\u00e3o discente e docente, as bibliotecas do SIB, por meio de seus bibliotec\u00e1rios, est\u00e3o aptos a oferecerem o servi\u00e7o de orienta\u00e7\u00e3o normativa dos TCC&#8217;s, monografias, disserta\u00e7\u00f5es e teses, de acordo com a Associa\u00e7\u00e3o Brasileira de Normas T\u00e9cnicas [ABNT]. Clique aqui e tenha acesso a lista atualizada das Normas Brasileiras Registradas [NBRs] que est\u00e3o dispon\u00edveis para os bibliotec\u00e1rios e para os usu\u00e1rios nas bibliotecas do SIB.[\/vc_column_text][\/vc_tta_section][vc_tta_section title=&#8221;Empr\u00e9stimo domiciliar&#8221; tab_id=&#8221;1656595633901-b8563feb-56cb&#8221;][vc_column_text]As bibliotecas da UEPB, mediante cadastro[1] do usu\u00e1rio no SeCir , s\u00e3o autorizadas a emprestar os materiais informacionais do acervo, de acordo com a Portaria n. 815\/2008 . Ao utilizar desse servi\u00e7o, os usu\u00e1rios s\u00e3o automaticamente respons\u00e1veis pela reposi\u00e7\u00e3o de um exemplar novo em casos de extravio ou de dano sobre as obras que estiverem sob sua guarda. Para que o usu\u00e1rio constantemente possa utilizar o servi\u00e7o de empr\u00e9stimo domiciliar, deve manter sua situa\u00e7\u00e3o regularizada nas bibliotecas, ou seja, n\u00e3o estar em d\u00e9bito. Caso contr\u00e1rio, se o usu\u00e1rio estiver em condi\u00e7\u00f5es irregulares com o Sistema, n\u00e3o ter\u00e1 permiss\u00e3o de retirar, por empr\u00e9stimo domiciliar, qualquer tipo de material informacional das bibliotecas. \u00c9 imprescind\u00edvel que os usu\u00e1rios exijam dos funcion\u00e1rios imediata baixa no ato de devolu\u00e7\u00e3o dos citados materiais.[\/vc_column_text][\/vc_tta_section][vc_tta_section title=&#8221;Cadastro de alunos e funicon\u00e1rios&#8221; tab_id=&#8221;1656596713339-8ef10c1a-f739&#8243;][vc_column_text]Para cadastra-se na Biblioteca Prof. Maria do Carmo de Miranda &#8211; ALUNOS<\/p>\n<ul>\n<li>Hor\u00e1rio individual (RDM), devidamente assinado pelo coordenador do curso;<\/li>\n<li>Documento de identidade &#8211; original;<\/li>\n<li>Comprovante de resid\u00eancia \u2013 original;<\/li>\n<\/ul>\n<p>Os tr\u00eas primeiros documentos acima citados ser\u00e3o apresentados no momento do cadastro e devolvidos imediatamente.<br \/>\nPara cadastra-se na Biblioteca Prof. Maria do Carmo de Miranda \u2013 SERVIDORES<\/p>\n<ul>\n<li>Contra-cheque;<\/li>\n<li>Documento de identidade &#8211; original;<\/li>\n<li>Comprovante de resid\u00eancia \u2013 original;<\/li>\n<\/ul>\n<p>Os tr\u00eas primeiros documentos acima citados ser\u00e3o apresentados no momento do cadastro e devolvidos imediatamente.[\/vc_column_text][\/vc_tta_section][vc_tta_section title=&#8221;Cole\u00e7\u00e3o de Refer\u00eancia&#8221; tab_id=&#8221;1656596755547-2041806d-b454&#8243;][vc_column_text]Cole\u00e7\u00e3o que visa a dar suporte aos usu\u00e1rios no tocante ao uso de obras de refer\u00eancias, nas quais se destacam: dicion\u00e1rios, enciclop\u00e9dias, guias, anu\u00e1rios, repert\u00f3rios bibliogr\u00e1ficos, cat\u00e1logos, bibliografias e almanaques. As obras t\u00eam um \u201cR\u201d acima do n\u00famero de chamada para melhor identific\u00e1-las. Essas obras t\u00eam localiza\u00e7\u00e3o f\u00edsica especial e n\u00e3o podem ser emprestadas, s\u00f3 consultadas no recinto da biblioteca.[\/vc_column_text][\/vc_tta_section][vc_tta_section title=&#8221;Cole\u00e7\u00e3o de Reserva&#8221; tab_id=&#8221;1656596756546-e79f184c-30dc&#8221;][vc_column_text]Cole\u00e7\u00e3o composta por um exemplar de cada t\u00edtulo de grande procura no acervo das bibliotecas. A circula\u00e7\u00e3o desse material fica restrita e controlada, no \u00e2mbito das bibliotecas. Os livros pertencentes a essa cole\u00e7\u00e3o est\u00e3o sinalizados com adesivos nas cores vermelho e amarelo e est\u00e3o dispostas em um local distinto das outras cole\u00e7\u00f5es.[\/vc_column_text][\/vc_tta_section][vc_tta_section title=&#8221;Cat\u00e1logo On-line para consulta do acervo da Biblioteca&#8221; tab_id=&#8221;1656596808143-db10a510-d789&#8243;][vc_column_text]Instrumento que serve ao usu\u00e1rio na busca da informa\u00e7\u00e3o no \u00e2mbito das bibliotecas. Disp\u00f5e de buscas por autor, t\u00edtulo e assunto. O usu\u00e1rio deve ser orientado por um funcion\u00e1rio do setor para os devidos esclarecimentos de funcionamento e ordena\u00e7\u00e3o do mesmo.<\/p>\n<p>Os bibliotec\u00e1rios e auxiliares est\u00e3o orientados a prestar atendimento aos usu\u00e1rios no acesso \u00e0 informa\u00e7\u00e3o acad\u00eamico-cient\u00edfica via online, bem como no uso das bibliotecas e do acervo. Clique <a href=\"http:\/\/200.129.73.138\/Telas\/w_busca_rapida.php\" target=\"_blank\" rel=\"noopener\">aqui<\/a> para acessar.[\/vc_column_text][\/vc_tta_section][vc_tta_section title=&#8221;Visita dirigida&#8221; tab_id=&#8221;1656596809982-e11ed46d-a7fa&#8221;][vc_column_text]Entendemos a visita dirigida como uma possibilidade de salutar intera\u00e7\u00e3o entre os usu\u00e1rios da UEPB e a biblioteca, em especial, os nossos alunos, no sentido de esclarecer o papel dessa unidade de informa\u00e7\u00e3o na constru\u00e7\u00e3o do conhecimento. Para solicitar esse servi\u00e7o, qualquer professor da UEPB encaminhar\u00e1 uma solicita\u00e7\u00e3o \u00e0 biblioteca, atrav\u00e9s do seguinte e-mail: biblioteca.campus3@uepb.edu.br[\/vc_column_text][\/vc_tta_section][vc_tta_section title=&#8221;Cole\u00e7\u00e3o de peri\u00f3dicos nacionais e estrangeiros (gerais e especializados)&#8221; tab_id=&#8221;1656596858771-eda8bd49-1226&#8243;][vc_column_text]O Setor de Peri\u00f3dicos possui um acervo de aproximadamente 1529 exemplares de peri\u00f3dicos nacionais e estrangeiros divididos em v\u00e1rias \u00e1reas do conhecimento, com acesso restrito por meio de fotoc\u00f3pias dos sum\u00e1rios das revistas, que s\u00f3 podem ser retiradas do setor por um curto per\u00edodo de tempo com apresenta\u00e7\u00e3o de documento com foto, ou consultadas no pr\u00f3prio local.[\/vc_column_text][\/vc_tta_section][vc_tta_section title=&#8221;Monografias e trabalhos acad\u00eamicos orientados (TAOs)&#8221; tab_id=&#8221;1656596887268-b61d811e-770c&#8221;][vc_column_text]O Setor de Cole\u00e7\u00f5es Especiais abriga os Trabalhos de Conclus\u00e3o de Curso [TCC&#8217;s], relat\u00f3rios de pesquisa, monografias, disserta\u00e7\u00f5es e teses defendidas no \u00e2mbito da UEPB, seja na Gradua\u00e7\u00e3o com na P\u00f3s-Gradua\u00e7\u00e3o; produ\u00e7\u00e3o intelectual que vem contribuindo para o desenvolvimento do ensino, pesquisa e extens\u00e3o da UEPB.[\/vc_column_text][\/vc_tta_section][\/vc_tta_tour][\/vc_column][\/vc_row]<\/p>\n<\/div>","protected":false},"excerpt":{"rendered":"<p>[vc_row][vc_column][vc_column_text]Criada para suprir as necessidades intelectuais dos alunos da Faculdade de Filosofia, Ci\u00eancias e Letras de Guarabira (FAFIG), a Bbiblioteca Setorial Professora Maria do Carmo de Miranda evoluiu juntamente com a Universidade Estadual da Para\u00edba, passando, ao longo de sua exist\u00eancia, por v\u00e1rias mudan\u00e7as. Ap\u00f3s vinte anos de UEPB em Guarabira, no dia 03 de <a class=\"leiamais\" href=\"https:\/\/centros.uepb.edu.br\/ch\/biblioteca\/\">Leia Mais&#8230;<\/a><\/p>\n","protected":false},"author":26,"featured_media":0,"parent":0,"menu_order":0,"comment_status":"open","ping_status":"open","template":"","meta":{"jetpack_post_was_ever_published":false,"footnotes":""},"class_list":["post-211","page","type-page","status-publish","hentry"],"jetpack_shortlink":"https:\/\/wp.me\/P4NR4N-3p","jetpack_sharing_enabled":true,"_links":{"self":[{"href":"https:\/\/centros.uepb.edu.br\/ch\/wp-json\/wp\/v2\/pages\/211","targetHints":{"allow":["GET"]}}],"collection":[{"href":"https:\/\/centros.uepb.edu.br\/ch\/wp-json\/wp\/v2\/pages"}],"about":[{"href":"https:\/\/centros.uepb.edu.br\/ch\/wp-json\/wp\/v2\/types\/page"}],"author":[{"embeddable":true,"href":"https:\/\/centros.uepb.edu.br\/ch\/wp-json\/wp\/v2\/users\/26"}],"replies":[{"embeddable":true,"href":"https:\/\/centros.uepb.edu.br\/ch\/wp-json\/wp\/v2\/comments?post=211"}],"version-history":[{"count":0,"href":"https:\/\/centros.uepb.edu.br\/ch\/wp-json\/wp\/v2\/pages\/211\/revisions"}],"wp:attachment":[{"href":"https:\/\/centros.uepb.edu.br\/ch\/wp-json\/wp\/v2\/media?parent=211"}],"curies":[{"name":"wp","href":"https:\/\/api.w.org\/{rel}","templated":true}]}}