{"id":2081,"date":"2014-06-05T19:01:56","date_gmt":"2014-06-05T19:01:56","guid":{"rendered":"\/ch\/?page_id=2081"},"modified":"2022-06-29T11:19:07","modified_gmt":"2022-06-29T11:19:07","slug":"letras","status":"publish","type":"page","link":"https:\/\/centros.uepb.edu.br\/ch\/extensao\/letras\/","title":{"rendered":"Letras"},"content":{"rendered":"<div class=\"wpb-content-wrapper\"><p>[vc_row][vc_column][vc_tta_tour][vc_tta_section title=&#8221;IN-LAB PHONETICS: contribui\u00e7\u00f5es do uso do Praat para o ensino de pron\u00fancia em L\u00edngua Inglesa.&#8221; tab_id=&#8221;1656501511327-9610704e-aed2&#8243;][vc_column_text]<strong>\u00c1rea de abrang\u00eancia<\/strong>: Fonologia Interl\u00edngual; L\u00ednguas Estrangeiras Modernas, Fon\u00e9tica e Fonologia da L\u00edngua Inglesa aplicadas ao ensino.<\/p>\n<p><strong>\u00c1rea tem\u00e1tica<\/strong>: Fon\u00e9tica e Fonologia<\/p>\n<p><strong>P\u00fablico alvo<\/strong>: Alunos do curso de Letras da UEPB, professores de escolas p\u00fablicas de Guarabira-PB e de cidades adjacentes (Ensino Fundamental e M\u00e9dio).<\/p>\n<p><strong>Dura\u00e7\u00e3o<\/strong>: Dezembro \/ 2013 \u2013 Dezembro \/ 2014<\/p>\n<p><strong>Coordenador<\/strong>: Prof. Le\u00f4nidas Jos\u00e9 da Silva Junior<\/p>\n<p><strong>Saiba mais<\/strong><\/p>\n<p>Este \u00e9 um projeto pioneiro que pretende contribuir para o melhoramento do ensino de pron\u00fancia nas aulas de ingl\u00eas sob uma perspectiva de an\u00e1lise fon\u00e9tico-ac\u00fastica. Trata-se de um projeto de car\u00e1ter aplicado, consoante minha pr\u00e1tica profissional como professor de ingl\u00eas em escolas p\u00fablicas: quais s\u00e3o os melhores caminhos, as melhores estrat\u00e9gias, de se ensinar ingl\u00eas como segunda l\u00edngua (doravante L2), de modo a conseguir dos aprendizes a pron\u00fancia mais pr\u00f3xima poss\u00edvel da l\u00edngua-alvo.[\/vc_column_text][\/vc_tta_section][\/vc_tta_tour][\/vc_column][\/vc_row]<\/p>\n<\/div>","protected":false},"excerpt":{"rendered":"<p>[vc_row][vc_column][vc_tta_tour][vc_tta_section title=&#8221;IN-LAB PHONETICS: contribui\u00e7\u00f5es do uso do Praat para o ensino de pron\u00fancia em L\u00edngua Inglesa.&#8221; tab_id=&#8221;1656501511327-9610704e-aed2&#8243;][vc_column_text]\u00c1rea de abrang\u00eancia: Fonologia Interl\u00edngual; L\u00ednguas Estrangeiras Modernas, Fon\u00e9tica e Fonologia da L\u00edngua Inglesa aplicadas ao ensino. \u00c1rea tem\u00e1tica: Fon\u00e9tica e Fonologia P\u00fablico alvo: Alunos do curso de Letras da UEPB, professores de escolas p\u00fablicas de Guarabira-PB e de <a class=\"leiamais\" href=\"https:\/\/centros.uepb.edu.br\/ch\/extensao\/letras\/\">Leia Mais&#8230;<\/a><\/p>\n","protected":false},"author":25,"featured_media":0,"parent":50,"menu_order":0,"comment_status":"open","ping_status":"open","template":"","meta":{"jetpack_post_was_ever_published":false,"footnotes":""},"class_list":["post-2081","page","type-page","status-publish","hentry"],"jetpack_shortlink":"https:\/\/wp.me\/P4NR4N-xz","jetpack_sharing_enabled":true,"_links":{"self":[{"href":"https:\/\/centros.uepb.edu.br\/ch\/wp-json\/wp\/v2\/pages\/2081","targetHints":{"allow":["GET"]}}],"collection":[{"href":"https:\/\/centros.uepb.edu.br\/ch\/wp-json\/wp\/v2\/pages"}],"about":[{"href":"https:\/\/centros.uepb.edu.br\/ch\/wp-json\/wp\/v2\/types\/page"}],"author":[{"embeddable":true,"href":"https:\/\/centros.uepb.edu.br\/ch\/wp-json\/wp\/v2\/users\/25"}],"replies":[{"embeddable":true,"href":"https:\/\/centros.uepb.edu.br\/ch\/wp-json\/wp\/v2\/comments?post=2081"}],"version-history":[{"count":0,"href":"https:\/\/centros.uepb.edu.br\/ch\/wp-json\/wp\/v2\/pages\/2081\/revisions"}],"up":[{"embeddable":true,"href":"https:\/\/centros.uepb.edu.br\/ch\/wp-json\/wp\/v2\/pages\/50"}],"wp:attachment":[{"href":"https:\/\/centros.uepb.edu.br\/ch\/wp-json\/wp\/v2\/media?parent=2081"}],"curies":[{"name":"wp","href":"https:\/\/api.w.org\/{rel}","templated":true}]}}