{"id":2079,"date":"2014-06-05T19:01:37","date_gmt":"2014-06-05T19:01:37","guid":{"rendered":"\/ch\/?page_id=2079"},"modified":"2022-06-29T11:16:37","modified_gmt":"2022-06-29T11:16:37","slug":"historia","status":"publish","type":"page","link":"https:\/\/centros.uepb.edu.br\/ch\/extensao\/historia\/","title":{"rendered":"Hist\u00f3ria"},"content":{"rendered":"<div class=\"wpb-content-wrapper\"><p>[vc_row][vc_column][vc_tta_tour][vc_tta_section title=&#8221;Espa\u00e7o Social: vis\u00f5es e revis\u00f5es&#8221; tab_id=&#8221;1656501304420-9a46cb46-bfa3&#8243;][vc_column_text]<strong>T\u00edtulo<\/strong>: Espa\u00e7o Social: vis\u00f5es e revis\u00f5es<\/p>\n<p><strong>\u00c1rea de abrang\u00eancia<\/strong>: Ci\u00eancias Humanas<\/p>\n<p><strong>\u00c1rea tem\u00e1tica<\/strong>: Cultura<\/p>\n<p><strong>P\u00fablico alvo<\/strong>: Estudantes ou profissionais oriundos dos cursos de Hist\u00f3ria, Geografia, Letras e Direito<\/p>\n<p><strong>Dura\u00e7\u00e3o<\/strong>: 1 (um) ano<\/p>\n<p><strong>Coordenadores<\/strong>: Prof. Dr. Francisco Fagundes de Paiva Neto (Departamento de Hist\u00f3ria) e prof. Dr. Francisco F\u00e1bio Dantas da Costa (Departamento de Geografia)<\/p>\n<p><strong>Saiba mais<\/strong><\/p>\n<p>Coordenados por docentes do Centro de Humanidades, a proposta surgiu de di\u00e1logos entre um grupo interdisciplinar e interinstitucional de professores e pesquisadores. A ideia \u00e9 pensar a no\u00e7\u00e3o de espa\u00e7o a partir de conceitos e contribui\u00e7\u00f5es de intelectuais de v\u00e1rios campos do conhecimento.<br \/>\nSegundo o professor Francisco Fagundes, o objetivo do projeto \u00e9 situar a perspectiva do espa\u00e7o social em meio a identidades de diversos grupos, trazendo um enfoque plural das formas pelas quais os homens constituem e representam as sociedades, em micro ou macro escalas.<\/p>\n<p>O curso contar\u00e1 com aprecia\u00e7\u00f5es que norteiam as vis\u00f5es sobre a rela\u00e7\u00e3o entre o espa\u00e7o e mem\u00f3ria; a quest\u00e3o urbana na contemporaneidade; as identidades sociais em \u00e1reas rurais; os movimentos sociais e a constitui\u00e7\u00e3o de territorialidades; as quest\u00f5es inerentes \u00e0 geopol\u00edtica; as rela\u00e7\u00f5es homem\/natureza; literaturas, representa\u00e7\u00f5es e regionalismos; os aspectos referentes aos impactos inerentes ao desenvolvimento regional nos espa\u00e7os rurais; as quest\u00f5es relacionadas a constitui\u00e7\u00e3o das identidades nacionais e as vis\u00f5es de internacionalismo; al\u00e9m dos usos do ciberespa\u00e7o na manuten\u00e7\u00e3o das identidades culturais dos povos pr\u00e9-colombianos.<\/p>\n<p>Tais reflex\u00f5es possibilitar\u00e3o, aos discentes, a produ\u00e7\u00e3o de diversificados projetos de pesquisa, referentes a trabalhos de conclus\u00e3o de curso ou a propostas de pesquisa para programas de p\u00f3s-gradua\u00e7\u00e3o. Cada participante, ao fim das atividades, ter\u00e1 que elaborar um artigo relacionado a um dos temas abordados pelos m\u00f3dulos apresentados. O material poder\u00e1 ser reunido em um livro.<\/p>\n<p>O projeto conta com 12 m\u00f3dulos e tem a colabora\u00e7\u00e3o de professores de tr\u00eas cursos do Centro de Humanidades (Hist\u00f3ria, Geografia e Letras), al\u00e9m da participa\u00e7\u00e3o de um pesquisador da Universidade Federal de Campina Grande (UFCG).<\/p>\n<p><strong>Cronograma<\/strong><\/p>\n<table>\n<tbody>\n<tr>\n<td><strong>M\u00f3dulos<\/strong><\/td>\n<td><strong>Professor respons\u00e1vel<\/strong><\/td>\n<td><strong>Carga hor\u00e1ria<\/strong><\/td>\n<td><strong>Data<\/strong><\/td>\n<\/tr>\n<tr>\n<td>M\u00f3dulo I \u2013 espa\u00e7os sociais, identidades e mem\u00f3rias<\/td>\n<td>Dr. Francisco Fagundes de Paiva Neto (Hist\u00f3ria\/UEPB)<\/td>\n<td>15h<\/td>\n<td><strong>\u00a0<\/strong><\/td>\n<\/tr>\n<tr>\n<td>M\u00f3dulo 2 \u2013 Um olhar sobre o espa\u00e7o urbano<\/td>\n<td>Dr. Francisco F\u00e1bio Dantas da Costa (Geografia\/UEPB)<\/td>\n<td>15h<\/td>\n<td><strong>\u00a0<\/strong><\/td>\n<\/tr>\n<tr>\n<td>M\u00f3dulo 3 \u2013 A quest\u00e3o agr\u00e1ria e os movimentos sociais no campo<\/td>\n<td>Dr. Edvaldo Carlos de Lima (Geografia\/UEPB)<\/td>\n<td>15h<\/td>\n<td><strong>\u00a0<\/strong><\/td>\n<\/tr>\n<tr>\n<td>M\u00f3dulo 4 \u2013 Discursos liter\u00e1rios sobre o urbano<\/td>\n<td>Dr. Juarez Nogueira Lins (Letras\/UEPB)<\/td>\n<td>15h<\/td>\n<td><strong>\u00a0<\/strong><\/td>\n<\/tr>\n<tr>\n<td>M\u00f3dulo 5 \u2013 A evolu\u00e7\u00e3o Hist\u00f3rica da terra<\/td>\n<td>Dr. Lanusse Salim Rocha Tuma (Geografia\/UEPB)<\/td>\n<td>15h<\/td>\n<td><strong>\u00a0<\/strong><\/td>\n<\/tr>\n<tr>\n<td valign=\"top\">M\u00f3dulo 6 \u2013 Assentamentos rurais, processos sociais e rela\u00e7\u00f5es de poder<\/td>\n<td valign=\"top\">Ms. Vilson Cesar Schenato; (Doutorando em Ci\u00eancias Sociais\/UFCG)<\/td>\n<td valign=\"top\">15 h<\/td>\n<td valign=\"top\"><\/td>\n<\/tr>\n<\/tbody>\n<\/table>\n<p>[\/vc_column_text][\/vc_tta_section][vc_tta_section title=&#8221;Coisas de negros(as), Coisas de brasileiros(as) &#8211; Extens\u00e3o&#8221; tab_id=&#8221;1656501304433-e13a85ab-64a7&#8243;][vc_column_text]<strong>\u00c1rea de abrang\u00eancia<\/strong>: Educa\u00e7\u00e3o e Forma\u00e7\u00e3o Docente<\/p>\n<p><strong>\u00c1rea tem\u00e1tica<\/strong>: Hist\u00f3ria e Educa\u00e7\u00e3o \u00c9tnicorracial<\/p>\n<p><strong>Linha de pesquisa<\/strong>: Hist\u00f3ria Cultural<\/p>\n<p><strong>P\u00fablico alvo<\/strong>: Professores (as) e estudantes da Educa\u00e7\u00e3o B\u00e1sica, estudantes de Hist\u00f3ria.<\/p>\n<p><strong>Dura\u00e7\u00e3o<\/strong>: agosto de 2012 a agosto de 2013<\/p>\n<p><strong>Coordenador<\/strong>: Prof. Waldeci Ferreira Chagas<\/p>\n<p><strong>Sobre o projeto<\/strong><\/p>\n<p>O projeto consiste em envolver estudantes da gradua\u00e7\u00e3o em Hist\u00f3ria em atividades pedag\u00f3gicas junto aos (as) professores (as) da educa\u00e7\u00e3o b\u00e1sica, de modo que juntos construam e execute atividades que os possibilitem desconstru\u00edrem as \u201cimagens\u201d negativas acerca das pr\u00e1ticas culturais das pessoas negras, de modo a tornar a sala de aula e a escola espa\u00e7os pluricultural, portanto, de inclus\u00e3o e respeito a diversidade \u00e9tnicorracial que a caracteriza.<\/p>\n<p><strong>Objetivos do Projeto<\/strong>:<\/p>\n<ul>\n<li>Capacitar os (as) professores (as) da educa\u00e7\u00e3o b\u00e1sica a reconhecerem as pessoas negras como sujeitos da sua hist\u00f3ria, e respeitar suas pr\u00e1ticas culturais, formas de pensar, conceber a realidade e jeito de ser;<\/li>\n<li>Assessorar professores (as) da educa\u00e7\u00e3o b\u00e1sica a reorganizar o sistema pedag\u00f3gico escolar, de modo a incluir no Projeto Pol\u00edtico Pedag\u00f3gico (PPP) a\u00e7\u00f5es de combate ao preconceito racial e a valoriza\u00e7\u00e3o das hist\u00f3rias e culturas das popula\u00e7\u00f5es negras;<\/li>\n<li>Habilitar os (as) professores (as) da educa\u00e7\u00e3o b\u00e1sica a realizar na sala de aula a\u00e7\u00f5es de enfrentamento e combate ao preconceito racial;<\/li>\n<li>Possibilitar professores (as) e estudantes da educa\u00e7\u00e3o b\u00e1sica conhecer a cultura local e regional e nela identificar as express\u00f5es e manifesta\u00e7\u00f5es das popula\u00e7\u00f5es negras;<\/li>\n<li>Desenvolver na escola atividades coletivas de car\u00e1ter cultural e pedag\u00f3gico com rela\u00e7\u00e3o \u00e0 hist\u00f3ria e cultura afro-brasileira e africana;<\/li>\n<li>Identificar e valorizar personalidades negras paraibanas presentes no contexto da hist\u00f3ria do Brasil.<\/li>\n<\/ul>\n<p><strong>Import\u00e2ncia para os participantes<\/strong><\/p>\n<p>Este projeto \u00e9 importante porque na sua pr\u00e1tica cotidiana o (a) professor (a) deve manter um fazer pedag\u00f3gico que atente para a diversidade \u00e9tnico-cultural da sociedade brasileira, facilitando a compreens\u00e3o da complexidade inerente \u00e0s rela\u00e7\u00f5es socioculturais entre as pessoas entendendo que estas t\u00eam comportamentos culturalmente diferentes. Essa compreens\u00e3o possibilitar\u00e1 uma conviv\u00eancia dentro e fora da sala de aula sem hierarquiza\u00e7\u00e3o e estigmatiza\u00e7\u00e3o interculturais, antes o ser\u00e1 com o exerc\u00edcio do respeito preceituado em instrumentos legais e requisitado por todas as pessoas.\u00a0 Dessa forma a educa\u00e7\u00e3o cumprir\u00e1 a sua miss\u00e3o em contribuir para a constru\u00e7\u00e3o de mentalidades sociais humanistas uma vez que a sua fun\u00e7\u00e3o n\u00e3o \u00e9 negar os conflitos e os diferentes, mas auxiliar o estudante a analisar e perceber-se e desenvolver a auto e a alter percep\u00e7\u00e3o, pois ambos s\u00e3o parceiros indissoci\u00e1veis do processo hist\u00f3rico.<\/p>\n<p><strong>Cronograma<\/strong><\/p>\n<table>\n<tbody>\n<tr>\n<td><strong>M\u00f3dulos<\/strong><\/td>\n<td><strong>Professor respons\u00e1vel<\/strong><\/td>\n<td>\n<p align=\"center\"><strong>Carga hor\u00e1ria<\/strong><\/p>\n<\/td>\n<td>\n<p align=\"center\"><strong>Data<\/strong><\/p>\n<p><strong>2012\/2013<\/strong><\/td>\n<\/tr>\n<tr>\n<td>Encontros Afro-pedag\u00f3gicos<\/td>\n<td>Waldeci Ferreira Chagas Beth\u00e2nia Maria de Lira e Ivonildes da Silva Fonseca<\/td>\n<td>\n<p align=\"center\">08 h\/a semanal<\/p>\n<\/td>\n<td>Agosto\/setembro<\/td>\n<\/tr>\n<tr>\n<td>Oficina de conta\u00e7\u00e3o de hist\u00f3rias<\/td>\n<td>Waldeci Ferreira Chagas<\/td>\n<td>\n<p align=\"center\">08 h\/a semanal<\/p>\n<\/td>\n<td>Outubro\/novembro<\/td>\n<\/tr>\n<tr>\n<td>Encontros Afro-pedag\u00f3gicos<\/td>\n<td>Waldeci Ferreira Chagas Beth\u00e2nia Maria de Lira e Ivonildes da Silva Fonseca<\/td>\n<td>\n<p align=\"center\">08 h\/a semanal<\/p>\n<\/td>\n<td>Dezembro<\/td>\n<\/tr>\n<tr>\n<td>Oficina de Poesia<\/td>\n<td>Waldeci Ferreira Chagas Beth\u00e2nia Maria de Lira e Ivonildes da Silva Fonseca<\/td>\n<td>\n<p align=\"center\">08 h\/a semanal<\/p>\n<\/td>\n<td>Fevereiro\/Mar\u00e7o<\/td>\n<\/tr>\n<tr>\n<td>Oficina de Teatro<\/td>\n<td>Waldeci Ferreira Chagas Beth\u00e2nia Maria de Lira e Ivonildes da Silva Fonseca<\/td>\n<td>\n<p align=\"center\">08 h\/a semanal<\/p>\n<\/td>\n<td>Abril\/maio<\/td>\n<\/tr>\n<tr>\n<td>Oficina de M\u00fasica<\/td>\n<td>Waldeci Ferreira Chagas Beth\u00e2nia Maria de Lira e Ivonildes da Silva Fonseca<\/td>\n<td>\n<p align=\"center\">08 h\/a semanal<\/p>\n<\/td>\n<td>Junho\/Julho<\/td>\n<\/tr>\n<tr>\n<td>Encontros Afro-pedag\u00f3gicos<\/td>\n<td>Waldeci Ferreira Chagas Beth\u00e2nia Maria de Lira e Ivonildes da Silva Fonseca<\/td>\n<td>\n<p align=\"center\">08 h\/a semanal<\/p>\n<\/td>\n<td>Agosto<\/td>\n<\/tr>\n<\/tbody>\n<\/table>\n<p>[\/vc_column_text][\/vc_tta_section][\/vc_tta_tour][\/vc_column][\/vc_row]<\/p>\n<\/div>","protected":false},"excerpt":{"rendered":"<p>[vc_row][vc_column][vc_tta_tour][vc_tta_section title=&#8221;Espa\u00e7o Social: vis\u00f5es e revis\u00f5es&#8221; tab_id=&#8221;1656501304420-9a46cb46-bfa3&#8243;][vc_column_text]T\u00edtulo: Espa\u00e7o Social: vis\u00f5es e revis\u00f5es \u00c1rea de abrang\u00eancia: Ci\u00eancias Humanas \u00c1rea tem\u00e1tica: Cultura P\u00fablico alvo: Estudantes ou profissionais oriundos dos cursos de Hist\u00f3ria, Geografia, Letras e Direito Dura\u00e7\u00e3o: 1 (um) ano Coordenadores: Prof. Dr. Francisco Fagundes de Paiva Neto (Departamento de Hist\u00f3ria) e prof. Dr. Francisco F\u00e1bio Dantas <a class=\"leiamais\" href=\"https:\/\/centros.uepb.edu.br\/ch\/extensao\/historia\/\">Leia Mais&#8230;<\/a><\/p>\n","protected":false},"author":25,"featured_media":0,"parent":50,"menu_order":0,"comment_status":"open","ping_status":"open","template":"","meta":{"jetpack_post_was_ever_published":false,"footnotes":""},"class_list":["post-2079","page","type-page","status-publish","hentry"],"jetpack_shortlink":"https:\/\/wp.me\/P4NR4N-xx","jetpack_sharing_enabled":true,"_links":{"self":[{"href":"https:\/\/centros.uepb.edu.br\/ch\/wp-json\/wp\/v2\/pages\/2079","targetHints":{"allow":["GET"]}}],"collection":[{"href":"https:\/\/centros.uepb.edu.br\/ch\/wp-json\/wp\/v2\/pages"}],"about":[{"href":"https:\/\/centros.uepb.edu.br\/ch\/wp-json\/wp\/v2\/types\/page"}],"author":[{"embeddable":true,"href":"https:\/\/centros.uepb.edu.br\/ch\/wp-json\/wp\/v2\/users\/25"}],"replies":[{"embeddable":true,"href":"https:\/\/centros.uepb.edu.br\/ch\/wp-json\/wp\/v2\/comments?post=2079"}],"version-history":[{"count":0,"href":"https:\/\/centros.uepb.edu.br\/ch\/wp-json\/wp\/v2\/pages\/2079\/revisions"}],"up":[{"embeddable":true,"href":"https:\/\/centros.uepb.edu.br\/ch\/wp-json\/wp\/v2\/pages\/50"}],"wp:attachment":[{"href":"https:\/\/centros.uepb.edu.br\/ch\/wp-json\/wp\/v2\/media?parent=2079"}],"curies":[{"name":"wp","href":"https:\/\/api.w.org\/{rel}","templated":true}]}}