{"id":2077,"date":"2014-06-05T19:00:58","date_gmt":"2014-06-05T19:00:58","guid":{"rendered":"\/ch\/?page_id=2077"},"modified":"2022-06-29T11:14:00","modified_gmt":"2022-06-29T11:14:00","slug":"geografia","status":"publish","type":"page","link":"https:\/\/centros.uepb.edu.br\/ch\/extensao\/geografia\/","title":{"rendered":"Geografia"},"content":{"rendered":"<div class=\"wpb-content-wrapper\"><p>[vc_row][vc_column][vc_tta_tour][vc_tta_section title=&#8221;Projeto X \u2013 O xadrez e a arte da guerra&#8221; tab_id=&#8221;1656500871561-3afda128-131a&#8221;][vc_column_text]<strong>\u00c1rea de abrang\u00eancia<\/strong>: Ci\u00eancias Humanas<\/p>\n<p><strong>\u00c1rea tem\u00e1tica<\/strong>: Cultura e Lazer<\/p>\n<p><strong>P\u00fablico alvo<\/strong>: Estudantes, professores, t\u00e9cnicos e visitantes<\/p>\n<p><strong>Dura\u00e7\u00e3o<\/strong>: Indeterminado<\/p>\n<p><strong>Coordenadores<\/strong>: Prof. Dr. Belarmino Mariano Neto<\/p>\n<p><strong>Saiba mais<\/strong>: Contando com tr\u00eas tabuleiros de xadrez (Tamanho oficial), o projeto tem a finalidade de promover o exerc\u00edcio do xadrez entre os estudantes do Centro de Humanidades e a comunidade em geral, como forma de incentivar o desenvolvimento do racioc\u00ednio l\u00f3gico e correlacionar o jogo com temas tais como: geopol\u00edtica, pol\u00edtica, estrat\u00e9gia, educa\u00e7\u00e3o, dentre outros. O projeto conta com o apoio da livraria P\u00e1gina 27, do Diret\u00f3rio Central dos Estudantes (DCE) e dos Centros Acad\u00eamicos.[\/vc_column_text][\/vc_tta_section][vc_tta_section title=&#8221;Educa\u00e7\u00e3o\/Conscientiza\u00e7\u00e3o ambiental em Alagoinha\/PB 2011-2012&#8243; tab_id=&#8221;1656500871573-ebedfecc-62cf&#8221;][vc_column_text]<strong>Coordenadores<\/strong>: Luciene Vieira de Arruda, Cle\u00f3ma Maria Toscano e Henriques Carlos Ant\u00f4nio Belarmino Alves[\/vc_column_text][\/vc_tta_section][vc_tta_section title=&#8221;Educa\u00e7\u00e3o\/Conscientiza\u00e7\u00e3o ambiental em Alagoinha\/PB 2012-2013&#8243; tab_id=&#8221;1656500971456-839daf22-4462&#8243;][vc_column_text]<strong>Coordenadores<\/strong>: Luciene Vieira de Arruda, Cle\u00f3ma Maria Toscano e Henriques Carlos Antonio Belarmino Alves[\/vc_column_text][\/vc_tta_section][vc_tta_section title=&#8221;Educa\u00e7\u00e3o ambiental nos consumos de \u00e1gua no dia a dia&#8221; tab_id=&#8221;1656500973305-e100db19-3176&#8243;][vc_column_text]<strong>Coordenador<\/strong>: Dr. Jos\u00e9 Jakson Amancio Alves[\/vc_column_text][\/vc_tta_section][vc_tta_section title=&#8221;Espa\u00e7o Social: identidades, mem\u00f3rias e culturas&#8221; tab_id=&#8221;1656501039190-f924aaa4-848a&#8221;][vc_column_text]<strong>Per\u00edodo de execu\u00e7\u00e3o:<\/strong> dezembro de 2015 a setembro de 2016<\/p>\n<p><strong>Carga Hor\u00e1ria:<\/strong> 180 horas<\/p>\n<p><strong>Coordenadores: <\/strong>Professores F\u00e1bio Dantas (Departamento de Geografia) e Francisco Fagundes (Departamento de Hist\u00f3ria)<\/p>\n<p><strong>Bolsista:<\/strong> Irineu Francisco de Sousa Neto (Geografia)<\/p>\n<p><strong>Professores colaboradores:<\/strong> Lanusse Salim Rocha Tuma, Sergerson Silvestre, Elaine Gurj\u00e3o de Oliveira, Thiago Leite Brand\u00e3o de Queiroz, Genivaldo Paulino Monteiro, Ivanildo da Costa Silva, P\u00e9ricles Alves Batista, Diego Wagner Paulino.<\/p>\n<p><strong>P\u00fablico alvo:<\/strong> alunos e profissionais das Ci\u00eancias Sociais<\/p>\n<p><strong>Saiba mais:<\/strong> A nossa proposta de extens\u00e3o partiu de di\u00e1logos realizados entre um grupo interdisciplinar e interinstitucional de professores e pesquisadores que est\u00e3o vinculados \u00e0s universidades e outras institui\u00e7\u00f5es no Estado da Para\u00edba. Esses profissionais que fazem reflex\u00f5es no campo da Hist\u00f3ria, Sociologia, Geografia, Pedagogia e Letras, demonstraram a possibilidade de fomentar discuss\u00f5es com o intuito de realizar um processo formativo junto aos egressos e acad\u00eamicos das institui\u00e7\u00f5es de ensino superior, oriundos dos cursos das Ci\u00eancias Humanas. O projeto objetiva estabelecer um enfoque plural das formas pelas quais os homens constituem e representam as sociedades, tanto nas suas rela\u00e7\u00f5es em micro, como em macro escalas. Destarte, vemos o car\u00e1ter desse empreendimento com o envolvimento e a colabora\u00e7\u00e3o de pesquisadores de v\u00e1rias \u00e1reas do conhecimento, cujas perspectivas permitem uma visualiza\u00e7\u00e3o por diversos \u00e2ngulos acerca da tem\u00e1tica em quest\u00e3o.<\/p>\n<p>Cadastrado na PROEX sob n\u00ba 2.37.01.15\/16-01, \u00c1rea de Cultura (Cota PROBEX 2015-2016).[\/vc_column_text][\/vc_tta_section][vc_tta_section title=&#8221;Educa\u00e7\u00e3o ambiental e medidas de preven\u00e7\u00e3o em \u00e1reas vulner\u00e1veis a desastres naturais&#8221; tab_id=&#8221;1656501100377-e2d1774f-ea5b&#8221;][vc_column_text]<strong>\u00c1rea Tem\u00e1tica<\/strong>: Meio Ambiente<\/p>\n<p><strong>\u00c1rea de Abrang\u00eancia:<\/strong> Geografia F\u00edsica<\/p>\n<p><strong>P\u00fablico Alvo:<\/strong> Comunidades carentes situadas em \u00e1reas de risco da Cidade de Guarabira-PB<\/p>\n<p><strong>Dura\u00e7\u00e3o: <\/strong>12 meses<\/p>\n<p><strong>Coordenador: <\/strong>Dr.\u00a0Lanusse Salim Rocha Tuma (Edital PROAPEX Cota 2015\/2016)<\/p>\n<p><strong>Objetivos:<\/strong><\/p>\n<p>O principal objetivo deste programa de extens\u00e3o \u00e9 fornecer uma forma\u00e7\u00e3o human\u00edstica e sist\u00eamica que habilite os(as) estudantes a intervir em comunidades carentes situadas em terrenos propensos a processos catastr\u00f3ficos (enchentes, desmoronamentos de rochas, solos inst\u00e1veis, corrida de detritos etc), potencializados muitas vezes pelas a\u00e7\u00f5es antr\u00f3picas sobre o meio f\u00edsico (solo, rocha, relevo e \u00e1gua) ao longo do tempo, bem como estejam engajados nos contextos da sustentabilidade e do bem estar social visando a redu\u00e7\u00e3o dos danos materiais e de vidas humanas.<br \/>\n[\/vc_column_text][\/vc_tta_section][vc_tta_section title=&#8221;Identidades Brasileiras e Cinema&#8221; tab_id=&#8221;1656501132888-64b17dcd-6b8f&#8221;][vc_column_text]<strong>Per\u00edodo de execu\u00e7\u00e3o:<\/strong> dezembro de 2015 a setembro de 2016<\/p>\n<p><strong>Carga Hor\u00e1ria:<\/strong> 100 horas<\/p>\n<p><strong>Coordenadores: <\/strong>Professores Francisco Fagundes (Departamento de Hist\u00f3ria) e F\u00e1bio Dantas (Departamento de Geografia)<\/p>\n<p><strong>Bolsista:<\/strong> Hugo de Oliveira Silva (Hist\u00f3ria)<\/p>\n<p><strong>Professores colaboradores:<\/strong> Lanusse Salim Rocha Tuma, Michelly Pereira de Souza Cord\u00e3o, Ivanildo da Costa Silva.<\/p>\n<p><strong>P\u00fablico alvo:<\/strong> alunos e profissionais das Ci\u00eancias Sociais<\/p>\n<p><strong>Resumo:<\/strong> O projeto \u00e9 uma atividade de extens\u00e3o que se aproxima da proposta de um cineclube, onde ser\u00e3o realizadas sess\u00f5es de cinema e debates sobre produ\u00e7\u00f5es audiovisuais em suas mais variadas tem\u00e1ticas, objetivando o enriquecimento cultural e cr\u00edtico a partir de um di\u00e1logo com os pesquisadores das Ci\u00eancias Sociais e o p\u00fablico envolvido. Os filmes e document\u00e1rios ser\u00e3o apresentados de acordo com o p\u00fablico, nos audit\u00f3rios do Campus III ou em outros, conforme as rela\u00e7\u00f5es de parcerias, e tais apresenta\u00e7\u00f5es, seguidas de debates, ser\u00e3o divididas em ciclos tem\u00e1ticos que t\u00eam rela\u00e7\u00e3o com o espa\u00e7o social brasileiro, considerando as suas ramifica\u00e7\u00f5es com a Hist\u00f3ria, a Sociologia, a Geografia, a Literatura, a Pedagogia, o Direito, dentre outros.<\/p>\n<p>Cadastrado na PROEX sob n\u00ba 2.37.01.15\/16-02, \u00c1rea de Cultura (Cota PROBEX 2015-2016).[\/vc_column_text][\/vc_tta_section][vc_tta_section title=&#8221;Ferramentas (livres) para elabora\u00e7\u00e3o de mapas&#8221; tab_id=&#8221;1656501167039-7cee725c-f4b5&#8243;][vc_column_text]<strong>\u00c1rea de abrang\u00eancia:<\/strong> GEOGRAFIA<\/p>\n<p><strong>\u00c1rea tem\u00e1tica:<\/strong> SOFTWARE LIVRE E CARTOGRAFIA<\/p>\n<p><strong>P\u00fablico alvo:<\/strong> ALUNOS DE GEOGRAFIA<\/p>\n<p><strong>Dura\u00e7\u00e3o:<\/strong> 50 horas<\/p>\n<p><strong>Coordenador:<\/strong> Wolhfagon Costa de Araujo<\/p>\n<p><strong>Saiba mais:<\/strong> (CURSO DE EXTENS\u00c3O)Trata, especialmente, de disseminar, discutir e explorar o software livre no \u00e2mbito do curso de geografia e as ferramentas (livres) para elabora\u00e7\u00e3o de mapas e outros instrumentos did\u00e1tico-cient\u00edficos.[\/vc_column_text][\/vc_tta_section][vc_tta_section title=&#8221;Programas (livres) para estat\u00edstica&#8221; tab_id=&#8221;1656501202951-f2727c78-8932&#8243;][vc_column_text]<strong>\u00c1rea de abrang\u00eancia:<\/strong> GEOGRAFIA<\/p>\n<p><strong>\u00c1rea tem\u00e1tica:<\/strong> SOFTWARE LIVRE E ESTAT\u00cdSTICA<\/p>\n<p><strong>P\u00fablico alvo:<\/strong> ALUNOS DE GEOGRAFIA<\/p>\n<p><strong>Dura\u00e7\u00e3o:<\/strong> 50 horas<\/p>\n<p><strong>Coordenador:<\/strong> Wolhfagon Costa de Araujo<\/p>\n<p><strong>Saiba mais: <\/strong>(Curso de extens\u00e3o) Trata, especialmente, de disseminar, discutir e explorar o software livre no \u00e2mbito do curso de geografia e os programas (livres) para estat\u00edstica e outros instrumentos did\u00e1tico-cient\u00edficos.[\/vc_column_text][\/vc_tta_section][\/vc_tta_tour][\/vc_column][\/vc_row]<\/p>\n<\/div>","protected":false},"excerpt":{"rendered":"<p>[vc_row][vc_column][vc_tta_tour][vc_tta_section title=&#8221;Projeto X \u2013 O xadrez e a arte da guerra&#8221; tab_id=&#8221;1656500871561-3afda128-131a&#8221;][vc_column_text]\u00c1rea de abrang\u00eancia: Ci\u00eancias Humanas \u00c1rea tem\u00e1tica: Cultura e Lazer P\u00fablico alvo: Estudantes, professores, t\u00e9cnicos e visitantes Dura\u00e7\u00e3o: Indeterminado Coordenadores: Prof. Dr. Belarmino Mariano Neto Saiba mais: Contando com tr\u00eas tabuleiros de xadrez (Tamanho oficial), o projeto tem a finalidade de promover o exerc\u00edcio <a class=\"leiamais\" href=\"https:\/\/centros.uepb.edu.br\/ch\/extensao\/geografia\/\">Leia Mais&#8230;<\/a><\/p>\n","protected":false},"author":25,"featured_media":0,"parent":50,"menu_order":0,"comment_status":"open","ping_status":"open","template":"","meta":{"footnotes":""},"class_list":["post-2077","page","type-page","status-publish","hentry"],"jetpack_shortlink":"https:\/\/wp.me\/P4NR4N-xv","jetpack_sharing_enabled":true,"_links":{"self":[{"href":"https:\/\/centros.uepb.edu.br\/ch\/wp-json\/wp\/v2\/pages\/2077","targetHints":{"allow":["GET"]}}],"collection":[{"href":"https:\/\/centros.uepb.edu.br\/ch\/wp-json\/wp\/v2\/pages"}],"about":[{"href":"https:\/\/centros.uepb.edu.br\/ch\/wp-json\/wp\/v2\/types\/page"}],"author":[{"embeddable":true,"href":"https:\/\/centros.uepb.edu.br\/ch\/wp-json\/wp\/v2\/users\/25"}],"replies":[{"embeddable":true,"href":"https:\/\/centros.uepb.edu.br\/ch\/wp-json\/wp\/v2\/comments?post=2077"}],"version-history":[{"count":0,"href":"https:\/\/centros.uepb.edu.br\/ch\/wp-json\/wp\/v2\/pages\/2077\/revisions"}],"up":[{"embeddable":true,"href":"https:\/\/centros.uepb.edu.br\/ch\/wp-json\/wp\/v2\/pages\/50"}],"wp:attachment":[{"href":"https:\/\/centros.uepb.edu.br\/ch\/wp-json\/wp\/v2\/media?parent=2077"}],"curies":[{"name":"wp","href":"https:\/\/api.w.org\/{rel}","templated":true}]}}