{"id":2068,"date":"2014-06-05T18:56:54","date_gmt":"2014-06-05T18:56:54","guid":{"rendered":"\/ch\/?page_id=2068"},"modified":"2022-06-29T14:47:09","modified_gmt":"2022-06-29T14:47:09","slug":"pedagogia","status":"publish","type":"page","link":"https:\/\/centros.uepb.edu.br\/ch\/pesquisa\/pedagogia\/","title":{"rendered":"Pedagogia"},"content":{"rendered":"<div class=\"wpb-content-wrapper\"><p>[vc_row][vc_column][vc_tta_accordion active_section=&#8221;100000&#8243; collapsible_all=&#8221;true&#8221;][vc_tta_section title=&#8221;A representa\u00e7\u00e3o da tradi\u00e7\u00e3o do Catimb\u00f3-Jurema no cancioneiro de Jackson do Pandeiro: contribui\u00e7\u00e3o para conte\u00fados educacionais das  leis 10.639\/03 e 11.645\/08&#8243; tab_id=&#8221;1656513927452-320dd96f-80e7&#8243;][vc_column_text]<strong>\u00c1rea de abrang\u00eancia<\/strong>: Educa\u00e7\u00e3o e diversidade cultural<\/p>\n<p><strong>\u00c1rea tem\u00e1tica<\/strong>: Diversidade religiosa<\/p>\n<p><strong>Linha de pesquisa<\/strong>: Representa\u00e7\u00f5es afro-brasileiras<\/p>\n<p><strong>P\u00fablico alvo<\/strong>: Bolsista Daniel de Oliveira<\/p>\n<p><strong>Dura\u00e7\u00e3o<\/strong>: at\u00e9 2012<\/p>\n<p><strong>Coordenadora<\/strong>: Ivonildes da Silva Fonseca<\/p>\n<p><strong>Sobre o projeto<\/strong><\/p>\n<p>A pesquisa busca analisar nas letras de m\u00fasicas interpretadas por Jackson do Pandeiro a representa\u00e7\u00e3o da tradi\u00e7\u00e3o do Catimb\u00f3-Jurema tendo por objetivos espec\u00edficos:<\/p>\n<ul>\n<li>Contextualizar historicamente a tradi\u00e7\u00e3o do Catimb\u00f3-Jurema no campo religioso afro-ind\u00edgena paraibano;<\/li>\n<li>Discutir a reconfigura\u00e7\u00e3o do Catimb\u00f3-Jurema a partir da oficializa\u00e7\u00e3o da Umbanda na Para\u00edba;<\/li>\n<li>Identificar as perspectivas te\u00f3ricas dos autores que contemplam o Catimb\u00f3-Jurema.<\/li>\n<\/ul>\n<p>[\/vc_column_text][\/vc_tta_section][vc_tta_section title=&#8221;Flora, Sebastiana, a mulher do An\u00edbal e a mulher que virou homem: discutindo identidades de g\u00eaneros no cancioneiro de Jackson do Pandeiro.&#8221; tab_id=&#8221;1656513927462-120ae3b9-616d&#8221;][vc_column_text]<strong>\u00c1rea de abrang\u00eancia<\/strong>: Educa\u00e7\u00e3o<\/p>\n<p><strong>\u00c1rea tem\u00e1tica<\/strong>: Educa\u00e7\u00e3o e G\u00eanero<\/p>\n<p><strong>Linha de pesquisa<\/strong>: Educa\u00e7\u00e3o e G\u00eanero<\/p>\n<p><strong>P\u00fablico alvo<\/strong>: Bolsista Roberta da Concei\u00e7\u00e3o<\/p>\n<p><strong>Dura\u00e7\u00e3o<\/strong>: at\u00e9 2013<\/p>\n<p><strong>Coordenadora<\/strong>: Ivonildes da Silva Fonseca<\/p>\n<p><strong>Sobre o projeto<\/strong><\/p>\n<p>O objetivo geral, da presente pesquisa, \u00e9 promover uma an\u00e1lise sobre as representa\u00e7\u00f5es\u00a0 das identidades de g\u00eanero a partir das letras de m\u00fasicas interpretadas por Jackson do Pandeiro.<br \/>\nEm rela\u00e7\u00e3o aos objetivos espec\u00edficos, destacam-se cinco:<\/p>\n<ul>\n<li>Discutir g\u00eanero enquanto conceito socialmente constru\u00eddo;<\/li>\n<li>Conhecer a biografia de Jackson do Pandeiro;<\/li>\n<li>Caracterizar os pap\u00e9is socialmente constru\u00eddos figurados nas letras das m\u00fasicas;<\/li>\n<li>Categorizar as identidades de g\u00eanero representadas nas letras das m\u00fasicas;<\/li>\n<li>Contextualizar historicamente as identidades notificadas nas letras das m\u00fasicas.<\/li>\n<\/ul>\n<p>[\/vc_column_text][\/vc_tta_section][\/vc_tta_accordion][\/vc_column][\/vc_row]<\/p>\n<\/div>","protected":false},"excerpt":{"rendered":"<p>[vc_row][vc_column][vc_tta_accordion active_section=&#8221;100000&#8243; collapsible_all=&#8221;true&#8221;][vc_tta_section title=&#8221;A representa\u00e7\u00e3o da tradi\u00e7\u00e3o do Catimb\u00f3-Jurema no cancioneiro de Jackson do Pandeiro: contribui\u00e7\u00e3o para conte\u00fados educacionais das leis 10.639\/03 e 11.645\/08&#8243; tab_id=&#8221;1656513927452-320dd96f-80e7&#8243;][vc_column_text]\u00c1rea de abrang\u00eancia: Educa\u00e7\u00e3o e diversidade cultural \u00c1rea tem\u00e1tica: Diversidade religiosa Linha de pesquisa: Representa\u00e7\u00f5es afro-brasileiras P\u00fablico alvo: Bolsista Daniel de Oliveira Dura\u00e7\u00e3o: at\u00e9 2012 Coordenadora: Ivonildes da Silva Fonseca Sobre <a class=\"leiamais\" href=\"https:\/\/centros.uepb.edu.br\/ch\/pesquisa\/pedagogia\/\">Leia Mais&#8230;<\/a><\/p>\n","protected":false},"author":25,"featured_media":0,"parent":149,"menu_order":0,"comment_status":"open","ping_status":"open","template":"","meta":{"jetpack_post_was_ever_published":false,"footnotes":""},"class_list":["post-2068","page","type-page","status-publish","hentry"],"jetpack_shortlink":"https:\/\/wp.me\/P4NR4N-xm","jetpack_sharing_enabled":true,"_links":{"self":[{"href":"https:\/\/centros.uepb.edu.br\/ch\/wp-json\/wp\/v2\/pages\/2068","targetHints":{"allow":["GET"]}}],"collection":[{"href":"https:\/\/centros.uepb.edu.br\/ch\/wp-json\/wp\/v2\/pages"}],"about":[{"href":"https:\/\/centros.uepb.edu.br\/ch\/wp-json\/wp\/v2\/types\/page"}],"author":[{"embeddable":true,"href":"https:\/\/centros.uepb.edu.br\/ch\/wp-json\/wp\/v2\/users\/25"}],"replies":[{"embeddable":true,"href":"https:\/\/centros.uepb.edu.br\/ch\/wp-json\/wp\/v2\/comments?post=2068"}],"version-history":[{"count":0,"href":"https:\/\/centros.uepb.edu.br\/ch\/wp-json\/wp\/v2\/pages\/2068\/revisions"}],"up":[{"embeddable":true,"href":"https:\/\/centros.uepb.edu.br\/ch\/wp-json\/wp\/v2\/pages\/149"}],"wp:attachment":[{"href":"https:\/\/centros.uepb.edu.br\/ch\/wp-json\/wp\/v2\/media?parent=2068"}],"curies":[{"name":"wp","href":"https:\/\/api.w.org\/{rel}","templated":true}]}}