{"id":2066,"date":"2014-06-05T18:56:19","date_gmt":"2014-06-05T18:56:19","guid":{"rendered":"\/ch\/?page_id=2066"},"modified":"2022-06-29T14:42:55","modified_gmt":"2022-06-29T14:42:55","slug":"historia","status":"publish","type":"page","link":"https:\/\/centros.uepb.edu.br\/ch\/pesquisa\/historia\/","title":{"rendered":"Hist\u00f3ria"},"content":{"rendered":"<div class=\"wpb-content-wrapper\"><p>[vc_row][vc_column][vc_column_text][\/vc_column_text][vc_tta_accordion active_section=&#8221;1000&#8243; collapsible_all=&#8221;true&#8221;][vc_tta_section title=&#8221;Estudo da Itacoatiara Meia-cana no agreste da Para\u00edba: a busca de subs\u00eddios para reivindicarmos uma sub-tradi\u00e7\u00e3o de itacoatiaras na Para\u00edba, denominada de ING\u00c1&#8221; tab_id=&#8221;1656513575772-ccf35177-8900&#8243;][vc_column_text]<strong>\u00c1rea de abrang\u00eancia<\/strong>: 54 munic\u00edpios da Para\u00edba, tendo como epicentro das pesquisas a Itacoatiara do Ing\u00e1<\/p>\n<p><strong>\u00c1rea tem\u00e1tica<\/strong>: Ci\u00eancias Humanas<\/p>\n<p><strong>Linha de pesquisa<\/strong>: Arqueologia Pr\u00e9-Hist\u00f3rica<\/p>\n<p><strong>P\u00fablico alvo<\/strong>: Comunidades locais e cient\u00edfica<\/p>\n<p><strong>Dura\u00e7\u00e3o<\/strong>: Inicialmente, previsto para dois anos<\/p>\n<p><strong>Coordenador<\/strong>: Prof. P\u00f3s-Dr. Juvandi de Souza Santos<\/p>\n<p><strong>Sobre o projeto<\/strong>:<\/p>\n<p>Adquirir dados e conhecimentos acerca da tem\u00e1tica em tela para sugerirmos a exist\u00eancia de uma sub-tradi\u00e7\u00e3o de Itacoatiara na Para\u00edba, a partir da Itacoatiara do Ing\u00e1.<\/p>\n<p><strong>Cronograma<\/strong><\/p>\n<table>\n<tbody>\n<tr>\n<td><strong>M\u00f3dulos<\/strong><\/td>\n<td><strong>Professor respons\u00e1vel<\/strong><\/td>\n<td><strong>Carga hor\u00e1ria<\/strong><\/td>\n<td><strong>Data<\/strong><\/td>\n<\/tr>\n<tr>\n<td>1. ano<\/td>\n<td>Juvandi de S. Santos<\/td>\n<td>300<\/td>\n<td><strong>2012<\/strong><\/td>\n<\/tr>\n<tr>\n<td>2. ano<\/td>\n<td>Juvandi de S. Santos<\/td>\n<td>300<\/td>\n<td><strong>2013<\/strong><\/td>\n<\/tr>\n<\/tbody>\n<\/table>\n<p>[\/vc_column_text][\/vc_tta_section][vc_tta_section title=&#8221;Miss\u00f5es Ib\u00e9ricas Religiosas na Capitania Real da Para\u00edba&#8221; tab_id=&#8221;1656513575782-aff93d85-4f82&#8243;][vc_column_text][wptabtitle]Miss\u00f5es Ib\u00e9ricas Religiosas na Capitania Real da Para\u00edba[\/wptabtitle]<br \/>\n[wptabcontent]<\/p>\n<p><strong>\u00c1rea de abrang\u00eancia<\/strong>: V\u00e1rios munic\u00edpios da Para\u00edba que tiveram durante o per\u00edodo colonial aldeamentos ind\u00edgenas religiosos. At\u00e9 o momento j\u00e1 foram detectados 18.<\/p>\n<p><strong>\u00c1rea tem\u00e1tica<\/strong>: Ci\u00eancias Humanas<\/p>\n<p><strong>Linha de pesquisa<\/strong>: Arqueologia Hist\u00f3rica<\/p>\n<p><strong>P\u00fablico alvo<\/strong>: Comunidades e cient\u00edfico<\/p>\n<p><strong>Dura\u00e7\u00e3o<\/strong>: Inicialmente dois anos<\/p>\n<p><strong>Coordenador<\/strong>: Prof. P\u00f3s-Dr. Juvandi de S. Santos<\/p>\n<p><strong>Sobre o projeto<\/strong>:<\/p>\n<p>Identificar e conhecer os antigos aldeamentos religiosos ind\u00edgenas da Para\u00edba colonial; Identificar as ordens missioneiras da Para\u00edba Colonial; Entender, atrav\u00e9s de atividades arqueol\u00f3gicas, se os ind\u00edgenas missionados reagiram ou n\u00e3o a interven\u00e7\u00e3o da Igreja Cat\u00f3lica em seu cotidiano.<\/p>\n<p><strong>Cronograma<\/strong><\/p>\n<table>\n<tbody>\n<tr>\n<td><strong>M\u00f3dulos<\/strong><\/td>\n<td><strong>Professor respons\u00e1vel<\/strong><\/td>\n<td><strong>Carga hor\u00e1ria<\/strong><\/td>\n<td><strong>Data<\/strong><\/td>\n<\/tr>\n<tr>\n<td>1. ano (pesquisas liter\u00e1rias e de campo)<\/td>\n<td>Juvandi de S. santos<\/td>\n<td>300<\/td>\n<td><strong>2013<\/strong><\/td>\n<\/tr>\n<tr>\n<td>2. Atividades arqueol\u00f3gicas e pesquisas na Italia, Espanha e Portugal<\/td>\n<td>Juvandi de S. Santos<\/td>\n<td>400<\/td>\n<td><strong>2014<\/strong><\/td>\n<\/tr>\n<\/tbody>\n<\/table>\n<p>[\/vc_column_text][\/vc_tta_section][vc_tta_section title=&#8221;Megafauna Pleistoc\u00eanica na Para\u00edba pr\u00e9-hist\u00f3rica&#8221; tab_id=&#8221;1656513648430-0553d648-7a38&#8243;][vc_column_text]strong&gt;\u00c1rea de abrang\u00eancia: V\u00e1rios munic\u00edpios da Para\u00edba<\/p>\n<p><strong>\u00c1rea tem\u00e1tica<\/strong>: Ci\u00eancias Humanas e da Natureza<\/p>\n<p><strong>Linha de pesquisa<\/strong>: Paleontologia\/Arqueologia\/Espeleologia<\/p>\n<p><strong>P\u00fablico alvo<\/strong>: P\u00fablico local e cient\u00edfico<\/p>\n<p><strong>Dura\u00e7\u00e3o<\/strong>: Sem tempo definido<\/p>\n<p><strong>Coordenador<\/strong>: Prof. P\u00f3s-Dr. Juvandi de S. Santos<\/p>\n<p><strong>Sobre o projeto<\/strong>:<\/p>\n<p>Identificar em quais munic\u00edpio da Para\u00edba existem f\u00f3sseis da megafauna Pleistoc\u00eanica; Identificar quais as esp\u00e9cies f\u00f3sseis da megafauna encontrada na Para\u00edba.<\/p>\n<p><strong>Cronograma<\/strong><\/p>\n<table border=\"1\" width=\"551\" cellspacing=\"0\" cellpadding=\"0\">\n<tbody>\n<tr>\n<td><strong>M\u00f3dulos<\/strong><\/td>\n<td><strong>Professor respons\u00e1vel<\/strong><\/td>\n<td><strong>Carga hor\u00e1ria<\/strong><\/td>\n<td><strong>Data<\/strong><\/td>\n<\/tr>\n<tr>\n<td>Pesquisas liter\u00e1rias<\/td>\n<td>Juvandi de S. Santos<\/td>\n<td>300<\/td>\n<td><strong>2013<\/strong><\/td>\n<\/tr>\n<tr>\n<td>Pesquisas de campo\/laboratorial<\/td>\n<td>Juvandi de S. Santos<\/td>\n<td>300 (anual<\/td>\n<td><strong>2014<\/strong><\/td>\n<\/tr>\n<tr>\n<td>Pesquisas de campo\/laboratorial<\/td>\n<td>Juvandi de S. Santos<\/td>\n<td>300<\/td>\n<td><strong>2015<\/strong><\/td>\n<\/tr>\n<\/tbody>\n<\/table>\n<p>[\/vc_column_text][\/vc_tta_section][vc_tta_section title=&#8221;Hist\u00f3rias de Mulheres Negras Paraibanas: a constru\u00e7\u00e3o da identidade negra e afirma\u00e7\u00e3o da cidadania&#8221; tab_id=&#8221;1656513684748-f6d1e991-3002&#8243;][vc_column_text]<strong>\u00c1rea de abrang\u00eancia<\/strong>: Hist\u00f3ria<\/p>\n<p><strong>\u00c1rea tem\u00e1tica<\/strong>: Hist\u00f3ria, Cultura Afro-brasileira e G\u00eanero<\/p>\n<p><strong>Linha de pesquisa<\/strong>: Hist\u00f3ria Cultural<\/p>\n<p><strong>P\u00fablico alvo<\/strong>: Estudantes de Hist\u00f3ria e Mulheres Negras<\/p>\n<p><strong>Dura\u00e7\u00e3o<\/strong>: agosto de 2012 a agosto de 2013<\/p>\n<p><strong>Coordenador<\/strong>: Prof. Waldeci Ferreira Chagas<\/p>\n<p><strong>Sobre o projeto<\/strong>:<\/p>\n<p>Com a liberta\u00e7\u00e3o das pessoas negras escravizadas teve inicio o processo de embranquecimento da sociedade brasileira, visto que estas pessoas que sustentaram a economia brasileira por mais de trezentos anos como trabalhadores (as) em regime de escravid\u00e3o foram lan\u00e7adas \u00e0 pr\u00f3pria sorte, libertas passaram a viver as pr\u00f3prias expensas. Mas, o Estado e os ex-propriet\u00e1rios n\u00e3o lhes indenizaram pelos anos de trabalho escravizado. Desta feita, pensar o lugar da gente negra, sobretudo, das mulheres no Brasil do s\u00e9culo XX, principalmente na Para\u00edba \u00e9 relevante, visto ser uma possibilidade de desvendar os caminhos que elas perfizeram para afirmarem-se cidad\u00e3s brasileiras, ainda que o racismo tenha se mantido ao longo da sociedade moderna, e nela n\u00e3o tenha havido nenhuma pol\u00edtica p\u00fablica que garantisse as pessoas negras inserir-se na sociedade. No entanto, algumas mulheres se inclu\u00edram, pois se profissionalizaram, sobretudo, se intelectualizaram nos espa\u00e7os consagrados como sendo das elites, a exemplo das universidades p\u00fablicas. Essas personagens duplamente discriminadas, pois carregam a hist\u00f3rica desvantagem social em rela\u00e7\u00e3o ao homem branco e homem negro, mais tamb\u00e9m em rela\u00e7\u00e3o \u00e0 mulher branca, constru\u00edram sua cidadania.<\/p>\n<p><strong>Objetivos do Projeto<\/strong>:<\/p>\n<ul>\n<li>Analisar a trajet\u00f3ria social, pol\u00edtica e intelectual de mulheres negras na Para\u00edba do s\u00e9culo XX;<\/li>\n<li>Caracterizar a trajet\u00f3ria, caminhos e percal\u00e7os trilhados por mulheres negras na Para\u00edba para obter forma\u00e7\u00e3o superior e quais s\u00e3o essas \u00e1reas do conhecimento;<\/li>\n<li>Analisar a trajet\u00f3ria profissional de mulheres negras e a rela\u00e7\u00e3o com a constru\u00e7\u00e3o da identidade negra;<\/li>\n<li>Identificar a \u00e1rea de forma\u00e7\u00e3o superior e atua\u00e7\u00e3o de mulheres negras na constru\u00e7\u00e3o e transmiss\u00e3o do conhecimento;<\/li>\n<li>Analisar a constru\u00e7\u00e3o da identidade negra entre mulheres negras com forma\u00e7\u00e3o superior;<\/li>\n<li>Caracterizar a inser\u00e7\u00e3o de mulheres negras com forma\u00e7\u00e3o superior no mercado de trabalho.<\/li>\n<\/ul>\n<p><strong>Import\u00e2ncia para os participantes<\/strong><\/p>\n<p>Desvendar os caminhos e percursos trilhados por mulheres negras na Para\u00edba do s\u00e9culo XX n\u00e3o \u00e9 tarefa f\u00e1cil, sobretudo, por se tratar de sujeitos nem sempre vis\u00edveis aos olhos da sociedade, mas que historicamente atuaram se afirmaram cidad\u00e3s e deixaram vest\u00edgios a se pensar as rela\u00e7\u00f5es etnicorraciais no Brasil e na Para\u00edba a partir de outras perspectivas.<\/p>\n<p><strong>Cronograma<\/strong><\/p>\n<table>\n<tbody>\n<tr>\n<td><strong>M\u00f3dulos<\/strong><\/td>\n<td><strong>Professor respons\u00e1vel<\/strong><\/td>\n<td>\n<p align=\"center\"><strong>Carga hor\u00e1ria<\/strong><\/p>\n<\/td>\n<td>\n<p align=\"center\"><strong>Data<\/strong><\/p>\n<p><strong>2012\/2013<\/strong><\/td>\n<\/tr>\n<tr>\n<td>Sele\u00e7\u00e3o dos estudos<\/td>\n<td>Waldeci Ferreira Chagas<\/td>\n<td>\n<p align=\"center\">8 h\/a semanal<\/p>\n<\/td>\n<td>Agosto\/setembro<\/td>\n<\/tr>\n<tr>\n<td>Leitura e Fichamento dos Estudos<\/td>\n<td>Waldeci Ferreira Chagas<\/td>\n<td>\n<p align=\"center\">8 h\/a semanal<\/p>\n<\/td>\n<td>Outubro\/novembro<\/td>\n<\/tr>\n<tr>\n<td>Leitura e Fichamento dos Estudos<\/td>\n<td>Waldeci Ferreira Chagas<\/td>\n<td>\n<p align=\"center\">8 h\/a semanal<\/p>\n<\/td>\n<td>Dezembro<\/td>\n<\/tr>\n<tr>\n<td>Realiza\u00e7\u00e3o das entrevistas<\/td>\n<td>Waldeci Ferreira Chagas<\/td>\n<td>\n<p align=\"center\">8 h\/a semanal<\/p>\n<\/td>\n<td>Fevereiro\/Mar\u00e7o<\/td>\n<\/tr>\n<tr>\n<td>Transcri\u00e7\u00f5es das entrevistas<\/td>\n<td>Waldeci Ferreira Chagas<\/td>\n<td>\n<p align=\"center\">8 h\/a semanal<\/p>\n<\/td>\n<td>Abril\/maio<\/td>\n<\/tr>\n<tr>\n<td>Analise das entrevistas<\/td>\n<td>Waldeci Ferreira Chagas<\/td>\n<td>\n<p align=\"center\">8 h\/a semanal<\/p>\n<\/td>\n<td>Junho\/Julho<\/td>\n<\/tr>\n<tr>\n<td>Relat\u00f3rio Final<\/td>\n<td>Waldeci Ferreira Chagas<\/td>\n<td>\n<p align=\"center\">8 h\/a semanal<\/p>\n<\/td>\n<td>Agosto<\/td>\n<\/tr>\n<\/tbody>\n<\/table>\n<p>[\/vc_column_text][\/vc_tta_section][\/vc_tta_accordion][\/vc_column][\/vc_row]<\/p>\n<\/div>","protected":false},"excerpt":{"rendered":"<p>[vc_row][vc_column][vc_column_text][\/vc_column_text][vc_tta_accordion active_section=&#8221;1000&#8243; collapsible_all=&#8221;true&#8221;][vc_tta_section title=&#8221;Estudo da Itacoatiara Meia-cana no agreste da Para\u00edba: a busca de subs\u00eddios para reivindicarmos uma sub-tradi\u00e7\u00e3o de itacoatiaras na Para\u00edba, denominada de ING\u00c1&#8221; tab_id=&#8221;1656513575772-ccf35177-8900&#8243;][vc_column_text]\u00c1rea de abrang\u00eancia: 54 munic\u00edpios da Para\u00edba, tendo como epicentro das pesquisas a Itacoatiara do Ing\u00e1 \u00c1rea tem\u00e1tica: Ci\u00eancias Humanas Linha de pesquisa: Arqueologia Pr\u00e9-Hist\u00f3rica P\u00fablico alvo: Comunidades locais <a class=\"leiamais\" href=\"https:\/\/centros.uepb.edu.br\/ch\/pesquisa\/historia\/\">Leia Mais&#8230;<\/a><\/p>\n","protected":false},"author":25,"featured_media":0,"parent":149,"menu_order":0,"comment_status":"open","ping_status":"open","template":"","meta":{"jetpack_post_was_ever_published":false,"footnotes":""},"class_list":["post-2066","page","type-page","status-publish","hentry"],"jetpack_shortlink":"https:\/\/wp.me\/P4NR4N-xk","jetpack_sharing_enabled":true,"_links":{"self":[{"href":"https:\/\/centros.uepb.edu.br\/ch\/wp-json\/wp\/v2\/pages\/2066","targetHints":{"allow":["GET"]}}],"collection":[{"href":"https:\/\/centros.uepb.edu.br\/ch\/wp-json\/wp\/v2\/pages"}],"about":[{"href":"https:\/\/centros.uepb.edu.br\/ch\/wp-json\/wp\/v2\/types\/page"}],"author":[{"embeddable":true,"href":"https:\/\/centros.uepb.edu.br\/ch\/wp-json\/wp\/v2\/users\/25"}],"replies":[{"embeddable":true,"href":"https:\/\/centros.uepb.edu.br\/ch\/wp-json\/wp\/v2\/comments?post=2066"}],"version-history":[{"count":0,"href":"https:\/\/centros.uepb.edu.br\/ch\/wp-json\/wp\/v2\/pages\/2066\/revisions"}],"up":[{"embeddable":true,"href":"https:\/\/centros.uepb.edu.br\/ch\/wp-json\/wp\/v2\/pages\/149"}],"wp:attachment":[{"href":"https:\/\/centros.uepb.edu.br\/ch\/wp-json\/wp\/v2\/media?parent=2066"}],"curies":[{"name":"wp","href":"https:\/\/api.w.org\/{rel}","templated":true}]}}