{"id":2064,"date":"2014-06-05T18:55:47","date_gmt":"2014-06-05T18:55:47","guid":{"rendered":"\/ch\/?page_id=2064"},"modified":"2022-06-29T14:38:17","modified_gmt":"2022-06-29T14:38:17","slug":"geografia","status":"publish","type":"page","link":"https:\/\/centros.uepb.edu.br\/ch\/pesquisa\/geografia\/","title":{"rendered":"Geografia"},"content":{"rendered":"<div class=\"wpb-content-wrapper\"><p>[vc_row][vc_column][vc_tta_tour][vc_tta_section title=&#8221;Terra \u2013 Grupo de pesquisa Urbana, Rural e Ambiental&#8221; tab_id=&#8221;1656513289309-d530317e-cb4c&#8221;][vc_column_text]<strong>\u00c1rea de abrang\u00eancia<\/strong>: Ci\u00eancias Humanas<\/p>\n<p><strong>P\u00fablico alvo<\/strong>: Professores, pesquisadores e estudantes da \u00e1rea de geografia<\/p>\n<p><strong>Dura\u00e7\u00e3o<\/strong>: Indeterminado<\/p>\n<p><strong>Coordenadores<\/strong>: Prof. Dr. Belarmino Mariano Neto e Prof\u00aa Dr\u00aa Luciene Vieira de Arruda<\/p>\n<p><strong>Saiba mais<\/strong><\/p>\n<p>O TERRAPURA &#8211; Grupo de pesquisa urbana, rural e ambiental &#8211; realiza estudos e pesquisas sobre geografia e territ\u00f3rio, com enfoques para o planejamento urbano, rural e ambiental. O grupo considera o Agreste nordestino e paraibano sua principal base de pesquisa e passou a atuar neste espa\u00e7o enquanto um &#8220;OBSERVAT\u00d3RIO DO AGRESTE BRASILEIRO&#8221;. Para isso utiliza como meio de divulga\u00e7\u00e3o de um blog (http:\/\/observatoriodoagreste.blogspot.com.br\/), que confere import\u00e2ncia a pesquisas de extens\u00e3o e de inicia\u00e7\u00e3o cient\u00edfica, realizando trabalhos coordenados pelo Prof. Dr. Belarmino Mariano Neto (PIBIC\/PROPESQ; Profa. Dra. Luciene Vieira de Arruda (PIBIC\/PROPESQ), entre outros. Al\u00e9m de dezenas de trabalhos de Inicia\u00e7\u00e3o Cient\u00edfica (IC), mais de trezentos Trabalhos de Conclus\u00e3o de Curso (TCC) para a finaliza\u00e7\u00e3o do curso em Geografia (Monografias, relat\u00f3rios, artigos, etc.) j\u00e1 foram orientados pelos membros do grupo de pesquisa a partir das linhas propostas.[\/vc_column_text][\/vc_tta_section][vc_tta_section title=&#8221;Avalia\u00e7\u00e3o da aptid\u00e3o agr\u00edcola de solos na microrregi\u00e3o de Guarabira\/PB \u2013 2011 2012&#8243; tab_id=&#8221;1656513289318-232ec977-00ea&#8221;][vc_column_text]<strong>Coordenadores<\/strong>: Luciene Vieira de Arruda, Cle\u00f3ma Maria Toscano e Henriques Carlos Antonio Belarmino Alves[\/vc_column_text][\/vc_tta_section][vc_tta_section title=&#8221;A educa\u00e7\u00e3o nos territ\u00f3rios em disputa por reforma agr\u00e1ria na Para\u00edba: contribui\u00e7\u00f5es para configura\u00e7\u00e3o do espa\u00e7o agr\u00e1rio paraibano.&#8221; tab_id=&#8221;1656513348709-b0fec8dd-d105&#8243;][vc_column_text]<strong>Coordenadores<\/strong>: Belarmino Mariano Neto e Alexandre Peixoto Faria Nogueira[\/vc_column_text][\/vc_tta_section][vc_tta_section title=&#8221;As potencialidades das reservas h\u00eddricas subterr\u00e2neas da cidade de Guarabira-PB&#8221; tab_id=&#8221;1656513395492-5decccd9-724e&#8221;][vc_column_text]<strong>\u00c1rea Tem\u00e1tica:<\/strong> Geoci\u00eancias<\/p>\n<p><strong>\u00c1rea de Abrang\u00eancia<\/strong>: Ci\u00eancias Exatas e da Terra<\/p>\n<p><strong>P\u00fablico Alvo: <\/strong>Bairros assistidos com rede de abastecimento de \u00e1gua atrav\u00e9s de po\u00e7os artesianos<\/p>\n<p><strong>Dura\u00e7\u00e3o: <\/strong>12 meses<\/p>\n<p><strong>Coordenador: <\/strong>Dr.<strong>\u00a0<\/strong>Lanusse Salim Rocha Tuma (Edital PIBIC cota 2016\/2017)<\/p>\n<p><strong>Objetivos:<\/strong><\/p>\n<p>O objetivo central desta pesquisa consiste em identificar, analisar e dimensionar os reservat\u00f3rios de \u00e1gua subterr\u00e2nea na regi\u00e3o citada, recorrendo a estudos da ocorr\u00eancia, movimenta\u00e7\u00e3o, distribui\u00e7\u00e3o e potencial da \u00e1gua armazenada no subsolo. Para alcan\u00e7ar os prop\u00f3sitos desejados ser\u00e3o utilizados dois ramos distintos da ci\u00eancia, a Hidrogeologia e a Geoestat\u00edstica. A principal meta deste trabalho \u00e9 a caracteriza\u00e7\u00e3o do perfil hidrogeol\u00f3gico da \u00e1rea em quest\u00e3o, a fim de aumentar o n\u00edvel da informa\u00e7\u00e3o t\u00e9cnico-cient\u00edfica e do conhecimento atual das reservas h\u00eddricas existentes.[\/vc_column_text][\/vc_tta_section][vc_tta_section title=&#8221;Estudos Geogr\u00e1ficos, Ensino e Forma\u00e7\u00e3o de Professores&#8221; tab_id=&#8221;1656513425767-e616cb69-bd97&#8243;][vc_column_text]<strong>\u00c1rea tem\u00e1tica<\/strong><strong>:<\/strong>\u00a0Geografia e Ensino<\/p>\n<p><strong>\u00c1rea de abrang\u00eancia<\/strong><strong>:<\/strong>\u00a0Geografia, Ensino e Forma\u00e7\u00e3o de Professores de Geografia<\/p>\n<p><strong>P\u00fablico alvo<\/strong><strong>:<\/strong>\u00a0Estudantes e professores<\/p>\n<p><strong>Ano de Forma\u00e7\u00e3o<\/strong><strong>:\u00a0<\/strong>2016<\/p>\n<p><strong>Coordenadoras: <\/strong>Prof\u00aa Dra Regina Celly Nogueira da Silva e Prof\u00aa Dra Ana Gloria Marinho<\/p>\n<p><strong>Saiba mais<\/strong><\/p>\n<p>Constitu\u00eddo para promover pesquisas, debates, estudos, publica\u00e7\u00f5es e eventos na \u00e1rea de Geografia, esta iniciativa \u00e9 fruto dos anseios de um grupo de professores de duas Institui\u00e7\u00f5es de Ensino Superior da Para\u00edba\u00a0 \u2013 Universidade Estadual da Para\u00edba-UEPB, Instituto Federal de Educa\u00e7\u00e3o, Ci\u00eancia e Tecnologia da Para\u00edba-Campus Guarabira\/IFPB\u00a0 \u2013 que trabalham com as disciplinas Pr\u00e1tica de Ensino de Geografia e Est\u00e1gio Supervisionado, Did\u00e1tica, Urbana, Meio Ambiente e Cultura, todas voltadas para o ensino de Geografia e \u00e1reas afins. Esses professores t\u00eam em comum a preocupa\u00e7\u00e3o com o ensino de Geografia e os seus rumos no mundo atual, desde o n\u00edvel b\u00e1sico at\u00e9 o superior, expressa por meio de suas pesquisas, atividades pr\u00e1ticas e did\u00e1ticas em sala de aula, leituras e discuss\u00f5es de obras te\u00f3ricas sobre as tem\u00e1ticas de cunho geogr\u00e1fico. Temos, assim, como proposta inicial a forma\u00e7\u00e3o de recursos humanos em n\u00edvel de gradua\u00e7\u00e3o e p\u00f3s-gradua\u00e7\u00e3o, divulgar os resultados das pesquisas realizadas por professores e alunos no \u00e2mbito das institui\u00e7\u00f5es que comp\u00f5e o Grupo, atrav\u00e9s da produ\u00e7\u00e3o de artigos e comunica\u00e7\u00f5es em congressos cient\u00edficos e publica\u00e7\u00e3o em revistas especializadas.[\/vc_column_text][\/vc_tta_section][vc_tta_section title=&#8221;Nas trilhas da Serra do Espinho, Pil\u00f5es\/PB \u2013 Potencial Geoambiental como vetor de desenvolvimento sustent\u00e1vel \u2013 Parte III&#8221; tab_id=&#8221;1656513462594-fe5019ee-36dc&#8221;][vc_column_text]<strong>\u00c1rea de abrang\u00eancia<\/strong>: GEOGRAFIA<strong><br \/>\n<\/strong><\/p>\n<p><strong>\u00c1rea tem\u00e1tica<\/strong>: GEOGRAFIA REGIONAL<\/p>\n<p><strong>P\u00fablico alvo<\/strong>: As comunidades da Serra do Espinho e os alunos de Geografia do CH<\/p>\n<p><strong>Dura\u00e7\u00e3o<\/strong>: Tr\u00eas anos<\/p>\n<p><strong>Coordenador: <\/strong>Professores: Luciene Vieira de Arruda e Belarmino Mariano Neto<\/p>\n<p><strong>Saiba mais<\/strong>:\u00a0Na vers\u00e3o III desse projeto, pretendemos fazer um diagn\u00f3stico da fauna local, bem como incentivar o geoturismo e o turismo rural a partir de visitas sistem\u00e1ticas \u00e0s comunidades da Serra do Espinho para apresentar os resultados desse projeto (Vers\u00f5es I e II) e contribuir para a conscientiza\u00e7\u00e3o social e ambiental. A pesquisa tem como metas levar os conhecimentos adquiridos para as comunidades locais e visitantes no sentido da valoriza\u00e7\u00e3o ambiental, econ\u00f4mica e social desses espa\u00e7os; elaborar\u00a0<em>croquis<\/em>\u00a0educativos e informativos das trilhas georreferenciadas, que possam ser utilizadas pelas comunidades e visitantes, al\u00e9m de envolv\u00ea-los em atividades que possam contribuir para o reconhecimento do potencial natural da \u00e1rea de estudo e promover o interesse das pessoas em preservar seus ambientes.<br \/>\n[\/vc_column_text][\/vc_tta_section][\/vc_tta_tour][\/vc_column][\/vc_row]<\/p>\n<\/div>","protected":false},"excerpt":{"rendered":"<p>[vc_row][vc_column][vc_tta_tour][vc_tta_section title=&#8221;Terra \u2013 Grupo de pesquisa Urbana, Rural e Ambiental&#8221; tab_id=&#8221;1656513289309-d530317e-cb4c&#8221;][vc_column_text]\u00c1rea de abrang\u00eancia: Ci\u00eancias Humanas P\u00fablico alvo: Professores, pesquisadores e estudantes da \u00e1rea de geografia Dura\u00e7\u00e3o: Indeterminado Coordenadores: Prof. Dr. Belarmino Mariano Neto e Prof\u00aa Dr\u00aa Luciene Vieira de Arruda Saiba mais O TERRAPURA &#8211; Grupo de pesquisa urbana, rural e ambiental &#8211; realiza estudos <a class=\"leiamais\" href=\"https:\/\/centros.uepb.edu.br\/ch\/pesquisa\/geografia\/\">Leia Mais&#8230;<\/a><\/p>\n","protected":false},"author":25,"featured_media":0,"parent":149,"menu_order":0,"comment_status":"open","ping_status":"open","template":"","meta":{"footnotes":""},"class_list":["post-2064","page","type-page","status-publish","hentry"],"jetpack_shortlink":"https:\/\/wp.me\/P4NR4N-xi","jetpack_sharing_enabled":true,"_links":{"self":[{"href":"https:\/\/centros.uepb.edu.br\/ch\/wp-json\/wp\/v2\/pages\/2064","targetHints":{"allow":["GET"]}}],"collection":[{"href":"https:\/\/centros.uepb.edu.br\/ch\/wp-json\/wp\/v2\/pages"}],"about":[{"href":"https:\/\/centros.uepb.edu.br\/ch\/wp-json\/wp\/v2\/types\/page"}],"author":[{"embeddable":true,"href":"https:\/\/centros.uepb.edu.br\/ch\/wp-json\/wp\/v2\/users\/25"}],"replies":[{"embeddable":true,"href":"https:\/\/centros.uepb.edu.br\/ch\/wp-json\/wp\/v2\/comments?post=2064"}],"version-history":[{"count":0,"href":"https:\/\/centros.uepb.edu.br\/ch\/wp-json\/wp\/v2\/pages\/2064\/revisions"}],"up":[{"embeddable":true,"href":"https:\/\/centros.uepb.edu.br\/ch\/wp-json\/wp\/v2\/pages\/149"}],"wp:attachment":[{"href":"https:\/\/centros.uepb.edu.br\/ch\/wp-json\/wp\/v2\/media?parent=2064"}],"curies":[{"name":"wp","href":"https:\/\/api.w.org\/{rel}","templated":true}]}}