{"id":2062,"date":"2014-06-05T18:55:18","date_gmt":"2014-06-05T18:55:18","guid":{"rendered":"\/ch\/?page_id=2062"},"modified":"2022-06-29T13:50:57","modified_gmt":"2022-06-29T13:50:57","slug":"direito","status":"publish","type":"page","link":"https:\/\/centros.uepb.edu.br\/ch\/pesquisa\/direito\/","title":{"rendered":"Direito"},"content":{"rendered":"<div class=\"wpb-content-wrapper\"><p>[vc_row][vc_column][vc_tta_tour][vc_tta_section title=&#8221;Bases Fundamentais da Ci\u00eancia Estrat\u00e9gica do Direito&#8221; tab_id=&#8221;1656510592373-a6201300-c35c&#8221;][vc_column_text]<strong>\u00c1rea de abrang\u00eancia<\/strong>: Teoria do Direito e Direito Penal Moderno<\/p>\n<p><strong>\u00c1rea tem\u00e1tica<\/strong>: Ci\u00eancia Jur\u00eddica<\/p>\n<p><strong>Linha de pesquisa<\/strong>: Pensamento do Funcionalismo Estrat\u00e9gico<\/p>\n<p><strong>P\u00fablico alvo<\/strong>: Estudantes do curso de Direito (per\u00edodos 2\u00ba ao 8\u00ba per\u00edodo)<\/p>\n<p><strong>Dura\u00e7\u00e3o<\/strong>: Indeterminado<\/p>\n<p><strong>Coordenador<\/strong>: Prof.\u00a0 Doutor Luciano Nascimento Silva<\/p>\n<p><strong>Sobre o projeto<\/strong>:<\/p>\n<p>Consiste numa iniciativa de introduzir o pensamento funcionalista estrat\u00e9gico (sociol\u00f3gico, cultural e hist\u00f3rico) na ci\u00eancia do Direito, para uma constru\u00e7\u00e3o de um novo conceito sobre o Direito.<\/p>\n<p><strong>Cronograma<\/strong><\/p>\n<table>\n<tbody>\n<tr>\n<td><strong>M\u00f3dulos<\/strong><\/td>\n<td><strong>Professor respons\u00e1vel<\/strong><\/td>\n<td><strong>Carga hor\u00e1ria<\/strong><\/td>\n<td><strong>Data<\/strong><\/td>\n<\/tr>\n<tr>\n<td>Grupo em atua\u00e7\u00e3o permamente desde agosto de 2011<\/td>\n<td>Luciano Nascimento Silva<\/td>\n<td>2 horas semanais<\/td>\n<td><strong>\u00a0<\/strong><\/td>\n<\/tr>\n<\/tbody>\n<\/table>\n<p>[\/vc_column_text][\/vc_tta_section][vc_tta_section title=&#8221;Problemas Capitais do Direito Penal Econ\u00f4mico Estrat\u00e9gico&#8221; tab_id=&#8221;1656510592383-58d0cefb-eeec&#8221;][vc_column_text]<strong>\u00c1rea de abrang\u00eancia<\/strong>: Teoria do Direito e Direito Penal Moderno<\/p>\n<p><strong>\u00c1rea tem\u00e1tica<\/strong>: Ci\u00eancia Jur\u00eddica<\/p>\n<p><strong>Linha de pesquisa<\/strong>: Pensamento do Funcionalismo Estrat\u00e9gico<\/p>\n<p><strong>P\u00fablico alvo<\/strong>: Estudantes do curso de Direito (per\u00edodos 2\u00ba ao 8\u00ba per\u00edodo)<\/p>\n<p><strong>Dura\u00e7\u00e3o<\/strong>: Indeterminado<\/p>\n<p><strong>Coordenador<\/strong>: Prof. Doutor Luciano Nascimento Silva<\/p>\n<p><strong>Sobre o projeto<\/strong><\/p>\n<p>Objetiva, com a introdu\u00e7\u00e3o do pensamento funcionalista, redesenhar o perfil da estrutura do direito penal liberal, com implica\u00e7\u00f5es na sua formula\u00e7\u00e3o principiol\u00f3gica (parte geral) constitutiva cient\u00edfica.<\/p>\n<p><strong>Cronograma<\/strong><\/p>\n<table>\n<tbody>\n<tr>\n<td><strong>M\u00f3dulos<\/strong><\/td>\n<td><strong>Professor respons\u00e1vel<\/strong><\/td>\n<td><strong>Carga hor\u00e1ria<\/strong><\/td>\n<td><strong>Data<\/strong><\/td>\n<\/tr>\n<tr>\n<td>Grupo em atua\u00e7\u00e3o permamente desde agosto de 2011<\/td>\n<td>Luciano Nascimento Silva<\/td>\n<td>2 horas semanais<\/td>\n<td><strong>\u00a0<\/strong><\/td>\n<\/tr>\n<\/tbody>\n<\/table>\n<p>[\/vc_column_text][\/vc_tta_section][\/vc_tta_tour][\/vc_column][\/vc_row]<\/p>\n<\/div>","protected":false},"excerpt":{"rendered":"<p>[vc_row][vc_column][vc_tta_tour][vc_tta_section title=&#8221;Bases Fundamentais da Ci\u00eancia Estrat\u00e9gica do Direito&#8221; tab_id=&#8221;1656510592373-a6201300-c35c&#8221;][vc_column_text]\u00c1rea de abrang\u00eancia: Teoria do Direito e Direito Penal Moderno \u00c1rea tem\u00e1tica: Ci\u00eancia Jur\u00eddica Linha de pesquisa: Pensamento do Funcionalismo Estrat\u00e9gico P\u00fablico alvo: Estudantes do curso de Direito (per\u00edodos 2\u00ba ao 8\u00ba per\u00edodo) Dura\u00e7\u00e3o: Indeterminado Coordenador: Prof.\u00a0 Doutor Luciano Nascimento Silva Sobre o projeto: Consiste numa iniciativa <a class=\"leiamais\" href=\"https:\/\/centros.uepb.edu.br\/ch\/pesquisa\/direito\/\">Leia Mais&#8230;<\/a><\/p>\n","protected":false},"author":25,"featured_media":0,"parent":149,"menu_order":0,"comment_status":"open","ping_status":"open","template":"","meta":{"jetpack_post_was_ever_published":false,"footnotes":""},"class_list":["post-2062","page","type-page","status-publish","hentry"],"jetpack_shortlink":"https:\/\/wp.me\/P4NR4N-xg","jetpack_sharing_enabled":true,"_links":{"self":[{"href":"https:\/\/centros.uepb.edu.br\/ch\/wp-json\/wp\/v2\/pages\/2062","targetHints":{"allow":["GET"]}}],"collection":[{"href":"https:\/\/centros.uepb.edu.br\/ch\/wp-json\/wp\/v2\/pages"}],"about":[{"href":"https:\/\/centros.uepb.edu.br\/ch\/wp-json\/wp\/v2\/types\/page"}],"author":[{"embeddable":true,"href":"https:\/\/centros.uepb.edu.br\/ch\/wp-json\/wp\/v2\/users\/25"}],"replies":[{"embeddable":true,"href":"https:\/\/centros.uepb.edu.br\/ch\/wp-json\/wp\/v2\/comments?post=2062"}],"version-history":[{"count":0,"href":"https:\/\/centros.uepb.edu.br\/ch\/wp-json\/wp\/v2\/pages\/2062\/revisions"}],"up":[{"embeddable":true,"href":"https:\/\/centros.uepb.edu.br\/ch\/wp-json\/wp\/v2\/pages\/149"}],"wp:attachment":[{"href":"https:\/\/centros.uepb.edu.br\/ch\/wp-json\/wp\/v2\/media?parent=2062"}],"curies":[{"name":"wp","href":"https:\/\/api.w.org\/{rel}","templated":true}]}}