{"id":200,"date":"2013-05-15T14:16:00","date_gmt":"2013-05-15T14:16:00","guid":{"rendered":"\/ch\/?page_id=200"},"modified":"2025-06-02T16:47:49","modified_gmt":"2025-06-02T16:47:49","slug":"licenciatura-em-pedagogia","status":"publish","type":"page","link":"https:\/\/centros.uepb.edu.br\/ch\/cursos\/licenciatura-em-pedagogia\/","title":{"rendered":"Licenciatura Plena em Pedagogia"},"content":{"rendered":"<div class=\"wpb-content-wrapper\"><p>[vc_row][vc_column][vc_tta_tabs][vc_tta_section title=&#8221;Hist\u00f3rico&#8221; tab_id=&#8221;1656326263920-abc0d213-ae61&#8243;][vc_column_text]A hist\u00f3ria do Curso de Pedagogia do Campus III da Universidade Estadual da Para\u00edba teve in\u00edcio em meados de 2005, quando uma comiss\u00e3o de professores do antigo Departamento de Letras e Educa\u00e7\u00e3o do Centro de Humanidades apresentaram ao Conselho de Centro a primeira vers\u00e3o do Projeto Pedag\u00f3gico do curso. Em 2006, ap\u00f3s v\u00e1rias reuni\u00f5es com a PROEG, a cria\u00e7\u00e3o do referido curso entrou na pauta do Conselho Universit\u00e1rio. O CONSUNI, ciente da realidade social e educacional da regi\u00e3o do brejo paraibano, aprovou a cria\u00e7\u00e3o do curso por unanimidade, atrav\u00e9s da RESOLU\u00c7\u00c3O\/UEPB\/CONSUNI\/018\/2006, reconhecendo a import\u00e2ncia dessa decis\u00e3o para o munic\u00edpio de Guarabira-PB e regi\u00f5es circunvizinhas, quanto \u00e0 oferta de forma\u00e7\u00e3o docente para a Educa\u00e7\u00e3o Infantil, Ensino Fundamental e Ensino de Jovens e Adultos. No mesmo ano foram ofertadas as primeiras vagas do curso para o vestibular de 2007.<\/p>\n<p>Ainda em fevereiro de 2007, foi criado em reuni\u00e3o departamental, o colegiado do curso e eleitos os seus representantes (Cf. Portaria GD\/CHE\/03\/2007). Nesse mesmo m\u00eas, foi realizada a primeira reuni\u00e3o ordin\u00e1ria da coordena\u00e7\u00e3o do curso, ainda vinculada ao Departamento de Letras e Educa\u00e7\u00e3o. No ano seguinte, em 4 de dezembro de 2008, foi aprovada a Resolu\u00e7\u00e3o 33\/2008, que trata da homologa\u00e7\u00e3o da cria\u00e7\u00e3o do Curso de Pedagogia do Centro de Humanidades pelo CONSUNI.<\/p>\n<p>Ofertando inicialmente 60 vagas para os turnos matutino (30) e noturno (30), o Curso de Pedagogia deu in\u00edcio a suas atividades did\u00e1ticas e administrativas, atuando na forma\u00e7\u00e3o de profissionais para a Educa\u00e7\u00e3o B\u00e1sica (Educa\u00e7\u00e3o Infantil e S\u00e9ries Iniciais do Ensino Fundamental), nas suas respectivas modalidades: Gest\u00e3o Educacional e Educa\u00e7\u00e3o de Jovens e Adultos, estas \u00faltimas constituindo as duas principais \u00c1reas de Aprofundamento do curso at\u00e9 ent\u00e3o.<\/p>\n<p>Decorrente do resultado do esfor\u00e7o e trabalho dos\/as professores\/as e demais segmentos da \u00e1rea de educa\u00e7\u00e3o do DE\/CH, seguiu para o CONSEPE, em 2009, a vers\u00e3o final do projeto pol\u00edtico-pedag\u00f3gico do curso, sendo o mesmo aprovado por unanimidade naquele Conselho, aprova\u00e7\u00e3o esta publicada pela RESOLU\u00c7\u00c3O\/UEPB\/CONSEPE\/028\/2009.<\/p>\n<p>Em 2011, ap\u00f3s anos de atividades conjuntas, foi aprovado no CONSUNI, por unanimidade, o desmembramento do Departamento de Letras e Educa\u00e7\u00e3o, resultando, finalmente, na cria\u00e7\u00e3o do Departamento de Educa\u00e7\u00e3o, ao qual passou a ser vinculada a Coordena\u00e7\u00e3o do Curso de Pedagogia, atrav\u00e9s da RESOLU\u00c7\u00c3O\/UEPB\/CONSUNI\/007\/2011, homologada pela RESOLU\u00c7\u00c3O\/UEPB\/CONSUNI\/018\/2011.<\/p>\n<p>Atualmente, o curso, que continua funcionando nos turnos manh\u00e3 e noite, desenvolve v\u00e1rias atividades de extens\u00e3o e pesquisa, al\u00e9m de abordar, atrav\u00e9s da pr\u00e1tica doc\u00eancia, os mais variados temas na forma\u00e7\u00e3o e no papel do\/a pedagogo\/a na sociedade brasileira e, em especial, no estado da Para\u00edba.[\/vc_column_text][\/vc_tta_section][vc_tta_section title=&#8221;Sobre&#8221; tab_id=&#8221;1656326263935-d57a671b-b72a&#8221;][vc_column_text]<strong>Modalidade<\/strong>: Superior\/Presencial<br \/>\n<strong>Cria\u00e7\u00e3o<\/strong>: RESOLU\u00c7\u00c3O\/UEPB\/CONSUNI\/018\/2006<br \/>\n<strong>Regime Escolar<\/strong>: Seriado Semestral com duas entradas<br \/>\n<strong>Carga Hor\u00e1ria<\/strong>: 3860 h\/a<br \/>\n<strong>Turnos de funcionamento<\/strong>: Matutino e Noturno<\/p>\n<p><strong>Dura\u00e7\u00e3o do Curso<\/strong><\/p>\n<ul>\n<li>Turno Diurno: 4 anos (oito per\u00edodos)<\/li>\n<li>Turno Noturno: 5 anos (dez per\u00edodos)<\/li>\n<\/ul>\n<p><strong>Campo de atua\u00e7\u00e3o profissional<\/strong><\/p>\n<ul>\n<li>Educa\u00e7\u00e3o Infantil;<\/li>\n<li>Ensino Fundamental (S\u00e9ries Iniciais);<\/li>\n<li>Gest\u00e3o Educacional;<\/li>\n<li>Educa\u00e7\u00e3o de Jovens e Adultos;<\/li>\n<li>Atividades Pedag\u00f3gicas (Movimentos Sociais e Organiza\u00e7\u00f5es N\u00e3o Governamentais).<\/li>\n<\/ul>\n<p>[\/vc_column_text][\/vc_tta_section][vc_tta_section title=&#8221;Linhas de Pesquisa&#8221; tab_id=&#8221;1656326298969-95d8d8c0-de1d&#8221;][vc_column_text]<\/p>\n<ul>\n<li>Fundamentos da Educa\u00e7\u00e3o e Forma\u00e7\u00e3o Docente<\/li>\n<li>Gest\u00e3o Educacional<\/li>\n<li>Educa\u00e7\u00e3o do Campo<\/li>\n<li>Educa\u00e7\u00e3o de Jovens e Adultos<\/li>\n<\/ul>\n<p>[\/vc_column_text][\/vc_tta_section][vc_tta_section title=&#8221;Coordena\u00e7\u00e3o&#8221; tab_id=&#8221;1656326307866-f417f62b-7fc5&#8243;][vc_column_text css=&#8221;&#8221;]<strong>Coordena\u00e7\u00e3o do curso <\/strong><strong>(Gest\u00e3o 2025-2027)<\/strong>:<\/p>\n<p>Prof. Dra. <span style=\"font-weight: 400\">Rita de C\u00e1ssia da Rocha Cavalcante <\/span>(coordenadora)<\/p>\n<p>E-mail: <strong><a href=\"mailto:ritarocha@servidor.uepb.edu.br\">ritarocha@servidor.uepb.edu.br<\/a><\/strong><\/p>\n<p>Prof. Dra. <span style=\"font-weight: 400\">Gillyane Dantas dos Santos <\/span>(coordenadora adjunta)<\/p>\n<p>E-mail: <strong><a href=\"mailto:gillyanedantas@servidor.uepb.edu.br\">gillyanedantas@servidor.uepb.edu.br<\/a><\/strong><\/p>\n<p>&nbsp;<\/p>\n<p><strong>Chefia Departamental <\/strong><strong>(Gest\u00e3o 2025-2027)<\/strong>:<\/p>\n<p>Profa. Dra. <span style=\"font-weight: 400\">\u00a0D\u00e9bora Regina Fernandes Ben\u00edcio <\/span>(chefe)<\/p>\n<p>E-mail: <strong><a href=\"mailto:prof.debora@servidor.uepb.edu.br\">prof.debora@servidor.uepb.edu.br<\/a><\/strong><\/p>\n<p>Prof. Dra. <span style=\"font-weight: 400\">Maria Julia Carvalho de Melo <\/span>(chefe adjunta)<\/p>\n<p>E-mail: <strong><a href=\"mailto:mariajulia@servidor.uepb.edu.br\">mariajulia@servidor.uepb.edu.br<\/a><\/strong><\/p>\n<p>&nbsp;<\/p>\n<p><strong>Secret\u00e1rio(a):<\/strong><br \/>\nMaria Eunice Marque Guimar\u00e3es<\/p>\n<p>Ewerton Ferreira de Oliveira<\/p>\n<p><strong><a href=\"https:\/\/centros.uepb.edu.br\/ch\/download\/documentos\/Rela%C3%A7%C3%A3o%20dos%20professores%20de%20Pedagogia.pdf\">Lista de Professores<\/a><\/strong>[\/vc_column_text][\/vc_tta_section][\/vc_tta_tabs][\/vc_column][\/vc_row]<\/p>\n<\/div>","protected":false},"excerpt":{"rendered":"<p>[vc_row][vc_column][vc_tta_tabs][vc_tta_section title=&#8221;Hist\u00f3rico&#8221; tab_id=&#8221;1656326263920-abc0d213-ae61&#8243;][vc_column_text]A hist\u00f3ria do Curso de Pedagogia do Campus III da Universidade Estadual da Para\u00edba teve in\u00edcio em meados de 2005, quando uma comiss\u00e3o de professores do antigo Departamento de Letras e Educa\u00e7\u00e3o do Centro de Humanidades apresentaram ao Conselho de Centro a primeira vers\u00e3o do Projeto Pedag\u00f3gico do curso. Em 2006, ap\u00f3s v\u00e1rias <a class=\"leiamais\" href=\"https:\/\/centros.uepb.edu.br\/ch\/cursos\/licenciatura-em-pedagogia\/\">Leia Mais&#8230;<\/a><\/p>\n","protected":false},"author":26,"featured_media":0,"parent":27,"menu_order":0,"comment_status":"open","ping_status":"open","template":"","meta":{"jetpack_post_was_ever_published":false,"footnotes":""},"class_list":["post-200","page","type-page","status-publish","hentry"],"jetpack_shortlink":"https:\/\/wp.me\/P4NR4N-3e","jetpack_sharing_enabled":true,"_links":{"self":[{"href":"https:\/\/centros.uepb.edu.br\/ch\/wp-json\/wp\/v2\/pages\/200","targetHints":{"allow":["GET"]}}],"collection":[{"href":"https:\/\/centros.uepb.edu.br\/ch\/wp-json\/wp\/v2\/pages"}],"about":[{"href":"https:\/\/centros.uepb.edu.br\/ch\/wp-json\/wp\/v2\/types\/page"}],"author":[{"embeddable":true,"href":"https:\/\/centros.uepb.edu.br\/ch\/wp-json\/wp\/v2\/users\/26"}],"replies":[{"embeddable":true,"href":"https:\/\/centros.uepb.edu.br\/ch\/wp-json\/wp\/v2\/comments?post=200"}],"version-history":[{"count":0,"href":"https:\/\/centros.uepb.edu.br\/ch\/wp-json\/wp\/v2\/pages\/200\/revisions"}],"up":[{"embeddable":true,"href":"https:\/\/centros.uepb.edu.br\/ch\/wp-json\/wp\/v2\/pages\/27"}],"wp:attachment":[{"href":"https:\/\/centros.uepb.edu.br\/ch\/wp-json\/wp\/v2\/media?parent=200"}],"curies":[{"name":"wp","href":"https:\/\/api.w.org\/{rel}","templated":true}]}}