{"id":198,"date":"2013-05-15T14:15:38","date_gmt":"2013-05-15T14:15:38","guid":{"rendered":"\/ch\/?page_id=198"},"modified":"2025-06-02T16:47:12","modified_gmt":"2025-06-02T16:47:12","slug":"licenciatura-plena-em-letras","status":"publish","type":"page","link":"https:\/\/centros.uepb.edu.br\/ch\/cursos\/licenciatura-plena-em-letras\/","title":{"rendered":"Licenciatura Plena em Letras"},"content":{"rendered":"<p><strong>Coordena\u00e7\u00e3o do curso <\/strong><strong>(Gest\u00e3o 2025-2027):<\/strong><\/p>\n<p>Profa. Dra. <span style=\"font-weight: 400\">Ana Carolina Dias da Costa <\/span>(Coordenadora)<br \/>\nE-mail:<strong> <a href=\"mailto:anacarolinadias@servidor.uepb.edu.br\">anacarolinadias@servidor.uepb.edu.br<\/a><\/strong><\/p>\n<p>Profa. Dra. <span style=\"font-weight: 400\">\u00a0Luana Anast\u00e1cia Santos de Lima <\/span>(Coordenadora Adjunta)<br \/>\nE-mail: <strong><a href=\"mailto:luanalima.uepb@servidor.uepb.edu.br\">luanalima.uepb@servidor.uepb.edu.br<\/a><\/strong><\/p>\n<p><strong>Chefia Departamental (Gest\u00e3o 2025-2027):<\/strong><\/p>\n<p>Prof. Dr. <span style=\"font-weight: 400\">Willian Sampaio Lima de Sousa<\/span> (Chefe)<\/p>\n<p>E-mail: <strong><a href=\"mailto:will1993sousa@servidor.uepb.edu.br\">will1993sousa@servidor.uepb.edu.br<\/a><\/strong><\/p>\n<p>Prof. Dr. Le\u00f4nidas Jos\u00e9 da Silva J\u00fanior (Chefe Adjunto)<\/p>\n<p>E-mail: <strong><a href=\"mailto:leonidas.silvajr@servidor.uepb.edu.br\">leonidas.silvajr@servidor.uepb.edu.br<\/a><\/strong><\/p>\n<p>&nbsp;<\/p>\n<p><strong>Secret\u00e1rios<\/strong><\/p>\n<p>Marcielly F\u00e9lix de Oliveira<\/p>\n<p>Davi Rosal Coutinho<\/p>\n<p>Jonas Lindemberg Felix Soares<\/p>\n<p>&nbsp;<\/p>\n<p>&nbsp;<\/p>\n<p>&nbsp;<\/p>\n","protected":false},"excerpt":{"rendered":"<p>Coordena\u00e7\u00e3o do curso (Gest\u00e3o 2025-2027): Profa. Dra. Ana Carolina Dias da Costa (Coordenadora) E-mail: anacarolinadias@servidor.uepb.edu.br Profa. Dra. \u00a0Luana Anast\u00e1cia Santos de Lima (Coordenadora Adjunta) E-mail: luanalima.uepb@servidor.uepb.edu.br Chefia Departamental (Gest\u00e3o 2025-2027): Prof. Dr. Willian Sampaio Lima de Sousa (Chefe) E-mail: will1993sousa@servidor.uepb.edu.br Prof. Dr. Le\u00f4nidas Jos\u00e9 da Silva J\u00fanior (Chefe Adjunto) E-mail: leonidas.silvajr@servidor.uepb.edu.br &nbsp; Secret\u00e1rios Marcielly F\u00e9lix <a class=\"leiamais\" href=\"https:\/\/centros.uepb.edu.br\/ch\/cursos\/licenciatura-plena-em-letras\/\">Leia Mais&#8230;<\/a><\/p>\n","protected":false},"author":26,"featured_media":0,"parent":27,"menu_order":0,"comment_status":"open","ping_status":"open","template":"","meta":{"jetpack_post_was_ever_published":false,"footnotes":""},"class_list":["post-198","page","type-page","status-publish","hentry"],"jetpack_shortlink":"https:\/\/wp.me\/P4NR4N-3c","jetpack_sharing_enabled":true,"_links":{"self":[{"href":"https:\/\/centros.uepb.edu.br\/ch\/wp-json\/wp\/v2\/pages\/198","targetHints":{"allow":["GET"]}}],"collection":[{"href":"https:\/\/centros.uepb.edu.br\/ch\/wp-json\/wp\/v2\/pages"}],"about":[{"href":"https:\/\/centros.uepb.edu.br\/ch\/wp-json\/wp\/v2\/types\/page"}],"author":[{"embeddable":true,"href":"https:\/\/centros.uepb.edu.br\/ch\/wp-json\/wp\/v2\/users\/26"}],"replies":[{"embeddable":true,"href":"https:\/\/centros.uepb.edu.br\/ch\/wp-json\/wp\/v2\/comments?post=198"}],"version-history":[{"count":0,"href":"https:\/\/centros.uepb.edu.br\/ch\/wp-json\/wp\/v2\/pages\/198\/revisions"}],"up":[{"embeddable":true,"href":"https:\/\/centros.uepb.edu.br\/ch\/wp-json\/wp\/v2\/pages\/27"}],"wp:attachment":[{"href":"https:\/\/centros.uepb.edu.br\/ch\/wp-json\/wp\/v2\/media?parent=198"}],"curies":[{"name":"wp","href":"https:\/\/api.w.org\/{rel}","templated":true}]}}