{"id":196,"date":"2013-05-15T14:15:06","date_gmt":"2013-05-15T14:15:06","guid":{"rendered":"\/ch\/?page_id=196"},"modified":"2025-06-02T16:46:48","modified_gmt":"2025-06-02T16:46:48","slug":"licenciatura-plena-em-historia","status":"publish","type":"page","link":"https:\/\/centros.uepb.edu.br\/ch\/cursos\/licenciatura-plena-em-historia\/","title":{"rendered":"Licenciatura Plena em Hist\u00f3ria"},"content":{"rendered":"<p><strong>Hist\u00f3rico<\/strong>:<\/p>\n<p>Em 1981 foi criada, na cidade de Guarabira-PB, a ent\u00e3o Faculdade de Filosofia, Ci\u00eancias e Letras de Guarabira-PB \u2013 FAFIG, instalada no antigo Col\u00e9gio Nossa Senhora da Luz, situado no bairro central da cidade. Posteriormente, em 1982, a mesma foi transferida para o bairro de Areia Branca, no Km 1 da Rodovia 075-PB. Os cursos de licenciatura que funcionavam na FAFIG, aos poucos trouxeram para a regi\u00e3o de Guarabira um intenso fluxo de estudantes universit\u00e1rios, em sua maioria, oriundos das localidades circunvizinhas.<\/p>\n<p>Ainda como FAFIG, por for\u00e7a da Resolu\u00e7\u00e3o de no 20\/83, de 07 de abril de 1983, foi criado o Curso de Licenciatura em Hist\u00f3ria, o que constou do D.O.U. de 12 de maio de 1983. Com isso foi ampliado o leque de forma\u00e7\u00e3o human\u00edstica, ao passo que, trouxe para a cidade de Guarabira, um crescente n\u00famero de estudantes interessados nessa \u00e1rea de estudo, cujo interesse ultrapassou a mera forma\u00e7\u00e3o de professores de hist\u00f3ria, de modo a construir um perfil profissional, que paulatinamente, come\u00e7ava a perceber a cr\u00edtica e a problem\u00e1tica do humano em sociedade.<\/p>\n<p>Incorporada, em 1986, a Faculdade Regional do Nordeste \u2013 FURNE, a FAFIG deixou de existir e as transforma\u00e7\u00f5es n\u00e3o pararam. Quando a FURNE foi estadualizada, essa Institui\u00e7\u00e3o de Ensino Superior conduziu todos os antigos cursos para o mesmo destino. A partir de ent\u00e3o, as transforma\u00e7\u00f5es foram crescentes; nascia ent\u00e3o o Centro de Humanidades Osmar de Aquino, da Universidade Estadual da Para\u00edba, convergindo para a forma\u00e7\u00e3o de professores licenciados e bachar\u00e9is nas \u00e1reas human\u00edsticas: Geografia, Letras, Hist\u00f3ria, Direito e, mais recentemente, Pedagogia.<\/p>\n<p>Oito anos depois, o Curso de Licenciatura Plena em Hist\u00f3ria foi reconhecido, pela Portaria Ministerial de no 939, de 16 de julho de 1994, publicada no D.O.U. de 17 de junho do mesmo ano. Desde a \u201cturma pioneira\u201d, do per\u00edodo 83.2, constitu\u00edda por 55 alunos, o Curso de Licenciatura Plena em Hist\u00f3ria, ao passar por transforma\u00e7\u00f5es organizativas e institucionais, funciona atualmente nos turnos vespertino e noturno, com duas entradas para cada per\u00edodo, oferecendo um total de 120 vagas anuais.\u00a0 Conta ainda com a recente implanta\u00e7\u00e3o do seu Curso de Especializa\u00e7\u00e3o em Hist\u00f3ria Cultural, iniciado no semestre 2009.2, com a oferta de 35 vagas.<br \/>\nO Curso promove de modo crescente o desenvolvimento cr\u00edtico e intelectual da regi\u00e3o do Brejo paraibano. A preocupa\u00e7\u00e3o n\u00e3o tem sido apenas a de formar professores licenciados que possam ocupar as vagas remanescentes das cidades circunvizinhas \u00e0 sede em que o curso est\u00e1 localizado. A op\u00e7\u00e3o por formar profissionais cr\u00edticos e integrados com o contexto e com as transforma\u00e7\u00f5es sociais, pol\u00edticas e culturais da regi\u00e3o, deu ao curso de Licenciatura Plena em Hist\u00f3ria o respaldo necess\u00e1rio ao reconhecimento da sociedade.<\/p>\n<p>Em 2013, o quadro docente efetivo do Curso conta com 20 (vinte) professores efetivos e 1 visitante, sendo 14 (quatorze) Doutores, 04(quatro) Mestres, 02(dois) Especialistas e 01(um) Graduado. S\u00e3o profissionais que atuam em diferentes \u00e1reas de Ensino e Pesquisa, qualificados em diversas universidades brasileiras e do exterior.<\/p>\n<p>Convergem para o Centro de Humanidades estudantes de v\u00e1rios lugares do Brejo paraibano, do Sert\u00e3o da Para\u00edba e do Litoral, como tamb\u00e9m, estudantes de outros estados, a exemplo do Cear\u00e1, Bahia e Rio Grande do Norte. No caso do curso de Hist\u00f3ria, a clientela estudantil \u00e9 bastante diversificada, seja quanto ao local de origem, faixa et\u00e1ria, condi\u00e7\u00e3o s\u00f3cio-econ\u00f4mica, identidades \u00e9tnicas e culturais. Tal diversidade, bem como o reconhecimento de que a estrutura da gradua\u00e7\u00e3o est\u00e1 alicer\u00e7ada numa concep\u00e7\u00e3o de ensino n\u00e3o dissociada da Pesquisa e da Extens\u00e3o &#8211; o que \u00e9 uma composi\u00e7\u00e3o que favorece, em demasia, a transmiss\u00e3o do conhecimento hist\u00f3rico de modo cr\u00edtico e problematizador\u00a0 &#8211;\u00a0 faz com que nossa gradua\u00e7\u00e3o n\u00e3o se configure como um curso end\u00f3geno e\/ou local, mas antes como um espa\u00e7o pol\u00edtico e de constru\u00e7\u00e3o e difus\u00e3o de conhecimento, que procura reinventar e transcender fronteiras.<br \/>\nCria\u00e7\u00e3o: Portaria Ministerial de no 939, de 16 de julho de 1994, publicada no D.O.U. de 17 de junho do mesmo ano.<\/p>\n<p><strong>Regime Escolar<\/strong>: Seriado Semestral com duas entradas<\/p>\n<p><strong>Carga hor\u00e1ria total do curso<\/strong>:\u00a0 2.810 horas<\/p>\n<p><strong>Turnos de funcionamento<\/strong>: vespertino e noturno<\/p>\n<p><strong>Dura\u00e7\u00e3o do Curso<\/strong><br \/>\nTurno Diurno: 8 semestres<br \/>\nTurno Noturno: 9 semestres<\/p>\n<p><strong>Campo de atua\u00e7\u00e3o profissional<\/strong>:<\/p>\n<p>O profissional licenciado em Hist\u00f3ria, na perspectiva de forma\u00e7\u00e3o aqui proposta, estar\u00e1 apto a atuar em diversas \u00e1reas\/espa\u00e7os relacionadas ao Ensino e Pesquisa do conhecimento hist\u00f3rico. A saber:<\/p>\n<ul>\n<li>Ensino Fundamental, M\u00e9dio e Superior de Institui\u00e7\u00f5es P\u00fablicas e Privadas. Nas de n\u00edvel superior poder\u00e1 atuar em Cursos espec\u00edficos de Hist\u00f3ria e\/ou de \u00e1reas correlatas, que ofere\u00e7am componentes curriculares de conhecimento hist\u00f3rico.<\/li>\n<li>N\u00facleos\/Funda\u00e7\u00f5es\/Ag\u00eancias de Pesquisa; Arquivos, Museus, Curadorias e \u00f3rg\u00e3os ligados \u00e0 preserva\u00e7\u00e3o e difus\u00e3o da Hist\u00f3ria, da Mem\u00f3ria e Patrim\u00f4nio Cultural, p\u00fablicos ou privados, incluindo Organiza\u00e7\u00f5es N\u00e3o Governamentais (ONG\u2019S).<\/li>\n<li>Assessorias a empresas, \u00f3rg\u00e3os ou ag\u00eancias ligadas \u00e0 produ\u00e7\u00e3o midi\u00e1tica _ Publicidade, Cinema e demais meios de comunica\u00e7\u00e3o de massa. Editorias de livros, jornais e revistas especializados.<\/li>\n<li>Assessorias \u00e0s empresas e\/ou institui\u00e7\u00f5es ligadas ao Turismo.<\/li>\n<\/ul>\n<p><strong>Coordena\u00e7\u00e3o do curso<\/strong> <strong>(Gest\u00e3o 2025-2027)<\/strong>:<br \/>\nProf. Dr. <span style=\"font-weight: 400\">Luiz M\u00e1rio Dantas Burity<\/span> (coordenador)<\/p>\n<p>E-mail: <strong><a href=\"mailto:luizmarioburity@servidor.uepb.edu.br\">luizmarioburity@servidor.uepb.edu.br<\/a><\/strong><\/p>\n<p>Prof. Dra. Susel Oliveira da Rosa (coordenadora adjunta)<\/p>\n<p>E-mail: <strong><a href=\"mailto:susel@servidor.uepb.edu.br\">susel@servidor.uepb.edu.br<\/a><\/strong><\/p>\n<p><strong>Contato:<\/strong> coord.historia.ch@setor.uepb.edu.br<\/p>\n<p>&nbsp;<\/p>\n<p><strong>Chefia Departamental (Gest\u00e3o 2025-2027)<\/strong>:<br \/>\nProf. Dra. Joedna Reis de Meneses (chefe)<\/p>\n<p>E-mail: <strong><a href=\"mailto:joedna@servidor.uepb.edu.br\">joedna@servidor.uepb.edu.br<\/a><\/strong><\/p>\n<p>Profa. <span style=\"font-weight: 400\">Edna Maria N\u00f3brega Ara\u00fajo<\/span>(chefe adjunto)<\/p>\n<p>E-mail: <strong><a href=\"mailto:edna@servidor.uepb.edu.br\">edna@servidor.uepb.edu.br<\/a><\/strong><\/p>\n<p><strong>Contato:<\/strong> depto.historia.ch@setor.uepb.edu.br<\/p>\n<p>&nbsp;<\/p>\n<p><strong>Linhas de pesquisa<\/strong>:<\/p>\n<p>O equil\u00edbrio entre Ensino, Pesquisa e Extens\u00e3o depende da din\u00e2mica da oferta curricular em conson\u00e2ncia com as Linhas de Pesquisa e com a \u00e1rea de Ensino, em particular os Est\u00e1gios Supervisionados.<\/p>\n<p>As Linhas de Pesquisa contemplam as diferentes grandes \u00e1reas e abrem horizontes plurais de objetos, problemas e abordagens de estudo, em compasso com a especializa\u00e7\u00e3o e atua\u00e7\u00e3o do nosso quadro de professores orientadores. S\u00e3o elas:<\/p>\n<ul>\n<li>Historiografia, Literatura e M\u00eddia;<\/li>\n<li>Hist\u00f3ria, Pol\u00edtica e Rela\u00e7\u00f5es de Poder;<\/li>\n<li>Hist\u00f3ria, Trabalho e Economia;<\/li>\n<li>Hist\u00f3ria e Estudos Culturais: Etnia, Cren\u00e7a, G\u00eanero e Sexualidade;<\/li>\n<li>Hist\u00f3ria, Mem\u00f3ria e Cotidiano;<\/li>\n<li>Hist\u00f3ria, Ensino e Curr\u00edculo;<\/li>\n<li>Hist\u00f3ria Cultural e Cidade<\/li>\n<\/ul>\n<p>Estas linhas constituem o territ\u00f3rio prof\u00edcuo de v\u00e1rias experi\u00eancias de Pesquisa e Extens\u00e3o, ligadas aos editais da pr\u00f3pria Institui\u00e7\u00e3o e\/ou de ag\u00eancias de fomento de \u00e2mbito regional e\/ou nacional, a exemplo dos Programas de Inicia\u00e7\u00e3o Cient\u00edfica (PIBIC), PROPESQ, PROBEX, Edital Universal do CNPq, etc.<\/p>\n<p>[wpfilebase tag=fileurl id=4 linktext=&#8217;Lista de Professores&#8217; \/]<\/p>\n<p>&nbsp;<\/p>\n","protected":false},"excerpt":{"rendered":"<p>Hist\u00f3rico: Em 1981 foi criada, na cidade de Guarabira-PB, a ent\u00e3o Faculdade de Filosofia, Ci\u00eancias e Letras de Guarabira-PB \u2013 FAFIG, instalada no antigo Col\u00e9gio Nossa Senhora da Luz, situado no bairro central da cidade. Posteriormente, em 1982, a mesma foi transferida para o bairro de Areia Branca, no Km 1 da Rodovia 075-PB. Os <a class=\"leiamais\" href=\"https:\/\/centros.uepb.edu.br\/ch\/cursos\/licenciatura-plena-em-historia\/\">Leia Mais&#8230;<\/a><\/p>\n","protected":false},"author":26,"featured_media":0,"parent":27,"menu_order":0,"comment_status":"open","ping_status":"open","template":"","meta":{"jetpack_post_was_ever_published":false,"footnotes":""},"class_list":["post-196","page","type-page","status-publish","hentry"],"jetpack_shortlink":"https:\/\/wp.me\/P4NR4N-3a","jetpack_sharing_enabled":true,"_links":{"self":[{"href":"https:\/\/centros.uepb.edu.br\/ch\/wp-json\/wp\/v2\/pages\/196","targetHints":{"allow":["GET"]}}],"collection":[{"href":"https:\/\/centros.uepb.edu.br\/ch\/wp-json\/wp\/v2\/pages"}],"about":[{"href":"https:\/\/centros.uepb.edu.br\/ch\/wp-json\/wp\/v2\/types\/page"}],"author":[{"embeddable":true,"href":"https:\/\/centros.uepb.edu.br\/ch\/wp-json\/wp\/v2\/users\/26"}],"replies":[{"embeddable":true,"href":"https:\/\/centros.uepb.edu.br\/ch\/wp-json\/wp\/v2\/comments?post=196"}],"version-history":[{"count":0,"href":"https:\/\/centros.uepb.edu.br\/ch\/wp-json\/wp\/v2\/pages\/196\/revisions"}],"up":[{"embeddable":true,"href":"https:\/\/centros.uepb.edu.br\/ch\/wp-json\/wp\/v2\/pages\/27"}],"wp:attachment":[{"href":"https:\/\/centros.uepb.edu.br\/ch\/wp-json\/wp\/v2\/media?parent=196"}],"curies":[{"name":"wp","href":"https:\/\/api.w.org\/{rel}","templated":true}]}}