{"id":4510,"date":"2022-06-03T12:33:58","date_gmt":"2022-06-03T12:33:58","guid":{"rendered":"https:\/\/centros.uepb.edu.br\/ceduc\/?page_id=4510"},"modified":"2025-08-26T13:14:19","modified_gmt":"2025-08-26T13:14:19","slug":"pagina-inicial","status":"publish","type":"page","link":"https:\/\/centros.uepb.edu.br\/ceduc\/","title":{"rendered":"P\u00e1gina Inicial"},"content":{"rendered":"<div class=\"wpb-content-wrapper\"><p>[vc_row][vc_column width=&#8221;2\/3&#8243;][vc_text_separator title=&#8221;Not\u00edcias do CEDUC&#8221; i_icon_fontawesome=&#8221;fas fa-newspaper&#8221; i_color=&#8221;custom&#8221; title_align=&#8221;separator_align_left&#8221; css=&#8221;&#8221; add_icon=&#8221;true&#8221; i_custom_color=&#8221;#cc0000&#8243; el_id=&#8221;Aula inaugural do Centro de Educa\u00e7\u00e3o \u2013 CEDUC&#8221;]<div class=\"mdl-grid\"><div class=\"mdl-cell--6-col mdl-cell--6-col-tablet mdl-cell--12-col-phone bloco-noticias\"><div class=\"titulo-noticia-widget\"><a href=\"https:\/\/centros.uepb.edu.br\/ceduc\/convite-para-o-circuito-vermelho-2026\/\"><h3 class=\"titulo-destaque-noticia\">Convite para o Circuito Vermelho 2026<\/h3><\/a><\/div><div class=\"titulo-noticia-widget\"><a href=\"https:\/\/centros.uepb.edu.br\/ceduc\/nota-de-pesar\/\"><h3 class=\"titulo-destaque-noticia\">NOTA DE PESAR<\/h3><\/a><\/div><div class=\"titulo-noticia-widget\"><a href=\"https:\/\/centros.uepb.edu.br\/ceduc\/centro-de-educacao-disponibiliza-certificados-da-aula-inaugural-do-semestre-2025-2\/\"><h3 class=\"titulo-destaque-noticia\">Centro de Educa\u00e7\u00e3o disponibiliza certificados da Aula Inaugural do semestre 2025.2<\/h3><\/a><\/div><div class=\"titulo-noticia-widget\"><a href=\"https:\/\/centros.uepb.edu.br\/ceduc\/convite-para-lancamento-de-livros\/\"><h3 class=\"titulo-destaque-noticia\">Convite para Lan\u00e7amento de Livros<\/h3><\/a><\/div><div class=\"titulo-noticia-widget\"><a href=\"https:\/\/centros.uepb.edu.br\/ceduc\/aula-inaugural-do-centro-de-educacao-ceduc\/\"><h3 class=\"titulo-destaque-noticia\">Aula Inaugural do Centro de Educa\u00e7\u00e3o 2025.2 \u2013 CEDUC<\/h3><\/a><\/div><\/div><div class=\"mdl-cell--6-col mdl-cell--6-col-tablet mdl-cell--12-col-phone bloco-noticias\"><div class=\"titulo-noticia-widget\"><a href=\"https:\/\/centros.uepb.edu.br\/ceduc\/programa-de-pos-graduacao-e-formacao-de-professores-lanca-edital-para-formacao-da-turma-de-mestrado\/\"><h3 class=\"titulo-destaque-noticia\">Programa de P\u00f3s-Gradua\u00e7\u00e3o e Forma\u00e7\u00e3o de Professores lan\u00e7a edital para forma\u00e7\u00e3o da turma de mestrado<\/h3><\/a><\/div><div class=\"titulo-noticia-widget\"><a href=\"https:\/\/centros.uepb.edu.br\/ceduc\/pro-reitoria-estudantil-lanca-edital-de-selecao-para-tutoria-especial-em-quatro-campus-da-uepb\/\"><h3 class=\"titulo-destaque-noticia\">Pr\u00f3-Reitoria Estudantil lan\u00e7a edital de sele\u00e7\u00e3o para Tutoria Especial em quatro c\u00e2mpus da UEPB<\/h3><\/a><\/div><div class=\"titulo-noticia-widget\"><a href=\"https:\/\/centros.uepb.edu.br\/ceduc\/24a-edicao-da-semana-de-geografia-abre-inscricoes-e-faz-homenagem-ao-professor-manuel-correia-de-andrade\/\"><h3 class=\"titulo-destaque-noticia\">24\u00aa edi\u00e7\u00e3o da Semana de Geografia abre inscri\u00e7\u00f5es e faz homenagem ao professor Manuel Correia de Andrade<\/h3><\/a><\/div><div class=\"titulo-noticia-widget\"><a href=\"https:\/\/centros.uepb.edu.br\/ceduc\/professora-do-departamento-de-letras-e-artes-lanca-livro-de-literatura-na-central-de-integracao-academica\/\"><h3 class=\"titulo-destaque-noticia\">Professora do Departamento de Letras e Artes lan\u00e7a livro de Literatura na Central de Integra\u00e7\u00e3o Acad\u00eamica<\/h3><\/a><\/div><div class=\"titulo-noticia-widget\"><a href=\"https:\/\/centros.uepb.edu.br\/ceduc\/nucleo-de-ensino-de-lingua-espanhola-inscreve-para-minicurso-sobre-uso-de-dicionarios-em-sala-de-aula\/\"><h3 class=\"titulo-destaque-noticia\">N\u00facleo de Ensino de L\u00edngua Espanhola inscreve para minicurso sobre uso de dicion\u00e1rios em sala de aula<\/h3><\/a><\/div><\/div><\/div>[vc_text_separator title=&#8221;\u00daltimas Not\u00edcias&#8221; i_icon_fontawesome=&#8221;fas fa-newspaper&#8221; i_color=&#8221;custom&#8221; title_align=&#8221;separator_align_left&#8221; css=&#8221;&#8221; add_icon=&#8221;true&#8221; i_custom_color=&#8221;#cc0000&#8243;]<div class=\"mdl-grid\"><div class=\"mdl-cell--6-col mdl-cell--6-col-tablet mdl-cell--12-col-phone bloco-noticias\"><div class=\"titulo-noticia-widget\"><a href=\"https:\/\/uepb.edu.br\/na-uepb-simposio-sobre-circuito-vermelho-chama-atencao-para-o-enfrentamento-do-hiv-aids-na-paraiba\/\" target=\"_blank\"><h3 class=\"titulo-destaque-noticia\">Na UEPB: simp\u00f3sio sobre Circuito Vermelho chama aten\u00e7\u00e3o para o enfrentamento do HIV\/AIDS na Para\u00edba<\/h3><\/a><\/div><div class=\"titulo-noticia-widget\"><a href=\"https:\/\/uepb.edu.br\/departamento-de-geografia-celebra-centenario-de-milton-santos-em-coloquio-sobre-sociedade-e-transformacoes\/\" target=\"_blank\"><h3 class=\"titulo-destaque-noticia\">Departamento de Geografia celebra centen\u00e1rio de Milton Santos em col\u00f3quio sobre sociedade e transforma\u00e7\u00f5es<\/h3><\/a><\/div><div class=\"titulo-noticia-widget\"><a href=\"https:\/\/uepb.edu.br\/consepe-aprova-relatorio-institucional-do-pet-e-adequacoes-nos-cursos-ead-de-geografia-e-historia\/\" target=\"_blank\"><h3 class=\"titulo-destaque-noticia\">Consepe aprova relat\u00f3rio institucional do PET e adequa\u00e7\u00f5es nos cursos EaD de Geografia e Hist\u00f3ria<\/h3><\/a><\/div><div class=\"titulo-noticia-widget\"><a href=\"https:\/\/uepb.edu.br\/grupo-de-pesquisa-benditas-escritas-transgressoras-abre-inscricoes-para-fase-que-aborda-obra-de-teresa-davila\/\" target=\"_blank\"><h3 class=\"titulo-destaque-noticia\">Grupo de pesquisa Benditas Escritas Transgressoras abre inscri\u00e7\u00f5es para fase que aborda obra de Teresa d\u2019\u00c1vila<\/h3><\/a><\/div><div class=\"titulo-noticia-widget\"><a href=\"https:\/\/uepb.edu.br\/nai-promove-encontro-sobre-transtorno-do-espectro-autista-com-foco-em-educacao-inclusiva\/\" target=\"_blank\"><h3 class=\"titulo-destaque-noticia\">NAI promove encontro sobre Transtorno do Espectro Autista com foco em educa\u00e7\u00e3o inclusiva<\/h3><\/a><\/div><div class=\"titulo-noticia-widget\"><a href=\"https:\/\/uepb.edu.br\/debate-em-torno-das-lutas-direitos-e-desafios-dos-povos-originarios-marca-abertura-da-8a-edicao-do-abril-indigena\/\" target=\"_blank\"><h3 class=\"titulo-destaque-noticia\">Debate em torno das lutas, direitos e desafios dos povos origin\u00e1rios marca abertura da 8\u00aa edi\u00e7\u00e3o do Abril Ind\u00edgena<\/h3><\/a><\/div><\/div><div class=\"mdl-cell--6-col mdl-cell--6-col-tablet mdl-cell--12-col-phone bloco-noticias\"><div class=\"titulo-noticia-widget\"><a href=\"https:\/\/uepb.edu.br\/professora-do-departamento-de-educacao-e-homenageada-em-congresso-de-inclusao-linguagem-e-literatura\/\" target=\"_blank\"><h3 class=\"titulo-destaque-noticia\">Professora do Departamento de Educa\u00e7\u00e3o \u00e9 homenageada em Congresso de Inclus\u00e3o, Linguagem e Literatura<\/h3><\/a><\/div><div class=\"titulo-noticia-widget\"><a href=\"https:\/\/uepb.edu.br\/nucleo-de-estudos-afrobrasileiros-e-indigenas-oferece-ampla-programacao-dentro-da-8a-edicao-do-abril-indigena\/\" target=\"_blank\"><h3 class=\"titulo-destaque-noticia\">N\u00facleo de Estudos Afrobrasileiros e Ind\u00edgenas oferece ampla programa\u00e7\u00e3o dentro da 8\u00aa edi\u00e7\u00e3o do Abril Ind\u00edgena<\/h3><\/a><\/div><div class=\"titulo-noticia-widget\"><a href=\"https:\/\/uepb.edu.br\/estudantes-de-geografia-participam-de-oficina-em-alusao-ao-dia-internacional-do-transtorno-do-espectro-autista\/\" target=\"_blank\"><h3 class=\"titulo-destaque-noticia\">Estudantes de Geografia participam de oficina em alus\u00e3o ao Dia Internacional do Transtorno do Espectro Autista<\/h3><\/a><\/div><div class=\"titulo-noticia-widget\"><a href=\"https:\/\/uepb.edu.br\/universidade-estadual-da-paraiba-sedia-1o-seminario-internacional-sobre-educacao-inclusiva-e-direitos-humanos\/\" target=\"_blank\"><h3 class=\"titulo-destaque-noticia\">Universidade Estadual da Para\u00edba sedia 1\u00ba Semin\u00e1rio Internacional sobre educa\u00e7\u00e3o inclusiva e direitos humanos<\/h3><\/a><\/div><div class=\"titulo-noticia-widget\"><a href=\"https:\/\/uepb.edu.br\/programa-de-preparacao-pro-enem-integra-mais-uma-vez-rede-nacional-de-cursinhos-populares-do-governo-federal\/\" target=\"_blank\"><h3 class=\"titulo-destaque-noticia\">Programa de prepara\u00e7\u00e3o Pr\u00f3-Enem integra mais uma vez Rede Nacional de Cursinhos Populares do Governo Federal<\/h3><\/a><\/div><div class=\"titulo-noticia-widget\"><a href=\"https:\/\/uepb.edu.br\/proead-abre-processo-seletivo-de-docentes-para-atuacao-em-cursos-de-licenciatura-na-modalidade-a-distancia\/\" target=\"_blank\"><h3 class=\"titulo-destaque-noticia\">PROEAD abre processo seletivo de docentes para atua\u00e7\u00e3o em cursos de licenciatura na modalidade a dist\u00e2ncia<\/h3><\/a><\/div><\/div><\/div>[\/vc_column][vc_column width=&#8221;1\/3&#8243;][vc_text_separator title=&#8221;Acesso R\u00e1pido&#8221; i_icon_fontawesome=&#8221;fas fa-external-link-alt&#8221; i_color=&#8221;custom&#8221; title_align=&#8221;separator_align_left&#8221; add_icon=&#8221;true&#8221; i_custom_color=&#8221;#cc0000&#8243;][vc_btn title=&#8221;Biblioteca&#8221; shape=&#8221;square&#8221; color=&#8221;primary&#8221; size=&#8221;lg&#8221; align=&#8221;left&#8221; css=&#8221;.vc_custom_1654260051244{margin-bottom: 10px !important;}&#8221; button_block=&#8221;true&#8221; link=&#8221;url:http%3A%2F%2Fbiblioteca.uepb.edu.br|target:_blank&#8221;][vc_btn title=&#8221;PROGRAD&#8221; shape=&#8221;square&#8221; color=&#8221;info&#8221; size=&#8221;lg&#8221; align=&#8221;left&#8221; css=&#8221;.vc_custom_1756214035143{margin-bottom: 10px !important;}&#8221; button_block=&#8221;true&#8221; link=&#8221;url:https%3A%2F%2Fuepb.edu.br%2Fprograd%2F|target:_blank&#8221;][vc_btn title=&#8221;SUAP&#8221; shape=&#8221;square&#8221; color=&#8221;inverse&#8221; size=&#8221;lg&#8221; align=&#8221;left&#8221; css=&#8221;.vc_custom_1756213886599{margin-bottom: 10px !important;}&#8221; button_block=&#8221;true&#8221; link=&#8221;url:http%3A%2F%2Fsuap.uepb.edu.br|target:_blank&#8221;][vc_btn title=&#8221;Curr\u00edculo Lattes&#8221; shape=&#8221;square&#8221; color=&#8221;peacoc&#8221; size=&#8221;lg&#8221; align=&#8221;left&#8221; css=&#8221;.vc_custom_1654260126890{margin-bottom: 10px !important;}&#8221; button_block=&#8221;true&#8221; link=&#8221;url:http%3A%2F%2Flattes.cnpq.br|target:_blank&#8221;][vc_btn title=&#8221;Editais e Sele\u00e7\u00f5es&#8221; shape=&#8221;square&#8221; color=&#8221;purple&#8221; size=&#8221;lg&#8221; align=&#8221;left&#8221; css=&#8221;.vc_custom_1756213970802{margin-bottom: 10px !important;}&#8221; button_block=&#8221;true&#8221; link=&#8221;url:https%3A%2F%2Fuepb.edu.br%2Feditais%2F|target:_blank&#8221;][\/vc_column][vc_column][\/vc_column][\/vc_row]<\/p>\n<\/div>","protected":false},"excerpt":{"rendered":"<p>[vc_row][vc_column width=&#8221;2\/3&#8243;][vc_text_separator title=&#8221;Not\u00edcias do CEDUC&#8221; i_icon_fontawesome=&#8221;fas fa-newspaper&#8221; i_color=&#8221;custom&#8221; title_align=&#8221;separator_align_left&#8221; css=&#8221;&#8221; add_icon=&#8221;true&#8221; i_custom_color=&#8221;#cc0000&#8243; el_id=&#8221;Aula inaugural do Centro de Educa\u00e7\u00e3o \u2013 CEDUC&#8221;][vc_text_separator title=&#8221;\u00daltimas Not\u00edcias&#8221; i_icon_fontawesome=&#8221;fas fa-newspaper&#8221; i_color=&#8221;custom&#8221; title_align=&#8221;separator_align_left&#8221; css=&#8221;&#8221; add_icon=&#8221;true&#8221; i_custom_color=&#8221;#cc0000&#8243;][\/vc_column][vc_column width=&#8221;1\/3&#8243;][vc_text_separator title=&#8221;Acesso R\u00e1pido&#8221; i_icon_fontawesome=&#8221;fas fa-external-link-alt&#8221; i_color=&#8221;custom&#8221; title_align=&#8221;separator_align_left&#8221; add_icon=&#8221;true&#8221; i_custom_color=&#8221;#cc0000&#8243;][vc_btn title=&#8221;Biblioteca&#8221; shape=&#8221;square&#8221; color=&#8221;primary&#8221; size=&#8221;lg&#8221; align=&#8221;left&#8221; css=&#8221;.vc_custom_1654260051244{margin-bottom: 10px !important;}&#8221; button_block=&#8221;true&#8221; link=&#8221;url:http%3A%2F%2Fbiblioteca.uepb.edu.br|target:_blank&#8221;][vc_btn title=&#8221;PROGRAD&#8221; shape=&#8221;square&#8221; color=&#8221;info&#8221; size=&#8221;lg&#8221; align=&#8221;left&#8221; css=&#8221;.vc_custom_1756214035143{margin-bottom: 10px <a class=\"leiamais\" href=\"https:\/\/centros.uepb.edu.br\/ceduc\/\">Leia Mais&#8230;<\/a><\/p>\n","protected":false},"author":18,"featured_media":0,"parent":0,"menu_order":0,"comment_status":"closed","ping_status":"closed","template":"","meta":{"footnotes":""},"class_list":["post-4510","page","type-page","status-publish","hentry"],"jetpack_sharing_enabled":true,"_links":{"self":[{"href":"https:\/\/centros.uepb.edu.br\/ceduc\/wp-json\/wp\/v2\/pages\/4510","targetHints":{"allow":["GET"]}}],"collection":[{"href":"https:\/\/centros.uepb.edu.br\/ceduc\/wp-json\/wp\/v2\/pages"}],"about":[{"href":"https:\/\/centros.uepb.edu.br\/ceduc\/wp-json\/wp\/v2\/types\/page"}],"author":[{"embeddable":true,"href":"https:\/\/centros.uepb.edu.br\/ceduc\/wp-json\/wp\/v2\/users\/18"}],"replies":[{"embeddable":true,"href":"https:\/\/centros.uepb.edu.br\/ceduc\/wp-json\/wp\/v2\/comments?post=4510"}],"version-history":[{"count":0,"href":"https:\/\/centros.uepb.edu.br\/ceduc\/wp-json\/wp\/v2\/pages\/4510\/revisions"}],"wp:attachment":[{"href":"https:\/\/centros.uepb.edu.br\/ceduc\/wp-json\/wp\/v2\/media?parent=4510"}],"curies":[{"name":"wp","href":"https:\/\/api.w.org\/{rel}","templated":true}]}}