{"id":421,"date":"2014-04-10T13:01:23","date_gmt":"2014-04-10T13:01:23","guid":{"rendered":"\/ceduc\/?page_id=421"},"modified":"2025-08-26T11:02:04","modified_gmt":"2025-08-26T11:02:04","slug":"filosofia","status":"publish","type":"page","link":"https:\/\/centros.uepb.edu.br\/ceduc\/filosofia\/","title":{"rendered":"Filosofia"},"content":{"rendered":"<div class=\"wpb-content-wrapper\"><p>[vc_row][vc_column][vc_tta_tabs][vc_tta_section title=&#8221;Sobre o Curso&#8221; tab_id=&#8221;1654260658421-d4493657-532f&#8221;][vc_column_text]O Curso de Filosofia teve inicio em 2005 tendo sua primeira turma de concluintes em 2009. O objetivo deste Curso \u00e9 desenvolver, com \u00eanfase cr\u00edtica em sua orienta\u00e7\u00e3o pedag\u00f3gica e metodol\u00f3gica, a conscientiza\u00e7\u00e3o e a forma\u00e7\u00e3o filos\u00f3fica human\u00edstica, inserida na realidade social brasileira e local, igualmente com vistas \u00e0 forma\u00e7\u00e3o para o exerc\u00edcio pleno da cidadania, assentadas as suas bases na autonomia do pensamento e da a\u00e7\u00e3o eticamente respons\u00e1veis, questionadores e transformadores da realidade.<\/p>\n<p>O Departamento de Filosofia da Universidade Estadual da Para\u00edba tamb\u00e9m<a name=\"_GoBack\"><\/a>\u00a0oferece Componentes Curriculares convergentes \u00e0 forma\u00e7\u00e3o cr\u00edtico-human\u00edstica dos demais Cursos da UEPB. Os Componentes Curriculares do DFIL constituem, de fato, os fundamentos filos\u00f3ficos, sociol\u00f3gicos e metodol\u00f3gicos necess\u00e1rios para a proposta pol\u00edtico-pedag\u00f3gica de forma\u00e7\u00e3o desses outros Cursos.[\/vc_column_text][\/vc_tta_section][vc_tta_section title=&#8221;Chefias&#8221; tab_id=&#8221;1654260658430-b566da03-2a70&#8243;][vc_column_text css=&#8221;&#8221;]<strong>Chefe do Departamento: <em><span style=\"color: #0000ff;\">Prof. Dr. <\/span><\/em><\/strong><strong><em><span style=\"color: #0000ff;\">Otac\u00edlio Gomes da Silva Neto<\/span><\/em><\/strong><\/p>\n<p>E-mail: <a href=\"mailto:pr.otacilio.filosofia@servidor.uepb.edu.br\" target=\"_blank\" rel=\"noopener\"><span dir=\"ltr\" data-tooltip=\"Enviar e-mail\">pr.otacilio.filosofia@servidor.uepb.edu.br<\/span><\/a><\/p>\n<p><strong>Chefe Adjunto do Departamento: <em><span style=\"color: #0000ff;\">Prof. Dr. Ramon Bolivar Cavalcanti<\/span><br \/>\n<\/em><\/strong><\/p>\n<p>E-mail: <span style=\"font-size: small;\"><span style=\"color: #467886;\"><u><a href=\"mailto:ramonbolivar@servidor.uepb.edu.br\" target=\"_blank\" rel=\"noopener\"><span lang=\"pt-BR\"><b>ramonbolivar@servidor.uepb.edu.br<\/b><\/span><\/a><\/u><\/span><\/span><\/p>\n<p><strong>Coordenador do Curso: <\/strong><strong><span style=\"color: #0000ff;\"><em>Prof. Dr. Jos\u00e9 Nilton Conserva de Arruda<\/em><\/span><\/strong><\/p>\n<p>E-mail: <a href=\"mailto:niltonconserva@servidor.uepb.edu.br\" target=\"_blank\" rel=\"noopener\"><span dir=\"ltr\" data-tooltip=\"Enviar e-mail\">niltonconserva@servidor.uepb.edu.br<\/span><\/a><\/p>\n<p><strong>Coordenador Adjunto do Curso: <em><span style=\"color: #0000ff;\">Prof. Dr. Carlos Ant\u00f4nio de Souza<br \/>\n<\/span><\/em><\/strong><\/p>\n<p>E-mail: <span style=\"font-size: small;\"><span style=\"color: #467886;\"><u><a href=\"mailto:souza_sol@yahoo.com.br\" target=\"_blank\" rel=\"noopener\"><span lang=\"pt-BR\"><b>souzasol@yahoo.com.br<\/b><\/span><\/a><\/u><\/span><\/span>[\/vc_column_text][\/vc_tta_section][vc_tta_section title=&#8221;Secret\u00e1rios&#8221; tab_id=&#8221;1654263071627-c009e26a-360b&#8221;][vc_column_text css=&#8221;&#8221;]- Carlos Rodrigo Jord\u00e3o de Albuquerque\u00a0 (Departamento)<\/p>\n<p>&#8211; Ang\u00e9lica Oliveira de Alencar (Coordena\u00e7\u00e3o)[\/vc_column_text][\/vc_tta_section][\/vc_tta_tabs][\/vc_column][\/vc_row]<\/p>\n<\/div>","protected":false},"excerpt":{"rendered":"<p>[vc_row][vc_column][vc_tta_tabs][vc_tta_section title=&#8221;Sobre o Curso&#8221; tab_id=&#8221;1654260658421-d4493657-532f&#8221;][vc_column_text]O Curso de Filosofia teve inicio em 2005 tendo sua primeira turma de concluintes em 2009. O objetivo deste Curso \u00e9 desenvolver, com \u00eanfase cr\u00edtica em sua orienta\u00e7\u00e3o pedag\u00f3gica e metodol\u00f3gica, a conscientiza\u00e7\u00e3o e a forma\u00e7\u00e3o filos\u00f3fica human\u00edstica, inserida na realidade social brasileira e local, igualmente com vistas \u00e0 forma\u00e7\u00e3o para <a class=\"leiamais\" href=\"https:\/\/centros.uepb.edu.br\/ceduc\/filosofia\/\">Leia Mais&#8230;<\/a><\/p>\n","protected":false},"author":15,"featured_media":0,"parent":0,"menu_order":16,"comment_status":"open","ping_status":"open","template":"","meta":{"footnotes":""},"class_list":["post-421","page","type-page","status-publish","hentry"],"jetpack_sharing_enabled":true,"_links":{"self":[{"href":"https:\/\/centros.uepb.edu.br\/ceduc\/wp-json\/wp\/v2\/pages\/421","targetHints":{"allow":["GET"]}}],"collection":[{"href":"https:\/\/centros.uepb.edu.br\/ceduc\/wp-json\/wp\/v2\/pages"}],"about":[{"href":"https:\/\/centros.uepb.edu.br\/ceduc\/wp-json\/wp\/v2\/types\/page"}],"author":[{"embeddable":true,"href":"https:\/\/centros.uepb.edu.br\/ceduc\/wp-json\/wp\/v2\/users\/15"}],"replies":[{"embeddable":true,"href":"https:\/\/centros.uepb.edu.br\/ceduc\/wp-json\/wp\/v2\/comments?post=421"}],"version-history":[{"count":0,"href":"https:\/\/centros.uepb.edu.br\/ceduc\/wp-json\/wp\/v2\/pages\/421\/revisions"}],"wp:attachment":[{"href":"https:\/\/centros.uepb.edu.br\/ceduc\/wp-json\/wp\/v2\/media?parent=421"}],"curies":[{"name":"wp","href":"https:\/\/api.w.org\/{rel}","templated":true}]}}