{"id":18,"date":"2014-03-26T13:16:29","date_gmt":"2014-03-26T13:16:29","guid":{"rendered":"\/ceduc\/?page_id=18"},"modified":"2025-07-01T11:39:05","modified_gmt":"2025-07-01T11:39:05","slug":"nucleos","status":"publish","type":"page","link":"https:\/\/centros.uepb.edu.br\/ceduc\/nucleos\/","title":{"rendered":"N\u00facleos"},"content":{"rendered":"<h3>N\u00facleo de Estudos Afro-Brasileiros e Ind\u00edgenas (NEABI)<\/h3>\n<p><strong>Coordenadora: Profa. Dra. Cristiane Maria Nepomuceno &#8211; DCS\/UEPB<\/strong><br \/>\nSala: 343 &#8211; Central Acad\u00eamica Paulo Freire<br \/>\nE-mail:\u00a0neabi@setor.uepb.edu.br<\/p>\n<h3>Principium \u2013 N\u00facleo de Estudo e Pesquisa em Filosofia Medieval<\/h3>\n<p><strong>Coordenadora: Profa. Dra. Maria Simone Marinho Nogueira<\/strong><br \/>\nFone: 3344-5317 &#8211; Sala: 223<br \/>\nE-mail: principiumfilosofia@gmail.com<br \/>\nSite: <a href=\"https:\/\/sites.uepb.edu.br\/principium\">sites.uepb.edu.br\/principium<\/a><\/p>\n<h3>N\u00facleo de Hist\u00f3ria e Pr\u00e9-Hist\u00f3ria<\/h3>\n<p><strong>Coordenador: Prof. Me. Matusal\u00e9m Alves de Oliveira<\/strong><br \/>\nFone: 3344-5317\u00a0 &#8211;\u00a0 Sala: 344<\/p>\n<h3>N\u00facleo de Documenta\u00e7\u00e3o e Pesquisa em Hist\u00f3ria (NUDOPH)<\/h3>\n<p><strong>Coordenadora: Profa. Dra. Maria do Socorro Cipriano<\/strong><br \/>\nFone: 3344-5317\u00a0 &#8211;\u00a0 Sala: 324<\/p>\n<h3>NAI &#8211; N\u00facleo de Educa\u00e7\u00e3o Especial<\/h3>\n<p><strong>Coordenador: Alindembergue de Ara\u00fajo Oliveira<\/strong><br \/>\nFone: 3344-5335\u00a0 &#8211;\u00a0 Sala: 335<br \/>\nE-mail: nai@setor.ceduc.uepb.edu.br<\/p>\n<h3>NEPFIL &#8211; N\u00facleo de Estudo e Pesquisa sobre Ensino de Filosofia e Filosofia Marxista.<\/h3>\n<p><strong>Coordenador: Prof. Dr. Valmir Pereira<\/strong><br \/>\nSala: 223 &#8211; Central Acad\u00eamica Paulo Freire<br \/>\nE-mail: provalmir@gmail.com<\/p>\n","protected":false},"excerpt":{"rendered":"<p>N\u00facleo de Estudos Afro-Brasileiros e Ind\u00edgenas (NEABI) Coordenadora: Profa. Dra. Cristiane Maria Nepomuceno &#8211; DCS\/UEPB Sala: 343 &#8211; Central Acad\u00eamica Paulo Freire E-mail:\u00a0neabi@setor.uepb.edu.br Principium \u2013 N\u00facleo de Estudo e Pesquisa em Filosofia Medieval Coordenadora: Profa. Dra. Maria Simone Marinho Nogueira Fone: 3344-5317 &#8211; Sala: 223 E-mail: principiumfilosofia@gmail.com Site: sites.uepb.edu.br\/principium N\u00facleo de Hist\u00f3ria e Pr\u00e9-Hist\u00f3ria Coordenador: <a class=\"leiamais\" href=\"https:\/\/centros.uepb.edu.br\/ceduc\/nucleos\/\">Leia Mais&#8230;<\/a><\/p>\n","protected":false},"author":26,"featured_media":0,"parent":0,"menu_order":24,"comment_status":"open","ping_status":"open","template":"","meta":{"footnotes":""},"class_list":["post-18","page","type-page","status-publish","hentry"],"jetpack_sharing_enabled":true,"_links":{"self":[{"href":"https:\/\/centros.uepb.edu.br\/ceduc\/wp-json\/wp\/v2\/pages\/18","targetHints":{"allow":["GET"]}}],"collection":[{"href":"https:\/\/centros.uepb.edu.br\/ceduc\/wp-json\/wp\/v2\/pages"}],"about":[{"href":"https:\/\/centros.uepb.edu.br\/ceduc\/wp-json\/wp\/v2\/types\/page"}],"author":[{"embeddable":true,"href":"https:\/\/centros.uepb.edu.br\/ceduc\/wp-json\/wp\/v2\/users\/26"}],"replies":[{"embeddable":true,"href":"https:\/\/centros.uepb.edu.br\/ceduc\/wp-json\/wp\/v2\/comments?post=18"}],"version-history":[{"count":0,"href":"https:\/\/centros.uepb.edu.br\/ceduc\/wp-json\/wp\/v2\/pages\/18\/revisions"}],"wp:attachment":[{"href":"https:\/\/centros.uepb.edu.br\/ceduc\/wp-json\/wp\/v2\/media?parent=18"}],"curies":[{"name":"wp","href":"https:\/\/api.w.org\/{rel}","templated":true}]}}