{"id":1740,"date":"2015-06-18T14:18:02","date_gmt":"2015-06-18T14:18:02","guid":{"rendered":"https:\/\/centros.uepb.edu.br\/ceduc\/?page_id=1740"},"modified":"2025-06-30T14:16:19","modified_gmt":"2025-06-30T14:16:19","slug":"ciencias-sociais","status":"publish","type":"page","link":"https:\/\/centros.uepb.edu.br\/ceduc\/ciencias-sociais\/","title":{"rendered":"Sociologia"},"content":{"rendered":"<div class=\"wpb-content-wrapper\"><p>[vc_row][vc_column][vc_tta_tabs][vc_tta_section title=&#8221;Sobre o Curso&#8221; tab_id=&#8221;1654688836297-9b487cbb-a20c&#8221;][vc_column_text]Entendemos assim que a UEPB deva se colocar frente ao seu papel hist\u00f3rico de uma institui\u00e7\u00e3o dedicada \u00e0 forma\u00e7\u00e3o e \u00e0 capacita\u00e7\u00e3o cont\u00ednua de profissionais em diversas \u00e1reas, constituindo-se em um centro regional de refer\u00eancia na produ\u00e7\u00e3o e difus\u00e3o de novos conhecimentos. Dessa forma, a Licenciatura em Sociologia dever\u00e1 cumprir uma posi\u00e7\u00e3o estrat\u00e9gica no desenvolvimento regional, podendo contribuir decisivamente para o debate e a constru\u00e7\u00e3o de propostas econ\u00f4micas, pol\u00edticas e sociais voltadas para o desenvolvimento com inclus\u00e3o social vi\u00e1vel e em resposta \u00e0s demandas e interesses da sociedade nordestina, em especial, da paraibana.<\/p>\n<p>Nesse sentido, a Licenciatura em Sociologia aqui proposta poder\u00e1 formar professores que desejem ensinar Sociologia e profissionais que j\u00e1 se encontram atuando sem, no entanto, forma\u00e7\u00e3o especifica. O curso tamb\u00e9m pretende contemplar educadores e lideran\u00e7as de movimentos sociais, fomentando o estudo da vida social, a intera\u00e7\u00e3o e a estrutura sociais, a constitui\u00e7\u00e3o dos grupos sociais, o desenvolvimento e o funcionamento das comunidades, especialmente, a vida no campo e na cidade. Assim, ser\u00e3o formados profissionais que ter\u00e3o contato com teorias e metodologias para a constru\u00e7\u00e3o de conhecimentos cr\u00edticos e transdisciplinares sobre os fen\u00f4menos sociais, culturais, pol\u00edticos e econ\u00f4micos.<\/p>\n<p>Uma outra quest\u00e3o diz respeito ao fato do curso apresentar \u00eanfase e aprofundamento quanto ao exerc\u00edcio da doc\u00eancia objetivando formar educadores pol\u00edtico-sociais da cidade e do campo de tal modo a tamb\u00e9m habilitar para o exerc\u00edcio de atividades tais como pesquisa, planejamento e assessoria t\u00e9cnico-cient\u00edfica, haja vista uma amplia\u00e7\u00e3o dos campos de atua\u00e7\u00e3o dos educadores que tamb\u00e9m poder\u00e3o atuar em ONGs, sindicatos, partidos pol\u00edticos, institutos de pesquisa e de planejamento, \u00f3rg\u00e3os governamentais ligados aos poderes executivo, legislativo e judici\u00e1rio, dentre outros.[\/vc_column_text][\/vc_tta_section][vc_tta_section title=&#8221;Chefias&#8221; tab_id=&#8221;1654688836306-d4b18aa0-d9cc&#8221;][vc_column_text css=&#8221;&#8221;]Chefe do Departamento: <strong>Profa. Dra. Waltimar Batista Rodrigues Lula<\/strong><\/p>\n<p>E-mail: <span style=\"font-size: small\"><span style=\"color: #467886\"><u><a href=\"mailto:waltimar@servidor.uepb.edu.br\" target=\"_blank\" rel=\"noopener\"><span lang=\"pt-BR\"><b>waltimar@servidor.uepb.edu.br<\/b><\/span><\/a><\/u><\/span><\/span><\/p>\n<p>Chefe Adjunto do Departamento: <strong>Prof. Dr. Ranieri Ferreira Torres<\/strong><\/p>\n<p>E-mail: <span style=\"font-size: small\"><span style=\"color: #467886\"><u><a href=\"mailto:ferreiragomes@servidor.uepb.edu.br\" target=\"_blank\" rel=\"noopener\"><span lang=\"pt-BR\"><b>ferreiragomes@servidor.uepb.edu.br<\/b><\/span><\/a><\/u><\/span><\/span><\/p>\n<p>Coordenador do Curso: <strong>Profa.\u00a0 Dra. Silv\u00e2nia Karla de Farias Lima<\/strong><\/p>\n<p>E-mail: <a href=\"mailto:silvaniakarla@servidor.uepb.edu.br\">silvaniakarla@servidor.uepb.edu.br<\/a><\/p>\n<p>Coordenadora Adjunta do Curso: <strong>Prof. Dr. Jo\u00e3o Pedro de Santana Neto<\/strong><\/p>\n<p>E-mail: <a href=\"mailto:joaopedrosanet@servidor.uepb.edu.br\">joaopedrosanet@servidor.uepb.edu.br<\/a>[\/vc_column_text][\/vc_tta_section][vc_tta_section title=&#8221;Secret\u00e1rios&#8221; tab_id=&#8221;1654689007237-e8168385-ca43&#8243;][vc_column_text css=&#8221;&#8221;]Phablo Barbosa Pereira (Departamento)<\/p>\n<p>Flaviano Aguiar Silva (Coordena\u00e7\u00e3o)[\/vc_column_text][\/vc_tta_section][\/vc_tta_tabs][\/vc_column][\/vc_row]<\/p>\n<\/div>","protected":false},"excerpt":{"rendered":"<p>[vc_row][vc_column][vc_tta_tabs][vc_tta_section title=&#8221;Sobre o Curso&#8221; tab_id=&#8221;1654688836297-9b487cbb-a20c&#8221;][vc_column_text]Entendemos assim que a UEPB deva se colocar frente ao seu papel hist\u00f3rico de uma institui\u00e7\u00e3o dedicada \u00e0 forma\u00e7\u00e3o e \u00e0 capacita\u00e7\u00e3o cont\u00ednua de profissionais em diversas \u00e1reas, constituindo-se em um centro regional de refer\u00eancia na produ\u00e7\u00e3o e difus\u00e3o de novos conhecimentos. Dessa forma, a Licenciatura em Sociologia dever\u00e1 cumprir uma <a class=\"leiamais\" href=\"https:\/\/centros.uepb.edu.br\/ceduc\/ciencias-sociais\/\">Leia Mais&#8230;<\/a><\/p>\n","protected":false},"author":15,"featured_media":0,"parent":0,"menu_order":3,"comment_status":"open","ping_status":"open","template":"","meta":{"footnotes":""},"class_list":["post-1740","page","type-page","status-publish","hentry"],"jetpack_sharing_enabled":true,"_links":{"self":[{"href":"https:\/\/centros.uepb.edu.br\/ceduc\/wp-json\/wp\/v2\/pages\/1740","targetHints":{"allow":["GET"]}}],"collection":[{"href":"https:\/\/centros.uepb.edu.br\/ceduc\/wp-json\/wp\/v2\/pages"}],"about":[{"href":"https:\/\/centros.uepb.edu.br\/ceduc\/wp-json\/wp\/v2\/types\/page"}],"author":[{"embeddable":true,"href":"https:\/\/centros.uepb.edu.br\/ceduc\/wp-json\/wp\/v2\/users\/15"}],"replies":[{"embeddable":true,"href":"https:\/\/centros.uepb.edu.br\/ceduc\/wp-json\/wp\/v2\/comments?post=1740"}],"version-history":[{"count":0,"href":"https:\/\/centros.uepb.edu.br\/ceduc\/wp-json\/wp\/v2\/pages\/1740\/revisions"}],"wp:attachment":[{"href":"https:\/\/centros.uepb.edu.br\/ceduc\/wp-json\/wp\/v2\/media?parent=1740"}],"curies":[{"name":"wp","href":"https:\/\/api.w.org\/{rel}","templated":true}]}}