{"id":1571,"date":"2015-03-11T12:39:25","date_gmt":"2015-03-11T12:39:25","guid":{"rendered":"https:\/\/centros.uepb.edu.br\/ceduc\/?page_id=1571"},"modified":"2015-04-28T11:58:26","modified_gmt":"2015-04-28T11:58:26","slug":"extensao-de-filosofia","status":"publish","type":"page","link":"https:\/\/centros.uepb.edu.br\/ceduc\/extensao-de-filosofia\/","title":{"rendered":"Extens\u00e3o de Filosofia"},"content":{"rendered":"<p>Em constru\u00e7\u00e3o<\/p>\n","protected":false},"excerpt":{"rendered":"<p>Em constru\u00e7\u00e3o<\/p>\n","protected":false},"author":15,"featured_media":0,"parent":0,"menu_order":5,"comment_status":"open","ping_status":"open","template":"","meta":{"footnotes":""},"class_list":["post-1571","page","type-page","status-publish","hentry"],"jetpack_sharing_enabled":true,"_links":{"self":[{"href":"https:\/\/centros.uepb.edu.br\/ceduc\/wp-json\/wp\/v2\/pages\/1571","targetHints":{"allow":["GET"]}}],"collection":[{"href":"https:\/\/centros.uepb.edu.br\/ceduc\/wp-json\/wp\/v2\/pages"}],"about":[{"href":"https:\/\/centros.uepb.edu.br\/ceduc\/wp-json\/wp\/v2\/types\/page"}],"author":[{"embeddable":true,"href":"https:\/\/centros.uepb.edu.br\/ceduc\/wp-json\/wp\/v2\/users\/15"}],"replies":[{"embeddable":true,"href":"https:\/\/centros.uepb.edu.br\/ceduc\/wp-json\/wp\/v2\/comments?post=1571"}],"version-history":[{"count":0,"href":"https:\/\/centros.uepb.edu.br\/ceduc\/wp-json\/wp\/v2\/pages\/1571\/revisions"}],"wp:attachment":[{"href":"https:\/\/centros.uepb.edu.br\/ceduc\/wp-json\/wp\/v2\/media?parent=1571"}],"curies":[{"name":"wp","href":"https:\/\/api.w.org\/{rel}","templated":true}]}}