{"id":498,"date":"2018-05-24T12:06:49","date_gmt":"2018-05-24T12:06:49","guid":{"rendered":"https:\/\/centros.uepb.edu.br\/ccts\/?page_id=498"},"modified":"2025-02-19T17:31:25","modified_gmt":"2025-02-19T17:31:25","slug":"odontologia-extensao","status":"publish","type":"page","link":"https:\/\/centros.uepb.edu.br\/ccts\/odontologia-extensao\/","title":{"rendered":"Odontologia &#8211; Extens\u00e3o"},"content":{"rendered":"<p>O Curso de Odontologia do campus VIII \u2013 CCTS \u2013 Araruna conta com a <strong>seguinte estrutura<\/strong>:<\/p>\n<p>&nbsp;<\/p>\n<p>&#8211; 01 laborat\u00f3rio de pr\u00e9-cl\u00ednica que d\u00e1 suporte aos alunos para o aprendizado de t\u00e9cnicas em modelo e manequins em v\u00e1rias especialidades odontol\u00f3gicas (Dent\u00edstica, Endodontia, Periodontia, Estomatologia, Pr\u00f3tese etc.) antes das interven\u00e7\u00f5es serem realizadas nos pacientes que procuram os servi\u00e7os oferecidos nas cl\u00ednicas-escolas;<\/p>\n<p>&#8211; 01 laborat\u00f3rio de Morfofisiologia que engloba componentes curriculares\u00a0 dos semestres do ciclo b\u00e1sico para o ensino de Morfofisiologia;<\/p>\n<p>&#8211; 01 laborat\u00f3rio de Microscopia que d\u00e1 suporte pr\u00e1tico para o ensino tamb\u00e9m de componentes curriculares do ciclo b\u00e1sico como Concep\u00e7\u00e3o e Forma\u00e7\u00e3o do Corpo Humano;<\/p>\n<p>&#8211; 01 laborat\u00f3rio de Microbiologia que auxilia tamb\u00e9m os componentes curriculares do ciclo b\u00e1sico como Gen\u00e9tica e Agress\u00e3o e Mecanismos de Defesa do Corpo Humano;<\/p>\n<p>&#8211; \u00a001 laborat\u00f3rio de Patologia que ainda n\u00e3o est\u00e1 conclu\u00eddo para efetivo funcionamento, mas que dever\u00e1 auxiliar as atividades pr\u00e1ticas em Patologia Bucal;<\/p>\n<p>&#8211; 03 cl\u00ednicas-escolas para o desenvolvimento dos componentes cl\u00ednicos a partir do quinto semestre e est\u00e1gios supervisionados a partir do 6 semestre.<\/p>\n<p>&#8211; 01 cl\u00ednica de diagn\u00f3stico por imagem equipada com aparelhos de radiografias intraorais (periapicais) e extra-orais (panor\u00e2micas e tomografias que d\u00e3o suporte \u00e0s atividades desenvolvidas no pr\u00f3prio curso bem como \u00e9 refer\u00eancia para o atendimento da rede p\u00fablica e privada do munic\u00edpio de Araruna e o entorno dele.<\/p>\n<p>&nbsp;<\/p>\n<p>Com rela\u00e7\u00e3o as <strong>atividades de extens\u00e3o<\/strong>, foram aprovados 25 projetos (cota 2023-2024), nem todos com bolsa. Segue a rela\u00e7\u00e3o com os respectivos t\u00edtulos e coordenadores:<\/p>\n<p>&nbsp;<\/p>\n<ol>\n<li><strong>Projeto: Sorrindo sem c\u00e1rie: divers\u00e3o e informa\u00e7\u00e3o para uma sa\u00fade bucal saud\u00e1vel<\/strong><\/li>\n<\/ol>\n<p>Coordenador: Fernando Ant\u00f4nio de Farias Aires J\u00fanior<\/p>\n<p>&nbsp;<\/p>\n<ol>\n<li><strong>Projeto: A\u00e7\u00f5es l\u00fadicas e educativas no Servi\u00e7o de Conviv\u00eancia e Fortalecimento de V\u00ednculos do munic\u00edpio de Araruna \u2013 PB<\/strong><\/li>\n<\/ol>\n<p>Coordena\u00e7\u00e3o: Edson Vasconcelos<\/p>\n<p>&nbsp;<\/p>\n<ol>\n<li><strong>Projeto: Rastreamento de les\u00f5es orais malignas e com potencial de maligniza\u00e7\u00e3o na microrregi\u00e3o do Curimata\u00fa do Estado da Para\u00edba (NACC-RASTREAMENTO)<\/strong><\/li>\n<\/ol>\n<p>Coordenador: Gustavo Gomes Agripino<\/p>\n<p>&nbsp;<\/p>\n<ol>\n<li><strong>Projeto: Cl\u00ednica do N\u00facleo de Aten\u00e7\u00e3o e Controle do C\u00e2ncer (NACC-CL\u00cdNICA)<\/strong><\/li>\n<\/ol>\n<p>Coordenador: Gustavo Gomes Agripino.<\/p>\n<p>&nbsp;<\/p>\n<ol>\n<li><strong>Procedimentos Cir\u00fargicos na Harmoniza\u00e7\u00e3o Orofacial.<\/strong><\/li>\n<\/ol>\n<p>Coordenador: Marcelo Gadelha Vasconcelos.<\/p>\n<p>&nbsp;<\/p>\n<p><strong>6.Projeto: CUIDADOS ODONTOL\u00d3GICOS PR\u00c9-TRATAMENTO ANTINEOPL\u00c1SICO: Reestabelecimento do meio bucal em pacientes oncol\u00f3gicos no pr\u00e9-tratamento em hospital de refer\u00eancia em Campina Grande- PB.<\/strong><\/p>\n<p>Coordenador: S\u00e9rgio Henrique Gon\u00e7alves de Carvalho<\/p>\n<p>&nbsp;<\/p>\n<ol>\n<li><strong>Projeto : EMPODERAONCO: A\u00e7\u00f5es de promo\u00e7\u00e3o de sa\u00fade e empoderamento da popula\u00e7\u00e3o para o combate ao c\u00e2ncer bucal no munic\u00edpio de Araruna-PB.<\/strong><\/li>\n<\/ol>\n<p>Coordenador: S\u00e9rgio Henrique Gon\u00e7alves de Carvalho<\/p>\n<p>&nbsp;<\/p>\n<ol>\n<li><strong>Programa institucional: Doutores do Sorriso<\/strong><\/li>\n<\/ol>\n<p>Coordenador: Pierre Andrade Pereira de Oliveira<\/p>\n<p>&nbsp;<\/p>\n<ol>\n<li><strong>Projeto: Doutores do Sorriso: Araruna<\/strong><\/li>\n<\/ol>\n<p>Coordenador: Pierre Andrade Pereira de Oliveira<\/p>\n<p>&nbsp;<\/p>\n<ol>\n<li><strong>Projeto: Banco de Dentes Humanos Odonto UEPB Araruna<\/strong><\/li>\n<\/ol>\n<p>Coordena\u00e7\u00e3o: Sandra Aparecida Marinho<\/p>\n<p>&nbsp;<\/p>\n<ol>\n<li><strong>Projeto: Hortas escolares: Promovendo a consci\u00eancia ambiental, a reeduca\u00e7\u00e3o alimentar e a sa\u00fade bucal<\/strong><\/li>\n<\/ol>\n<p>Coordena\u00e7\u00e3o: Sandra Aparecida Marinho<\/p>\n<p>&nbsp;<\/p>\n<ol>\n<li><strong>Projeto: Plantando UEPB<\/strong><\/li>\n<\/ol>\n<p>Coordena\u00e7\u00e3o: Morgana Maria Souza Gadelha de Carvalho<\/p>\n<p>&nbsp;<\/p>\n<ol>\n<li><strong>Programa institucional: Recicla Odonto<\/strong><\/li>\n<\/ol>\n<p>Projeto 1 &#8211; Campus VIII Tampas que curam<\/p>\n<p>Morgana Maria Souza Gadelha de Carvalho<\/p>\n<p>&nbsp;<\/p>\n<ol>\n<li><strong>Projeto: LIGA DE DIAGN\u00d3STICO ORAL E PACIENTES ESPECIAIS \u2013 LIDOPE<\/strong><\/li>\n<\/ol>\n<p>Coordenador: Dmitry Jos\u00e9 de Santana Sarmento<\/p>\n<p>&nbsp;<\/p>\n<ol>\n<li><strong>Projeto: Screening: Busca ativa por queilites act\u00ednicas na popula\u00e7\u00e3o do Curimata\u00fa Paraibano<\/strong><\/li>\n<\/ol>\n<p>Coordenador: Dmitry Jos\u00e9 de Santana Sarmento.<\/p>\n<p>&nbsp;<\/p>\n<ol>\n<li><strong>Projeto: \u201cLIDER: Liga de Dent\u00edstica Est\u00e9tica e Restauradora\u201d.<\/strong><\/li>\n<\/ol>\n<p>Coordenadora: Fernanda Campos<\/p>\n<p>&nbsp;<\/p>\n<ol>\n<li><strong>Projeto: \u201cMimetize Odonto: liga de odontologia biomim\u00e9tica da UEPB\u201d<\/strong><\/li>\n<\/ol>\n<p>Coordenadora: Fernanda Campos<\/p>\n<p>&nbsp;<\/p>\n<ol>\n<li><strong>ATENDIMENTO DE SUPORTE A PACIENTES PORTADORES DE PROTESE REMOVIVEL<\/strong><\/li>\n<\/ol>\n<p>Coordenador: Jos\u00e9 Renato C de Queiroz<\/p>\n<p>&nbsp;<\/p>\n<p><strong>19.REPARO, MANUTEN\u00c7\u00c3O E SUPORTE EM PACIENTES PORTADORES DE PR\u00d3TESES FIXAS.<\/strong><\/p>\n<p>Coordenador: Jos\u00e9 Renato Cavalcanti de Queiroz<\/p>\n<p>&nbsp;<\/p>\n<ol>\n<li><strong>Liga Acad\u00eamica de Endodontia<\/strong><\/li>\n<\/ol>\n<p>Coordenador: Fernando Antonio de Farias Aires J\u00fanior<\/p>\n<p>&nbsp;<\/p>\n<ol>\n<li><strong>Aprendendo a manejar e salvar dentes em eventos traum\u00e1ticos<\/strong><\/li>\n<\/ol>\n<p>Coordenador: Ernani Canuto Figuer\u00eado J\u00fanior<\/p>\n<p>&nbsp;<\/p>\n<ol>\n<li><strong>GASBGE \u2013 Grupo de Apoio \u00e0 Sa\u00fade Bucal da Gestante<\/strong><\/li>\n<\/ol>\n<p>Coordenador: Manuel Antonio Gordon Nunes<\/p>\n<p>&nbsp;<\/p>\n<ol>\n<li><strong>GASBI &#8211; Grupo de Apoio \u00e0 Sa\u00fade Bucal do Idoso<\/strong><\/li>\n<\/ol>\n<p>Coordenador: Manuel Antonio Gordon Nunes<\/p>\n<p>&nbsp;<\/p>\n<ol>\n<li>A import\u00e2ncia da leitura no desenvolvimento intelectual no \u00e2mbito acad\u00eamico: produ\u00e7\u00e3o de materiais did\u00e1ticos na \u00e1rea de dent\u00edstica\/materiais dent\u00e1rios.<\/li>\n<\/ol>\n<p>Coordenador: Rodrigo Gadelha Vasconcelos.<\/p>\n<p>&nbsp;<\/p>\n<ol>\n<li><strong>LIGA ACAD\u00caMICA DE ENDODONTIA<\/strong><\/li>\n<\/ol>\n<p>Coordenador: Ernani Canuto Figuer\u00eado J\u00fanior<\/p>\n<p>&nbsp;<\/p>\n<p>Em se tratando de projetos de PIBIC\/PIVIC\/PIBIC-AF aprovados temos os seguintes t\u00edtulos com seus respectivos coordenadores:<\/p>\n<ol>\n<li><strong>PREVAL\u00caNCIA DE C\u00c1RIE, SUAS CONSEQUENCIAS CL\u00cdNICAS E NECESSIDADE DE TRATAMENTO EM DENTES PERMANENTES POSTERIORES E IMPACTO NA QUALIDADE DE VIDA EM CRIAN\u00c7AS ATENDIDAS EM UMA CL\u00cdNICA-ESCOLA DE ODONTOLOGIA<\/strong><\/li>\n<\/ol>\n<p>Ernani Canuto Figueir\u00eado J\u00fanior<\/p>\n<p>&nbsp;<\/p>\n<ol>\n<li><strong>MICROBIOMA E PERFIL SALIVAR EM PACIENTES COM S\u00cdNDROME DE DOWN<\/strong><\/li>\n<\/ol>\n<p>Dmitry Jos\u00e9 de Santana Sarmento<\/p>\n<p>&nbsp;<\/p>\n<ol>\n<li><strong>ACHADOS EM SEIOS MAXILARES EM RADIOGRAFIAS PANOR\u00c2MICAS<\/strong><\/li>\n<\/ol>\n<p>Sandra Aparecida Marinho<\/p>\n<p>&nbsp;<\/p>\n<ol>\n<li><strong>O IMPACTO DA VIOL\u00caNCIA F\u00cdSICA CONTRA A MULHER E SUAS CONSEQU\u00caNCIAS MAXILOFACIAIS ASSOCIADAS: UMA AN\u00c1LISE RETROSPECTIVA NO HOSPITAL DE EMERG\u00caNCIA E TRAUMA DOM LUIZ GONZAGA FERNANDES<\/strong><\/li>\n<\/ol>\n<p>Edson Peixoto de Vasconcellos Neto<\/p>\n<p>&nbsp;<\/p>\n<ol>\n<li><strong>PERFIL CL\u00cdNICO-PATOL\u00d3GICO E MANEJO DA QUEILITE ACT\u00cdNICA<\/strong><\/li>\n<\/ol>\n<p>Gustavo Gomes Agripino<\/p>\n<ol>\n<li>INCID\u00caNCIA E MORTALIDADE POR C\u00c2NCER DE CAVIDADE ORAL NA POPULA\u00c7\u00c3O BRASILEIRA: AN\u00c1LISE COMPARATIVA ENTRE O PER\u00cdODO DE 2013 A 2019 E O PER\u00cdODO DE PANDEMIA DA COVID19<\/li>\n<\/ol>\n<p>Gustavo Gomes Agripino<\/p>\n<ol>\n<li>ACHADOS RADIOGR\u00c1FICOS EM PANOR\u00c2MICAS DIGITAIS<\/li>\n<\/ol>\n<p>Sandra Aparecida Marinho<\/p>\n<ol>\n<li>AN\u00c1LISE DE PRONTU\u00c1RIOS DA CL\u00cdNICA DE ESTOMATOLOGIA AVAN\u00c7ADA DA UNIVERSIDADE ESTADUAL DA PARA\u00cdBA<\/li>\n<\/ol>\n<p>Dmitry Jos\u00e9 de Santana Sarmento<\/p>\n<ol>\n<li>AVALIA\u00c7\u00c3O DA EFIC\u00c1CIA DO ADESIVO UNIVERSAL NA RETENTIVIDADE DO SELANTE RESINOSO<\/li>\n<\/ol>\n<p>Marcelo Gadelha Vasconcelos<\/p>\n<ol>\n<li>ODONTOLOGIA NA ATEN\u00c7\u00c3O B\u00c1SICA: AN\u00c1LISE DO ACESSO DE GESTANTES AOS SERVI\u00c7OS DE SA\u00daDE EM UNIDADES B\u00c1SICAS DE SA\u00daDE DA ZONA URBANA E RURAL DE ARARUNA\/PB<\/li>\n<\/ol>\n<p>Pierre Andrade Pereira de Oliveira<\/p>\n<ol>\n<li>ODONTOLOGIA NA ATEN\u00c7\u00c3O B\u00c1SICA: AN\u00c1LISE DO ACESSO DE GESTANTES AOS SERVI\u00c7OS DE SA\u00daDE EM UNIDADES B\u00c1SICAS DE SA\u00daDE DA ZONA URBANA E RURAL DE ARARUNA\/PB<\/li>\n<\/ol>\n<p>Pierre Andrade Pereira de Oliveira<\/p>\n<ol>\n<li>AVALIA\u00c7\u00c3O DO CONHECIMENTO E CONDUTAS DOS ACAD\u00caMICOS DE ODONTOLOGIA DA UNIVERSIDADE ESTADUAL DA PARA\u00cdBA \u2013 CAMPUS VIII FRENTE A PACIENTES HIV-POSITIVOS<\/li>\n<\/ol>\n<p>Edson Peixoto de Vasconcellos Neto<\/p>\n<ol>\n<li>AN\u00c1LISE DA POT\u00caNCIA DOS APARELHOS DE FOTOPOLIMERIZADORES USADOS NOS CONSULT\u00d3RIOS ODONTOL\u00d3GICOS DE REDE P\u00daBLICA NO MUNIC\u00cdPIO DE JUNCO DO SERID\u00d3 \u2013 PB<\/li>\n<\/ol>\n<p>Marcelo Gadelha Vasconcelos<\/p>\n<p>&nbsp;<\/p>\n","protected":false},"excerpt":{"rendered":"<p>O Curso de Odontologia do campus VIII \u2013 CCTS \u2013 Araruna conta com a seguinte estrutura: &nbsp; &#8211; 01 laborat\u00f3rio de pr\u00e9-cl\u00ednica que d\u00e1 suporte aos alunos para o aprendizado de t\u00e9cnicas em modelo e manequins em v\u00e1rias especialidades odontol\u00f3gicas (Dent\u00edstica, Endodontia, Periodontia, Estomatologia, Pr\u00f3tese etc.) antes das interven\u00e7\u00f5es serem realizadas nos pacientes que procuram <a class=\"leiamais\" href=\"https:\/\/centros.uepb.edu.br\/ccts\/odontologia-extensao\/\">Leia Mais&#8230;<\/a><\/p>\n","protected":false},"author":57,"featured_media":0,"parent":0,"menu_order":0,"comment_status":"closed","ping_status":"closed","template":"","meta":{"jetpack_post_was_ever_published":false,"footnotes":""},"class_list":["post-498","page","type-page","status-publish","hentry"],"jetpack_sharing_enabled":true,"jetpack_shortlink":"https:\/\/wp.me\/P7WTEK-82","_links":{"self":[{"href":"https:\/\/centros.uepb.edu.br\/ccts\/wp-json\/wp\/v2\/pages\/498","targetHints":{"allow":["GET"]}}],"collection":[{"href":"https:\/\/centros.uepb.edu.br\/ccts\/wp-json\/wp\/v2\/pages"}],"about":[{"href":"https:\/\/centros.uepb.edu.br\/ccts\/wp-json\/wp\/v2\/types\/page"}],"author":[{"embeddable":true,"href":"https:\/\/centros.uepb.edu.br\/ccts\/wp-json\/wp\/v2\/users\/57"}],"replies":[{"embeddable":true,"href":"https:\/\/centros.uepb.edu.br\/ccts\/wp-json\/wp\/v2\/comments?post=498"}],"version-history":[{"count":0,"href":"https:\/\/centros.uepb.edu.br\/ccts\/wp-json\/wp\/v2\/pages\/498\/revisions"}],"wp:attachment":[{"href":"https:\/\/centros.uepb.edu.br\/ccts\/wp-json\/wp\/v2\/media?parent=498"}],"curies":[{"name":"wp","href":"https:\/\/api.w.org\/{rel}","templated":true}]}}