{"id":478,"date":"2018-05-24T11:48:59","date_gmt":"2018-05-24T11:48:59","guid":{"rendered":"https:\/\/centros.uepb.edu.br\/ccts\/?page_id=478"},"modified":"2022-05-31T13:06:50","modified_gmt":"2022-05-31T13:06:50","slug":"eventos","status":"publish","type":"page","link":"https:\/\/centros.uepb.edu.br\/ccts\/eventos\/","title":{"rendered":"Eventos"},"content":{"rendered":"<div class=\"wpb-content-wrapper\"><p>[vc_row][vc_column][vc_column_text]<a href=\"https:\/\/centros.uepb.edu.br\/ccts\/files\/2019\/10\/LOGOMARCA-4\u00aa-FECIC.jpg\"><img loading=\"lazy\" decoding=\"async\" class=\"aligncenter wp-image-869 size-large img-responsive\" src=\"https:\/\/centros.uepb.edu.br\/ccts\/files\/2019\/10\/LOGOMARCA-4\u00aa-FECIC-1024x691.jpg\" alt=\"\" width=\"1024\" height=\"691\" srcset=\"https:\/\/centros.uepb.edu.br\/ccts\/files\/2019\/10\/LOGOMARCA-4\u00aa-FECIC-1024x691.jpg 1024w, https:\/\/centros.uepb.edu.br\/ccts\/files\/2019\/10\/LOGOMARCA-4\u00aa-FECIC-300x202.jpg 300w, https:\/\/centros.uepb.edu.br\/ccts\/files\/2019\/10\/LOGOMARCA-4\u00aa-FECIC-768x518.jpg 768w, https:\/\/centros.uepb.edu.br\/ccts\/files\/2019\/10\/LOGOMARCA-4\u00aa-FECIC-370x250.jpg 370w, https:\/\/centros.uepb.edu.br\/ccts\/files\/2019\/10\/LOGOMARCA-4\u00aa-FECIC-840x567.jpg 840w, https:\/\/centros.uepb.edu.br\/ccts\/files\/2019\/10\/LOGOMARCA-4\u00aa-FECIC.jpg 1229w\" sizes=\"auto, (max-width: 1024px) 100vw, 1024px\" \/><\/a><\/p>\n<p>A Dire\u00e7\u00e3o do Centro de Ci\u00eancias, Tecnologia e Sa\u00fade disponibiliza, a partir de hoje 16 de outubro, os Certificados aos Participantes, Monitores, Colaboradores, Organizadores e Patrocinadores da 4\u00aa Feira Cient\u00edfica e Cultural do CCTS.<\/p>\n<p>Foram emitidos 294 certifica\u00e7\u00f5es para as mais diversas atividades que foram desenvolvidas durante o \u00faltimo dia 27 de setembro nas depend\u00eancias do Campus VIII.<\/p>\n<p>Os Certificados est\u00e3o reunidos em tr\u00eas arquivos, devendo o interessado acessar e salvar os de seu interesse.<\/p>\n<p>O acesso \u00e9 feito pelos links abaixo:<\/p>\n<ul>\n<li><a href=\"https:\/\/centros.uepb.edu.br\/ccts\/download\/certificados-4a-fecic-certificado-participantes-e-colaboradores\/?wpdmdl=1136&amp;masterkey\">CERTIFICADOS DE PARTICIPANTES E COLABORADORES<\/a><\/li>\n<li><a href=\"https:\/\/centros.uepb.edu.br\/ccts\/download\/certificados-4a-fecic-comissao-organizadora\/?wpdmdl=1137&amp;masterkey\">CERTIFICADOS DA COMISS\u00c3O ORGANIZADORA<\/a><\/li>\n<\/ul>\n<p>&nbsp;<\/p>\n<p>&nbsp;<\/p>\n<p>[\/vc_column_text][\/vc_column][\/vc_row]<\/p>\n<\/div>","protected":false},"excerpt":{"rendered":"<p>[vc_row][vc_column][vc_column_text] A Dire\u00e7\u00e3o do Centro de Ci\u00eancias, Tecnologia e Sa\u00fade disponibiliza, a partir de hoje 16 de outubro, os Certificados aos Participantes, Monitores, Colaboradores, Organizadores e Patrocinadores da 4\u00aa Feira Cient\u00edfica e Cultural do CCTS. Foram emitidos 294 certifica\u00e7\u00f5es para as mais diversas atividades que foram desenvolvidas durante o \u00faltimo dia 27 de setembro nas <a class=\"leiamais\" href=\"https:\/\/centros.uepb.edu.br\/ccts\/eventos\/\">Leia Mais&#8230;<\/a><\/p>\n","protected":false},"author":34,"featured_media":0,"parent":0,"menu_order":0,"comment_status":"closed","ping_status":"closed","template":"","meta":{"jetpack_post_was_ever_published":false,"footnotes":""},"class_list":["post-478","page","type-page","status-publish","hentry"],"jetpack_sharing_enabled":true,"jetpack_shortlink":"https:\/\/wp.me\/P7WTEK-7I","_links":{"self":[{"href":"https:\/\/centros.uepb.edu.br\/ccts\/wp-json\/wp\/v2\/pages\/478","targetHints":{"allow":["GET"]}}],"collection":[{"href":"https:\/\/centros.uepb.edu.br\/ccts\/wp-json\/wp\/v2\/pages"}],"about":[{"href":"https:\/\/centros.uepb.edu.br\/ccts\/wp-json\/wp\/v2\/types\/page"}],"author":[{"embeddable":true,"href":"https:\/\/centros.uepb.edu.br\/ccts\/wp-json\/wp\/v2\/users\/34"}],"replies":[{"embeddable":true,"href":"https:\/\/centros.uepb.edu.br\/ccts\/wp-json\/wp\/v2\/comments?post=478"}],"version-history":[{"count":0,"href":"https:\/\/centros.uepb.edu.br\/ccts\/wp-json\/wp\/v2\/pages\/478\/revisions"}],"wp:attachment":[{"href":"https:\/\/centros.uepb.edu.br\/ccts\/wp-json\/wp\/v2\/media?parent=478"}],"curies":[{"name":"wp","href":"https:\/\/api.w.org\/{rel}","templated":true}]}}