{"id":25,"date":"2013-12-19T18:39:57","date_gmt":"2013-12-19T18:39:57","guid":{"rendered":"\/ccts\/?page_id=25"},"modified":"2022-06-17T13:11:16","modified_gmt":"2022-06-17T13:11:16","slug":"cursos","status":"publish","type":"page","link":"https:\/\/centros.uepb.edu.br\/ccts\/cursos\/","title":{"rendered":"Cursos"},"content":{"rendered":"<p><strong>Gradua\u00e7\u00e3o<\/strong><\/p>\n<p>[wptabs mode=&#8221;horizontal&#8221; type=&#8221;accordion&#8221;]<br \/>\n[wptabtitle]Bacharelado em Engenharia Civil[\/wptabtitle]<br \/>\n[wptabcontent]<\/p>\n<p>Turno: Integral<\/p>\n<p>Dura\u00e7\u00e3o: M\u00ednimo de 10 semestres e m\u00e1ximo de 15 semestres.<\/p>\n<p>Coordenador: Prof. Dr. La\u00e9rcio Leal dos Santos<\/p>\n<p>Coordenador adjunto: Prof. Dr Jos\u00e9 Jamilton Rodrigues dos Santos<\/p>\n<p>Modalidade: Seriado\/Semestral<\/p>\n<p>Regime acad\u00eamico: Integral<\/p>\n<p>Cria\u00e7\u00e3o: RESOLU\u00c7\u00c3O\/UEPB\/CONSUNI\/ 032\/2010<\/p>\n<p>Forma\u00e7\u00e3o profissional: Bacharel em Engenharia Civil<\/p>\n<p>Campo de atua\u00e7\u00e3o profissional: Curso generalista na \u00e1rea de Engenharia Civil<\/p>\n<p>Docentes Efetivos<\/p>\n<ul>\n<li><a href=\"http:\/\/lattes.cnpq.br\/8578744558562437\" target=\"_blank\" rel=\"noopener noreferrer\">Ana Paula Ara\u00fajo<\/a> &#8211; annpawla@yahoo.com.br<\/li>\n<li><a href=\"http:\/\/lattes.cnpq.br\/2749426799007734\" target=\"_blank\" rel=\"noopener noreferrer\">Daniel Baracuy Cunha Campos<\/a> &#8211; danielbaracuy@yahoo.com.br<\/li>\n<li><a href=\"http:\/\/lattes.cnpq.br\/3437955242977256\" target=\"_blank\" rel=\"noopener noreferrer\">Israel Buriti Galv\u00e3o<\/a> &#8211; galvao.mat@gmail.com<\/li>\n<li><a href=\"http:\/\/lattes.cnpq.br\/5465012466654473\" target=\"_blank\" rel=\"noopener noreferrer\">Jos\u00e9 Jamilton Rodrigues dos Santos <\/a>&#8211; jamiltonrodrigues@gmail.com<\/li>\n<li><a href=\"http:\/\/lattes.cnpq.br\/6344196123061264\" target=\"_blank\" rel=\"noopener noreferrer\">La\u00e9rcio Leal dos Santos<\/a> &#8211; laercioleal@ccts.uepb.edu.br<\/li>\n<li><a href=\"http:\/\/lattes.cnpq.br\/1173283848995598\" target=\"_blank\" rel=\"noopener noreferrer\">Maria das Vit\u00f3rias do Nascimento<\/a> &#8211; vitoriaeng@yahoo.com.br<\/li>\n<li><a href=\"http:\/\/lattes.cnpq.br\/8330344277109061\" target=\"_blank\" rel=\"noopener noreferrer\">Maria Jos\u00e9 de Sousa Cord\u00e3o<\/a> &#8211; merycordao@yahoo.com.br<\/li>\n<li><a href=\"http:\/\/lattes.cnpq.br\/5782444178715342\" target=\"_blank\" rel=\"noopener noreferrer\">M\u00e1rio Cesar Soares Xavier<\/a> &#8211; cesar@otica.ufpb.br<\/li>\n<li><a href=\"http:\/\/lattes.cnpq.br\/1046305389288490\" target=\"_blank\" rel=\"noopener noreferrer\">Raimundo Leidimar Bezerra<\/a> &#8211; leidimarbezerra@superig.com.br<\/li>\n<li><a href=\"http:\/\/lattes.cnpq.br\/5102250730407620\" target=\"_blank\" rel=\"noopener noreferrer\">Valdecir Alves dos Santos J\u00fanior<\/a> &#8211; asjrvaldecir@gmail.com<\/li>\n<li><a href=\"http:\/\/lattes.cnpq.br\/2522934770231986\" target=\"_blank\" rel=\"noopener noreferrer\">Vital Ara\u00fajo Barbosa de Oliveira<\/a> &#8211; vitaloliveira@uepb.edu.br<\/li>\n<\/ul>\n<p>Docentes Substitutos<\/p>\n<ul>\n<li><a href=\"http:\/\/lattes.cnpq.br\/7571127714246653\" target=\"_blank\" rel=\"noopener noreferrer\">Claudio Pereira da Costa<\/a> &#8211; claudio@ccts.uepb.edu.br<\/li>\n<li><a href=\"http:\/\/lattes.cnpq.br\/2609033655299061\" target=\"_blank\" rel=\"noopener noreferrer\">Daysan F. Kamikase L.de Medeiros<\/a> &#8211; daysanmedeiros@hotmail.com<\/li>\n<li><a href=\"http:\/\/lattes.cnpq.br\/7463460368248904\" target=\"_blank\" rel=\"noopener noreferrer\">Erick dos Santos Leal<\/a> &#8211; erickleal21@gmail.com<\/li>\n<li><a href=\"http:\/\/lattes.cnpq.br\/5458908902166726\" target=\"_blank\" rel=\"noopener noreferrer\">Jos\u00e9 Macio Ramalho Te\u00f3dulo<\/a> &#8211; teodulo66@hotmail.com<\/li>\n<li><a href=\"http:\/\/lattes.cnpq.br\/4487558349488728\" target=\"_blank\" rel=\"noopener noreferrer\">Nivaldo Tim\u00f3teo de Arruda Filho<\/a> &#8211; nivaldo.arruda.filho@gmail.com<\/li>\n<li><a href=\"http:\/\/lattes.cnpq.br\/5697473401278661\" target=\"_blank\" rel=\"noopener noreferrer\">Rafael de Brito C\u00e2ndido Gomes<\/a> &#8211; rafaeldebrito2@gmail.com<\/li>\n<li><a href=\"http:\/\/lattes.cnpq.br\/4789771132461158\" target=\"_blank\" rel=\"noopener noreferrer\">Wesley Imperiano Gomes de Melo<\/a> &#8211; weslleyimperiano@hotmail.com<\/li>\n<li><a href=\"http:\/\/lattes.cnpq.br\/5075781049562566\" target=\"_blank\" rel=\"noopener noreferrer\">L\u00eddia Pereira Silva<\/a> &#8211; lidia.pereira.arq@gmail.com<\/li>\n<li><a href=\"http:\/\/lattes.cnpq.br\/2135219782789556\" target=\"_blank\" rel=\"noopener noreferrer\">Alex Ramos Borges<\/a> &#8211; almat100@hotmail.com<\/li>\n<\/ul>\n<p>[\/wptabcontent]<\/p>\n<p>[wptabtitle]<strong><em>Licenciatura em F\u00edsica<\/em><\/strong>[\/wptabtitle]<br \/>\n[wptabcontent]<\/p>\n<ul>\n<li class=\"ui-tabs-tab ui-corner-top ui-state-default ui-tab first-li ui-tabs-active ui-state-active\" role=\"tab\" aria-labelledby=\"ui-id-1\"><a id=\"ui-id-1\" class=\"ui-tabs-anchor\" role=\"presentation\" href=\"#equipe\">Equipe<\/a><\/li>\n<\/ul>\n<p><strong>Turno:<\/strong> Matutino e Vespertino<\/p>\n<p><strong>Dura\u00e7\u00e3o:<\/strong> M\u00ednimo de 8 semestres e m\u00e1ximo de 12 semestres.<\/p>\n<p><strong>Coordenador:<\/strong> Prof. Dr. Valdecir Alves dos Santos J\u00fanior<\/p>\n<p style=\"text-align: left\"><a href=\"https:\/\/centros.uepb.edu.br\/ccts\/files\/2022\/06\/WhatsApp-Image-2022-06-17-at-09.10.02.jpeg\"><img loading=\"lazy\" decoding=\"async\" class=\"wp-image-1175 alignleft img-responsive\" src=\"https:\/\/centros.uepb.edu.br\/ccts\/files\/2022\/06\/WhatsApp-Image-2022-06-17-at-09.10.02-300x300.jpeg\" alt=\"\" width=\"179\" height=\"179\" srcset=\"https:\/\/centros.uepb.edu.br\/ccts\/files\/2022\/06\/WhatsApp-Image-2022-06-17-at-09.10.02-300x300.jpeg 300w, https:\/\/centros.uepb.edu.br\/ccts\/files\/2022\/06\/WhatsApp-Image-2022-06-17-at-09.10.02-1020x1024.jpeg 1020w, https:\/\/centros.uepb.edu.br\/ccts\/files\/2022\/06\/WhatsApp-Image-2022-06-17-at-09.10.02-150x150.jpeg 150w, https:\/\/centros.uepb.edu.br\/ccts\/files\/2022\/06\/WhatsApp-Image-2022-06-17-at-09.10.02-768x771.jpeg 768w, https:\/\/centros.uepb.edu.br\/ccts\/files\/2022\/06\/WhatsApp-Image-2022-06-17-at-09.10.02.jpeg 1080w\" sizes=\"auto, (max-width: 179px) 100vw, 179px\" \/><\/a>Possui gradua\u00e7\u00e3o em matem\u00e1tica pela Universidade Federal do Maranh\u00e3o &#8211; UFMA (2009), mestrado em Matem\u00e1tica pela Universidade Federal da Para\u00edba &#8211; UFPB (2011) e Doutorado em Engenharia de Processos pela Universidade Federal de Campina Grande &#8211; UFCG (2018), trabalhando com transporte de fluido com \u00eanfase no M\u00e9todo Integral baseado em Galerkin; modelagem num\u00e9rica; meio poroso. Atualmente \u00e9 professor da Universidade Estadual da Para\u00edba no Centro de Ci\u00eancias, Tecnologia e Sa\u00fade &#8211; Campus VIII, Araruna-PB<\/p>\n<p>&nbsp;<\/p>\n<p>&nbsp;<\/p>\n<p>&nbsp;<\/p>\n<p>&nbsp;<\/p>\n<p><strong>Coordenadora adjunta: <\/strong>Profa. Dra. Alessandra Gomes Brand\u00e3o<strong><br \/>\n<\/strong><\/p>\n<p><img loading=\"lazy\" decoding=\"async\" class=\"alignleft img-responsive\" src=\"http:\/\/servicosweb.cnpq.br\/wspessoa\/servletrecuperafoto?tipo=1&amp;id=K4254512A7\" width=\"177\" height=\"177\" \/>Doutora em Ensino, Filosofia e Hist\u00f3ria das Ci\u00eancias (UFBA); Mestra em Desenvolvimento e Meio Ambiente pela Universidade Federal de Alagoas (UFAL); graduada em Comunica\u00e7\u00e3o Social, habilita\u00e7\u00e3o em jornalismo, (UFAL). Professora adjunta da Universidade Estadual da Para\u00edba (UEPB), da Licenciatura em F\u00edsica e Bacharelado em Engenharia Civil, lecionando as componentes curriculares Compreens\u00e3o P\u00fablica da Ci\u00eancia, Filosofia da Ci\u00eancia, Espa\u00e7os n\u00e3o Formais de Ensino de Ci\u00eancias,Sociedade e Meio Ambiente e Divulga\u00e7\u00e3o Cient\u00edfica. Foi diretora de Desenvolvimento Institucional da FAPEAL (Funda\u00e7\u00e3o de Amparo \u00e0 Pesquisa do Estado de Alagoas); como tamb\u00e9m diretora do Centro de Ci\u00eancias, Tecnologia e Sa\u00fade (CCTS), da UEPB. Atualmente, \u00e9 Coordenadora do N\u00facleo de Pesquisa em Ci\u00eancia e Arte, do Campus VIII da UEPB.<\/p>\n<p><strong>Modalidade:<\/strong> Seriado\/Semestral<\/p>\n<p><strong>Regime acad\u00eamico:<\/strong> Integral<\/p>\n<p><strong>Cria\u00e7\u00e3o:<\/strong> RESOLU\u00c7\u00c3O\/UEPB\/CONSUNI\/030\/2013<\/p>\n<p><strong>Forma\u00e7\u00e3o profissional:<\/strong> Licenciado em F\u00edsica<\/p>\n<p><strong>Campo de atua\u00e7\u00e3o profissional:<\/strong> Ensino de F\u00edsica<\/p>\n<p><strong>Secret\u00e1rio do Curso:<\/strong> Tec. Francisco Jos\u00e9 Bezerra &#8211; francisco.bezerra@ccts.uepb.edu.br<\/p>\n<p><strong>Contato:<\/strong> 83 3373 1040<\/p>\n<p><strong>Docentes Efetivos<\/strong><\/p>\n<ul>\n<li>Dra. <a href=\"http:\/\/lattes.cnpq.br\/6109245076520393\">Alessandra Gomes Brand\u00e3o<\/a> \u2013 alessandra.gomes.brandao@gmail.com<\/li>\n<li>Msc. <a href=\"http:\/\/lattes.cnpq.br\/9533565914701345\">Altamir Souto Dias<\/a> \u2013 asoutodias@gmail.com<\/li>\n<li>Dr. <a href=\"http:\/\/lattes.cnpq.br\/2677113447182816\">Jo\u00e3o Hugo Baracuy da Cunha Campos<\/a> \u2013 jo\u00e3ohugo@uepb.edu.br<\/li>\n<li>Dr. <a href=\"http:\/\/lattes.cnpq.br\/5465012466654473\">Jos\u00e9 Jamilton Rodrigues dos Santos<\/a> \u2013 jamiltonrodrigues@gmail.com<\/li>\n<li>Dr. <a href=\"http:\/\/lattes.cnpq.br\/5782444178715342\">Mario C\u00e9sar Soares Xavie<\/a>r \u2013 cesar@ccts.uepb.edu.br<\/li>\n<li>Dr. <a href=\"http:\/\/lattes.cnpq.br\/5102250730407620\">Valdecir Alves dos Santos Junior<\/a> &#8211; asjrvaldecir@gmail.com<\/li>\n<\/ul>\n<p><strong>Docentes Substitutos<\/strong><\/p>\n<ul>\n<li>Dr. <a href=\"http:\/\/lattes.cnpq.br\/3119042650894422\">David Oliveira de Figueiredo<\/a> &#8211; david.odf85@gmail.com<\/li>\n<li>Dr. <a href=\"http:\/\/lattes.cnpq.br\/6883655832776219\">Jardson Ricardo de Souza<\/a> &#8211; jardson.ricardo@gmail.com<\/li>\n<li>Msc. <a href=\"http:\/\/lattes.cnpq.br\/7926399757987510\">Carlos da Silva Cirino<\/a> \u2013 carlos-cirino@hotmail.com<\/li>\n<li>Msc. <a href=\"http:\/\/lattes.cnpq.br\/9426200322608190\">Giselle Oliveira do Nascimento<\/a> &#8211; gigisanascimento@gmail.com<\/li>\n<li>Msc. <a href=\"http:\/\/lattes.cnpq.br\/5761436189103949\">Jaene Guimar\u00e3es Pereira<\/a> \u2013 jhennyli.gui@hotmail.com<\/li>\n<li>Msc. <a href=\"http:\/\/lattes.cnpq.br\/9414677037495257\">Josyclesio Lima da Silva <\/a>&#8211; josyclecio_lima@yahoo.com.br<\/li>\n<li>Msc. <a href=\"http:\/\/lattes.cnpq.br\/1863704758828180\">Thiago da Silva Santo<\/a>s \u2013 thssphys@yahoo.com.br<\/li>\n<li>Esp. <a href=\"http:\/\/lattes.cnpq.br\/3714210561708186\">Jos\u00e9 Edvaldo Pereira dos Santos<\/a> &#8211; jedvaldorn@hotmail.com<\/li>\n<li>Grd. <a href=\"http:\/\/lattes.cnpq.br\/9577886042708384\">G\u00e1bio Stalin Soares Almeida<\/a> &#8211; gabio.almeida@gmail.com<\/li>\n<\/ul>\n<p>[\/wptabcontent]<\/p>\n<p>[wptabtitle]Bacharelado em Odontologia[\/wptabtitle]<br \/>\n[wptabcontent]<\/p>\n<p><strong>Turno:<\/strong><\/p>\n<p><strong>Dura\u00e7\u00e3o:<\/strong><\/p>\n<p><strong>Coordenador:<\/strong><\/p>\n<p><strong>Coordenador adjunto:<\/strong><\/p>\n<p><strong>Modalidade:<\/strong><\/p>\n<p><strong>Regime acad\u00eamico:<\/strong><\/p>\n<p><strong>Cria\u00e7\u00e3o:<\/strong><\/p>\n<p><strong>Forma\u00e7\u00e3o profissional:<\/strong><\/p>\n<p><strong>Campo de atua\u00e7\u00e3o profissional:<\/strong><\/p>\n<p><strong>Secret\u00e1rio do Curso:<\/strong><\/p>\n<p><strong>Contato:<\/strong><\/p>\n<p><strong>Docentes Efetivos<\/strong><\/p>\n<p><strong>Docentes Substitutos<\/strong><\/p>\n<ul>\n<li><\/li>\n<\/ul>\n<p>[\/wptabcontent]<\/p>\n<p>[\/wptabs]<\/p>\n<p>&nbsp;<\/p>\n","protected":false},"excerpt":{"rendered":"<p>Gradua\u00e7\u00e3o [wptabs mode=&#8221;horizontal&#8221; type=&#8221;accordion&#8221;] [wptabtitle]Bacharelado em Engenharia Civil[\/wptabtitle] [wptabcontent] Turno: Integral Dura\u00e7\u00e3o: M\u00ednimo de 10 semestres e m\u00e1ximo de 15 semestres. Coordenador: Prof. Dr. La\u00e9rcio Leal dos Santos Coordenador adjunto: Prof. Dr Jos\u00e9 Jamilton Rodrigues dos Santos Modalidade: Seriado\/Semestral Regime acad\u00eamico: Integral Cria\u00e7\u00e3o: RESOLU\u00c7\u00c3O\/UEPB\/CONSUNI\/ 032\/2010 Forma\u00e7\u00e3o profissional: Bacharel em Engenharia Civil Campo de atua\u00e7\u00e3o profissional: <a class=\"leiamais\" href=\"https:\/\/centros.uepb.edu.br\/ccts\/cursos\/\">Leia Mais&#8230;<\/a><\/p>\n","protected":false},"author":26,"featured_media":0,"parent":0,"menu_order":0,"comment_status":"open","ping_status":"open","template":"","meta":{"jetpack_post_was_ever_published":false,"footnotes":""},"class_list":["post-25","page","type-page","status-publish","hentry"],"jetpack_sharing_enabled":true,"jetpack_shortlink":"https:\/\/wp.me\/P7WTEK-p","_links":{"self":[{"href":"https:\/\/centros.uepb.edu.br\/ccts\/wp-json\/wp\/v2\/pages\/25","targetHints":{"allow":["GET"]}}],"collection":[{"href":"https:\/\/centros.uepb.edu.br\/ccts\/wp-json\/wp\/v2\/pages"}],"about":[{"href":"https:\/\/centros.uepb.edu.br\/ccts\/wp-json\/wp\/v2\/types\/page"}],"author":[{"embeddable":true,"href":"https:\/\/centros.uepb.edu.br\/ccts\/wp-json\/wp\/v2\/users\/26"}],"replies":[{"embeddable":true,"href":"https:\/\/centros.uepb.edu.br\/ccts\/wp-json\/wp\/v2\/comments?post=25"}],"version-history":[{"count":0,"href":"https:\/\/centros.uepb.edu.br\/ccts\/wp-json\/wp\/v2\/pages\/25\/revisions"}],"wp:attachment":[{"href":"https:\/\/centros.uepb.edu.br\/ccts\/wp-json\/wp\/v2\/media?parent=25"}],"curies":[{"name":"wp","href":"https:\/\/api.w.org\/{rel}","templated":true}]}}