{"id":23,"date":"2013-12-19T18:38:45","date_gmt":"2013-12-19T18:38:45","guid":{"rendered":"\/ccts\/?page_id=23"},"modified":"2022-05-30T14:34:08","modified_gmt":"2022-05-30T14:34:08","slug":"biblioteca","status":"publish","type":"page","link":"https:\/\/centros.uepb.edu.br\/ccts\/biblioteca\/","title":{"rendered":"Biblioteca"},"content":{"rendered":"<div class=\"wpb-content-wrapper\"><p>[vc_row][vc_column][vc_text_separator title=&#8221;Biblioteca Setorial Escritor Severino Peryllo Doliveira&#8221; i_icon_fontawesome=&#8221;fas fa-book-open&#8221; i_color=&#8221;custom&#8221; title_align=&#8221;separator_align_left&#8221; add_icon=&#8221;true&#8221; i_custom_color=&#8221;#cc0000&#8243;][vc_tta_tabs][vc_tta_section title=&#8221;Sobre a Biblioteca&#8221; tab_id=&#8221;1653920450498-a1447512-ab7f&#8221;][vc_column_text]Criada para suprir as necessidades intelectuais dos estudantes do Centro de Ci\u00eancias, Tecnologia e Sa\u00fade a\u00a0 Biblioteca Setorial possui uma estrutura que tem evolu\u00eddo juntamente com a Universidade Estadual da Para\u00edba, na busca por atender cada dia melhor os seus usu\u00e1rios.<\/p>\n<p>O hor\u00e1rio de funcionamento \u00e9 de segunda a quinta-feira, das 7h30 \u00e0s 20h00, e na sexta-feira das\u00a07h30 \u00e0s 16h00 ininterruptamente. Proporcionando aos usu\u00e1rios um ambiente climatizado com amplo espa\u00e7o para estudo em grupo ou individual.[\/vc_column_text][\/vc_tta_section][vc_tta_section title=&#8221;O Patrono&#8221; tab_id=&#8221;1653920450508-b4b0b9bb-8d9e&#8221;][vc_column_text]<strong>Biografia<\/strong><\/p>\n<p><strong><a href=\"https:\/\/centros.uepb.edu.br\/ccts\/files\/2018\/05\/peryllo2.jpg\"><img loading=\"lazy\" decoding=\"async\" class=\"wp-image-451 size-medium alignright img-responsive\" src=\"https:\/\/centros.uepb.edu.br\/ccts\/files\/2018\/05\/peryllo2-201x300.jpg\" alt=\"\" width=\"201\" height=\"300\" srcset=\"https:\/\/centros.uepb.edu.br\/ccts\/files\/2018\/05\/peryllo2-201x300.jpg 201w, https:\/\/centros.uepb.edu.br\/ccts\/files\/2018\/05\/peryllo2-370x552.jpg 370w, https:\/\/centros.uepb.edu.br\/ccts\/files\/2018\/05\/peryllo2.jpg 390w\" sizes=\"auto, (max-width: 201px) 100vw, 201px\" \/><\/a><\/strong>O poeta do modernismo na Para\u00edba, Severino Peryllo Doliveira, nasceu na antiga povoa\u00e7\u00e3o de Cacimba de Dentro, munic\u00edpio de Araruna, a 4 de dezembro de 1898. Era filho de Almeno Peryllo de Oliveira e Josefa Maria de Oliveira. Mulato, \u00f3rf\u00e3o de pai aos tr\u00eas anos de idade. Morreu solteiro. Nunca frequentou escolas. Aprendeu as primeiras letras, enquanto trabalhava como caixeiro duma mercearia, sozinho e sem nenhuma orienta\u00e7\u00e3o, o que n\u00e3o o impediu de transformar-se, mais tarde, no grande jornalista, poeta e literato. Iniciou a vida como ator, carreira que seguiu por mera casualidade. Encontrava-se em Araruna uma Companhia de Variedades, um pequeno circo, administrado pela atriz italiana Irene Concepitini; Peryllo sentindo-se atra\u00eddo pela atriz, integrou-se ao grupo e seguiu \u00e0 caravana, Brasil afora. Apresentou-se como ator, nesta companhia, em quase todos os Estados do Brasil, tornando-se famoso e requisitado por outras produtoras.<\/p>\n<p>Entre 1913 e 1917 Peryllo Doliveira trabalhou em v\u00e1rias companhias art\u00edsticas pelos palcos do Nordeste.<\/p>\n<p>Em 1917, estreou no Teatro S\u00e3o Jos\u00e9, no Rio de Janeiro, onde foi trabalhar na Companhia de Brand\u00e3o Sobrinho. Em 1920, fez uma turn\u00ea pelo interior do Brasil desde o Norte de Minas at\u00e9 o Rio Grande do Norte.<\/p>\n<p>Na sua vida sofrida de ator, Peryllo Doliveira trabalhou nos teatros Trianon e Rep\u00fablica, do Rio de Janeiro, ao lado de artistas como Amalia Capitani, Irene Conceptini, Candida Palace, Ferreira de Souza, Leopoldo Fr\u00f3es, todos eles, nomes consagrados nos palcos.<\/p>\n<p><strong>Fortuna cr\u00edtica<\/strong><\/p>\n<p>Em maio de 1920, Peryllo Doliveira chegou \u00e0 capital da Para\u00edba, completamente an\u00f4nimo. Ap\u00f3s tr\u00eas anos de clausura na arte de representar, j\u00e1 instalado e de volta \u00e0 cena teatral na com\u00e9dia, trag\u00e9dia e dram\u00e1tica capital da Para\u00edba, em mar\u00e7o de 1923, apresentou-se no teatro Santa Rosa, no papel principal da pe\u00e7a <em>\u00c1gua mole em pedra dura\u2026,<\/em> com sucesso estupendo. Deixando o palco, dedica-se \u00e0 literatura e ao jornalismo, tornando-se conhecido como um dos maiores incentivadores do movimento de renova\u00e7\u00e3o liter\u00e1ria do Brasil: o modernismo.<\/p>\n<p>Desde 1922, exercia fun\u00e7\u00f5es burocr\u00e1ticas na Secretaria Geral do Estado e, a convite do poeta Silvino Olavo, integrou-se \u00e0 reda\u00e7\u00e3o de <em>O Jornal,<\/em> \u00f3rg\u00e3o rec\u00e9m-criado. Colaborou, tamb\u00e9m, em <em>A Uni\u00e3o<\/em> e foi redator da Revista <em>Era Nova<\/em>. A sua produ\u00e7\u00e3o liter\u00e1ria \u00e9 caracterizada pelo lirismo e por uma profunda melancolia. Publicou: <em>Desconhecida<\/em> (novela), 1924; <em>Can\u00e7\u00f5es que a vida me ensinou <\/em>(livro de estr\u00e9ia), 1925; <em>Caminho cheio de sol<\/em> (poesia), 1928<em>;<\/em> <em>A voz da terra<\/em> (poema), 1930.<\/p>\n<p>Destarte, at\u00e9 1923, dedicou-se \u00e0 vida teatral. Depois, ingressou na imprensa e na vida liter\u00e1ria, por meio da qual\u00a0se tornou conhecido, tendo sido um dos iniciantes, na Para\u00edba, do movimento liter\u00e1rio modernista.<\/p>\n<p>Conseguiu publicar seus primeiros versos na revista <em>Era Nova<\/em>, peri\u00f3dico que marcou \u00e9poca na vanguarda do movimento modernista e agregava nomes como Am\u00e9rico Falc\u00e3o, Jos\u00e9 Rodrigues de Carvalho, Jos\u00e9 Am\u00e9rico de Almeida, Ademar Vidal, Eudes Barros, Sin\u00e9sio Guimar\u00e3es, Silvino Olavo e outros.<\/p>\n<p>Integrou-se ao corpo de auxiliares da revista <em>Era Nova<\/em> e passou a assinar uma \u201ccr\u00f4nica social\u201d na coluna \u201cNotici\u00e1rio Elegante\u201d, depois, uma coluna \u201cNotas de Arte\u201d. Escreveu uma s\u00e9rie de cr\u00f4nicas intituladas \u201cCidade dos Jardins\u201d, sob o pseud\u00f4nimo Paulo Dan\u00edzio.<\/p>\n<p>A cena inaugural de sua estr\u00e9ia editorial internacional \u00e9 em 1925, no qual publicou seu primeiro livro <em>Can\u00e7\u00f5es que a Vida me Ensinou<\/em>, em cuja obra, embora moderna, ainda\u00a0predominava a tem\u00e1tica da poesia simbolista. Esse livro trouxe-lhe uma reconhecida vers\u00e3o pro espanhol, editado na Argentina.<\/p>\n<p>Al\u00e9m de ator e poeta, Peryllo Doliveira era pintor e costumava pintar os cen\u00e1rios de seus festivais de artes. No livro <em>Can\u00e7\u00f5es que a vida me ensinou<\/em>, a capa e as ilustra\u00e7\u00f5es s\u00e3o do pr\u00f3prio autor.<\/p>\n<p>Em 1927, viajou pro Rio de Janeiro onde foi recebido por seu conterr\u00e2neo de Araruna, Pereira da Silva, por Ademar Tavares, Theo Filho e outros do mundo liter\u00e1rio carioca.<\/p>\n<p>De volta \u00e0 Para\u00edba, fez excurs\u00e3o ao Norte recebendo no Par\u00e1 uma verdadeira consagra\u00e7\u00e3o \u00e0s suas qualidades de poeta e ator. Com o mesmo \u00eaxito foi recebido no Amazonas.<\/p>\n<p>Em 1928, publicou <em>Caminhos Cheios de Sol<\/em>, talvez, sua melhor obra, e onde se mostra definitivamente alinhado ao esp\u00edrito renovador da literatura brasileira.<\/p>\n<p>Em fins de 1928, o poeta j\u00e1 se sentia doente; a tuberculose minava-lhe o peito. Tentando melhoria pra sua sa\u00fade transferiu-se, com seu modesto emprego, da Secretaria de Administra\u00e7\u00e3o do Governo \u00e0 Mesa de Rendas de Monteiro.<\/p>\n<p>Em 1929, escreve <em>A Voz da Terra<\/em>, dedicado ao presidente Jo\u00e3o Pessoa, seu \u00faltimo trabalho.<\/p>\n<p>Em junho de 1930, j\u00e1 bastante doente, deixa o trabalho e vem morar em companhia de sua genitora. \u00c0s primeiras horas do dia 26 de agosto de 1930, aos 32 anos, faleceu em sua resid\u00eancia, \u00e0 avenida 12 de outubro, no bairro de Jaguaribe.<\/p>\n<p>Alguns poucos amigos e vizinhos acompanharam Peryllo ao cemit\u00e9rio Senhor da Boa Senten\u00e7a, onde falou na despedida o poeta Leonel Coelho.<\/p>\n<p>Fonte: https:\/\/montgomery1953.wordpress.com\/2010\/12\/07\/peryllo-doliveira-uma-poetica-do-modernismo-na-paraiba\/<strong><br \/>\n<\/strong><\/p>\n<p><strong>MAIS INFORMA\u00c7\u00d5ES: <a href=\"http:\/\/www.casadamemoriaararuna.com\/peryllo.htm\">http:\/\/www.casadamemoriaararuna.com\/peryllo.htm<\/a><\/strong>[\/vc_column_text][\/vc_tta_section][\/vc_tta_tabs][\/vc_column][\/vc_row][vc_row][vc_column][vc_text_separator title=&#8221;Equipe&#8221; i_icon_fontawesome=&#8221;fas fa-users&#8221; i_color=&#8221;custom&#8221; title_align=&#8221;separator_align_left&#8221; add_icon=&#8221;true&#8221; i_custom_color=&#8221;#cc0000&#8243;][vc_tta_tabs][vc_tta_section title=&#8221;Bibliotec\u00e1rios&#8221; tab_id=&#8221;1653920590855-64e7fbab-adc2&#8243;][vc_column_text]<a href=\"https:\/\/centros.uepb.edu.br\/ccts\/files\/2018\/05\/liono.jpg\"><img loading=\"lazy\" decoding=\"async\" class=\"wp-image-503 size-thumbnail alignright img-responsive\" src=\"https:\/\/centros.uepb.edu.br\/ccts\/files\/2018\/05\/liono-150x150.jpg\" alt=\"\" width=\"150\" height=\"150\" \/><\/a><strong>Andrelino da Silva<\/strong><br \/>\nPopularmente conhecido por Lino Sapo \u00e9 bibliotec\u00e1rio documentalista da Universidade Estadual da Para\u00edba desde 2012, formado em Biblioteconomia pela UFRN (2009) e em Hist\u00f3ria pela UNP (2009). Atualmente estuda Letras pela UFPB e faz especializa\u00e7\u00e3o em Antropologia (Faveni). Al\u00e9m de Bibliotec\u00e1rio \u00e9 poeta e escritor com tr\u00eas livros lan\u00e7ados e mais de cem poemas escritos. Denomina-se amante dos livros e mendigo de conhecimento o que levou a profiss\u00e3o de bibliotec\u00e1rio.<\/p>\n<p>&nbsp;<\/p>\n<p>&nbsp;<\/p>\n<p><a href=\"https:\/\/centros.uepb.edu.br\/ccts\/files\/2018\/05\/tiago.jpg\"><img loading=\"lazy\" decoding=\"async\" class=\"wp-image-505 size-thumbnail alignright img-responsive\" src=\"https:\/\/centros.uepb.edu.br\/ccts\/files\/2018\/05\/tiago-150x150.jpg\" alt=\"\" width=\"150\" height=\"150\" srcset=\"https:\/\/centros.uepb.edu.br\/ccts\/files\/2018\/05\/tiago-150x150.jpg 150w, https:\/\/centros.uepb.edu.br\/ccts\/files\/2018\/05\/tiago-300x300.jpg 300w, https:\/\/centros.uepb.edu.br\/ccts\/files\/2018\/05\/tiago.jpg 312w\" sizes=\"auto, (max-width: 150px) 100vw, 150px\" \/><\/a><strong>Tiago Jos\u00e9 da Silva Pereira<\/strong>[\/vc_column_text][\/vc_tta_section][vc_tta_section title=&#8221;Auxiliares de Biblioteca&#8221; tab_id=&#8221;1653920590890-ad8f4efc-89aa&#8221;][vc_column_text]<a href=\"https:\/\/centros.uepb.edu.br\/ccts\/files\/2018\/05\/JO\u00c3O.jpg\"><img loading=\"lazy\" decoding=\"async\" class=\"wp-image-441 size-thumbnail alignright img-responsive\" src=\"https:\/\/centros.uepb.edu.br\/ccts\/files\/2018\/05\/JO\u00c3O-150x150.jpg\" alt=\"\" width=\"150\" height=\"150\" srcset=\"https:\/\/centros.uepb.edu.br\/ccts\/files\/2018\/05\/JO\u00c3O-150x150.jpg 150w, https:\/\/centros.uepb.edu.br\/ccts\/files\/2018\/05\/JO\u00c3O-300x300.jpg 300w, https:\/\/centros.uepb.edu.br\/ccts\/files\/2018\/05\/JO\u00c3O-370x370.jpg 370w, https:\/\/centros.uepb.edu.br\/ccts\/files\/2018\/05\/JO\u00c3O.jpg 385w\" sizes=\"auto, (max-width: 150px) 100vw, 150px\" \/><\/a><strong>Jo\u00e3o Maria Cardoso e Andrade<\/strong><\/p>\n<p>Especialista em Fundamentos da Educa\u00e7\u00e3o &#8211; PR\u00c1TICAS PEDAG\u00d3GICAS INTERDISCIPLINARES (SEE-PB\/UEPB)(2014). Especialista em DIREITOS FUNDAMENTAIS E DEMOCRACIA (DCJ\/UEPB)(2013). Historiador pela Universidade Estadual da Para\u00edba (2010). Professor da Disciplina de Hist\u00f3ria na Rede Estadual de Educa\u00e7\u00e3o da Para\u00edba. Professor Supervisor da disciplina de Hist\u00f3ria, do Pibid &#8211; Programa Institucional de Bolsa de Inicia\u00e7\u00e3o \u00e0 Doc\u00eancia. Atualmente \u00e9 t\u00e9cnico administrativo da Universidade Estadual da Para\u00edba e Pesquisador do Centro de Refer\u00eancia em Direitos Humanos do Agreste da Para\u00edba, parceria entre a UEPB e a SDH-PR. Integra Grupo Terra &#8211; Grupo de Pesquisa Urbana, Rural e Ambiental &#8211; UEPB atuando nas linhas de pesquisa: Direito Ambiental e Hist\u00f3ria do Pensamento Jur\u00eddico, Direitos Fundamentais e Democracia, Espa\u00e7o Agr\u00e1rio e movimentos sociais, e Espa\u00e7o e mem\u00f3ria. Organizador do Congresso Jur\u00eddico do Centro de Humanidades &#8211; UEPB.<\/p>\n<p>Curr\u00edculo Lattes: <a href=\"http:\/\/lattes.cnpq.br\/1151775381277074\">lattes.cnpq.br\/1151775381277074<\/a><\/p>\n<p>&nbsp;<\/p>\n<p><a href=\"https:\/\/centros.uepb.edu.br\/ccts\/files\/2018\/05\/ramon.jpg\"><img loading=\"lazy\" decoding=\"async\" class=\"wp-image-444 size-thumbnail alignright img-responsive\" src=\"https:\/\/centros.uepb.edu.br\/ccts\/files\/2018\/05\/ramon-150x150.jpg\" alt=\"\" width=\"150\" height=\"150\" \/><\/a><strong>Ramon Trindade Marques<\/strong><\/p>\n<p>Possui gradua\u00e7\u00e3o em Direito pela Universidade Estadual da Para\u00edba (2009) e p\u00f3s-gradua\u00e7\u00e3o lato sensu em Biblioteconomia pela Faculdade Internacional Signorelli (2013). Servidor ocupante do cargo T\u00e9cnico Administrativo Universit\u00e1rio, desde 2012, pela Universidade Estadual da Para\u00edba, onde exerce a fun\u00e7\u00e3o de auxiliar o gerenciamento tanto das unidades de rede de sistemas de informa\u00e7\u00e3o quanto da qualidade e conte\u00fado das fontes informacionais. Coleta dados estat\u00edsticos e auxilia na sua an\u00e1lise viabilizando o desenvolvimento das pol\u00edticas de informa\u00e7\u00e3o e de funcionamento e controle patrimonial bibliotec\u00e1rio. Em conjunto e supervisionado por profissional Bibliotec\u00e1rio, trata tecnicamente de recursos informacionais e elabora linguagem document\u00e1ria. O desenvolvimento de padr\u00e3o de qualidade gerencial visa a otimiza\u00e7\u00e3o dos recursos informacionais tendo em mente sua dissemina\u00e7\u00e3o.<\/p>\n<p>Curr\u00edculo Lattes: <a href=\"http:\/\/lattes.cnpq.br\/1247651364723997\">lattes.cnpq.br\/1247651364723997<\/a><\/p>\n<p>&nbsp;<\/p>\n<p><a href=\"https:\/\/centros.uepb.edu.br\/ccts\/files\/2018\/05\/fatima.jpg\"><img loading=\"lazy\" decoding=\"async\" class=\"wp-image-448 size-thumbnail alignright img-responsive\" src=\"https:\/\/centros.uepb.edu.br\/ccts\/files\/2018\/05\/fatima-150x150.jpg\" alt=\"\" width=\"150\" height=\"150\" srcset=\"https:\/\/centros.uepb.edu.br\/ccts\/files\/2018\/05\/fatima-150x150.jpg 150w, https:\/\/centros.uepb.edu.br\/ccts\/files\/2018\/05\/fatima-300x300.jpg 300w, https:\/\/centros.uepb.edu.br\/ccts\/files\/2018\/05\/fatima-370x370.jpg 370w, https:\/\/centros.uepb.edu.br\/ccts\/files\/2018\/05\/fatima.jpg 418w\" sizes=\"auto, (max-width: 150px) 100vw, 150px\" \/><\/a><strong>Maria de F\u00e1tima Silva<\/strong><\/p>\n<p>Possui forma\u00e7\u00e3o em Auxiliar de Biblioteca, secretariado, atendimento ao p\u00fablico e recepcionista, atuou em outras \u00e1reas; Atua como auxiliar administrativa na universidade desde 2017,onde exerce a fun\u00e7\u00e3o de auxiliar o gerenciamento de sistemas e de informa\u00e7\u00e3o quanto da qualidade e conte\u00fado informacionais junto a dados estat\u00edsticos e auxiliando em uma an\u00e1lise e viabilizando o desenvolvimento das pol\u00edticas de informa\u00e7\u00e3o e de funcionamento e controle patrimonial bibliotec\u00e1rio<\/p>\n<p>[\/vc_column_text][\/vc_tta_section][\/vc_tta_tabs][\/vc_column][\/vc_row][vc_row][vc_column][vc_text_separator title=&#8221;Contato&#8221; i_icon_fontawesome=&#8221;fas fa-phone-alt&#8221; i_color=&#8221;custom&#8221; title_align=&#8221;separator_align_left&#8221; add_icon=&#8221;true&#8221; i_custom_color=&#8221;#cc0000&#8243;][vc_column_text css=&#8221;.vc_custom_1653921244911{margin-left: 20px !important;}&#8221;]<strong>Telefone: <\/strong>3373-1040 (Ramal 102)<strong><br \/>\nEmail:<\/strong> biblioteca.campus8@uepb.edu.br[\/vc_column_text][\/vc_column][\/vc_row]<\/p>\n<\/div>","protected":false},"excerpt":{"rendered":"<p>[vc_row][vc_column][vc_text_separator title=&#8221;Biblioteca Setorial Escritor Severino Peryllo Doliveira&#8221; i_icon_fontawesome=&#8221;fas fa-book-open&#8221; i_color=&#8221;custom&#8221; title_align=&#8221;separator_align_left&#8221; add_icon=&#8221;true&#8221; i_custom_color=&#8221;#cc0000&#8243;][vc_tta_tabs][vc_tta_section title=&#8221;Sobre a Biblioteca&#8221; tab_id=&#8221;1653920450498-a1447512-ab7f&#8221;][vc_column_text]Criada para suprir as necessidades intelectuais dos estudantes do Centro de Ci\u00eancias, Tecnologia e Sa\u00fade a\u00a0 Biblioteca Setorial possui uma estrutura que tem evolu\u00eddo juntamente com a Universidade Estadual da Para\u00edba, na busca por atender cada dia melhor os <a class=\"leiamais\" href=\"https:\/\/centros.uepb.edu.br\/ccts\/biblioteca\/\">Leia Mais&#8230;<\/a><\/p>\n","protected":false},"author":26,"featured_media":0,"parent":0,"menu_order":0,"comment_status":"open","ping_status":"open","template":"","meta":{"jetpack_post_was_ever_published":false,"footnotes":""},"class_list":["post-23","page","type-page","status-publish","hentry"],"jetpack_sharing_enabled":true,"jetpack_shortlink":"https:\/\/wp.me\/P7WTEK-n","_links":{"self":[{"href":"https:\/\/centros.uepb.edu.br\/ccts\/wp-json\/wp\/v2\/pages\/23","targetHints":{"allow":["GET"]}}],"collection":[{"href":"https:\/\/centros.uepb.edu.br\/ccts\/wp-json\/wp\/v2\/pages"}],"about":[{"href":"https:\/\/centros.uepb.edu.br\/ccts\/wp-json\/wp\/v2\/types\/page"}],"author":[{"embeddable":true,"href":"https:\/\/centros.uepb.edu.br\/ccts\/wp-json\/wp\/v2\/users\/26"}],"replies":[{"embeddable":true,"href":"https:\/\/centros.uepb.edu.br\/ccts\/wp-json\/wp\/v2\/comments?post=23"}],"version-history":[{"count":0,"href":"https:\/\/centros.uepb.edu.br\/ccts\/wp-json\/wp\/v2\/pages\/23\/revisions"}],"wp:attachment":[{"href":"https:\/\/centros.uepb.edu.br\/ccts\/wp-json\/wp\/v2\/media?parent=23"}],"curies":[{"name":"wp","href":"https:\/\/api.w.org\/{rel}","templated":true}]}}