{"id":21,"date":"2013-12-19T18:38:06","date_gmt":"2013-12-19T18:38:06","guid":{"rendered":"\/ccts\/?page_id=21"},"modified":"2025-03-20T12:32:24","modified_gmt":"2025-03-20T12:32:24","slug":"sobre","status":"publish","type":"page","link":"https:\/\/centros.uepb.edu.br\/ccts\/sobre\/","title":{"rendered":"Sobre o CCTS"},"content":{"rendered":"<div class=\"wpb-content-wrapper\"><p>[vc_row][vc_column][vc_column_text][\/vc_column_text][vc_tta_tabs][vc_tta_section title=&#8221;Dire\u00e7\u00e3o&#8221; tab_id=&#8221;1653918856106-b17f2bb9-531f&#8221;][vc_column_text css=&#8221;&#8221;]<\/p>\n<h2 style=\"text-align: left\"><strong>Diretor: Prof. Dr. Igor Souza Ogata<\/strong><\/h2>\n<h2 style=\"text-align: justify\"><span style=\"font-size: 16px\">Engenheiro Sanitarista e Ambiental, Mestre em Engenharia Civil e Ambiental, Doutorando em Engenharia Civil e Ambiental.<\/span><\/h2>\n<h2><img loading=\"lazy\" decoding=\"async\" class=\"wp-image-1183 alignleft img-responsive\" src=\"https:\/\/centros.uepb.edu.br\/ccts\/files\/2022\/06\/WhatsApp-Image-2022-06-15-at-10.31.51-222x300.jpeg\" alt=\"\" width=\"202\" height=\"273\" srcset=\"https:\/\/centros.uepb.edu.br\/ccts\/files\/2022\/06\/WhatsApp-Image-2022-06-15-at-10.31.51-222x300.jpeg 222w, https:\/\/centros.uepb.edu.br\/ccts\/files\/2022\/06\/WhatsApp-Image-2022-06-15-at-10.31.51.jpeg 320w\" sizes=\"auto, (max-width: 202px) 100vw, 202px\" \/><\/h2>\n<p>&nbsp;<\/p>\n<p>&nbsp;<\/p>\n<h2><\/h2>\n<h2><\/h2>\n<h2><\/h2>\n<h2><\/h2>\n<h2><\/h2>\n<h2><\/h2>\n<h2><\/h2>\n<h2><\/h2>\n<h2><\/h2>\n<h2><\/h2>\n<h2><\/h2>\n<p>&nbsp;<\/p>\n<p>&nbsp;<\/p>\n<p>&nbsp;<\/p>\n<p>&nbsp;<\/p>\n<p>&nbsp;<\/p>\n<h2 style=\"text-align: left\"><strong>Diretor Adjunto &#8211; Prof. Dr. Valdecir Alves dos Santos J\u00fanior<\/strong><\/h2>\n<p style=\"text-align: justify\">Possui gradua\u00e7\u00e3o em matem\u00e1tica pela Universidade Federal do Maranh\u00e3o \u2013 UFMA (2009), mestrado em Matem\u00e1tica pela Universidade Federal da Para\u00edba \u2013 UFPB (2011) e Doutorado em Engenharia de Processos pela Universidade Federal de Campina Grande \u2013 UFCG (2018), trabalhando com transporte de fluido com \u00eanfase no M\u00e9todo Integral baseado em Galerkin; modelagem num\u00e9rica; meio poroso.<\/p>\n<p><a href=\"https:\/\/centros.uepb.edu.br\/ccts\/files\/2025\/03\/Vadecir.jpg\"><img loading=\"lazy\" decoding=\"async\" class=\"alignnone size-medium wp-image-1576 img-responsive\" src=\"https:\/\/centros.uepb.edu.br\/ccts\/files\/2025\/03\/Vadecir-280x300.jpg\" alt=\"\" width=\"280\" height=\"300\" srcset=\"https:\/\/centros.uepb.edu.br\/ccts\/files\/2025\/03\/Vadecir-280x300.jpg 280w, https:\/\/centros.uepb.edu.br\/ccts\/files\/2025\/03\/Vadecir.jpg 720w\" sizes=\"auto, (max-width: 280px) 100vw, 280px\" \/><\/a>[\/vc_column_text][\/vc_tta_section][vc_tta_section title=&#8221;Secretaria&#8221; tab_id=&#8221;1653918856115-05fb567e-8d11&#8243;][vc_column_text css=&#8221;&#8221;]<strong>Maria Ana Fernandes Matias\u00a0Nobre<\/strong><\/p>\n<p><a href=\"https:\/\/centros.uepb.edu.br\/ccts\/files\/2025\/02\/Maria_Ana.jpg\"><img loading=\"lazy\" decoding=\"async\" class=\"alignnone size-medium wp-image-1563 img-responsive\" src=\"https:\/\/centros.uepb.edu.br\/ccts\/files\/2025\/02\/Maria_Ana-300x300.jpg\" alt=\"\" width=\"300\" height=\"300\" srcset=\"https:\/\/centros.uepb.edu.br\/ccts\/files\/2025\/02\/Maria_Ana-300x300.jpg 300w, https:\/\/centros.uepb.edu.br\/ccts\/files\/2025\/02\/Maria_Ana-797x796.jpg 797w, https:\/\/centros.uepb.edu.br\/ccts\/files\/2025\/02\/Maria_Ana.jpg 828w\" sizes=\"auto, (max-width: 300px) 100vw, 300px\" \/><\/a>[\/vc_column_text][\/vc_tta_section][\/vc_tta_tabs][\/vc_column][\/vc_row][vc_row][vc_column][vc_text_separator title=&#8221;Hist\u00f3ria&#8221; i_icon_fontawesome=&#8221;fas fa-hourglass-half&#8221; i_color=&#8221;custom&#8221; title_align=&#8221;separator_align_left&#8221; add_icon=&#8221;true&#8221; i_custom_color=&#8221;#cc0000&#8243;][vc_column_text]<a href=\"https:\/\/centros.uepb.edu.br\/ccts\/files\/2018\/05\/P_20180510_084733.jpg\"><img loading=\"lazy\" decoding=\"async\" class=\"size-medium wp-image-405 alignright img-responsive\" src=\"https:\/\/centros.uepb.edu.br\/ccts\/files\/2018\/05\/P_20180510_084733-300x169.jpg\" alt=\"\" width=\"300\" height=\"169\" srcset=\"https:\/\/centros.uepb.edu.br\/ccts\/files\/2018\/05\/P_20180510_084733-300x169.jpg 300w, https:\/\/centros.uepb.edu.br\/ccts\/files\/2018\/05\/P_20180510_084733-768x432.jpg 768w, https:\/\/centros.uepb.edu.br\/ccts\/files\/2018\/05\/P_20180510_084733-1024x576.jpg 1024w, https:\/\/centros.uepb.edu.br\/ccts\/files\/2018\/05\/P_20180510_084733-370x208.jpg 370w, https:\/\/centros.uepb.edu.br\/ccts\/files\/2018\/05\/P_20180510_084733-840x473.jpg 840w\" sizes=\"auto, (max-width: 300px) 100vw, 300px\" \/><\/a>Criado em 20 de Setembro de 2010, o Centro de Ci\u00eancias, Tecnologia e Sa\u00fade da Universidade Estadual da Para\u00edba \u2013 CCTS encontra-se sediado na cidade de Araruna, na regi\u00e3o do Curimata\u00fa Ocidental Paraibano.<\/p>\n<p>Em sua inaugura\u00e7\u00e3o, que contou com as presen\u00e7as do Governador em Exerc\u00edcio al\u00e9m da Reitora da UEPB \u00e0 \u00e9poca, Desembargador Luiz S\u00edlvio Ramalho e a Profa. Marlene Alves Souza Luna, respectivamente, o CCTS ofereceu 130 vagas para 130 vagas para os cursos de Engenharia Civil, Odontologia e Ci\u00eancias da Natureza, nos turnos da manh\u00e3 e tarde.<\/p>\n<p>O Campus recebeu o nome da Professora Maria da Penha, profissional que atuou na edifica\u00e7\u00e3o da educa\u00e7\u00e3o na cidade de Araruna.<\/p>\n<p>A primeira docente a assumir a dire\u00e7\u00e3o do CCTS, a convite da Magn\u00edfica Reitora, foi a Professora Profa. Dra. Alessandra Gomes Brand\u00e3o, que cuidou do processo de instala\u00e7\u00e3o dos cursos com um quadro docente selecionado para este importante momento de expans\u00e3o que a Universidade Estadual da Para\u00edba viveu at\u00e9 o ano de 2010, ficando \u00e0 frente da gest\u00e3o at\u00e9 agosto de 2012.<\/p>\n<p>Em 2012 foi convidado o professor Prof. Raimundo Leidimar Bezerra para assumir a gest\u00e3o do CCTS, ficando at\u00e9 a primeira elei\u00e7\u00e3o para dire\u00e7\u00e3o do campus, em 2014, quando foi reconduzido ao cargo de Diretor passando a ser o primeiro docente eleito pela comunidade universit\u00e1ria, sendo acompanhado pelo Prof. Dr. Manuel Antonio Gord\u00f3n-N\u00fa\u00f1ez como Diretor Adjunto.<\/p>\n<p>No ano de 2016, o Prof. Manuel Antonio Gord\u00f3n-N\u00fa\u00f1ez \u00e9 escolhido para o pr\u00f3ximo ciclo da gest\u00e3o do campus, juntamente como o Prof. Raimundo Leidimar Bezerra ocupando desta vez o cargo de Diretor Adjunto. Na elei\u00e7\u00e3o para Dire\u00e7\u00e3o de Centro ocorrida em 2018, o dois professores foram reconduzidos aos cargos.[\/vc_column_text][\/vc_column][\/vc_row]<\/p>\n<\/div>","protected":false},"excerpt":{"rendered":"<p>[vc_row][vc_column][vc_column_text][\/vc_column_text][vc_tta_tabs][vc_tta_section title=&#8221;Dire\u00e7\u00e3o&#8221; tab_id=&#8221;1653918856106-b17f2bb9-531f&#8221;][vc_column_text css=&#8221;&#8221;] Diretor: Prof. Dr. Igor Souza Ogata Engenheiro Sanitarista e Ambiental, Mestre em Engenharia Civil e Ambiental, Doutorando em Engenharia Civil e Ambiental. &nbsp; &nbsp; &nbsp; &nbsp; &nbsp; &nbsp; &nbsp; Diretor Adjunto &#8211; Prof. Dr. Valdecir Alves dos Santos J\u00fanior Possui gradua\u00e7\u00e3o em matem\u00e1tica pela Universidade Federal do Maranh\u00e3o \u2013 UFMA (2009), <a class=\"leiamais\" href=\"https:\/\/centros.uepb.edu.br\/ccts\/sobre\/\">Leia Mais&#8230;<\/a><\/p>\n","protected":false},"author":26,"featured_media":0,"parent":0,"menu_order":0,"comment_status":"open","ping_status":"open","template":"","meta":{"footnotes":""},"class_list":["post-21","page","type-page","status-publish","hentry"],"jetpack_sharing_enabled":true,"jetpack_shortlink":"https:\/\/wp.me\/P7WTEK-l","_links":{"self":[{"href":"https:\/\/centros.uepb.edu.br\/ccts\/wp-json\/wp\/v2\/pages\/21","targetHints":{"allow":["GET"]}}],"collection":[{"href":"https:\/\/centros.uepb.edu.br\/ccts\/wp-json\/wp\/v2\/pages"}],"about":[{"href":"https:\/\/centros.uepb.edu.br\/ccts\/wp-json\/wp\/v2\/types\/page"}],"author":[{"embeddable":true,"href":"https:\/\/centros.uepb.edu.br\/ccts\/wp-json\/wp\/v2\/users\/26"}],"replies":[{"embeddable":true,"href":"https:\/\/centros.uepb.edu.br\/ccts\/wp-json\/wp\/v2\/comments?post=21"}],"version-history":[{"count":0,"href":"https:\/\/centros.uepb.edu.br\/ccts\/wp-json\/wp\/v2\/pages\/21\/revisions"}],"wp:attachment":[{"href":"https:\/\/centros.uepb.edu.br\/ccts\/wp-json\/wp\/v2\/media?parent=21"}],"curies":[{"name":"wp","href":"https:\/\/api.w.org\/{rel}","templated":true}]}}