{"id":1462,"date":"2024-08-19T14:30:35","date_gmt":"2024-08-19T14:30:35","guid":{"rendered":"https:\/\/centros.uepb.edu.br\/ccts\/?page_id=1462"},"modified":"2024-08-19T14:30:35","modified_gmt":"2024-08-19T14:30:35","slug":"editais","status":"publish","type":"page","link":"https:\/\/centros.uepb.edu.br\/ccts\/fisica-extensao\/editais\/","title":{"rendered":"Editais"},"content":{"rendered":"<p>Em breve mais informa\u00e7\u00f5es sobre projetos de pesquisa e extens\u00e3o do Curso de F\u00edsica.<\/p>\n","protected":false},"excerpt":{"rendered":"<p>Em breve mais informa\u00e7\u00f5es sobre projetos de pesquisa e extens\u00e3o do Curso de F\u00edsica.<\/p>\n","protected":false},"author":66,"featured_media":0,"parent":496,"menu_order":0,"comment_status":"closed","ping_status":"closed","template":"","meta":{"jetpack_post_was_ever_published":false,"footnotes":""},"class_list":["post-1462","page","type-page","status-publish","hentry"],"jetpack_sharing_enabled":true,"jetpack_shortlink":"https:\/\/wp.me\/P7WTEK-nA","_links":{"self":[{"href":"https:\/\/centros.uepb.edu.br\/ccts\/wp-json\/wp\/v2\/pages\/1462","targetHints":{"allow":["GET"]}}],"collection":[{"href":"https:\/\/centros.uepb.edu.br\/ccts\/wp-json\/wp\/v2\/pages"}],"about":[{"href":"https:\/\/centros.uepb.edu.br\/ccts\/wp-json\/wp\/v2\/types\/page"}],"author":[{"embeddable":true,"href":"https:\/\/centros.uepb.edu.br\/ccts\/wp-json\/wp\/v2\/users\/66"}],"replies":[{"embeddable":true,"href":"https:\/\/centros.uepb.edu.br\/ccts\/wp-json\/wp\/v2\/comments?post=1462"}],"version-history":[{"count":0,"href":"https:\/\/centros.uepb.edu.br\/ccts\/wp-json\/wp\/v2\/pages\/1462\/revisions"}],"up":[{"embeddable":true,"href":"https:\/\/centros.uepb.edu.br\/ccts\/wp-json\/wp\/v2\/pages\/496"}],"wp:attachment":[{"href":"https:\/\/centros.uepb.edu.br\/ccts\/wp-json\/wp\/v2\/media?parent=1462"}],"curies":[{"name":"wp","href":"https:\/\/api.w.org\/{rel}","templated":true}]}}