{"id":1451,"date":"2024-08-12T17:09:58","date_gmt":"2024-08-12T17:09:58","guid":{"rendered":"https:\/\/centros.uepb.edu.br\/ccts\/?page_id=1451"},"modified":"2024-09-30T19:06:33","modified_gmt":"2024-09-30T19:06:33","slug":"monitoria","status":"publish","type":"page","link":"https:\/\/centros.uepb.edu.br\/ccts\/selecoes\/editais\/monitoria\/","title":{"rendered":"Monitoria"},"content":{"rendered":"<p>A Comiss\u00e3o Organizadora do IV CONGRESSO UNIVERSIT\u00c1RIO \u2013 CCTS da UEPB torna p\u00fablico o edital para sele\u00e7\u00e3o de monitores.<\/p>\n<div class='w3eden'><!-- WPDM Link Template: Default Template -->\n\n<div class=\"link-template-default card mb-2\">\n    <div class=\"card-body\">\n        <div class=\"media\">\n            <div class=\"mr-3 img-48\"><img decoding=\"async\" class=\"wpdm_icon\" alt=\"\u00cdcone\" src=\"https:\/\/centros.uepb.edu.br\/ccts\/wp-content\/plugins\/download-manager\/assets\/file-type-icons\/pdf.svg\" \/><\/div>\n            <div class=\"media-body\">\n                <h3 class=\"package-title\"><a href='https:\/\/centros.uepb.edu.br\/ccts\/download\/edital-retificado-da-selecao-de-monitores-para-o-iv-congresso-universitario-ccts\/'>Edital Retificado da Sele\u00e7\u00e3o de Monitores para o IV Congresso Universit\u00e1rio - CCTS<\/a><\/h3>\n                <div class=\"text-muted text-small\"><i class=\"fas fa-copy\"><\/i> 1 file(s) <i class=\"fas fa-hdd ml-3\"><\/i> 161.03 KB<\/div>\n            <\/div>\n            <div class=\"ml-3\">\n                <a class='wpdm-download-link download-on-click btn btn-primary ' rel='nofollow' href='#' data-downloadurl=\"https:\/\/centros.uepb.edu.br\/ccts\/download\/edital-retificado-da-selecao-de-monitores-para-o-iv-congresso-universitario-ccts\/?wpdmdl=1510&refresh=6a08d91534fd51778964757\">Download<\/a>\n            <\/div>\n        <\/div>\n    <\/div>\n<\/div>\n\n<\/div>\n<p>&nbsp;<\/p>\n<div class='w3eden'><!-- WPDM Link Template: Default Template -->\n\n<div class=\"link-template-default card mb-2\">\n    <div class=\"card-body\">\n        <div class=\"media\">\n            <div class=\"mr-3 img-48\"><img decoding=\"async\" class=\"wpdm_icon\" alt=\"\u00cdcone\" src=\"https:\/\/centros.uepb.edu.br\/ccts\/wp-content\/plugins\/download-manager\/assets\/file-type-icons\/pdf.svg\" \/><\/div>\n            <div class=\"media-body\">\n                <h3 class=\"package-title\"><a href='https:\/\/centros.uepb.edu.br\/ccts\/download\/lista-dos-estudantes-convocados-para-entrevista-do-psm-do-iv-congresso-universitario-ccts\/'>LISTA DOS ESTUDANTES CONVOCADOS PARA ENTREVISTA DO PSM DO IV CONGRESSO UNIVERSIT\u00c1RIO - CCTS<\/a><\/h3>\n                <div class=\"text-muted text-small\"><i class=\"fas fa-copy\"><\/i> 1 file(s) <i class=\"fas fa-hdd ml-3\"><\/i> 78.31 KB<\/div>\n            <\/div>\n            <div class=\"ml-3\">\n                <a class='wpdm-download-link download-on-click btn btn-primary ' rel='nofollow' href='#' data-downloadurl=\"https:\/\/centros.uepb.edu.br\/ccts\/download\/lista-dos-estudantes-convocados-para-entrevista-do-psm-do-iv-congresso-universitario-ccts\/?wpdmdl=1507&refresh=6a08d915cd0c41778964757\">Download<\/a>\n            <\/div>\n        <\/div>\n    <\/div>\n<\/div>\n\n<\/div>\n<p>&nbsp;<\/p>\n<div class='w3eden'><!-- WPDM Link Template: Default Template -->\n\n<div class=\"link-template-default card mb-2\">\n    <div class=\"card-body\">\n        <div class=\"media\">\n            <div class=\"mr-3 img-48\"><img decoding=\"async\" class=\"wpdm_icon\" alt=\"\u00cdcone\" src=\"https:\/\/centros.uepb.edu.br\/ccts\/wp-content\/plugins\/download-manager\/assets\/file-type-icons\/pdf.svg\" \/><\/div>\n            <div class=\"media-body\">\n                <h3 class=\"package-title\"><a href='https:\/\/centros.uepb.edu.br\/ccts\/download\/edital-ccts-selecao-de-monitores\/'>Edital - CCTS - Sele\u00e7\u00e3o de Monitores<\/a><\/h3>\n                <div class=\"text-muted text-small\"><i class=\"fas fa-copy\"><\/i> 1 file(s) <i class=\"fas fa-hdd ml-3\"><\/i> 159.50 KB<\/div>\n            <\/div>\n            <div class=\"ml-3\">\n                <a class='wpdm-download-link download-on-click btn btn-primary ' rel='nofollow' href='#' data-downloadurl=\"https:\/\/centros.uepb.edu.br\/ccts\/download\/edital-ccts-selecao-de-monitores\/?wpdmdl=1454&refresh=6a08d9163a89a1778964758\">Download<\/a>\n            <\/div>\n        <\/div>\n    <\/div>\n<\/div>\n\n<\/div>\n<p>&nbsp;<\/p>\n<p>&nbsp;<\/p>\n<p>&nbsp;<\/p>\n<p>&nbsp;<\/p>\n<p>&nbsp;<\/p>\n","protected":false},"excerpt":{"rendered":"<p>A Comiss\u00e3o Organizadora do IV CONGRESSO UNIVERSIT\u00c1RIO \u2013 CCTS da UEPB torna p\u00fablico o edital para sele\u00e7\u00e3o de monitores. &nbsp; &nbsp; &nbsp; &nbsp; &nbsp; &nbsp; &nbsp;<\/p>\n","protected":false},"author":66,"featured_media":0,"parent":1448,"menu_order":0,"comment_status":"closed","ping_status":"closed","template":"","meta":{"footnotes":""},"class_list":["post-1451","page","type-page","status-publish","hentry"],"jetpack_sharing_enabled":true,"jetpack_shortlink":"https:\/\/wp.me\/P7WTEK-np","_links":{"self":[{"href":"https:\/\/centros.uepb.edu.br\/ccts\/wp-json\/wp\/v2\/pages\/1451","targetHints":{"allow":["GET"]}}],"collection":[{"href":"https:\/\/centros.uepb.edu.br\/ccts\/wp-json\/wp\/v2\/pages"}],"about":[{"href":"https:\/\/centros.uepb.edu.br\/ccts\/wp-json\/wp\/v2\/types\/page"}],"author":[{"embeddable":true,"href":"https:\/\/centros.uepb.edu.br\/ccts\/wp-json\/wp\/v2\/users\/66"}],"replies":[{"embeddable":true,"href":"https:\/\/centros.uepb.edu.br\/ccts\/wp-json\/wp\/v2\/comments?post=1451"}],"version-history":[{"count":0,"href":"https:\/\/centros.uepb.edu.br\/ccts\/wp-json\/wp\/v2\/pages\/1451\/revisions"}],"up":[{"embeddable":true,"href":"https:\/\/centros.uepb.edu.br\/ccts\/wp-json\/wp\/v2\/pages\/1448"}],"wp:attachment":[{"href":"https:\/\/centros.uepb.edu.br\/ccts\/wp-json\/wp\/v2\/media?parent=1451"}],"curies":[{"name":"wp","href":"https:\/\/api.w.org\/{rel}","templated":true}]}}