{"id":1389,"date":"2024-06-05T13:12:07","date_gmt":"2024-06-05T13:12:07","guid":{"rendered":"https:\/\/centros.uepb.edu.br\/ccts\/?page_id=1389"},"modified":"2024-06-05T13:13:44","modified_gmt":"2024-06-05T13:13:44","slug":"corpo-docente","status":"publish","type":"page","link":"https:\/\/centros.uepb.edu.br\/ccts\/odontologia-curso\/corpo-docente\/","title":{"rendered":"Corpo Docente"},"content":{"rendered":"<p><strong><a href=\"https:\/\/centros.uepb.edu.br\/ccts\/files\/2024\/06\/Dmitry.jpg\"><img loading=\"lazy\" decoding=\"async\" class=\"wp-image-1390 alignleft img-responsive\" src=\"https:\/\/centros.uepb.edu.br\/ccts\/files\/2024\/06\/Dmitry.jpg\" alt=\"\" width=\"123\" height=\"175\" \/><\/a>Prof. Dr. Dmitry Jos\u00e9 de Santana Sarmento<\/strong> <strong>(Processos Diagn\u00f3sticos)<\/strong><\/p>\n<p>CV: <a href=\"http:\/\/lattes.cnpq.br\/8342112254100791\">http:\/\/lattes.cnpq.br\/8342112254100791<\/a>.<\/p>\n<p>Email institucional: <a href=\"mailto:dmitry_sarmento@servidor.uepb.edu.br\">dmitry_sarmento@servidor.uepb.edu.br<\/a>.<\/p>\n<p>&nbsp;<\/p>\n<p>&nbsp;<\/p>\n<p><strong><a href=\"https:\/\/centros.uepb.edu.br\/ccts\/files\/2024\/06\/Edson.png\"><img loading=\"lazy\" decoding=\"async\" class=\" wp-image-1391 alignleft img-responsive\" src=\"https:\/\/centros.uepb.edu.br\/ccts\/files\/2024\/06\/Edson.png\" alt=\"\" width=\"122\" height=\"160\" \/><\/a>Dr. Edson Peixoto de Vasconcellos Neto<\/strong> <strong>(Ci\u00eancias Sociais)<\/strong><\/p>\n<p>CV: <a href=\"http:\/\/lattes.cnpq.br\/077354429772081\">http:\/\/lattes.cnpq.br\/077354429772081<\/a>.<\/p>\n<p>Email institucional: <a href=\"mailto:edson@servidor.uepb.edu.br\">edson@servidor.uepb.edu.br<\/a>.<\/p>\n<p>&nbsp;<\/p>\n<p>&nbsp;<\/p>\n<p><strong> <a href=\"https:\/\/centros.uepb.edu.br\/ccts\/files\/2024\/06\/Erick.jpg\"><img loading=\"lazy\" decoding=\"async\" class=\" wp-image-1392 alignleft img-responsive\" src=\"https:\/\/centros.uepb.edu.br\/ccts\/files\/2024\/06\/Erick-300x290.jpg\" alt=\"\" width=\"122\" height=\"118\" srcset=\"https:\/\/centros.uepb.edu.br\/ccts\/files\/2024\/06\/Erick-300x290.jpg 300w, https:\/\/centros.uepb.edu.br\/ccts\/files\/2024\/06\/Erick.jpg 600w\" sizes=\"auto, (max-width: 122px) 100vw, 122px\" \/><\/a>Dr. <\/strong><strong>\u00c9rick T\u00e1ssio Barbosa Neves<\/strong> <strong>(Cirurgia Oral)<\/strong><\/p>\n<p>CV:<a href=\"http:\/\/lattes.cnpq.br\/1773585626923170\"> http:\/\/lattes.cnpq.br\/1773585626923170<\/a>.<\/p>\n<p>Email institucional: <a href=\"mailto:erick.neves@servidor.uepb.edu.br\">neves@servidor.uepb.edu.br<\/a>.<\/p>\n<p>&nbsp;<\/p>\n<p><strong><a href=\"https:\/\/centros.uepb.edu.br\/ccts\/files\/2024\/06\/Ernani-2.png\"><img loading=\"lazy\" decoding=\"async\" class=\"wp-image-1401 alignleft img-responsive\" src=\"https:\/\/centros.uepb.edu.br\/ccts\/files\/2024\/06\/Ernani-2.png\" alt=\"\" width=\"122\" height=\"139\" \/><\/a>Dr. <\/strong><strong>Ernani Canuto Figueir\u00eado Junior (Endodontia)<\/strong><\/p>\n<p>CV: <a href=\"http:\/\/lattes.cnpq.br\/4286434824060449\">http:\/\/lattes.cnpq.br\/4286434824060449<\/a>.<\/p>\n<p>Email institucional: <a href=\"mailto:prof.ernanijr@servidor.uepb.edu.br\">prof.ernanijr@servidor.uepb.edu.br<\/a> .<\/p>\n<p>&nbsp;<\/p>\n<p>&nbsp;<\/p>\n<p><strong> <a href=\"https:\/\/centros.uepb.edu.br\/ccts\/files\/2024\/06\/Fernanda-scaled.jpg\"><img loading=\"lazy\" decoding=\"async\" class=\"wp-image-1394 alignleft img-responsive\" src=\"https:\/\/centros.uepb.edu.br\/ccts\/files\/2024\/06\/Fernanda-200x300.jpg\" alt=\"\" width=\"120\" height=\"181\" srcset=\"https:\/\/centros.uepb.edu.br\/ccts\/files\/2024\/06\/Fernanda-200x300.jpg 200w, https:\/\/centros.uepb.edu.br\/ccts\/files\/2024\/06\/Fernanda-1024x1536.jpg 1024w, https:\/\/centros.uepb.edu.br\/ccts\/files\/2024\/06\/Fernanda-1365x2048.jpg 1365w, https:\/\/centros.uepb.edu.br\/ccts\/files\/2024\/06\/Fernanda-531x796.jpg 531w, https:\/\/centros.uepb.edu.br\/ccts\/files\/2024\/06\/Fernanda-scaled.jpg 1707w\" sizes=\"auto, (max-width: 120px) 100vw, 120px\" \/><\/a>Dra. <\/strong><strong>Fernanda Campos<\/strong> <strong>(Dent\u00edstica)<\/strong><\/p>\n<p>CV: <a href=\"http:\/\/lattes.cnpq.br\/6923765561664897\">http:\/\/lattes.cnpq.br\/6923765561664897<\/a><\/p>\n<p>Email institucional: <a href=\"mailto:fernandacampos@servidor.uepb.edu.br\">fernandacampos@servidor.uepb.edu.br<\/a><\/p>\n<p>&nbsp;<\/p>\n<p>&nbsp;<\/p>\n<p>&nbsp;<\/p>\n<p><strong><a href=\"https:\/\/centros.uepb.edu.br\/ccts\/files\/2024\/06\/Fernando.png\"><img loading=\"lazy\" decoding=\"async\" class=\" wp-image-1380 alignleft img-responsive\" src=\"https:\/\/centros.uepb.edu.br\/ccts\/files\/2024\/06\/Fernando.png\" alt=\"\" width=\"119\" height=\"156\" \/><\/a>Prof. Dr. Fernando Ant\u00f4nio de Farias Aires J\u00fanior (Odontologia Social e Preventiva)<\/strong><\/p>\n<p>CV: <a href=\"http:\/\/lattes.cnpq.br\/9133004189613327\">http:\/\/lattes.cnpq.br\/9133004189613327<\/a><\/p>\n<p>Email institucional: <a href=\"mailto:fairesjr@servidor.uepb.edu.br\">fairesjr@servidor.uepb.edu.br<\/a><\/p>\n<p>&nbsp;<\/p>\n<p>&nbsp;<\/p>\n<p><strong><a href=\"https:\/\/centros.uepb.edu.br\/ccts\/files\/2024\/06\/Gustavo.png\"><img loading=\"lazy\" decoding=\"async\" class=\" wp-image-1395 alignleft img-responsive\" src=\"https:\/\/centros.uepb.edu.br\/ccts\/files\/2024\/06\/Gustavo.png\" alt=\"\" width=\"119\" height=\"156\" \/><\/a>Prof. Dr. Gustavo Gomes Agripino (Processos Diagn\u00f3sticos)<\/strong><\/p>\n<p>CV: <a href=\"http:\/\/lattes.cnpq.br\/8906639597601195\">http:\/\/lattes.cnpq.br\/8906639597601195<\/a><\/p>\n<p>Email institucional: <a href=\"mailto:agripino.gustavo@servidor.uepb.edu.br\">agripino.gustavo@servidor.uepb.edu.br<\/a><\/p>\n<p><strong>\u00a0<\/strong><\/p>\n<p>&nbsp;<\/p>\n<p><strong><a href=\"https:\/\/centros.uepb.edu.br\/ccts\/files\/2024\/06\/Joao-Paulo.jpg\"><img loading=\"lazy\" decoding=\"async\" class=\"wp-image-1396 alignleft img-responsive\" src=\"https:\/\/centros.uepb.edu.br\/ccts\/files\/2024\/06\/Joao-Paulo-300x282.jpg\" alt=\"\" width=\"119\" height=\"112\" srcset=\"https:\/\/centros.uepb.edu.br\/ccts\/files\/2024\/06\/Joao-Paulo-300x282.jpg 300w, https:\/\/centros.uepb.edu.br\/ccts\/files\/2024\/06\/Joao-Paulo.jpg 554w\" sizes=\"auto, (max-width: 119px) 100vw, 119px\" \/><\/a>Prof. Dr. <\/strong><strong>Jo\u00e3o Paulo da Silva Neto (Pr\u00f3tese Dent\u00e1ria) <\/strong><\/p>\n<p>CV: <a href=\"http:\/\/lattes.cnpq.br\/4405252063778832\">http:\/\/lattes.cnpq.br\/4405252063778832<\/a><\/p>\n<p>Email institucional: <a href=\"mailto:joaopaulosneto@servidor.uepb.edu.br\">joaopaulosneto@servidor.uepb.edu.br<\/a><\/p>\n<p>&nbsp;<\/p>\n<p><strong><a href=\"https:\/\/centros.uepb.edu.br\/ccts\/files\/2024\/06\/Jose-Renato.png\"><img loading=\"lazy\" decoding=\"async\" class=\" wp-image-1397 alignleft img-responsive\" src=\"https:\/\/centros.uepb.edu.br\/ccts\/files\/2024\/06\/Jose-Renato.png\" alt=\"\" width=\"117\" height=\"153\" \/><\/a>Prof. Dr<\/strong>. <strong>Jos\u00e9 Renato Cavalcanti de Queiroz <\/strong><strong>(Pr\u00f3tese Dent\u00e1ria)<\/strong><\/p>\n<p>CV: <a href=\"http:\/\/lattes.cnpq.br\/7448010108449972\">http:\/\/lattes.cnpq.br\/7448010108449972<\/a><\/p>\n<p>Email institucional: <a href=\"mailto:joserenatocq@servidor.uepb.edu.br\">joserenatocq@servidor.uepb.edu.br<\/a><\/p>\n<p>&nbsp;<\/p>\n<p>&nbsp;<\/p>\n<p><strong><a href=\"https:\/\/centros.uepb.edu.br\/ccts\/files\/2024\/06\/Marcelo-Gadelha.png\"><img loading=\"lazy\" decoding=\"async\" class=\" wp-image-1398 alignleft img-responsive\" src=\"https:\/\/centros.uepb.edu.br\/ccts\/files\/2024\/06\/Marcelo-Gadelha.png\" alt=\"\" width=\"117\" height=\"153\" \/><\/a>Prof. Dr.<\/strong><strong> Marcelo Gadelha Vasconcelos (Dent\u00edstica)<\/strong><\/p>\n<p>CV: <a href=\"http:\/\/lattes.cnpq.br\/9697237633631759\">http:\/\/lattes.cnpq.br\/9697237633631759<\/a><\/p>\n<p>Email institucional: <a href=\"mailto:marcelo.gadelha.vasconcelos@servidor.uepb.edu.br\">marcelo.gadelha.vasconcelos@servidor.uepb.edu.br<\/a><\/p>\n<p>&nbsp;<\/p>\n<p>&nbsp;<\/p>\n<p><strong><a href=\"https:\/\/centros.uepb.edu.br\/ccts\/files\/2024\/06\/Morgana.png\"><img loading=\"lazy\" decoding=\"async\" class=\" wp-image-1399 alignleft img-responsive\" src=\"https:\/\/centros.uepb.edu.br\/ccts\/files\/2024\/06\/Morgana.png\" alt=\"\" width=\"117\" height=\"153\" \/><\/a>Profa. Dra. Morgana Maria Souza Gad\u00ealha de Carvalho (Metabolismo Humano)<\/strong><\/p>\n<p>CV: <strong><a href=\"http:\/\/lattes.cnpq.br\/4193899557139670\">http:\/\/lattes.cnpq.br\/4193899557139670<\/a> <\/strong><\/p>\n<p>Email institucional: <a href=\"mailto:mmsg@servidor.uepb.edu.br\">mmsg@servidor.uepb.edu.br<\/a><\/p>\n<p>&nbsp;<\/p>\n<p>&nbsp;<\/p>\n<p><strong><a href=\"https:\/\/centros.uepb.edu.br\/ccts\/files\/2024\/06\/Pierre.png\"><img loading=\"lazy\" decoding=\"async\" class=\" wp-image-1400 alignleft img-responsive\" src=\"https:\/\/centros.uepb.edu.br\/ccts\/files\/2024\/06\/Pierre.png\" alt=\"\" width=\"117\" height=\"153\" \/><\/a>Prof. Dr.<\/strong><strong> Pierre Andrade Pereira de Oliveira <\/strong><strong>(Odontologia Social e Preventiva)<\/strong><\/p>\n<p>CV: <a href=\"http:\/\/lattes.cnpq.br\/9018757200564185\">http:\/\/lattes.cnpq.br\/9018757200564185<\/a><\/p>\n<p>Email institucional: <a href=\"mailto:pierre@servidor.uepb.edu.br\">pierre@servidor.uepb.edu.br<\/a><\/p>\n<p>&nbsp;<\/p>\n<p>&nbsp;<\/p>\n<p><strong><a href=\"https:\/\/centros.uepb.edu.br\/ccts\/files\/2024\/06\/Rodrigo-2.png\"><img loading=\"lazy\" decoding=\"async\" class=\"wp-image-1403 alignleft img-responsive\" src=\"https:\/\/centros.uepb.edu.br\/ccts\/files\/2024\/06\/Rodrigo-2-273x300.png\" alt=\"\" width=\"115\" height=\"126\" srcset=\"https:\/\/centros.uepb.edu.br\/ccts\/files\/2024\/06\/Rodrigo-2-273x300.png 273w, https:\/\/centros.uepb.edu.br\/ccts\/files\/2024\/06\/Rodrigo-2.png 299w\" sizes=\"auto, (max-width: 115px) 100vw, 115px\" \/><\/a>Prof. Dr.<\/strong><strong> Rodrigo Gadelha Vasconcelos (Dent\u00edstica)<\/strong><\/p>\n<p>CV: <a href=\"http:\/\/lattes.cnpq.br\/0935664051881901\">http:\/\/lattes.cnpq.br\/0935664051881901<\/a><\/p>\n<p>Email institucional: <a href=\"mailto:rodrigogadelha@servidor.uepb.edu.br\">rodrigogadelha@servidor.uepb.edu.br<\/a><\/p>\n<p>&nbsp;<\/p>\n<p><strong><a href=\"https:\/\/centros.uepb.edu.br\/ccts\/files\/2024\/06\/Sandra.png\"><img loading=\"lazy\" decoding=\"async\" class=\"wp-image-1402 alignleft img-responsive\" src=\"https:\/\/centros.uepb.edu.br\/ccts\/files\/2024\/06\/Sandra-280x300.png\" alt=\"\" width=\"122\" height=\"131\" srcset=\"https:\/\/centros.uepb.edu.br\/ccts\/files\/2024\/06\/Sandra-280x300.png 280w, https:\/\/centros.uepb.edu.br\/ccts\/files\/2024\/06\/Sandra.png 315w\" sizes=\"auto, (max-width: 122px) 100vw, 122px\" \/><\/a>Profa. Dra.<\/strong><strong> Sandra Aparecida Marinho (Processos Diagn\u00f3sticos)<\/strong><\/p>\n<p>CV: <a href=\"http:\/\/lattes.cnpq.br\/0433748764321767\">http:\/\/lattes.cnpq.br\/0433748764321767<\/a><\/p>\n<p>Email institucional: <a href=\"mailto:sandramarinho@servidor.uepb.edu.br\">sandramarinho@servidor.uepb.edu.br<\/a><\/p>\n<p>&nbsp;<\/p>\n<p><strong><a href=\"https:\/\/centros.uepb.edu.br\/ccts\/files\/2024\/06\/Sergio-2.png\"><img loading=\"lazy\" decoding=\"async\" class=\"wp-image-1383 alignleft img-responsive\" src=\"https:\/\/centros.uepb.edu.br\/ccts\/files\/2024\/06\/Sergio-2.png\" alt=\"\" width=\"127\" height=\"154\" \/><\/a>Prof. Dr. S\u00e9rgio Henrique Gon\u00e7alves de Carvalho <\/strong><strong>(Processos Diagn\u00f3sticos)<\/strong><\/p>\n<p>CV: <a href=\"http:\/\/lattes.cnpq.br\/6945609895020351\">http:\/\/lattes.cnpq.br\/6945609895020351<\/a><\/p>\n<p>Email institucional: <a href=\"mailto:sergiocarvalho@servidor.uepb.edu.br\">sergiocarvalho@servidor.uepb.edu.br<\/a><\/p>\n","protected":false},"excerpt":{"rendered":"<p>Prof. Dr. Dmitry Jos\u00e9 de Santana Sarmento (Processos Diagn\u00f3sticos) CV: http:\/\/lattes.cnpq.br\/8342112254100791. Email institucional: dmitry_sarmento@servidor.uepb.edu.br. &nbsp; &nbsp; Dr. Edson Peixoto de Vasconcellos Neto (Ci\u00eancias Sociais) CV: http:\/\/lattes.cnpq.br\/077354429772081. Email institucional: edson@servidor.uepb.edu.br. &nbsp; &nbsp; Dr. \u00c9rick T\u00e1ssio Barbosa Neves (Cirurgia Oral) CV: http:\/\/lattes.cnpq.br\/1773585626923170. Email institucional: neves@servidor.uepb.edu.br. &nbsp; Dr. Ernani Canuto Figueir\u00eado Junior (Endodontia) CV: http:\/\/lattes.cnpq.br\/4286434824060449. Email institucional: prof.ernanijr@servidor.uepb.edu.br <a class=\"leiamais\" href=\"https:\/\/centros.uepb.edu.br\/ccts\/odontologia-curso\/corpo-docente\/\">Leia Mais&#8230;<\/a><\/p>\n","protected":false},"author":66,"featured_media":0,"parent":484,"menu_order":0,"comment_status":"closed","ping_status":"closed","template":"","meta":{"jetpack_post_was_ever_published":false,"footnotes":""},"class_list":["post-1389","page","type-page","status-publish","hentry"],"jetpack_sharing_enabled":true,"jetpack_shortlink":"https:\/\/wp.me\/P7WTEK-mp","_links":{"self":[{"href":"https:\/\/centros.uepb.edu.br\/ccts\/wp-json\/wp\/v2\/pages\/1389","targetHints":{"allow":["GET"]}}],"collection":[{"href":"https:\/\/centros.uepb.edu.br\/ccts\/wp-json\/wp\/v2\/pages"}],"about":[{"href":"https:\/\/centros.uepb.edu.br\/ccts\/wp-json\/wp\/v2\/types\/page"}],"author":[{"embeddable":true,"href":"https:\/\/centros.uepb.edu.br\/ccts\/wp-json\/wp\/v2\/users\/66"}],"replies":[{"embeddable":true,"href":"https:\/\/centros.uepb.edu.br\/ccts\/wp-json\/wp\/v2\/comments?post=1389"}],"version-history":[{"count":0,"href":"https:\/\/centros.uepb.edu.br\/ccts\/wp-json\/wp\/v2\/pages\/1389\/revisions"}],"up":[{"embeddable":true,"href":"https:\/\/centros.uepb.edu.br\/ccts\/wp-json\/wp\/v2\/pages\/484"}],"wp:attachment":[{"href":"https:\/\/centros.uepb.edu.br\/ccts\/wp-json\/wp\/v2\/media?parent=1389"}],"curies":[{"name":"wp","href":"https:\/\/api.w.org\/{rel}","templated":true}]}}