{"id":91,"date":"2016-04-27T12:04:00","date_gmt":"2016-04-27T12:04:00","guid":{"rendered":"https:\/\/centros.uepb.edu.br\/cct\/?page_id=91"},"modified":"2025-04-04T19:57:52","modified_gmt":"2025-04-04T19:57:52","slug":"direcao","status":"publish","type":"page","link":"https:\/\/centros.uepb.edu.br\/cct\/direcao\/","title":{"rendered":"Dire\u00e7\u00e3o"},"content":{"rendered":"<p><strong>Centro de Ci\u00eancias e Tecnologia &#8211; CCT<\/strong><\/p>\n<p><strong>Dire\u00e7\u00e3o do Centro<\/strong><\/p>\n<p>Diretor : Gustavo Henrique Esteves \/ gesteves@servidor.uepb.edu.br<br \/>\nDiretora Adjunta: Maria Isabelle Silva\u00a0 \/ isabellesilva@servidor.uepb.edu.br<\/p>\n<p>&nbsp;<\/p>\n<p><strong>Secretaria do Centro<\/strong><\/p>\n<p>Secret\u00e1ria:<strong>\u00a0<\/strong>Yasmine Kalianne Vilar de Brito<\/p>\n<p>&nbsp;<\/p>\n<p><strong>Gest\u00e3o Predial<\/strong><\/p>\n<p>Gestor Predial: Carlos Alan Dias Melo<\/p>\n<p>&nbsp;<\/p>\n<p><strong>Representantes no CONSUNI<\/strong><\/p>\n<p>Gustavo Henrique Esteves \/ gesteves@servidor.uepb.edu.br<br \/>\nHelvia Walewska Casullo de Ara\u00fajo \/ helvia@servidor.uepb.edu.br<\/p>\n<p>&nbsp;<\/p>\n<p><strong>Representantes no CONSEPE<\/strong><\/p>\n<p>Vilmar Vaz da Silva \/ vilmar@servidor.uepb.edu.br<br \/>\nJos\u00e9 Joelson Pimentel de Almeida \/ jjmat@alumni.usp.br<\/p>\n<p align=\"justify\">\n","protected":false},"excerpt":{"rendered":"<p>Centro de Ci\u00eancias e Tecnologia &#8211; CCT Dire\u00e7\u00e3o do Centro Diretor : Gustavo Henrique Esteves \/ gesteves@servidor.uepb.edu.br Diretora Adjunta: Maria Isabelle Silva\u00a0 \/ isabellesilva@servidor.uepb.edu.br &nbsp; Secretaria do Centro Secret\u00e1ria:\u00a0Yasmine Kalianne Vilar de Brito &nbsp; Gest\u00e3o Predial Gestor Predial: Carlos Alan Dias Melo &nbsp; Representantes no CONSUNI Gustavo Henrique Esteves \/ gesteves@servidor.uepb.edu.br Helvia Walewska Casullo de <a class=\"leiamais\" href=\"https:\/\/centros.uepb.edu.br\/cct\/direcao\/\">Leia Mais&#8230;<\/a><\/p>\n","protected":false},"author":26,"featured_media":0,"parent":0,"menu_order":0,"comment_status":"closed","ping_status":"closed","template":"","meta":{"jetpack_post_was_ever_published":false,"footnotes":""},"class_list":["post-91","page","type-page","status-publish","hentry"],"jetpack_sharing_enabled":true,"jetpack_shortlink":"https:\/\/wp.me\/P7WTHl-1t","_links":{"self":[{"href":"https:\/\/centros.uepb.edu.br\/cct\/wp-json\/wp\/v2\/pages\/91","targetHints":{"allow":["GET"]}}],"collection":[{"href":"https:\/\/centros.uepb.edu.br\/cct\/wp-json\/wp\/v2\/pages"}],"about":[{"href":"https:\/\/centros.uepb.edu.br\/cct\/wp-json\/wp\/v2\/types\/page"}],"author":[{"embeddable":true,"href":"https:\/\/centros.uepb.edu.br\/cct\/wp-json\/wp\/v2\/users\/26"}],"replies":[{"embeddable":true,"href":"https:\/\/centros.uepb.edu.br\/cct\/wp-json\/wp\/v2\/comments?post=91"}],"version-history":[{"count":0,"href":"https:\/\/centros.uepb.edu.br\/cct\/wp-json\/wp\/v2\/pages\/91\/revisions"}],"wp:attachment":[{"href":"https:\/\/centros.uepb.edu.br\/cct\/wp-json\/wp\/v2\/media?parent=91"}],"curies":[{"name":"wp","href":"https:\/\/api.w.org\/{rel}","templated":true}]}}