{"id":85,"date":"2016-04-27T11:56:25","date_gmt":"2016-04-27T11:56:25","guid":{"rendered":"https:\/\/centros.uepb.edu.br\/cct\/?page_id=85"},"modified":"2025-04-06T18:04:22","modified_gmt":"2025-04-06T18:04:22","slug":"quimica-industrial","status":"publish","type":"page","link":"https:\/\/centros.uepb.edu.br\/cct\/quimica-industrial\/","title":{"rendered":"Qu\u00edmica Industrial"},"content":{"rendered":"<p><strong>Departamento de Qu\u00edmica<\/strong><\/p>\n<p><strong>Chefia:<\/strong> Ver\u00f4nica Evangelista de Lima Enerich \/ veronica@servidor.uepb.edu.br<br \/>\n<strong>Chefia Adjunta: <\/strong>Vera L\u00facia Meira de Morais Silva \/ verameira@servidor.uepb.edu.br<br \/>\n<strong>Contatos:<\/strong> 3315-3356 \/ depto.quimica.cct@setor.uepb.edu.br<\/p>\n<p><strong>Coordena\u00e7\u00e3o de Qu\u00edmica Industrial<\/strong><\/p>\n<p><strong>Coordena\u00e7\u00e3o:<\/strong> Sara Regina Ribeiro Carneiro de Barros \/ sarareginabarros@servidor.uepb.edu.br<br \/>\n<strong>Coordena\u00e7\u00e3o Adjunta:<\/strong> Maristela Alves da Silva \/ maristela@servidor.uepb.edu.br<br \/>\n<strong>Contato:<\/strong> 3315-3345 \/ coord.quimicaindustrial.cct@setor.uepb.edu.br<\/p>\n<p>&nbsp;<\/p>\n","protected":false},"excerpt":{"rendered":"<p>Departamento de Qu\u00edmica Chefia: Ver\u00f4nica Evangelista de Lima Enerich \/ veronica@servidor.uepb.edu.br Chefia Adjunta: Vera L\u00facia Meira de Morais Silva \/ verameira@servidor.uepb.edu.br Contatos: 3315-3356 \/ depto.quimica.cct@setor.uepb.edu.br Coordena\u00e7\u00e3o de Qu\u00edmica Industrial Coordena\u00e7\u00e3o: Sara Regina Ribeiro Carneiro de Barros \/ sarareginabarros@servidor.uepb.edu.br Coordena\u00e7\u00e3o Adjunta: Maristela Alves da Silva \/ maristela@servidor.uepb.edu.br Contato: 3315-3345 \/ coord.quimicaindustrial.cct@setor.uepb.edu.br &nbsp;<\/p>\n","protected":false},"author":26,"featured_media":0,"parent":0,"menu_order":0,"comment_status":"closed","ping_status":"closed","template":"","meta":{"jetpack_post_was_ever_published":false,"footnotes":""},"class_list":["post-85","page","type-page","status-publish","hentry"],"jetpack_sharing_enabled":true,"jetpack_shortlink":"https:\/\/wp.me\/P7WTHl-1n","_links":{"self":[{"href":"https:\/\/centros.uepb.edu.br\/cct\/wp-json\/wp\/v2\/pages\/85","targetHints":{"allow":["GET"]}}],"collection":[{"href":"https:\/\/centros.uepb.edu.br\/cct\/wp-json\/wp\/v2\/pages"}],"about":[{"href":"https:\/\/centros.uepb.edu.br\/cct\/wp-json\/wp\/v2\/types\/page"}],"author":[{"embeddable":true,"href":"https:\/\/centros.uepb.edu.br\/cct\/wp-json\/wp\/v2\/users\/26"}],"replies":[{"embeddable":true,"href":"https:\/\/centros.uepb.edu.br\/cct\/wp-json\/wp\/v2\/comments?post=85"}],"version-history":[{"count":0,"href":"https:\/\/centros.uepb.edu.br\/cct\/wp-json\/wp\/v2\/pages\/85\/revisions"}],"wp:attachment":[{"href":"https:\/\/centros.uepb.edu.br\/cct\/wp-json\/wp\/v2\/media?parent=85"}],"curies":[{"name":"wp","href":"https:\/\/api.w.org\/{rel}","templated":true}]}}