{"id":78,"date":"2016-04-27T11:35:21","date_gmt":"2016-04-27T11:35:21","guid":{"rendered":"https:\/\/centros.uepb.edu.br\/cct\/?page_id=78"},"modified":"2025-04-06T17:53:34","modified_gmt":"2025-04-06T17:53:34","slug":"engenharia-sanitaria-e-ambiental","status":"publish","type":"page","link":"https:\/\/centros.uepb.edu.br\/cct\/engenharia-sanitaria-e-ambiental\/","title":{"rendered":"Engenharia Sanit\u00e1ria e Ambiental"},"content":{"rendered":"<p><strong>Departamento de Engenharia Sanit\u00e1ria e Ambiental<\/strong><\/p>\n<p><strong>Chefia:<\/strong> Neyliane Costa de Sousa \/ neyliane@servidor.uepb.edu.br<br \/>\n<strong>Chefia Adjunta:<\/strong> Ruth Silveira do Nascimento \/ ruthsilveiradonascimento@servidor.uepb.edu.br<br \/>\n<strong>Contatos:<\/strong> 3315-3333 \/ depto.esa.cct@setor.uepb.edu.br<\/p>\n<p><strong>Engenharia Sanit\u00e1ria e Ambiental<\/strong><\/p>\n<p><strong>Coordena\u00e7\u00e3o:<\/strong> Geralda Gilv\u00e2nia Cavalcante de Lima \/ gilvania@servidor.uepb.edu.br<br \/>\n<strong>Coordena\u00e7\u00e3o Adjunta:<\/strong> Ligia Maria Ribeiro Lima \/ ligiaribeiro@servidor.uepb.edu.br<br \/>\n<strong>Contatos:<\/strong> 3315-3333 \/ coord.esa.cct@setor.uepb.edu.br<\/p>\n<p>&nbsp;<\/p>\n<p>&nbsp;<\/p>\n","protected":false},"excerpt":{"rendered":"<p>Departamento de Engenharia Sanit\u00e1ria e Ambiental Chefia: Neyliane Costa de Sousa \/ neyliane@servidor.uepb.edu.br Chefia Adjunta: Ruth Silveira do Nascimento \/ ruthsilveiradonascimento@servidor.uepb.edu.br Contatos: 3315-3333 \/ depto.esa.cct@setor.uepb.edu.br Engenharia Sanit\u00e1ria e Ambiental Coordena\u00e7\u00e3o: Geralda Gilv\u00e2nia Cavalcante de Lima \/ gilvania@servidor.uepb.edu.br Coordena\u00e7\u00e3o Adjunta: Ligia Maria Ribeiro Lima \/ ligiaribeiro@servidor.uepb.edu.br Contatos: 3315-3333 \/ coord.esa.cct@setor.uepb.edu.br &nbsp; &nbsp;<\/p>\n","protected":false},"author":26,"featured_media":0,"parent":0,"menu_order":0,"comment_status":"closed","ping_status":"closed","template":"","meta":{"jetpack_post_was_ever_published":false,"footnotes":""},"class_list":["post-78","page","type-page","status-publish","hentry"],"jetpack_sharing_enabled":true,"jetpack_shortlink":"https:\/\/wp.me\/P7WTHl-1g","_links":{"self":[{"href":"https:\/\/centros.uepb.edu.br\/cct\/wp-json\/wp\/v2\/pages\/78","targetHints":{"allow":["GET"]}}],"collection":[{"href":"https:\/\/centros.uepb.edu.br\/cct\/wp-json\/wp\/v2\/pages"}],"about":[{"href":"https:\/\/centros.uepb.edu.br\/cct\/wp-json\/wp\/v2\/types\/page"}],"author":[{"embeddable":true,"href":"https:\/\/centros.uepb.edu.br\/cct\/wp-json\/wp\/v2\/users\/26"}],"replies":[{"embeddable":true,"href":"https:\/\/centros.uepb.edu.br\/cct\/wp-json\/wp\/v2\/comments?post=78"}],"version-history":[{"count":0,"href":"https:\/\/centros.uepb.edu.br\/cct\/wp-json\/wp\/v2\/pages\/78\/revisions"}],"wp:attachment":[{"href":"https:\/\/centros.uepb.edu.br\/cct\/wp-json\/wp\/v2\/media?parent=78"}],"curies":[{"name":"wp","href":"https:\/\/api.w.org\/{rel}","templated":true}]}}