{"id":76,"date":"2016-04-27T11:30:10","date_gmt":"2016-04-27T11:30:10","guid":{"rendered":"https:\/\/centros.uepb.edu.br\/cct\/?page_id=76"},"modified":"2025-04-06T18:03:34","modified_gmt":"2025-04-06T18:03:34","slug":"licenciatura-em-quimica","status":"publish","type":"page","link":"https:\/\/centros.uepb.edu.br\/cct\/licenciatura-em-quimica\/","title":{"rendered":"Licenciatura em Qu\u00edmica"},"content":{"rendered":"<p><strong>Apresenta\u00e7\u00e3o<\/strong><\/p>\n<p>Criado em 1967, o Curso de Licenciatura em Qu\u00edmica do CCT-UEPB vem desde ent\u00e3o formando Qu\u00edmicos qualificados com alto n\u00edvel de compet\u00eancia. O curso tem dura\u00e7\u00e3o m\u00ednima de quatro e m\u00e1xima de sete anos. Funciona nos turnos diurno e noturno. Atualmente s\u00e3o ofertadas 160 vagas por ano. O sistema de funcionamento \u00e9 o seriado semestral, ou seja, a cada semestre o aluno se matricula numa nova s\u00e9rie, desde que n\u00e3o tenha sido reprovado em mais do que dois componentes curriculares.<\/p>\n<p><strong>Perfil<\/strong><\/p>\n<p>Os graduandos ingressados no CLQ-UEPB gostam de estudar fen\u00f4menos naturais em macro e micro escala, que ocorrem entre os materiais. A curiosidade e o prazer em experimentar novas solu\u00e7\u00f5es para problemas diversos s\u00e3o caracter\u00edsticas comuns de nossos alunos.<\/p>\n<p><strong>Mercado de trabalho\/Campo de atua\u00e7\u00e3o<\/strong><\/p>\n<p>O licenciado em Qu\u00edmica recebe prepara\u00e7\u00e3o direcionada para atuar como docente na Educa\u00e7\u00e3o B\u00e1sica. No entanto, o campo de atua\u00e7\u00e3o profissional do licenciado em qu\u00edmica \u00e9 bem mais amplo, com possibilidades de atua\u00e7\u00e3o tanto no setor p\u00fablico como no privado. Podendo exercer cargos em ind\u00fastrias aliment\u00edcia, farmac\u00eautica, t\u00eaxtil, petrol\u00edfera, de tintas e pisos, produtos de limpeza, cosm\u00e9ticos, fertilizantes, inseticidas e agrot\u00f3xicos, entre outros. Na \u00e1rea governamental, h\u00e1 espa\u00e7o em institutos de sa\u00fade, criminal\u00edstica, vigil\u00e2ncia sanit\u00e1ria, centros de pesquisa e universidades.<\/p>\n<p><strong>Infraestrutura<\/strong><\/p>\n<p>Os estudantes t\u00eam \u00e0 disposi\u00e7\u00e3o laborat\u00f3rios de ensino e de pesquisa. Laborat\u00f3rios de inform\u00e1tica, bibliotecas. Destaca-se, ainda, o espa\u00e7o pedag\u00f3gico da Oficina de Qu\u00edmica (OFLQ), que permite aos alunos ampliar seus conhecimentos e praticar a extens\u00e3o universit\u00e1ria. O licenciado em qu\u00edmica recebe ampla capacita\u00e7\u00e3o pr\u00e1tica e metodol\u00f3gica para intervir no contexto escolar, para formar cidad\u00e3os educados cient\u00edfica, tecnol\u00f3gica e ambientalmente respons\u00e1veis.<\/p>\n<p><strong>Programas e Bolsas<\/strong><\/p>\n<p><a href=\"http:\/\/www.capes.gov.br\/educacao-basica\/capespibid\" target=\"_blank\" rel=\"noopener\">PIBID<\/a>; <a href=\"http:\/\/www.cnpq.br\/web\/guest\/pibic\" target=\"_blank\" rel=\"noopener\">PIBIC<\/a>; <a href=\"http:\/\/portal.mec.gov.br\/index.php?option=com_content&amp;view=article&amp;id=16690&amp;Itemid=1115\" target=\"_blank\" rel=\"noopener\">MAIS EDUCA\u00c7\u00c3O<\/a>; EXTENS\u00c3O; <a href=\"http:\/\/proreitorias.ascom.uepb.edu.br\/prograd\/\" target=\"_blank\" rel=\"noopener\">MONITORIA<\/a>; <a href=\"http:\/\/www.cienciasemfronteiras.gov.br\/web\/csf\" target=\"_blank\" rel=\"noopener\">CI\u00caNCIA SEM FRONTEIRAS<\/a>; <a href=\"http:\/\/portal.mec.gov.br\/index.php?option=com_content&amp;view=article&amp;id=12244&amp;Itemid=86\" target=\"_blank\" rel=\"noopener\">PRODOC\u00caNCIA<\/a>; <a href=\"http:\/\/www.capes.gov.br\/cooperacao-internacional\" target=\"_blank\" rel=\"noopener\">PROGRAMA DE LICENCIATURAS INTERNACIONAIS (PLI)<\/a>; <a href=\"http:\/\/www.capes.gov.br\/educacao-basica\/parfor\" target=\"_blank\" rel=\"noopener\">PARFOR<\/a>; <a href=\"http:\/\/www.capes.gov.br\/educacao-basica\/observatorio-da-educacao\" target=\"_blank\" rel=\"noopener\">OBEDUC<\/a>; OUTROS.<\/p>\n<p><strong>Departamento de Qu\u00edmica<\/strong><\/p>\n<p><strong>Chefia:<\/strong> Ver\u00f4nica Evangelista de Lima Enerich \/ veronica@servidor.uepb.edu.br<br \/>\n<strong>Chefia Adjunta:<\/strong> Vera L\u00facia Meira de Morais Silva \/ verameira@servidor.uepb.edu.br<br \/>\n<strong>Contatos:<\/strong> 3315-3356 \/ depto.quimica.cct@setor.uepb.edu.br<\/p>\n<p><strong>Licenciatura em Qu\u00edmica<\/strong><\/p>\n<p><strong>Coordena\u00e7\u00e3o:<\/strong> Deoclecio Ferreira de Brito \/ deocleciofb@servidor.uepb.edu.br<br \/>\n<strong>Coordena\u00e7\u00e3o Adjunta:<\/strong> Gilberl\u00e2ndio Nunes da Silva \/ gilberlandionunesdasilva@servidor.uepb.edu.br<br \/>\n<strong>Contatos:<\/strong> 3315-3345 \/ coord.quimica.cct@setor.uepb.edu.br<\/p>\n<p>&nbsp;<\/p>\n<p>&nbsp;<\/p>\n","protected":false},"excerpt":{"rendered":"<p>Apresenta\u00e7\u00e3o Criado em 1967, o Curso de Licenciatura em Qu\u00edmica do CCT-UEPB vem desde ent\u00e3o formando Qu\u00edmicos qualificados com alto n\u00edvel de compet\u00eancia. O curso tem dura\u00e7\u00e3o m\u00ednima de quatro e m\u00e1xima de sete anos. Funciona nos turnos diurno e noturno. Atualmente s\u00e3o ofertadas 160 vagas por ano. O sistema de funcionamento \u00e9 o seriado <a class=\"leiamais\" href=\"https:\/\/centros.uepb.edu.br\/cct\/licenciatura-em-quimica\/\">Leia Mais&#8230;<\/a><\/p>\n","protected":false},"author":26,"featured_media":0,"parent":0,"menu_order":0,"comment_status":"closed","ping_status":"closed","template":"","meta":{"jetpack_post_was_ever_published":false,"footnotes":""},"class_list":["post-76","page","type-page","status-publish","hentry"],"jetpack_sharing_enabled":true,"jetpack_shortlink":"https:\/\/wp.me\/P7WTHl-1e","_links":{"self":[{"href":"https:\/\/centros.uepb.edu.br\/cct\/wp-json\/wp\/v2\/pages\/76","targetHints":{"allow":["GET"]}}],"collection":[{"href":"https:\/\/centros.uepb.edu.br\/cct\/wp-json\/wp\/v2\/pages"}],"about":[{"href":"https:\/\/centros.uepb.edu.br\/cct\/wp-json\/wp\/v2\/types\/page"}],"author":[{"embeddable":true,"href":"https:\/\/centros.uepb.edu.br\/cct\/wp-json\/wp\/v2\/users\/26"}],"replies":[{"embeddable":true,"href":"https:\/\/centros.uepb.edu.br\/cct\/wp-json\/wp\/v2\/comments?post=76"}],"version-history":[{"count":0,"href":"https:\/\/centros.uepb.edu.br\/cct\/wp-json\/wp\/v2\/pages\/76\/revisions"}],"wp:attachment":[{"href":"https:\/\/centros.uepb.edu.br\/cct\/wp-json\/wp\/v2\/media?parent=76"}],"curies":[{"name":"wp","href":"https:\/\/api.w.org\/{rel}","templated":true}]}}