{"id":4,"date":"2014-09-25T18:17:35","date_gmt":"2014-09-25T18:17:35","guid":{"rendered":"https:\/\/centros.uepb.edu.br\/cct\/?page_id=4"},"modified":"2025-04-04T20:01:16","modified_gmt":"2025-04-04T20:01:16","slug":"sobre","status":"publish","type":"page","link":"https:\/\/centros.uepb.edu.br\/cct\/sobre\/","title":{"rendered":"Sobre"},"content":{"rendered":"<p>O atual Centro de Ci\u00eancias e Tecnologia da UEPB, criado atrav\u00e9s da reforma c\u00eantrica de 1972, funcionou neste formato at\u00e9 a estadualiza\u00e7\u00e3o da Institui\u00e7\u00e3o em 1988, quando foi implantada a estrutura de faculdades que permaneceu at\u00e9 1996. Neste mesmo ano, foi elaborado um novo estatuto, extinguindo a estrutura de faculdades e reativando a estrutura de centros. Neste momento, s\u00e3o criados quatro centros, dentre eles o CCT.<\/p>\n<p>Atualmente, o CCT mant\u00e9m sete cursos de gradua\u00e7\u00e3o (Tr\u00eas Licenciaturas: Matem\u00e1tica, F\u00edsica, Qu\u00edmica e quatro Bacharelados: Computa\u00e7\u00e3o, Estat\u00edstica, Qu\u00edmica Industrial e Engenharia Sanit\u00e1ria e Ambiental) e seis Programas de p\u00f3s-gradua\u00e7\u00e3o strictu sensu (Mestrado em Ci\u00eancias e Tecnologia em Sa\u00fade, Mestrado e Doutorado em Ensino de Ci\u00eancias e\u00a0 Matem\u00e1tica, Mestrado e Doutorado Acad\u00eamico em Ci\u00eancia e Tecnologia Ambiental, Mestrado Profissional em Matem\u00e1tica, Mestrado Acad\u00eamico em Qu\u00edmica e Mestrado Profissional em Ensino de F\u00edsica).<\/p>\n<p>O Centro de Ci\u00eancias e Tecnologia tem um quadro docente de 137 professores efetivos e 42 t\u00e9cnico-administrativos e de Laborat\u00f3rio. Dentre os professores efetivos, 60% s\u00e3o doutores; 25% mestres; 11,5 especialistas e 4,5% graduados. O CCT possui atualmente 3200 alunos matriculados.<\/p>\n<p><strong>Endere\u00e7o<\/strong>: Rua da Bara\u00fanas, s\/n \u2013Campus Universit\u00e1rio \u2013 Bodocong\u00f3, Cep: 58109-790<\/p>\n<p><strong>Telefones<\/strong>: (83) 3315-3352<\/p>\n<p><strong>Email<\/strong>: direcaocct@setor.uepb.edu.br<\/p>\n<p><strong>Diretor :<\/strong> Gustavo Henrique Esteves \/ gesteves@servidor.uepb.edu.br<\/p>\n<p><strong>Diretora Adjunta:<\/strong> Maria Isabelle Silva\u00a0 \/ isabellesilva@servidor.uepb.edu.br<\/p>\n<p>&nbsp;<\/p>\n","protected":false},"excerpt":{"rendered":"<p>O atual Centro de Ci\u00eancias e Tecnologia da UEPB, criado atrav\u00e9s da reforma c\u00eantrica de 1972, funcionou neste formato at\u00e9 a estadualiza\u00e7\u00e3o da Institui\u00e7\u00e3o em 1988, quando foi implantada a estrutura de faculdades que permaneceu at\u00e9 1996. Neste mesmo ano, foi elaborado um novo estatuto, extinguindo a estrutura de faculdades e reativando a estrutura de <a class=\"leiamais\" href=\"https:\/\/centros.uepb.edu.br\/cct\/sobre\/\">Leia Mais&#8230;<\/a><\/p>\n","protected":false},"author":26,"featured_media":0,"parent":0,"menu_order":0,"comment_status":"open","ping_status":"open","template":"","meta":{"jetpack_post_was_ever_published":false,"footnotes":""},"class_list":["post-4","page","type-page","status-publish","hentry"],"jetpack_sharing_enabled":true,"jetpack_shortlink":"https:\/\/wp.me\/P7WTHl-4","_links":{"self":[{"href":"https:\/\/centros.uepb.edu.br\/cct\/wp-json\/wp\/v2\/pages\/4","targetHints":{"allow":["GET"]}}],"collection":[{"href":"https:\/\/centros.uepb.edu.br\/cct\/wp-json\/wp\/v2\/pages"}],"about":[{"href":"https:\/\/centros.uepb.edu.br\/cct\/wp-json\/wp\/v2\/types\/page"}],"author":[{"embeddable":true,"href":"https:\/\/centros.uepb.edu.br\/cct\/wp-json\/wp\/v2\/users\/26"}],"replies":[{"embeddable":true,"href":"https:\/\/centros.uepb.edu.br\/cct\/wp-json\/wp\/v2\/comments?post=4"}],"version-history":[{"count":0,"href":"https:\/\/centros.uepb.edu.br\/cct\/wp-json\/wp\/v2\/pages\/4\/revisions"}],"wp:attachment":[{"href":"https:\/\/centros.uepb.edu.br\/cct\/wp-json\/wp\/v2\/media?parent=4"}],"curies":[{"name":"wp","href":"https:\/\/api.w.org\/{rel}","templated":true}]}}