{"id":365,"date":"2017-08-02T12:23:12","date_gmt":"2017-08-02T12:23:12","guid":{"rendered":"https:\/\/centros.uepb.edu.br\/cct\/?page_id=365"},"modified":"2025-06-03T13:39:02","modified_gmt":"2025-06-03T13:39:02","slug":"estatistica","status":"publish","type":"page","link":"https:\/\/centros.uepb.edu.br\/cct\/estatistica\/","title":{"rendered":"Estat\u00edstica"},"content":{"rendered":"<p><strong>Departamento de Estat\u00edstica<\/strong><\/p>\n<p><strong>Chefia:<\/strong> Elias Dias Coelho Neto \/ eliasdcn@servidor.uepb.edu.br<br \/>\n<strong>Chefia Adjunta:<\/strong> Silvio Fernando Alves Xavier Junior \/ silvio@servidor.uepb.edu.br<br \/>\n<strong>Contatos:<\/strong> 3315-3459 \/ depto.estatistica.cct@setor.uepb.edu.br<\/p>\n<p><strong>Coordena\u00e7\u00e3o de Estat\u00edstica<\/strong><\/p>\n<p><strong>Coordena\u00e7\u00e3o:<\/strong> Ana Patr\u00edcia Bastos Peixoto \/ anapatricia@cct.uepb.edu.br<br \/>\n<strong>Coordena\u00e7\u00e3o Adjunta:<\/strong> Divanilda Maia Esteves \/ diana.maia@servidor.uepb.edu.br<br \/>\n<strong>Contatos:<\/strong> 3315-3459 \/coord.estatistica.cct@setor.uepb.edu.br<\/p>\n","protected":false},"excerpt":{"rendered":"<p>Departamento de Estat\u00edstica Chefia: Elias Dias Coelho Neto \/ eliasdcn@servidor.uepb.edu.br Chefia Adjunta: Silvio Fernando Alves Xavier Junior \/ silvio@servidor.uepb.edu.br Contatos: 3315-3459 \/ depto.estatistica.cct@setor.uepb.edu.br Coordena\u00e7\u00e3o de Estat\u00edstica Coordena\u00e7\u00e3o: Ana Patr\u00edcia Bastos Peixoto \/ anapatricia@cct.uepb.edu.br Coordena\u00e7\u00e3o Adjunta: Divanilda Maia Esteves \/ diana.maia@servidor.uepb.edu.br Contatos: 3315-3459 \/coord.estatistica.cct@setor.uepb.edu.br<\/p>\n","protected":false},"author":29,"featured_media":0,"parent":0,"menu_order":0,"comment_status":"closed","ping_status":"closed","template":"","meta":{"jetpack_post_was_ever_published":false,"footnotes":""},"class_list":["post-365","page","type-page","status-publish","hentry"],"jetpack_sharing_enabled":true,"jetpack_shortlink":"https:\/\/wp.me\/P7WTHl-5T","_links":{"self":[{"href":"https:\/\/centros.uepb.edu.br\/cct\/wp-json\/wp\/v2\/pages\/365","targetHints":{"allow":["GET"]}}],"collection":[{"href":"https:\/\/centros.uepb.edu.br\/cct\/wp-json\/wp\/v2\/pages"}],"about":[{"href":"https:\/\/centros.uepb.edu.br\/cct\/wp-json\/wp\/v2\/types\/page"}],"author":[{"embeddable":true,"href":"https:\/\/centros.uepb.edu.br\/cct\/wp-json\/wp\/v2\/users\/29"}],"replies":[{"embeddable":true,"href":"https:\/\/centros.uepb.edu.br\/cct\/wp-json\/wp\/v2\/comments?post=365"}],"version-history":[{"count":0,"href":"https:\/\/centros.uepb.edu.br\/cct\/wp-json\/wp\/v2\/pages\/365\/revisions"}],"wp:attachment":[{"href":"https:\/\/centros.uepb.edu.br\/cct\/wp-json\/wp\/v2\/media?parent=365"}],"curies":[{"name":"wp","href":"https:\/\/api.w.org\/{rel}","templated":true}]}}