{"id":27,"date":"2014-09-25T18:38:35","date_gmt":"2014-09-25T18:38:35","guid":{"rendered":"https:\/\/centros.uepb.edu.br\/cct\/?page_id=27"},"modified":"2017-08-25T23:36:54","modified_gmt":"2017-08-25T23:36:54","slug":"laboratorios","status":"publish","type":"page","link":"https:\/\/centros.uepb.edu.br\/cct\/laboratorios\/","title":{"rendered":"Laborat\u00f3rios"},"content":{"rendered":"<ul>\n<li>Laborat\u00f3rios de Matem\u00e1tica: 1 e 2<\/li>\n<li>Laborat\u00f3rios de Inform\u00e1tica: 1, 2 e 3<\/li>\n<li>Laborat\u00f3rio de Estat\u00edstica: 1<\/li>\n<li>Laborat\u00f3rios de F\u00edsica: 6<\/li>\n<li>Laborat\u00f3rios de Qu\u00edmica: 11<\/li>\n<\/ul>\n","protected":false},"excerpt":{"rendered":"<p>Laborat\u00f3rios de Matem\u00e1tica: 1 e 2 Laborat\u00f3rios de Inform\u00e1tica: 1, 2 e 3 Laborat\u00f3rio de Estat\u00edstica: 1 Laborat\u00f3rios de F\u00edsica: 6 Laborat\u00f3rios de Qu\u00edmica: 11<\/p>\n","protected":false},"author":26,"featured_media":0,"parent":0,"menu_order":0,"comment_status":"open","ping_status":"closed","template":"","meta":{"jetpack_post_was_ever_published":false,"footnotes":""},"class_list":["post-27","page","type-page","status-publish","hentry"],"jetpack_sharing_enabled":true,"jetpack_shortlink":"https:\/\/wp.me\/P7WTHl-r","_links":{"self":[{"href":"https:\/\/centros.uepb.edu.br\/cct\/wp-json\/wp\/v2\/pages\/27","targetHints":{"allow":["GET"]}}],"collection":[{"href":"https:\/\/centros.uepb.edu.br\/cct\/wp-json\/wp\/v2\/pages"}],"about":[{"href":"https:\/\/centros.uepb.edu.br\/cct\/wp-json\/wp\/v2\/types\/page"}],"author":[{"embeddable":true,"href":"https:\/\/centros.uepb.edu.br\/cct\/wp-json\/wp\/v2\/users\/26"}],"replies":[{"embeddable":true,"href":"https:\/\/centros.uepb.edu.br\/cct\/wp-json\/wp\/v2\/comments?post=27"}],"version-history":[{"count":0,"href":"https:\/\/centros.uepb.edu.br\/cct\/wp-json\/wp\/v2\/pages\/27\/revisions"}],"wp:attachment":[{"href":"https:\/\/centros.uepb.edu.br\/cct\/wp-json\/wp\/v2\/media?parent=27"}],"curies":[{"name":"wp","href":"https:\/\/api.w.org\/{rel}","templated":true}]}}