{"id":1875,"date":"2024-01-24T15:23:39","date_gmt":"2024-01-24T15:23:39","guid":{"rendered":"https:\/\/centros.uepb.edu.br\/cct\/?page_id=1875"},"modified":"2024-01-24T15:23:39","modified_gmt":"2024-01-24T15:23:39","slug":"tecnologo-de-tecnologia-em-analise-e-desenvolvimento-de-sistemas","status":"publish","type":"page","link":"https:\/\/centros.uepb.edu.br\/cct\/tecnologo-de-tecnologia-em-analise-e-desenvolvimento-de-sistemas\/","title":{"rendered":"Tecn\u00f3logo de Tecnologia em An\u00e1lise e Desenvolvimento de Sistemas"},"content":{"rendered":"<p><strong>Coordena\u00e7\u00e3o do Tecn\u00f3logo de Tecnologia em An\u00e1lise e Desenvolvimento de Sistemas<\/strong><\/p>\n<p>&nbsp;<\/p>\n<p>Coordena\u00e7\u00e3o: Elder Eldervitch Carneiro de Oliveira \/ elder@servidor.uepb.edu.br<\/p>\n<p>Coordena\u00e7\u00e3o Adjunta: Jos\u00e9 Wilker de Lima Silva \/ wilker@servidor.uepb.edu.br<\/p>\n<p>Contatos: (83) 99444.6087 \/ coord.ads.ccbsa@setor.uepb.edu.br<\/p>\n","protected":false},"excerpt":{"rendered":"<p>Coordena\u00e7\u00e3o do Tecn\u00f3logo de Tecnologia em An\u00e1lise e Desenvolvimento de Sistemas &nbsp; Coordena\u00e7\u00e3o: Elder Eldervitch Carneiro de Oliveira \/ elder@servidor.uepb.edu.br Coordena\u00e7\u00e3o Adjunta: Jos\u00e9 Wilker de Lima Silva \/ wilker@servidor.uepb.edu.br Contatos: (83) 99444.6087 \/ coord.ads.ccbsa@setor.uepb.edu.br<\/p>\n","protected":false},"author":48,"featured_media":0,"parent":0,"menu_order":0,"comment_status":"closed","ping_status":"closed","template":"","meta":{"jetpack_post_was_ever_published":false,"footnotes":""},"class_list":["post-1875","page","type-page","status-publish","hentry"],"jetpack_sharing_enabled":true,"jetpack_shortlink":"https:\/\/wp.me\/P7WTHl-uf","_links":{"self":[{"href":"https:\/\/centros.uepb.edu.br\/cct\/wp-json\/wp\/v2\/pages\/1875","targetHints":{"allow":["GET"]}}],"collection":[{"href":"https:\/\/centros.uepb.edu.br\/cct\/wp-json\/wp\/v2\/pages"}],"about":[{"href":"https:\/\/centros.uepb.edu.br\/cct\/wp-json\/wp\/v2\/types\/page"}],"author":[{"embeddable":true,"href":"https:\/\/centros.uepb.edu.br\/cct\/wp-json\/wp\/v2\/users\/48"}],"replies":[{"embeddable":true,"href":"https:\/\/centros.uepb.edu.br\/cct\/wp-json\/wp\/v2\/comments?post=1875"}],"version-history":[{"count":0,"href":"https:\/\/centros.uepb.edu.br\/cct\/wp-json\/wp\/v2\/pages\/1875\/revisions"}],"wp:attachment":[{"href":"https:\/\/centros.uepb.edu.br\/cct\/wp-json\/wp\/v2\/media?parent=1875"}],"curies":[{"name":"wp","href":"https:\/\/api.w.org\/{rel}","templated":true}]}}