{"id":88,"date":"2014-06-26T13:33:51","date_gmt":"2014-06-26T13:33:51","guid":{"rendered":"\/ccsa\/?page_id=88"},"modified":"2025-10-16T12:34:41","modified_gmt":"2025-10-16T12:34:41","slug":"contabilidade-2","status":"publish","type":"page","link":"https:\/\/centros.uepb.edu.br\/ccsa\/departamentos\/contabilidade-2\/","title":{"rendered":"Ci\u00eancias Cont\u00e1beis"},"content":{"rendered":"<div class=\"wpb-content-wrapper\"><p>[vc_row][vc_column width=&#8221;1\/3&#8243;][vc_column_text css=&#8221;&#8221;]<strong>Chefe do Departamento<\/strong><br \/>\nProf. Jos\u00e9 P\u00e9ricles Alves Pereira<br \/>\npericles@servidor.uepb.edu.br[\/vc_column_text][\/vc_column][vc_column width=&#8221;1\/3&#8243;][vc_column_text css=&#8221;&#8221;]<strong>Chefe Adjunto do Departamento<\/strong><br \/>\nProf. Jos\u00e9 Elinilton Cruz de Menezes<br \/>\nelinilton.pb@servidor.uepb.edu.br[\/vc_column_text][\/vc_column][vc_column width=&#8221;1\/3&#8243;][vc_column_text]<strong>Secret\u00e1rio<\/strong><br \/>\nS\u00e9rgio Davi Marques[\/vc_column_text][\/vc_column][\/vc_row][vc_row css=&#8221;.vc_custom_1654000299004{margin-top: 30px !important;}&#8221;][vc_column width=&#8221;1\/3&#8243;][vc_column_text]<strong>Contato<\/strong><br \/>\nTelefone: (83) 3344-5311[\/vc_column_text][\/vc_column][vc_column width=&#8221;1\/3&#8243;][vc_column_text]<strong>Localiza\u00e7\u00e3o<\/strong><br \/>\nSala 305, Central de Integra\u00e7\u00e3o Acad\u00eamica.[\/vc_column_text][\/vc_column][vc_column width=&#8221;1\/3&#8243;][\/vc_column][\/vc_row][vc_row gap=&#8221;30&#8243; css=&#8221;.vc_custom_1654003011793{margin-top: 30px !important;}&#8221;][vc_column width=&#8221;1\/2&#8243;][vc_text_separator title=&#8221;Corpo Docente (Efetivos)&#8221; title_align=&#8221;separator_align_left&#8221;][vc_column_text css=&#8221;&#8221;]<\/p>\n<ul>\n<li><a href=\"http:\/\/lattes.cnpq.br\/0456879550529447\" target=\"_blank\" rel=\"noopener\">Ms. Allan Carlos Alves<\/a><\/li>\n<li><a href=\"http:\/\/lattes.cnpq.br\/9194523401690980\" target=\"_blank\" rel=\"noopener\">Ma. Ana Maria da Paix\u00e3o Duarte Mestre<\/a><\/li>\n<li><a href=\"http:\/\/lattes.cnpq.br\/7604052950543969\" target=\"_blank\" rel=\"noopener\">Andr\u00e9 Luiz de Souza Mestre<\/a><\/li>\n<li><a href=\"http:\/\/lattes.cnpq.br\/8055802017880486\" target=\"_blank\" rel=\"noopener\">Dra. Eliedna de Sousa Barbosa<\/a><\/li>\n<li><a href=\"http:\/\/lattes.cnpq.br\/8028122257656785\" target=\"_blank\" rel=\"noopener\">Ma. Janayna Rodrigues Morais Luz<\/a><\/li>\n<li><a href=\"http:\/\/lattes.cnpq.br\/6449938340804804\" target=\"_blank\" rel=\"noopener\">Ms. Jo\u00e3o Dantas<\/a><\/li>\n<li><a href=\"http:\/\/lattes.cnpq.br\/8668382283948595\" target=\"_blank\" rel=\"noopener\">Ms. Jos\u00e9 Elinilton Cruz de Menezes<\/a><\/li>\n<li><a href=\"http:\/\/lattes.cnpq.br\/1286879995162094\" target=\"_blank\" rel=\"noopener\">Ms. Jos\u00e9 P\u00e9ricles Alves Pereira<\/a><\/li>\n<li><a href=\"http:\/\/lattes.cnpq.br\/1195424196810481\" target=\"_blank\" rel=\"noopener\">Dra. Karla Roberta Castro Pinheiro Alves<\/a><\/li>\n<li><a href=\"http:\/\/lattes.cnpq.br\/2671484121674122\" target=\"_blank\" rel=\"noopener\">Ms. Manuel Soares Silva<\/a><\/li>\n<li><a href=\"http:\/\/lattes.cnpq.br\/3119496903342473\" target=\"_blank\" rel=\"noopener\">Dr. Ricardo Ferreira Dantas<\/a><\/li>\n<li><a href=\"http:\/\/lattes.cnpq.br\/7360188935794633\" target=\"_blank\" rel=\"noopener\">Dra. Roseane Patricia de A. Silva Freire<\/a><\/li>\n<li><a href=\"http:\/\/lattes.cnpq.br\/5082210726937385\" target=\"_blank\" rel=\"noopener\">Ms. Sidney Soares de Toledo<\/a><\/li>\n<\/ul>\n<p>[\/vc_column_text][\/vc_column][vc_column width=&#8221;1\/2&#8243;][vc_text_separator title=&#8221;Corpo Docente (Substitutos)&#8221; title_align=&#8221;separator_align_left&#8221;][vc_column_text css=&#8221;&#8221;][\/vc_column_text][\/vc_column][\/vc_row]<\/p>\n<\/div>","protected":false},"excerpt":{"rendered":"<p>[vc_row][vc_column width=&#8221;1\/3&#8243;][vc_column_text css=&#8221;&#8221;]Chefe do Departamento Prof. Jos\u00e9 P\u00e9ricles Alves Pereira pericles@servidor.uepb.edu.br[\/vc_column_text][\/vc_column][vc_column width=&#8221;1\/3&#8243;][vc_column_text css=&#8221;&#8221;]Chefe Adjunto do Departamento Prof. Jos\u00e9 Elinilton Cruz de Menezes elinilton.pb@servidor.uepb.edu.br[\/vc_column_text][\/vc_column][vc_column width=&#8221;1\/3&#8243;][vc_column_text]Secret\u00e1rio S\u00e9rgio Davi Marques[\/vc_column_text][\/vc_column][\/vc_row][vc_row css=&#8221;.vc_custom_1654000299004{margin-top: 30px !important;}&#8221;][vc_column width=&#8221;1\/3&#8243;][vc_column_text]Contato Telefone: (83) 3344-5311[\/vc_column_text][\/vc_column][vc_column width=&#8221;1\/3&#8243;][vc_column_text]Localiza\u00e7\u00e3o Sala 305, Central de Integra\u00e7\u00e3o Acad\u00eamica.[\/vc_column_text][\/vc_column][vc_column width=&#8221;1\/3&#8243;][\/vc_column][\/vc_row][vc_row gap=&#8221;30&#8243; css=&#8221;.vc_custom_1654003011793{margin-top: 30px !important;}&#8221;][vc_column width=&#8221;1\/2&#8243;][vc_text_separator title=&#8221;Corpo Docente (Efetivos)&#8221; title_align=&#8221;separator_align_left&#8221;][vc_column_text css=&#8221;&#8221;] Ms. Allan Carlos <a class=\"leiamais\" href=\"https:\/\/centros.uepb.edu.br\/ccsa\/departamentos\/contabilidade-2\/\">Leia Mais&#8230;<\/a><\/p>\n","protected":false},"author":19,"featured_media":0,"parent":1752,"menu_order":0,"comment_status":"open","ping_status":"open","template":"","meta":{"footnotes":""},"class_list":["post-88","page","type-page","status-publish","hentry"],"jetpack_sharing_enabled":true,"jetpack_shortlink":"https:\/\/wp.me\/P6eGxq-1q","_links":{"self":[{"href":"https:\/\/centros.uepb.edu.br\/ccsa\/wp-json\/wp\/v2\/pages\/88","targetHints":{"allow":["GET"]}}],"collection":[{"href":"https:\/\/centros.uepb.edu.br\/ccsa\/wp-json\/wp\/v2\/pages"}],"about":[{"href":"https:\/\/centros.uepb.edu.br\/ccsa\/wp-json\/wp\/v2\/types\/page"}],"author":[{"embeddable":true,"href":"https:\/\/centros.uepb.edu.br\/ccsa\/wp-json\/wp\/v2\/users\/19"}],"replies":[{"embeddable":true,"href":"https:\/\/centros.uepb.edu.br\/ccsa\/wp-json\/wp\/v2\/comments?post=88"}],"version-history":[{"count":2,"href":"https:\/\/centros.uepb.edu.br\/ccsa\/wp-json\/wp\/v2\/pages\/88\/revisions"}],"predecessor-version":[{"id":2139,"href":"https:\/\/centros.uepb.edu.br\/ccsa\/wp-json\/wp\/v2\/pages\/88\/revisions\/2139"}],"up":[{"embeddable":true,"href":"https:\/\/centros.uepb.edu.br\/ccsa\/wp-json\/wp\/v2\/pages\/1752"}],"wp:attachment":[{"href":"https:\/\/centros.uepb.edu.br\/ccsa\/wp-json\/wp\/v2\/media?parent=88"}],"curies":[{"name":"wp","href":"https:\/\/api.w.org\/{rel}","templated":true}]}}