{"id":85,"date":"2014-06-26T13:32:29","date_gmt":"2014-06-26T13:32:29","guid":{"rendered":"\/ccsa\/?page_id=85"},"modified":"2025-10-16T12:13:16","modified_gmt":"2025-10-16T12:13:16","slug":"servico-social","status":"publish","type":"page","link":"https:\/\/centros.uepb.edu.br\/ccsa\/departamentos\/servico-social\/","title":{"rendered":"Servi\u00e7o Social"},"content":{"rendered":"<div class=\"wpb-content-wrapper\"><p>[vc_row][vc_column width=&#8221;1\/3&#8243;][vc_column_text css=&#8221;&#8221;]<strong>Chefe do Departamento<\/strong><\/p>\n<p>Prof.\u00aa Kathleen Elane Leal Vasconcelos<br \/>\nkathleen@servidor.uepb.edu.br[\/vc_column_text][\/vc_column][vc_column width=&#8221;1\/3&#8243;][vc_column_text css=&#8221;&#8221;]<strong>Chefe Adjunto do Departamento<\/strong><\/p>\n<p>Prof. Luiz Henrique Bra\u00fana Lopes de Souza<br \/>\nluiz.brauna@servidor.uepb.edu.br[\/vc_column_text][\/vc_column][vc_column width=&#8221;1\/3&#8243;][vc_column_text]<strong>Secret\u00e1ria<\/strong><\/p>\n<p>Vivianne Fernandes de Sousa Montenegro[\/vc_column_text][\/vc_column][\/vc_row][vc_row css=&#8221;.vc_custom_1654000299004{margin-top: 30px !important;}&#8221;][vc_column width=&#8221;1\/3&#8243;][vc_column_text]<strong>Contato<\/strong><br \/>\n(83) 3344-5303\/depto.servicosocial.ccsa@setor.uepb.edu.br<\/p>\n<p>[\/vc_column_text][\/vc_column][vc_column width=&#8221;1\/3&#8243;][vc_column_text]<strong>Localiza\u00e7\u00e3o<\/strong><br \/>\nSala 307, Central de Integra\u00e7\u00e3o Acad\u00eamica.[\/vc_column_text][\/vc_column][vc_column width=&#8221;1\/3&#8243;][\/vc_column][\/vc_row][vc_row gap=&#8221;30&#8243; css=&#8221;.vc_custom_1654000305132{margin-top: 30px !important;}&#8221;][vc_column width=&#8221;1\/2&#8243;][vc_text_separator title=&#8221;Corpo Docente (Efetivos)&#8221; title_align=&#8221;separator_align_left&#8221;][vc_column_text]<\/p>\n<ul>\n<li><a href=\"http:\/\/lattes.cnpq.br\/2443706586473911\" target=\"_blank\" rel=\"noopener\">Dra. Alessandra Ximenes da Silva<\/a><\/li>\n<li><a href=\"http:\/\/Dra. Auri Donato da Costa Cunha\" target=\"_blank\" rel=\"noopener\">Dra. Auri Donato da Costa Cunha<\/a><\/li>\n<li><a href=\"http:\/\/lattes.cnpq.br\/5424686423089092\" target=\"_blank\" rel=\"noopener\">Ma. C\u00e9lia de Castro<\/a><\/li>\n<li><a href=\"http:\/\/lattes.cnpq.br\/3342052362904919\" target=\"_blank\" rel=\"noopener\">Dra. Cleomar Campos da Fonseca<\/a><\/li>\n<li><a href=\"http:\/\/lattes.cnpq.br\/3433008267426774\" target=\"_blank\" rel=\"noopener\">Ma. Cle\u00f4nia Maria Mendes de Sousa<\/a><\/li>\n<li><a href=\"http:\/\/lattes.cnpq.br\/5145823684533162\" target=\"_blank\" rel=\"noopener\">Ma. Francisca Rodrigues Mascena<\/a><\/li>\n<li><a href=\"http:\/\/lattes.cnpq.br\/9993459692120000\" target=\"_blank\" rel=\"noopener\">Dra. Idalina Maria Freitas Lima Santiago<\/a><\/li>\n<li><a href=\"http:\/\/lattes.cnpq.br\/1013325575657505\" target=\"_blank\" rel=\"noopener\">Dra. Jordeana Davi Pereira<\/a><\/li>\n<li><a href=\"http:\/\/lattes.cnpq.br\/2352066005264247\" target=\"_blank\" rel=\"noopener\">Dra. Jussara Carneiro Costa<\/a><\/li>\n<li><a href=\"http:\/\/lattes.cnpq.br\/6041130249681124\" target=\"_blank\" rel=\"noopener\">Dra. Kathleen Elane Leal Vasconcelos<\/a><\/li>\n<li><a href=\"http:\/\/lattes.cnpq.br\/8056260098278360\" target=\"_blank\" rel=\"noopener\">Ma. Lucia Maria Patriota<\/a><\/li>\n<li><a href=\"http:\/\/lattes.cnpq.br\/5712968843608926\" target=\"_blank\" rel=\"noopener\">Dra. Maria Aparecida Barbosa Carneiro<\/a><\/li>\n<li><a href=\"http:\/\/lattes.cnpq.br\/3851880090396552\" target=\"_blank\" rel=\"noopener\">Ma. Maria do Socorro Pontes de Souza<\/a><\/li>\n<li><a href=\"http:\/\/lattes.cnpq.br\/8932078883368766\" target=\"_blank\" rel=\"noopener\">Dra. Mar\u00edlia Tomaz de Oliveira<\/a><\/li>\n<li><a href=\"http:\/\/lattes.cnpq.br\/2781009304496825\" target=\"_blank\" rel=\"noopener\">Dra. Moema Am\u00e9lia Serpa Lopes de Souza<\/a><\/li>\n<li><a href=\"http:\/\/lattes.cnpq.br\/2520472194290148\" target=\"_blank\" rel=\"noopener\">Dra. M\u00f4nica Barros da N\u00f3brega<\/a><\/li>\n<li>Ma. Patr\u00edcia Crispim Moreira<\/li>\n<li><a href=\"http:\/\/lattes.cnpq.br\/9171858273761964\" target=\"_blank\" rel=\"noopener\">Ms. Sandra Am\u00e9lia Sampaio Silveira<\/a><\/li>\n<li><a href=\"http:\/\/lattes.cnpq.br\/6412160757080731\" target=\"_blank\" rel=\"noopener\">Dra. Sheyla Suely de Souza Silva<\/a><\/li>\n<li><a href=\"http:\/\/lattes.cnpq.br\/6899145697325253\" target=\"_blank\" rel=\"noopener\">Ma. Ter\u00e7\u00e1lia Suassuna Vaz Lira<\/a><\/li>\n<li><a href=\"http:\/\/lattes.cnpq.br\/7882624954888917\" target=\"_blank\" rel=\"noopener\">Ma. Tereza Cristina Ribeiro da Costa<\/a><\/li>\n<li><a href=\"http:\/\/lattes.cnpq.br\/1860291651296725\" target=\"_blank\" rel=\"noopener\">Ma. Thereza Karla de Souza Melo<\/a><\/li>\n<\/ul>\n<p>[\/vc_column_text][\/vc_column][vc_column width=&#8221;1\/2&#8243;][vc_text_separator title=&#8221;Corpo Docente (Substitutos)&#8221; title_align=&#8221;separator_align_left&#8221;][vc_column_text]<\/p>\n<ul>\n<li><a href=\"http:\/\/lattes.cnpq.br\/2492235553512217\" target=\"_blank\" rel=\"noopener\">Ma. Alcilene da Costa Andrade Brito Mestre<\/a><\/li>\n<li><a href=\"http:\/\/lattes.cnpq.br\/0771677327036527\" target=\"_blank\" rel=\"noopener\">Ma. Aliceane de Almeida Vieira Mestre\u00a0<\/a><\/li>\n<li><a href=\"http:\/\/lattes.cnpq.br\/3481712639304849\" target=\"_blank\" rel=\"noopener\">Ma. D\u00e9bora Suelle de Miranda Lima Mestre<\/a><\/li>\n<li><a href=\"http:\/\/lattes.cnpq.br\/7230010401977809\" target=\"_blank\" rel=\"noopener\">Ma. Lielia Barbosa Oliveira Mestre<\/a><\/li>\n<li><a href=\"http:\/\/lattes.cnpq.br\/4840030339664596\" target=\"_blank\" rel=\"noopener\">Dra. Maria Noalda Ramalho Doutora<\/a><\/li>\n<li><a href=\"http:\/\/lattes.cnpq.br\/8490054136542274\" target=\"_blank\" rel=\"noopener\">Ma. Thaisa Simpl\u00edcio Carneiro Matias Mestre\u00a0<\/a><\/li>\n<li>Willian Almeida de Lacerda Mestre<\/li>\n<\/ul>\n<p>[\/vc_column_text][\/vc_column][\/vc_row]<\/p>\n<\/div>","protected":false},"excerpt":{"rendered":"<p>[vc_row][vc_column width=&#8221;1\/3&#8243;][vc_column_text css=&#8221;&#8221;]Chefe do Departamento Prof.\u00aa Kathleen Elane Leal Vasconcelos kathleen@servidor.uepb.edu.br[\/vc_column_text][\/vc_column][vc_column width=&#8221;1\/3&#8243;][vc_column_text css=&#8221;&#8221;]Chefe Adjunto do Departamento Prof. Luiz Henrique Bra\u00fana Lopes de Souza luiz.brauna@servidor.uepb.edu.br[\/vc_column_text][\/vc_column][vc_column width=&#8221;1\/3&#8243;][vc_column_text]Secret\u00e1ria Vivianne Fernandes de Sousa Montenegro[\/vc_column_text][\/vc_column][\/vc_row][vc_row css=&#8221;.vc_custom_1654000299004{margin-top: 30px !important;}&#8221;][vc_column width=&#8221;1\/3&#8243;][vc_column_text]Contato (83) 3344-5303\/depto.servicosocial.ccsa@setor.uepb.edu.br [\/vc_column_text][\/vc_column][vc_column width=&#8221;1\/3&#8243;][vc_column_text]Localiza\u00e7\u00e3o Sala 307, Central de Integra\u00e7\u00e3o Acad\u00eamica.[\/vc_column_text][\/vc_column][vc_column width=&#8221;1\/3&#8243;][\/vc_column][\/vc_row][vc_row gap=&#8221;30&#8243; css=&#8221;.vc_custom_1654000305132{margin-top: 30px !important;}&#8221;][vc_column width=&#8221;1\/2&#8243;][vc_text_separator title=&#8221;Corpo Docente (Efetivos)&#8221; title_align=&#8221;separator_align_left&#8221;][vc_column_text] Dra. <a class=\"leiamais\" href=\"https:\/\/centros.uepb.edu.br\/ccsa\/departamentos\/servico-social\/\">Leia Mais&#8230;<\/a><\/p>\n","protected":false},"author":19,"featured_media":0,"parent":1752,"menu_order":0,"comment_status":"open","ping_status":"open","template":"","meta":{"jetpack_post_was_ever_published":false,"footnotes":""},"class_list":["post-85","page","type-page","status-publish","hentry"],"jetpack_sharing_enabled":true,"jetpack_shortlink":"https:\/\/wp.me\/P6eGxq-1n","_links":{"self":[{"href":"https:\/\/centros.uepb.edu.br\/ccsa\/wp-json\/wp\/v2\/pages\/85","targetHints":{"allow":["GET"]}}],"collection":[{"href":"https:\/\/centros.uepb.edu.br\/ccsa\/wp-json\/wp\/v2\/pages"}],"about":[{"href":"https:\/\/centros.uepb.edu.br\/ccsa\/wp-json\/wp\/v2\/types\/page"}],"author":[{"embeddable":true,"href":"https:\/\/centros.uepb.edu.br\/ccsa\/wp-json\/wp\/v2\/users\/19"}],"replies":[{"embeddable":true,"href":"https:\/\/centros.uepb.edu.br\/ccsa\/wp-json\/wp\/v2\/comments?post=85"}],"version-history":[{"count":2,"href":"https:\/\/centros.uepb.edu.br\/ccsa\/wp-json\/wp\/v2\/pages\/85\/revisions"}],"predecessor-version":[{"id":2128,"href":"https:\/\/centros.uepb.edu.br\/ccsa\/wp-json\/wp\/v2\/pages\/85\/revisions\/2128"}],"up":[{"embeddable":true,"href":"https:\/\/centros.uepb.edu.br\/ccsa\/wp-json\/wp\/v2\/pages\/1752"}],"wp:attachment":[{"href":"https:\/\/centros.uepb.edu.br\/ccsa\/wp-json\/wp\/v2\/media?parent=85"}],"curies":[{"name":"wp","href":"https:\/\/api.w.org\/{rel}","templated":true}]}}