{"id":37,"date":"2014-06-16T14:07:57","date_gmt":"2014-06-16T14:07:57","guid":{"rendered":"\/ccsa\/?page_id=37"},"modified":"2025-10-16T12:25:44","modified_gmt":"2025-10-16T12:25:44","slug":"bacharelado-em-ciencias-contabeis","status":"publish","type":"page","link":"https:\/\/centros.uepb.edu.br\/ccsa\/cursos\/bacharelado-em-ciencias-contabeis\/","title":{"rendered":"Ci\u00eancias Cont\u00e1beis"},"content":{"rendered":"<div class=\"wpb-content-wrapper\"><p>[vc_row gap=&#8221;30&#8243;][vc_column width=&#8221;1\/2&#8243;][vc_column_text css=&#8221;&#8221;]<strong>Coordena\u00e7\u00e3o do Curso<\/strong><\/p>\n<p><strong>Coordenadora<\/strong><br \/>\nProf.\u00aa Karla Roberta Castro Pinheiro Alves<br \/>\nkarlarobertap@servidor.uepb.edu.br<\/p>\n<p><strong>Coordenadora Adjunta<\/strong><br \/>\nProf.\u00aa V\u00e2nia Vilma Nunes Teixeira<br \/>\nvaniateix@servidor.uepb.edu.br<\/p>\n<p><strong>Secret\u00e1ria<\/strong><br \/>\nAmanda Silva[\/vc_column_text][\/vc_column][vc_column width=&#8221;1\/2&#8243;][vc_column_text]<strong>Contatos<\/strong><\/p>\n<p>(83) 3344-5311\/coord.contabeis.ccsa@setor.uepb.edu.br<\/p>\n<p><strong>Localiza\u00e7\u00e3o<\/strong><br \/>\nSala 305, Central de Integra\u00e7\u00e3o Acad\u00eamica.[\/vc_column_text][\/vc_column][\/vc_row]<\/p>\n<\/div>","protected":false},"excerpt":{"rendered":"<p>[vc_row gap=&#8221;30&#8243;][vc_column width=&#8221;1\/2&#8243;][vc_column_text css=&#8221;&#8221;]Coordena\u00e7\u00e3o do Curso Coordenadora Prof.\u00aa Karla Roberta Castro Pinheiro Alves karlarobertap@servidor.uepb.edu.br Coordenadora Adjunta Prof.\u00aa V\u00e2nia Vilma Nunes Teixeira vaniateix@servidor.uepb.edu.br Secret\u00e1ria Amanda Silva[\/vc_column_text][\/vc_column][vc_column width=&#8221;1\/2&#8243;][vc_column_text]Contatos (83) 3344-5311\/coord.contabeis.ccsa@setor.uepb.edu.br Localiza\u00e7\u00e3o Sala 305, Central de Integra\u00e7\u00e3o Acad\u00eamica.[\/vc_column_text][\/vc_column][\/vc_row]<\/p>\n","protected":false},"author":19,"featured_media":0,"parent":22,"menu_order":0,"comment_status":"open","ping_status":"open","template":"","meta":{"jetpack_post_was_ever_published":false,"footnotes":""},"class_list":["post-37","page","type-page","status-publish","hentry"],"jetpack_sharing_enabled":true,"jetpack_shortlink":"https:\/\/wp.me\/P6eGxq-B","_links":{"self":[{"href":"https:\/\/centros.uepb.edu.br\/ccsa\/wp-json\/wp\/v2\/pages\/37","targetHints":{"allow":["GET"]}}],"collection":[{"href":"https:\/\/centros.uepb.edu.br\/ccsa\/wp-json\/wp\/v2\/pages"}],"about":[{"href":"https:\/\/centros.uepb.edu.br\/ccsa\/wp-json\/wp\/v2\/types\/page"}],"author":[{"embeddable":true,"href":"https:\/\/centros.uepb.edu.br\/ccsa\/wp-json\/wp\/v2\/users\/19"}],"replies":[{"embeddable":true,"href":"https:\/\/centros.uepb.edu.br\/ccsa\/wp-json\/wp\/v2\/comments?post=37"}],"version-history":[{"count":1,"href":"https:\/\/centros.uepb.edu.br\/ccsa\/wp-json\/wp\/v2\/pages\/37\/revisions"}],"predecessor-version":[{"id":2133,"href":"https:\/\/centros.uepb.edu.br\/ccsa\/wp-json\/wp\/v2\/pages\/37\/revisions\/2133"}],"up":[{"embeddable":true,"href":"https:\/\/centros.uepb.edu.br\/ccsa\/wp-json\/wp\/v2\/pages\/22"}],"wp:attachment":[{"href":"https:\/\/centros.uepb.edu.br\/ccsa\/wp-json\/wp\/v2\/media?parent=37"}],"curies":[{"name":"wp","href":"https:\/\/api.w.org\/{rel}","templated":true}]}}