{"id":1844,"date":"2022-05-31T13:36:29","date_gmt":"2022-05-31T13:36:29","guid":{"rendered":"https:\/\/centros.uepb.edu.br\/ccsa\/?page_id=1844"},"modified":"2022-07-27T18:24:52","modified_gmt":"2022-07-27T18:24:52","slug":"home","status":"publish","type":"page","link":"https:\/\/centros.uepb.edu.br\/ccsa\/","title":{"rendered":"Home"},"content":{"rendered":"<div class=\"wpb-content-wrapper\"><p>[vc_row gap=&#8221;30&#8243;][vc_column width=&#8221;2\/3&#8243;][vc_text_separator title=&#8221;\u00daltimas Not\u00edcias&#8221; i_icon_fontawesome=&#8221;fas fa-newspaper&#8221; i_color=&#8221;custom&#8221; i_size=&#8221;sm&#8221; title_align=&#8221;separator_align_left&#8221; add_icon=&#8221;true&#8221; i_custom_color=&#8221;#cc0000&#8243;]<div class=\"mdl-grid\"><div class=\"mdl-cell--6-col mdl-cell--6-col-tablet mdl-cell--12-col-phone bloco-noticias\"><div class=\"titulo-noticia-widget\"><a href=\"https:\/\/uepb.edu.br\/campus-de-campina-grande-projeto-central-de-cinema-exibe-filme-sobre-a-ditadura-militar-seguido-de-debate\/\" target=\"_blank\"><h3 class=\"titulo-destaque-noticia\">C\u00e2mpus de Campina Grande: projeto Central de Cinema exibe filme sobre a ditadura militar seguido de debate<\/h3><\/a><\/div><div class=\"titulo-noticia-widget\"><a href=\"https:\/\/uepb.edu.br\/comissao-divulga-edital-para-eleicao-de-representantes-docentes-do-ccsa-no-consuni-e-consepe\/\" target=\"_blank\"><h3 class=\"titulo-destaque-noticia\">Comiss\u00e3o divulga edital para elei\u00e7\u00e3o de representantes docentes do CCSA no Consuni e Consepe<\/h3><\/a><\/div><div class=\"titulo-noticia-widget\"><a href=\"https:\/\/uepb.edu.br\/pos-graduacao-em-desenvolvimento-regional-abre-processo-seletivo-para-aluno-especial-com-40-vagas\/\" target=\"_blank\"><h3 class=\"titulo-destaque-noticia\">P\u00f3s-gradua\u00e7\u00e3o em Desenvolvimento Regional abre processo seletivo para aluno especial com 40 vagas<\/h3><\/a><\/div><div class=\"titulo-noticia-widget\"><a href=\"https:\/\/uepb.edu.br\/universidade-estadual-lamenta-falecimento-de-professora-aposentada-do-departamento-de-administracao\/\" target=\"_blank\"><h3 class=\"titulo-destaque-noticia\">Universidade Estadual lamenta falecimento de professora aposentada do Departamento de Administra\u00e7\u00e3o<\/h3><\/a><\/div><div class=\"titulo-noticia-widget\"><a href=\"https:\/\/uepb.edu.br\/divulgado-edital-de-matricula-para-o-programa-de-residencia-multiprofissional-em-saude-da-mulher\/\" target=\"_blank\"><h3 class=\"titulo-destaque-noticia\">Divulgado edital de matr\u00edcula para o Programa de Resid\u00eancia Multiprofissional em Sa\u00fade da Mulher<\/h3><\/a><\/div><\/div><div class=\"mdl-cell--6-col mdl-cell--6-col-tablet mdl-cell--12-col-phone bloco-noticias\"><div class=\"titulo-noticia-widget\"><a href=\"https:\/\/uepb.edu.br\/programa-de-pos-graduacao-em-desenvolvimento-regional-abre-selecao-com-vaga-para-bolsista-de-pos-doutorado\/\" target=\"_blank\"><h3 class=\"titulo-destaque-noticia\">Programa de P\u00f3s-gradua\u00e7\u00e3o em Desenvolvimento Regional abre sele\u00e7\u00e3o com vaga para bolsista de p\u00f3s-doutorado<\/h3><\/a><\/div><div class=\"titulo-noticia-widget\"><a href=\"https:\/\/uepb.edu.br\/proplan-e-observatorio-social-do-nordeste-promovem-1o-ciclo-de-debates-sobre-a-economia-de-campina-grande\/\" target=\"_blank\"><h3 class=\"titulo-destaque-noticia\">PROPLAN e Observat\u00f3rio Social do Nordeste promovem 1\u00ba Ciclo de Debates sobre a Economia de Campina Grande<\/h3><\/a><\/div><div class=\"titulo-noticia-widget\"><a href=\"https:\/\/uepb.edu.br\/uepb-consolida-protagonismo-nacional-com-tres-projetos-no-mapa-brasileiro-de-educacao-midiatica\/\" target=\"_blank\"><h3 class=\"titulo-destaque-noticia\">UEPB consolida protagonismo nacional com tr\u00eas projetos no Mapa Brasileiro de Educa\u00e7\u00e3o Midi\u00e1tica<\/h3><\/a><\/div><div class=\"titulo-noticia-widget\"><a href=\"https:\/\/uepb.edu.br\/comedia-musical-projeto-de-extensao-central-de-cinema-faz-exibicao-do-filme-the-beatles-help\/\" target=\"_blank\"><h3 class=\"titulo-destaque-noticia\">Com\u00e9dia musical: projeto de extens\u00e3o Central de Cinema faz exibi\u00e7\u00e3o do filme &#8220;The Beatles &#8211; Help&#8221;<\/h3><\/a><\/div><div class=\"titulo-noticia-widget\"><a href=\"https:\/\/uepb.edu.br\/evento-dos-30-anos-do-nupecij-amplia-debate-sobre-defesa-dos-direitos-das-criancas-e-dos-adolescentes\/\" target=\"_blank\"><h3 class=\"titulo-destaque-noticia\">Evento dos 30 anos do NUPECIJ amplia debate sobre defesa dos direitos das crian\u00e7as e dos adolescentes<\/h3><\/a><\/div><\/div><\/div>[\/vc_column][vc_column width=&#8221;1\/3&#8243;][vc_text_separator title=&#8221;Acesso R\u00e1pido&#8221; i_icon_fontawesome=&#8221;fas fa-newspaper&#8221; i_color=&#8221;custom&#8221; i_size=&#8221;sm&#8221; title_align=&#8221;separator_align_left&#8221; add_icon=&#8221;true&#8221; i_custom_color=&#8221;#cc0000&#8243;][vc_btn title=&#8221;Biblioteca&#8221; shape=&#8221;square&#8221; color=&#8221;primary&#8221; size=&#8221;lg&#8221; align=&#8221;left&#8221; button_block=&#8221;true&#8221; link=&#8221;url:https%3A%2F%2Fbiblioteca.uepb.edu.br%2F|title:Biblioteca|target:_blank&#8221; css=&#8221;.vc_custom_1658946248217{margin-bottom: 10px !important;}&#8221;][vc_btn title=&#8221;Controle Acad\u00eamico&#8221; shape=&#8221;square&#8221; color=&#8221;info&#8221; size=&#8221;lg&#8221; align=&#8221;left&#8221; button_block=&#8221;true&#8221; link=&#8221;url:https%3A%2F%2Facademico.uepb.edu.br%2Fca|title:Controle%20Acad%C3%AAmico|target:_blank&#8221; css=&#8221;.vc_custom_1658946263089{margin-bottom: 10px !important;}&#8221;][vc_btn title=&#8221;PET Administra\u00e7\u00e3o&#8221; shape=&#8221;square&#8221; color=&#8221;orange&#8221; size=&#8221;lg&#8221; align=&#8221;left&#8221; button_block=&#8221;true&#8221; link=&#8221;url:https%3A%2F%2Fwww.facebook.com%2Fpetadmuepb%2Finfo|title:PET%20Administra%C3%A7%C3%A3o|target:_blank&#8221; css=&#8221;.vc_custom_1658946267611{margin-bottom: 10px !important;}&#8221;][vc_btn title=&#8221;Qualit@s Revista Eletr\u00f4nica&#8221; shape=&#8221;square&#8221; color=&#8221;purple&#8221; size=&#8221;lg&#8221; align=&#8221;left&#8221; button_block=&#8221;true&#8221; link=&#8221;url:https%3A%2F%2Frevista.uepb.edu.br%2Findex.php%2Fqualitas%2F|title:Qualit%40s%20Revista%20Eletr%C3%B4nica|target:_blank&#8221; css=&#8221;.vc_custom_1658946271482{margin-bottom: 10px !important;}&#8221;][vc_btn title=&#8221;Rep\u00f3rter Junino&#8221; shape=&#8221;square&#8221; color=&#8221;danger&#8221; size=&#8221;lg&#8221; align=&#8221;left&#8221; button_block=&#8221;true&#8221; link=&#8221;url:http%3A%2F%2Freporterjunino.com.br%2F|title:Rep%C3%B3rter%20Junino|target:_blank&#8221; css=&#8221;.vc_custom_1658946275701{margin-bottom: 10px !important;}&#8221;][\/vc_column][\/vc_row]<\/p>\n<\/div>","protected":false},"excerpt":{"rendered":"<p>[vc_row gap=&#8221;30&#8243;][vc_column width=&#8221;2\/3&#8243;][vc_text_separator title=&#8221;\u00daltimas Not\u00edcias&#8221; i_icon_fontawesome=&#8221;fas fa-newspaper&#8221; i_color=&#8221;custom&#8221; i_size=&#8221;sm&#8221; title_align=&#8221;separator_align_left&#8221; add_icon=&#8221;true&#8221; i_custom_color=&#8221;#cc0000&#8243;][\/vc_column][vc_column width=&#8221;1\/3&#8243;][vc_text_separator title=&#8221;Acesso R\u00e1pido&#8221; i_icon_fontawesome=&#8221;fas fa-newspaper&#8221; i_color=&#8221;custom&#8221; i_size=&#8221;sm&#8221; title_align=&#8221;separator_align_left&#8221; add_icon=&#8221;true&#8221; i_custom_color=&#8221;#cc0000&#8243;][vc_btn title=&#8221;Biblioteca&#8221; shape=&#8221;square&#8221; color=&#8221;primary&#8221; size=&#8221;lg&#8221; align=&#8221;left&#8221; button_block=&#8221;true&#8221; link=&#8221;url:https%3A%2F%2Fbiblioteca.uepb.edu.br%2F|title:Biblioteca|target:_blank&#8221; css=&#8221;.vc_custom_1658946248217{margin-bottom: 10px !important;}&#8221;][vc_btn title=&#8221;Controle Acad\u00eamico&#8221; shape=&#8221;square&#8221; color=&#8221;info&#8221; size=&#8221;lg&#8221; align=&#8221;left&#8221; button_block=&#8221;true&#8221; link=&#8221;url:https%3A%2F%2Facademico.uepb.edu.br%2Fca|title:Controle%20Acad%C3%AAmico|target:_blank&#8221; css=&#8221;.vc_custom_1658946263089{margin-bottom: 10px !important;}&#8221;][vc_btn title=&#8221;PET Administra\u00e7\u00e3o&#8221; shape=&#8221;square&#8221; color=&#8221;orange&#8221; size=&#8221;lg&#8221; align=&#8221;left&#8221; button_block=&#8221;true&#8221; link=&#8221;url:https%3A%2F%2Fwww.facebook.com%2Fpetadmuepb%2Finfo|title:PET%20Administra%C3%A7%C3%A3o|target:_blank&#8221; css=&#8221;.vc_custom_1658946267611{margin-bottom: 10px !important;}&#8221;][vc_btn title=&#8221;Qualit@s <a class=\"leiamais\" href=\"https:\/\/centros.uepb.edu.br\/ccsa\/\">Leia Mais&#8230;<\/a><\/p>\n","protected":false},"author":29,"featured_media":0,"parent":0,"menu_order":0,"comment_status":"closed","ping_status":"closed","template":"","meta":{"jetpack_post_was_ever_published":false,"footnotes":""},"class_list":["post-1844","page","type-page","status-publish","hentry"],"jetpack_sharing_enabled":true,"jetpack_shortlink":"https:\/\/wp.me\/P6eGxq-tK","_links":{"self":[{"href":"https:\/\/centros.uepb.edu.br\/ccsa\/wp-json\/wp\/v2\/pages\/1844","targetHints":{"allow":["GET"]}}],"collection":[{"href":"https:\/\/centros.uepb.edu.br\/ccsa\/wp-json\/wp\/v2\/pages"}],"about":[{"href":"https:\/\/centros.uepb.edu.br\/ccsa\/wp-json\/wp\/v2\/types\/page"}],"author":[{"embeddable":true,"href":"https:\/\/centros.uepb.edu.br\/ccsa\/wp-json\/wp\/v2\/users\/29"}],"replies":[{"embeddable":true,"href":"https:\/\/centros.uepb.edu.br\/ccsa\/wp-json\/wp\/v2\/comments?post=1844"}],"version-history":[{"count":0,"href":"https:\/\/centros.uepb.edu.br\/ccsa\/wp-json\/wp\/v2\/pages\/1844\/revisions"}],"wp:attachment":[{"href":"https:\/\/centros.uepb.edu.br\/ccsa\/wp-json\/wp\/v2\/media?parent=1844"}],"curies":[{"name":"wp","href":"https:\/\/api.w.org\/{rel}","templated":true}]}}