{"id":137,"date":"2014-07-04T13:42:26","date_gmt":"2014-07-04T13:42:26","guid":{"rendered":"\/ccsa\/?page_id=137"},"modified":"2022-05-31T11:53:57","modified_gmt":"2022-05-31T11:53:57","slug":"nucleos-2","status":"publish","type":"page","link":"https:\/\/centros.uepb.edu.br\/ccsa\/nucleos-2\/","title":{"rendered":"N\u00facleos"},"content":{"rendered":"<div class=\"wpb-content-wrapper\"><p>[vc_row][vc_column][vc_column_text]<strong>Departamento de Administra\u00e7\u00e3o e Economia<\/strong><\/p>\n<ul>\n<li>Grupo de pesquisa em Gest\u00e3o em Gest\u00e3o do Conhecimento e Sustentabilidade \u2013 GECIS<\/li>\n<li>Pol\u00edticas p\u00fablicas, trabalho e desenvolvimento<\/li>\n<li>Grupo de pesquisa em estrat\u00e9gia empresarial<\/li>\n<\/ul>\n<p><strong>Departamento de Servi\u00e7o Social<\/strong><\/p>\n<p>A Universidade possui tr\u00eas fun\u00e7\u00f5es b\u00e1sicas: ensino, pesquisa e extens\u00e3o, as quais devem ser indissoci\u00e1veis como processos educativo, cultural e cient\u00edfico. Atrav\u00e9s de seus n\u00facleos de pesquisa e\/ou extens\u00e3o, o Curso de Servi\u00e7o Social da UEPB tem se voltado, ao longo de sua trajet\u00f3ria hist\u00f3rica, tamb\u00e9m \u00e0s atividades de extens\u00e3o e pesquisa, buscando consolidar uma articula\u00e7\u00e3o efetiva com a sociedade em que se insere, refletindo sobre suas contradi\u00e7\u00f5es e desafios e propondo e desenvolvendo a\u00e7\u00f5es que contribuam para a constru\u00e7\u00e3o de uma nova sociabilidade. A seguir, apresentamos os Grupos de Pesquisa atrelados ao Curso e certificados na Plataforma Lattes, junto ao CNPq, e suas respectivas linhas de pesquisa.<\/p>\n<p><strong>A\u00e7\u00e3o Cultural Camponesa &#8211; N\u00facleo de Estudos Rurais (NER)<\/strong> &#8211; o grupo atua na microrregi\u00e3o da Borborema, junto aos grupos de agricultores e agricultoras familiares, procurando desenvolver pesquisas que tenham como foco o desenvolvimento rural, as rela\u00e7\u00f5es raciais e a educa\u00e7\u00e3o, considerando as rela\u00e7\u00f5es entre campo e cidade. O objetivo Geral do N\u00facleo de Estudos Rurais \u00e9 de planejar, desenvolver e executar programas, projetos de pesquisa e extens\u00e3o, de forma interdisciplinar envolvendo gradua\u00e7\u00e3o, p\u00f3s-gradua\u00e7\u00e3o, t\u00e9cnicos e comunidades nas a\u00e7\u00f5es de cunho social, econ\u00f4mico, educacional, ecol\u00f3gico e agr\u00e1rio na regi\u00e3o da Para\u00edba.<\/p>\n<p><strong>Grupo Flor e Flor Estudos de G\u00eanero<\/strong><br \/>\nDesenvolve estudos e pesquisas acerca da tem\u00e1tica de g\u00eanero e presta assessoria a grupos e movimentos sociais e mant\u00e9m: 1)Articula\u00e7\u00e3o com redes e associa\u00e7\u00f5es cient\u00edficas; 2) Produ\u00e7\u00e3o de conhecimento; 3) Capacita\u00e7\u00e3o docente; 4) Projetos de extens\u00e3o financiados; 5) Projetos de pesquisa financiados. Suas linhas de pesquisa s\u00e3o: g\u00eanero e educa\u00e7\u00e3o, g\u00eanero, sexualidade e identidade, g\u00eanero e sa\u00fade, g\u00eanero, trabalho e desenvolvimento.<\/p>\n<p><strong>Grupo de Estudos e Pesquisas sobre Trabalho e Prote\u00e7\u00e3o Social (GETRAPS)<\/strong> Dedica-se ao desenvolvimento de pesquisas relacionadas \u00e0 crise capitalista contempor\u00e2nea e \u00e0s transforma\u00e7\u00f5es no mundo do trabalho e suas implica\u00e7\u00f5es nas formas de prote\u00e7\u00e3o social. Inclui, como eixo de an\u00e1lise, um enfoque na atual configura\u00e7\u00e3o das pol\u00edticas sociais que integram a seguridade social e sua rela\u00e7\u00e3o com a organiza\u00e7\u00e3o do trabalho do assistente social.<\/p>\n<p><strong>N\u00facleo de Pesquisa e Pr\u00e1ticas Sociais (NUPEPS)<\/strong> &#8211; O trabalho do N\u00facleo direciona-se para a produ\u00e7\u00e3o de conhecimento, atrav\u00e9s do desenvolvimento de pesquisas, buscando subsidiar a forma\u00e7\u00e3o profissional e a interven\u00e7\u00e3o social. Al\u00e9m disso, objetiva desenvolver atividades de extens\u00e3o e assessoria a \u00f3rg\u00e3os governamentais e n\u00e3o-governamentais e movimentos sociais nas tem\u00e1ticas relacionadas \u00e0s suas linhas de pesquisa: 1\u00aa: O trabalho no capitalismo contempor\u00e2neo; 2\u00aa: Movimentos sociais, cultura e pol\u00edtica; 3\u00aa: Pol\u00edticas sociais e gest\u00e3o democr\u00e1tica; 4\u00aa: O Servi\u00e7o Social, a Forma\u00e7\u00e3o Profissional e a Produ\u00e7\u00e3o do Conhecimento. Procura-se ainda estimular a participa\u00e7\u00e3o do corpo discente e docente nas atividades desenvolvidas pelo N\u00facleo, contribuindo para o debate e a democratiza\u00e7\u00e3o do conhecimento no meio acad\u00eamico e com a sociedade.<\/p>\n<p><strong>N\u00facleo de Pesquisa e Extens\u00e3o Comunit\u00e1ria Infanto-Juvenil (NUPECIJ)<\/strong> &#8211; Realiza estudos e pesquisas para subsidiar pol\u00edticas de enfrentamento \u00e0 viol\u00eancia contra crian\u00e7as e adolescentes no munic\u00edpio de Campina Grande e no Estado da Para\u00edba. Contribui para a produ\u00e7\u00e3o de conhecimentos e tecnologias sociais de enfrentamento a problem\u00e1ticas da inf\u00e2ncia e juventude. Presta apoio e assessoria t\u00e9cnica e pedag\u00f3gica a entidades governamentais e n\u00e3o governamentais de atendimento a crian\u00e7as e adolescentes. Contribui com a rede p\u00fablica de ensino na preven\u00e7\u00e3o e enfrentamento a viol\u00eancia visando \u00e0 revis\u00e3o de suas pr\u00e1ticas no cotidiano escolar.[\/vc_column_text][\/vc_column][\/vc_row]<\/p>\n<\/div>","protected":false},"excerpt":{"rendered":"<p>[vc_row][vc_column][vc_column_text]Departamento de Administra\u00e7\u00e3o e Economia Grupo de pesquisa em Gest\u00e3o em Gest\u00e3o do Conhecimento e Sustentabilidade \u2013 GECIS Pol\u00edticas p\u00fablicas, trabalho e desenvolvimento Grupo de pesquisa em estrat\u00e9gia empresarial Departamento de Servi\u00e7o Social A Universidade possui tr\u00eas fun\u00e7\u00f5es b\u00e1sicas: ensino, pesquisa e extens\u00e3o, as quais devem ser indissoci\u00e1veis como processos educativo, cultural e cient\u00edfico. Atrav\u00e9s <a class=\"leiamais\" href=\"https:\/\/centros.uepb.edu.br\/ccsa\/nucleos-2\/\">Leia Mais&#8230;<\/a><\/p>\n","protected":false},"author":19,"featured_media":0,"parent":0,"menu_order":0,"comment_status":"open","ping_status":"open","template":"","meta":{"jetpack_post_was_ever_published":false,"footnotes":""},"class_list":["post-137","page","type-page","status-publish","hentry"],"jetpack_sharing_enabled":true,"jetpack_shortlink":"https:\/\/wp.me\/P6eGxq-2d","_links":{"self":[{"href":"https:\/\/centros.uepb.edu.br\/ccsa\/wp-json\/wp\/v2\/pages\/137","targetHints":{"allow":["GET"]}}],"collection":[{"href":"https:\/\/centros.uepb.edu.br\/ccsa\/wp-json\/wp\/v2\/pages"}],"about":[{"href":"https:\/\/centros.uepb.edu.br\/ccsa\/wp-json\/wp\/v2\/types\/page"}],"author":[{"embeddable":true,"href":"https:\/\/centros.uepb.edu.br\/ccsa\/wp-json\/wp\/v2\/users\/19"}],"replies":[{"embeddable":true,"href":"https:\/\/centros.uepb.edu.br\/ccsa\/wp-json\/wp\/v2\/comments?post=137"}],"version-history":[{"count":0,"href":"https:\/\/centros.uepb.edu.br\/ccsa\/wp-json\/wp\/v2\/pages\/137\/revisions"}],"wp:attachment":[{"href":"https:\/\/centros.uepb.edu.br\/ccsa\/wp-json\/wp\/v2\/media?parent=137"}],"curies":[{"name":"wp","href":"https:\/\/api.w.org\/{rel}","templated":true}]}}