{"id":12,"date":"2014-06-12T12:10:34","date_gmt":"2014-06-12T12:10:34","guid":{"rendered":"\/ccsa\/?page_id=12"},"modified":"2024-02-01T12:29:44","modified_gmt":"2024-02-01T12:29:44","slug":"sobre","status":"publish","type":"page","link":"https:\/\/centros.uepb.edu.br\/ccsa\/sobre\/","title":{"rendered":"Sobre"},"content":{"rendered":"<div class=\"wpb-content-wrapper\"><p>[vc_row gap=&#8221;30&#8243; equal_height=&#8221;yes&#8221;][vc_column width=&#8221;1\/2&#8243; el_class=&#8221;conf-azul&#8221;][vc_text_separator title=&#8221;Miss\u00e3o&#8221; i_icon_fontawesome=&#8221;far fa-flag&#8221; i_color=&#8221;custom&#8221; i_size=&#8221;sm&#8221; title_align=&#8221;separator_align_left&#8221; add_icon=&#8221;true&#8221; i_custom_color=&#8221;#2d95bf&#8221;][vc_column_text]<\/p>\n<p style=\"text-align: justify\">Formar profissionais aptos a atuarem nas \u00e1reas de Administra\u00e7\u00e3o, Ci\u00eancias Cont\u00e1beis, Jornalismo e Servi\u00e7o Social: esta \u00e9 a miss\u00e3o dos cursos que comp\u00f5em o Centro de Ci\u00eancias Sociais Aplicadas da Universidade Estadual da Para\u00edba.<\/p>\n<p>[\/vc_column_text][vc_text_separator title=&#8221;Equipe&#8221; i_icon_fontawesome=&#8221;fas fa-users&#8221; i_color=&#8221;custom&#8221; i_size=&#8221;sm&#8221; title_align=&#8221;separator_align_left&#8221; add_icon=&#8221;true&#8221; i_custom_color=&#8221;#2d95bf&#8221;][vc_column_text]<strong>Diretor<\/strong>: Prof. R\u00f4mulo Ferreira de Azev\u00eado Filho<br \/>\n<strong>Diretor adjunto<\/strong>: Prof. Ricardo Ferreira Dantas<br \/>\n<strong>Secret\u00e1rios<\/strong>: Di\u00f3genes Rodrigues Moura Rolim e Tha\u00eds Pereira Fernandes[\/vc_column_text][vc_text_separator title=&#8221;Contatos&#8221; i_icon_fontawesome=&#8221;fas fa-address-card&#8221; i_color=&#8221;custom&#8221; i_size=&#8221;sm&#8221; title_align=&#8221;separator_align_left&#8221; add_icon=&#8221;true&#8221; i_custom_color=&#8221;#2d95bf&#8221;][vc_column_text]Telefone\/WhatsApp: (83) 3344-5309<br \/>\nEmail<strong><strong>: <\/strong><\/strong>ccsa@setor.uepb.edu.br[\/vc_column_text][\/vc_column][vc_column width=&#8221;1\/2&#8243; el_class=&#8221;conf-azul&#8221;][vc_text_separator title=&#8221;Endere\u00e7o&#8221; i_icon_fontawesome=&#8221;fas fa-map-marker-alt&#8221; i_color=&#8221;custom&#8221; i_size=&#8221;sm&#8221; title_align=&#8221;separator_align_left&#8221; add_icon=&#8221;true&#8221; i_custom_color=&#8221;#2d95bf&#8221;][vc_column_text]Rua Bara\u00fanas, Centro de Integra\u00e7\u00e3o Acad\u00eamica, sala 317<br \/>\nBairro Universit\u00e1rio, Campina Grande &#8211; PB, CEP 58429-500<\/p>\n<p><em>\u00a0<\/em>[\/vc_column_text][vc_text_separator title=&#8221;Departamentos&#8221; i_icon_fontawesome=&#8221;fas fa-list&#8221; i_color=&#8221;custom&#8221; i_size=&#8221;sm&#8221; title_align=&#8221;separator_align_left&#8221; add_icon=&#8221;true&#8221; i_custom_color=&#8221;#2d95bf&#8221;][vc_column_text]<\/p>\n<ul>\n<li><a href=\"https:\/\/centros.uepb.edu.br\/ccsa\/departamentos\/administracao-e-economia\/\">Departamento de Administra\u00e7\u00e3o e Economia \u2013 DAEC<\/a><\/li>\n<li><a href=\"https:\/\/centros.uepb.edu.br\/ccsa\/departamentos\/contabilidade-2\/\">Departamento de Contabilidade &#8211; DECON<\/a><\/li>\n<li><a href=\"https:\/\/centros.uepb.edu.br\/ccsa\/departamentos\/comunicacao-social\/\">Departamento de Comunica\u00e7\u00e3o Social \u2013 DECOM<\/a><\/li>\n<li><a href=\"https:\/\/centros.uepb.edu.br\/ccsa\/departamentos\/servico-social\/\">Departamento de Servi\u00e7o Social \u2013 DSS<\/a><\/li>\n<\/ul>\n<p>[\/vc_column_text][\/vc_column][\/vc_row]<\/p>\n<\/div>","protected":false},"excerpt":{"rendered":"<p>[vc_row gap=&#8221;30&#8243; equal_height=&#8221;yes&#8221;][vc_column width=&#8221;1\/2&#8243; el_class=&#8221;conf-azul&#8221;][vc_text_separator title=&#8221;Miss\u00e3o&#8221; i_icon_fontawesome=&#8221;far fa-flag&#8221; i_color=&#8221;custom&#8221; i_size=&#8221;sm&#8221; title_align=&#8221;separator_align_left&#8221; add_icon=&#8221;true&#8221; i_custom_color=&#8221;#2d95bf&#8221;][vc_column_text] Formar profissionais aptos a atuarem nas \u00e1reas de Administra\u00e7\u00e3o, Ci\u00eancias Cont\u00e1beis, Jornalismo e Servi\u00e7o Social: esta \u00e9 a miss\u00e3o dos cursos que comp\u00f5em o Centro de Ci\u00eancias Sociais Aplicadas da Universidade Estadual da Para\u00edba. [\/vc_column_text][vc_text_separator title=&#8221;Equipe&#8221; i_icon_fontawesome=&#8221;fas fa-users&#8221; i_color=&#8221;custom&#8221; i_size=&#8221;sm&#8221; title_align=&#8221;separator_align_left&#8221; add_icon=&#8221;true&#8221; <a class=\"leiamais\" href=\"https:\/\/centros.uepb.edu.br\/ccsa\/sobre\/\">Leia Mais&#8230;<\/a><\/p>\n","protected":false},"author":26,"featured_media":0,"parent":0,"menu_order":0,"comment_status":"open","ping_status":"open","template":"","meta":{"jetpack_post_was_ever_published":false,"footnotes":""},"class_list":["post-12","page","type-page","status-publish","hentry"],"jetpack_sharing_enabled":true,"jetpack_shortlink":"https:\/\/wp.me\/P6eGxq-c","_links":{"self":[{"href":"https:\/\/centros.uepb.edu.br\/ccsa\/wp-json\/wp\/v2\/pages\/12","targetHints":{"allow":["GET"]}}],"collection":[{"href":"https:\/\/centros.uepb.edu.br\/ccsa\/wp-json\/wp\/v2\/pages"}],"about":[{"href":"https:\/\/centros.uepb.edu.br\/ccsa\/wp-json\/wp\/v2\/types\/page"}],"author":[{"embeddable":true,"href":"https:\/\/centros.uepb.edu.br\/ccsa\/wp-json\/wp\/v2\/users\/26"}],"replies":[{"embeddable":true,"href":"https:\/\/centros.uepb.edu.br\/ccsa\/wp-json\/wp\/v2\/comments?post=12"}],"version-history":[{"count":0,"href":"https:\/\/centros.uepb.edu.br\/ccsa\/wp-json\/wp\/v2\/pages\/12\/revisions"}],"wp:attachment":[{"href":"https:\/\/centros.uepb.edu.br\/ccsa\/wp-json\/wp\/v2\/media?parent=12"}],"curies":[{"name":"wp","href":"https:\/\/api.w.org\/{rel}","templated":true}]}}