{"id":119,"date":"2014-07-02T14:35:06","date_gmt":"2014-07-02T14:35:06","guid":{"rendered":"\/ccsa\/?page_id=119"},"modified":"2025-10-16T12:36:21","modified_gmt":"2025-10-16T12:36:21","slug":"pos-graduacao-2","status":"publish","type":"page","link":"https:\/\/centros.uepb.edu.br\/ccsa\/pos-graduacao-3\/pos-graduacao-2\/","title":{"rendered":"Programa de P\u00f3s-gradua\u00e7\u00e3o em Servi\u00e7o Social"},"content":{"rendered":"<div class=\"wpb-content-wrapper\"><p>[vc_row gap=&#8221;30&#8243;][vc_column width=&#8221;1\/3&#8243;][vc_column_text css=&#8221;&#8221;]<strong>Coordenadora<\/strong><br \/>\nProf.\u00aa Dra. Alessandra Ximenes da Silva<br \/>\nalesximenes@servidor.uepb.edu.br[\/vc_column_text][\/vc_column][vc_column width=&#8221;1\/3&#8243;][vc_column_text css=&#8221;&#8221;]<strong>Coordenadora Adjunta<\/strong><br \/>\nProf.\u00aa Dra. Ter\u00e7alia Suassuna Vaz Lira<br \/>\ntercalialira@servidor.uepb.edu.br[\/vc_column_text][\/vc_column][vc_column width=&#8221;1\/3&#8243;][vc_column_text css=&#8221;&#8221;]<strong>Secret\u00e1ria<\/strong><br \/>\nCamila Karen Costa da Silva<br \/>\ncamila.silva@servidor.uepb.edu.br[\/vc_column_text][\/vc_column][\/vc_row][vc_row][vc_column][vc_separator][\/vc_column][\/vc_row][vc_row css=&#8221;.vc_custom_1654000299004{margin-top: 30px !important;}&#8221;][vc_column width=&#8221;1\/2&#8243;][vc_column_text]<strong>Contato<\/strong><br \/>\nTelefone: (83) 3344-5324<br \/>\nE-mail: ppgssocial@uepb.edu.br \/ ppgss.uepb@gmail.com[\/vc_column_text][vc_btn title=&#8221;Site do PPGSS&#8221; style=&#8221;classic&#8221; shape=&#8221;square&#8221; color=&#8221;default&#8221; css=&#8221;.vc_custom_1654008144703{margin-top: 10px !important;}&#8221; link=&#8221;url:https%3A%2F%2Fpos-graduacao.uepb.edu.br%2Fppgss%2F|title:Mestrado%20em%20Servi%C3%A7o%20Social|target:_blank&#8221;][\/vc_column][vc_column width=&#8221;1\/2&#8243;][vc_column_text]<strong>Localiza\u00e7\u00e3o<\/strong><br \/>\nCentral Acad\u00eamica Paulo Freire, sala 309<br \/>\nRua das Bara\u00fanas, 351<br \/>\nBairro: Campus Universit\u00e1rio da UEPB<br \/>\nCidade\/UF: Campina Grande\/PB CEP: 58.429-600[\/vc_column_text][\/vc_column][\/vc_row][vc_row css=&#8221;.vc_custom_1654008209606{margin-top: 30px !important;}&#8221;][vc_column][vc_text_separator title=&#8221;Sobre&#8221; title_align=&#8221;separator_align_left&#8221;][\/vc_column][\/vc_row][vc_row gap=&#8221;30&#8243;][vc_column width=&#8221;1\/2&#8243;][vc_column_text]O Programa de P\u00f3s-Gradua\u00e7\u00e3o em Servi\u00e7o Social (PPGSS), em n\u00edvel de Mestrado Acad\u00eamico, autorizado a funcionar pela CAPES, encontra-se aguardando a homologa\u00e7\u00e3o pelo CNE\/MEC.<\/p>\n<p><strong>Objetivos<\/strong>: formar profissionais com qualifica\u00e7\u00e3o para realizar estudos e pesquisas sobre o Servi\u00e7o Social, inserido nas complexas rela\u00e7\u00f5es entre Estado e Sociedade na sociabilidade capitalista.[\/vc_column_text][\/vc_column][vc_column width=&#8221;1\/2&#8243;][vc_column_text]<strong>\u00c1reas de Concentra\u00e7\u00e3o<\/strong>: Servi\u00e7o Social, Quest\u00e3o Social e Direitos Sociais.<\/p>\n<p><strong>Linhas de Pesquisa<\/strong>:<\/p>\n<ul>\n<li>Servi\u00e7o Social, Estado, Trabalho e Pol\u00edticas Sociais;<\/li>\n<li>G\u00eanero, Diversidade e Rela\u00e7\u00f5es de Poder.<\/li>\n<\/ul>\n<p>[\/vc_column_text][\/vc_column][\/vc_row]<\/p>\n<\/div>","protected":false},"excerpt":{"rendered":"<p>[vc_row gap=&#8221;30&#8243;][vc_column width=&#8221;1\/3&#8243;][vc_column_text css=&#8221;&#8221;]Coordenadora Prof.\u00aa Dra. Alessandra Ximenes da Silva alesximenes@servidor.uepb.edu.br[\/vc_column_text][\/vc_column][vc_column width=&#8221;1\/3&#8243;][vc_column_text css=&#8221;&#8221;]Coordenadora Adjunta Prof.\u00aa Dra. Ter\u00e7alia Suassuna Vaz Lira tercalialira@servidor.uepb.edu.br[\/vc_column_text][\/vc_column][vc_column width=&#8221;1\/3&#8243;][vc_column_text css=&#8221;&#8221;]Secret\u00e1ria Camila Karen Costa da Silva camila.silva@servidor.uepb.edu.br[\/vc_column_text][\/vc_column][\/vc_row][vc_row][vc_column][vc_separator][\/vc_column][\/vc_row][vc_row css=&#8221;.vc_custom_1654000299004{margin-top: 30px !important;}&#8221;][vc_column width=&#8221;1\/2&#8243;][vc_column_text]Contato Telefone: (83) 3344-5324 E-mail: ppgssocial@uepb.edu.br \/ ppgss.uepb@gmail.com[\/vc_column_text][vc_btn title=&#8221;Site do PPGSS&#8221; style=&#8221;classic&#8221; shape=&#8221;square&#8221; color=&#8221;default&#8221; css=&#8221;.vc_custom_1654008144703{margin-top: 10px !important;}&#8221; link=&#8221;url:https%3A%2F%2Fpos-graduacao.uepb.edu.br%2Fppgss%2F|title:Mestrado%20em%20Servi%C3%A7o%20Social|target:_blank&#8221;][\/vc_column][vc_column width=&#8221;1\/2&#8243;][vc_column_text]Localiza\u00e7\u00e3o Central Acad\u00eamica Paulo Freire, <a class=\"leiamais\" href=\"https:\/\/centros.uepb.edu.br\/ccsa\/pos-graduacao-3\/pos-graduacao-2\/\">Leia Mais&#8230;<\/a><\/p>\n","protected":false},"author":19,"featured_media":0,"parent":1894,"menu_order":0,"comment_status":"open","ping_status":"open","template":"","meta":{"jetpack_post_was_ever_published":false,"footnotes":""},"class_list":["post-119","page","type-page","status-publish","hentry"],"jetpack_sharing_enabled":true,"jetpack_shortlink":"https:\/\/wp.me\/P6eGxq-1V","_links":{"self":[{"href":"https:\/\/centros.uepb.edu.br\/ccsa\/wp-json\/wp\/v2\/pages\/119","targetHints":{"allow":["GET"]}}],"collection":[{"href":"https:\/\/centros.uepb.edu.br\/ccsa\/wp-json\/wp\/v2\/pages"}],"about":[{"href":"https:\/\/centros.uepb.edu.br\/ccsa\/wp-json\/wp\/v2\/types\/page"}],"author":[{"embeddable":true,"href":"https:\/\/centros.uepb.edu.br\/ccsa\/wp-json\/wp\/v2\/users\/19"}],"replies":[{"embeddable":true,"href":"https:\/\/centros.uepb.edu.br\/ccsa\/wp-json\/wp\/v2\/comments?post=119"}],"version-history":[{"count":2,"href":"https:\/\/centros.uepb.edu.br\/ccsa\/wp-json\/wp\/v2\/pages\/119\/revisions"}],"predecessor-version":[{"id":2141,"href":"https:\/\/centros.uepb.edu.br\/ccsa\/wp-json\/wp\/v2\/pages\/119\/revisions\/2141"}],"up":[{"embeddable":true,"href":"https:\/\/centros.uepb.edu.br\/ccsa\/wp-json\/wp\/v2\/pages\/1894"}],"wp:attachment":[{"href":"https:\/\/centros.uepb.edu.br\/ccsa\/wp-json\/wp\/v2\/media?parent=119"}],"curies":[{"name":"wp","href":"https:\/\/api.w.org\/{rel}","templated":true}]}}