{"id":910,"date":"2020-07-17T07:22:49","date_gmt":"2020-07-17T10:22:49","guid":{"rendered":"https:\/\/centros.uepb.edu.br\/ccj\/?page_id=910"},"modified":"2025-09-15T20:50:23","modified_gmt":"2025-09-15T23:50:23","slug":"coordenacao","status":"publish","type":"page","link":"https:\/\/centros.uepb.edu.br\/ccj\/coordenacao\/","title":{"rendered":"Coordena\u00e7\u00e3o"},"content":{"rendered":"<div class=\"wpb-content-wrapper\"><p>[vc_row gap=&#8221;30&#8243;][vc_column width=&#8221;1\/3&#8243;][vc_column_text css=&#8221;&#8221;]<strong>Coordenadora<\/strong>:<br \/>\nProf\u00aa. Dra. Ana Alice Ramos Tejo Salgado<br \/>\nE-mail: anatejo@servidor.uepb.edu.br<\/p>\n<p><strong>Coordenadora Adjunta<\/strong><br \/>\nProf. Dra. Fl\u00e1via de Paiva Medeiros de Oliveira<br \/>\ne-mail:flaviadepaiva@servidor.uepb.edu.br<\/p>\n<p>&nbsp;<\/p>\n<p><strong>e-mail institucional: coord.direito.ccj@setor.uepb.edu.br<\/strong>[\/vc_column_text][\/vc_column][vc_column width=&#8221;1\/3&#8243;][vc_column_text]<\/p>\n<ul>\n<li><a href=\"http:\/\/proreitorias.uepb.edu.br\/prograd\/calendario\/\" target=\"_blank\" rel=\"noopener\">Calend\u00e1rio Acad\u00eamico da UEPB<\/a><\/li>\n<li><a href=\"http:\/\/proreitorias.uepb.edu.br\/prograd\/sisu\/sisu-entrada-2020-2\/\" target=\"_blank\" rel=\"noopener\">Informa\u00e7\u00f5es SISU<\/a> (Resolu\u00e7\u00e3o\/UEPB\/Consepe\/0226\/2020)<\/li>\n<\/ul>\n<p>[\/vc_column_text][\/vc_column][vc_column width=&#8221;1\/3&#8243;][vc_column_text]<strong>Requerimentos \u00e0 coordena\u00e7\u00e3o de curso do CCJ<\/strong><br \/>\nsec.coord.direito.ccj@setor.uepb.edu.br[\/vc_column_text][\/vc_column][\/vc_row]<\/p>\n<\/div>","protected":false},"excerpt":{"rendered":"<p>[vc_row gap=&#8221;30&#8243;][vc_column width=&#8221;1\/3&#8243;][vc_column_text css=&#8221;&#8221;]Coordenadora: Prof\u00aa. Dra. Ana Alice Ramos Tejo Salgado E-mail: anatejo@servidor.uepb.edu.br Coordenadora Adjunta Prof. Dra. Fl\u00e1via de Paiva Medeiros de Oliveira e-mail:flaviadepaiva@servidor.uepb.edu.br &nbsp; e-mail institucional: coord.direito.ccj@setor.uepb.edu.br[\/vc_column_text][\/vc_column][vc_column width=&#8221;1\/3&#8243;][vc_column_text] Calend\u00e1rio Acad\u00eamico da UEPB Informa\u00e7\u00f5es SISU (Resolu\u00e7\u00e3o\/UEPB\/Consepe\/0226\/2020) [\/vc_column_text][\/vc_column][vc_column width=&#8221;1\/3&#8243;][vc_column_text]Requerimentos \u00e0 coordena\u00e7\u00e3o de curso do CCJ sec.coord.direito.ccj@setor.uepb.edu.br[\/vc_column_text][\/vc_column][\/vc_row]<\/p>\n","protected":false},"author":18,"featured_media":0,"parent":0,"menu_order":12,"comment_status":"closed","ping_status":"closed","template":"","meta":{"jetpack_post_was_ever_published":false,"footnotes":""},"class_list":["post-910","page","type-page","status-publish","hentry"],"jetpack_sharing_enabled":true,"jetpack_shortlink":"https:\/\/wp.me\/P7WTDo-eG","_links":{"self":[{"href":"https:\/\/centros.uepb.edu.br\/ccj\/wp-json\/wp\/v2\/pages\/910","targetHints":{"allow":["GET"]}}],"collection":[{"href":"https:\/\/centros.uepb.edu.br\/ccj\/wp-json\/wp\/v2\/pages"}],"about":[{"href":"https:\/\/centros.uepb.edu.br\/ccj\/wp-json\/wp\/v2\/types\/page"}],"author":[{"embeddable":true,"href":"https:\/\/centros.uepb.edu.br\/ccj\/wp-json\/wp\/v2\/users\/18"}],"replies":[{"embeddable":true,"href":"https:\/\/centros.uepb.edu.br\/ccj\/wp-json\/wp\/v2\/comments?post=910"}],"version-history":[{"count":1,"href":"https:\/\/centros.uepb.edu.br\/ccj\/wp-json\/wp\/v2\/pages\/910\/revisions"}],"predecessor-version":[{"id":2584,"href":"https:\/\/centros.uepb.edu.br\/ccj\/wp-json\/wp\/v2\/pages\/910\/revisions\/2584"}],"wp:attachment":[{"href":"https:\/\/centros.uepb.edu.br\/ccj\/wp-json\/wp\/v2\/media?parent=910"}],"curies":[{"name":"wp","href":"https:\/\/api.w.org\/{rel}","templated":true}]}}