{"id":892,"date":"2020-07-03T11:35:04","date_gmt":"2020-07-03T14:35:04","guid":{"rendered":"https:\/\/centros.uepb.edu.br\/ccj\/?page_id=892"},"modified":"2025-09-25T12:04:35","modified_gmt":"2025-09-25T15:04:35","slug":"tcc-2020-1","status":"publish","type":"page","link":"https:\/\/centros.uepb.edu.br\/ccj\/tcc-2020-1\/","title":{"rendered":"TCC"},"content":{"rendered":"<div class=\"wpb-content-wrapper\"><p>[vc_row][vc_column][vc_tta_tabs][vc_tta_section title=&#8221;Defesas de TCC&#8221; tab_id=&#8221;1724326598022-b4b36b4a-24df&#8221;][vc_column_text css=&#8221;.vc_custom_1758809550782{margin-top: 20px !important;}&#8221;]Os links das transmiss\u00f5es ao vivo das defesas dos Trabalhos de Conclus\u00e3o do Curso de Direito do Centro de Ci\u00eancias Jur\u00eddicas encontram-se na planilha de agendamento abaixo:<\/p>\n<ul>\n<li>Per\u00edodo <span style=\"color: #0000ff\"><a style=\"color: #0000ff\" href=\"https:\/\/docs.google.com\/spreadsheets\/d\/1m9iZeI28QRtEOEDcsVMyF7WorQ6UDH-Q2V-riHQBP3k\/edit#gid=0\" target=\"_blank\" rel=\"noopener\"><span style=\"color: #0000ff\">2020.1<\/span><\/a><\/span><\/li>\n<li>Per\u00edodo<span style=\"color: #0000ff\">\u00a0<a style=\"color: #0000ff\" href=\"https:\/\/docs.google.com\/spreadsheets\/d\/1ndeUwaf6QbGm0NXktK2MOFKJs8PEbp6RPQzQfhJkoGA\/edit?usp=sharing\" target=\"_blank\" rel=\"noopener\">2020.2<\/a><\/span><\/li>\n<li>Per\u00edodo <a href=\"https:\/\/docs.google.com\/spreadsheets\/d\/1fn4VW_QicJrzAgKWTPZvADTh5I6_cHDA75-AZlh5BJk\/edit?usp=sharing\" target=\"_blank\" rel=\"noopener\">2021.1<\/a><\/li>\n<li>Per\u00edodo <a href=\"https:\/\/docs.google.com\/spreadsheets\/d\/1yCo7oFgvPhzzhT0qh10OevCtFyYjoUlx6zr19BUptDs\/edit?usp=sharing\" target=\"_blank\" rel=\"noopener\">2021.2<\/a><\/li>\n<li>Per\u00edodo <a href=\"https:\/\/docs.google.com\/spreadsheets\/d\/17wf6XjAgfVJdWOFdkJ6DQSDXMRDYcZ9Wq22UOQZQNC4\/edit?usp=sharing\">2022.1<\/a><\/li>\n<li>Per\u00edodo <a href=\"https:\/\/docs.google.com\/spreadsheets\/d\/1PoMzZo3MPOKXoUY9bYgULoYMTa4Aoma-43LGN9SpDUE\/edit?usp=sharing\">2022.2<\/a><\/li>\n<li>Per\u00edodo <a href=\"https:\/\/docs.google.com\/spreadsheets\/d\/1RuoqLIPFJuKDVvQJrGlyqJoxNjgI8W_6DepjPPSuLwI\/edit?usp=sharing\">2023.1<\/a><\/li>\n<li>Per\u00edodo <a href=\"https:\/\/docs.google.com\/spreadsheets\/d\/1PDundKsDIx1VQmQ_oNrgIIKcofuTfqZN97aC_ZW8bOQ\/edit?usp=sharing\">2023.2<\/a><\/li>\n<li>Per\u00edodo <a href=\"https:\/\/docs.google.com\/spreadsheets\/d\/1PDundKsDIx1VQmQ_oNrgIIKcofuTfqZN97aC_ZW8bOQ\/edit?usp=sharing\">2024.1<\/a><\/li>\n<li>Per\u00edodo <a href=\"https:\/\/docs.google.com\/spreadsheets\/d\/1_TbU3RhFbWTp2_nzuJhd7jvVJyne6YmM_Z6lRgBpP5w\/edit?gid=0#gid=0\">2024.2<\/a><\/li>\n<li>Per\u00edodo <a href=\"https:\/\/docs.google.com\/spreadsheets\/d\/1WU_LMzN1Oz_j5b8Y90txq9ZMGgouCn-h6o6Ho84LY5c\/edit?usp=sharing\">2025.1<\/a><\/li>\n<li>Per\u00edodo <a href=\"https:\/\/docs.google.com\/spreadsheets\/d\/1XAUOsqRUIpHpmbBI5HRKGPAzMkfnejMFNuTtioCsc1s\/edit?gid=0#gid=0\">2025.2<\/a><\/li>\n<\/ul>\n<p>[\/vc_column_text][\/vc_tta_section][vc_tta_section title=&#8221;Calend\u00e1rio&#8221; tab_id=&#8221;1724326598027-76341d9e-f92e&#8221;][vc_column_text css=&#8221;.vc_custom_1755643814095{margin-top: 20px !important;}&#8221;]<strong>TERMO DE ACEITE E DEFESA DE TCC 2025.2<\/strong><\/p>\n<p><strong>Prazos:<\/strong><\/p>\n\n<table id=\"tablepress-4\" class=\"tablepress tablepress-id-4\">\n<tbody class=\"row-striping row-hover\">\n<tr class=\"row-1\">\n\t<td class=\"column-1\">Termo de aceite de TCC I E II<\/td><td class=\"column-2\">At\u00e9 27\/09\/2025<\/td>\n<\/tr>\n<tr class=\"row-2\">\n\t<td class=\"column-1\">Agendamento do TCC II<\/td><td class=\"column-2\">11\/08 a 26\/11<\/td>\n<\/tr>\n<tr class=\"row-3\">\n\t<td class=\"column-1\">Defesa do TCC<\/td><td class=\"column-2\">at\u00e9 28\/11\/2025<\/td>\n<\/tr>\n<tr class=\"row-4\">\n\t<td class=\"column-1\">In\u00edcio per\u00edodo letivo 2025.2<\/td><td class=\"column-2\">11\/08<br \/>\n<\/td>\n<\/tr>\n<tr class=\"row-5\">\n\t<td class=\"column-1\">Data limite para defesas<\/td><td class=\"column-2\">28\/11\/2025<br \/>\n<\/td>\n<\/tr>\n<\/tbody>\n<\/table>\n<!-- #tablepress-4 from cache -->\n<p>Enviar para o e-mail: <em>sec.coord.direito.ccj@setor.uepb.edu.br\u00a0<\/em><\/p>\n<p>Conforme PORTARIA\/UEPB\/PROGRAD\/003\/2022, para AGENDAMENTO, da apresenta\u00e7\u00e3o do TCC, o orientador deve enviar e-mail para a secretaria com as seguintes informa\u00e7\u00f5es:<\/p>\n<ul>\n<li>NOME COMPLETO E MATR\u00cdCULA do orientando;<\/li>\n<li>T\u00edtulo do TCC;<\/li>\n<li>Nome completo de cada membro da banca;<\/li>\n<li>Data e hor\u00e1rio link da apresenta\u00e7\u00e3o;<\/li>\n<li>Cumprir\u00e1 ao\/\u00e0 orientador\/a, com a anu\u00eancia do orientando, apresentar <strong>solicita\u00e7\u00e3o devidamente justificada ao Colegiado de Curso para a realiza\u00e7\u00e3o da apresenta\u00e7\u00e3o h\u00edbrida ou remota.<\/strong><\/li>\n<li>Para garantir que a apresenta\u00e7\u00e3o seja p\u00fablica, o\/a orientador\/a dever\u00e1, em conformidade com os prazos estabelecidos no calend\u00e1rio da Coordena\u00e7\u00e3o de Curso, agendar o evento e encaminhar o link de acesso para a secretaria com anteced\u00eancia m\u00ednima de tr\u00eas dias, cumprindo a esta providenciar a ampla publicidade entre a comunidade acad\u00eamica do curso.<\/li>\n<li><a href=\"https:\/\/centros.uepb.edu.br\/ccj\/download\/calendario-tcc-2024-2\/\">https:\/\/centros.uepb.edu.br\/ccj\/download\/calendario-tcc-2024-2\/<\/a><\/li>\n<\/ul>\n<p>[\/vc_column_text][vc_message message_box_color=&#8221;alert-warning&#8221; css=&#8221;.vc_custom_1724326898841{margin-top: 30px !important;margin-bottom: 30px !important;}&#8221;]<strong>OBSERVA\u00c7\u00c3O<\/strong>: Mediante contato com a PROGRAD, fomos informados que os alunos cujos orientadores eram os distintos colegas professores cujos contratos se encerraram dever\u00e3o procurar outros orientadores. Nesse sentido, facultados o prazo para apresenta\u00e7\u00e3o de novos termos de aceites, aos alunos que j\u00e1 haviam encaminhado termos com o Aceite desses professores que n\u00e3o est\u00e3o mais conosco, at\u00e9 a pr\u00f3xima ter\u00e7a-feira,\u00a0<strong>dia 14\/05.\u00a0<\/strong><\/p>\n<p>Ressaltamos que os prazos est\u00e3o em conson\u00e2ncia com o Calend\u00e1rio Acad\u00eamico da Institui\u00e7\u00e3o aprovado pela RESOLU\u00c7\u00c3O\/UEPB\/CONSEPE\/010\/2023<\/p>\n<p>Atenciosamente,<\/p>\n<p>Fl\u00e1via de Paiva Medeiros de Oliveira<br \/>\nCoordenadora Adjunta do curso de direito[\/vc_message][vc_column_text css=&#8221;&#8221;]<span style=\"text-decoration: underline\"><strong>Documentos necess\u00e1rios para defesa:<\/strong><\/span><\/p>\n<ul>\n<li><a href=\"https:\/\/drive.google.com\/drive\/folders\/1kbP9ED9nmHtsIy24ExLEuV_PvorDGXUT\" target=\"_blank\" rel=\"noopener\">Termo de Aceite para orienta\u00e7\u00e3o de TCC<\/a><\/li>\n<li><a href=\"https:\/\/docs.google.com\/document\/d\/1UkWRbjm9dStD4NHfx7_TUg033RflXYWY\/edit?usp=sharing&amp;ouid=114949573946106789812&amp;rtpof=true&amp;sd=true\">Ficha de Individual de Avalia\u00e7\u00e3o Examinadores<\/a><\/li>\n<\/ul>\n<p><strong>Informa\u00e7\u00f5es Cola\u00e7\u00e3o de Grau<\/strong>:<\/p>\n<ul>\n<li><a href=\"https:\/\/centros.uepb.edu.br\/ccj\/download\/informacaoes-colacao-de-grau\/\">Informa\u00e7\u00f5es cola\u00e7\u00e3o de grau<\/a><\/li>\n<li><a href=\"https:\/\/centros.uepb.edu.br\/ccj\/download\/requerimento-colacao-de-grau\/\">Requerimento cola\u00e7\u00e3o de grau<\/a><\/li>\n<li><a href=\"https:\/\/docs.google.com\/document\/d\/18sjBUIEBpqlDYIlzijI4rcGmD_DCR3uv\/edit?usp=sharing&amp;ouid=109579489051386591733&amp;rtpof=true&amp;sd=true\">Formul\u00e1rio de composi\u00e7\u00e3o de banca<\/a><\/li>\n<\/ul>\n<p>[\/vc_column_text][\/vc_tta_section][\/vc_tta_tabs][\/vc_column][\/vc_row]<\/p>\n<\/div>","protected":false},"excerpt":{"rendered":"<p>[vc_row][vc_column][vc_tta_tabs][vc_tta_section title=&#8221;Defesas de TCC&#8221; tab_id=&#8221;1724326598022-b4b36b4a-24df&#8221;][vc_column_text css=&#8221;.vc_custom_1758809550782{margin-top: 20px !important;}&#8221;]Os links das transmiss\u00f5es ao vivo das defesas dos Trabalhos de Conclus\u00e3o do Curso de Direito do Centro de Ci\u00eancias Jur\u00eddicas encontram-se na planilha de agendamento abaixo: Per\u00edodo 2020.1 Per\u00edodo\u00a02020.2 Per\u00edodo 2021.1 Per\u00edodo 2021.2 Per\u00edodo 2022.1 Per\u00edodo 2022.2 Per\u00edodo 2023.1 Per\u00edodo 2023.2 Per\u00edodo 2024.1 Per\u00edodo 2024.2 Per\u00edodo 2025.1 <a class=\"leiamais\" href=\"https:\/\/centros.uepb.edu.br\/ccj\/tcc-2020-1\/\">Leia Mais&#8230;<\/a><\/p>\n","protected":false},"author":45,"featured_media":0,"parent":0,"menu_order":13,"comment_status":"closed","ping_status":"closed","template":"","meta":{"jetpack_post_was_ever_published":false,"footnotes":""},"class_list":["post-892","page","type-page","status-publish","hentry"],"jetpack_sharing_enabled":true,"jetpack_shortlink":"https:\/\/wp.me\/P7WTDo-eo","_links":{"self":[{"href":"https:\/\/centros.uepb.edu.br\/ccj\/wp-json\/wp\/v2\/pages\/892","targetHints":{"allow":["GET"]}}],"collection":[{"href":"https:\/\/centros.uepb.edu.br\/ccj\/wp-json\/wp\/v2\/pages"}],"about":[{"href":"https:\/\/centros.uepb.edu.br\/ccj\/wp-json\/wp\/v2\/types\/page"}],"author":[{"embeddable":true,"href":"https:\/\/centros.uepb.edu.br\/ccj\/wp-json\/wp\/v2\/users\/45"}],"replies":[{"embeddable":true,"href":"https:\/\/centros.uepb.edu.br\/ccj\/wp-json\/wp\/v2\/comments?post=892"}],"version-history":[{"count":2,"href":"https:\/\/centros.uepb.edu.br\/ccj\/wp-json\/wp\/v2\/pages\/892\/revisions"}],"predecessor-version":[{"id":2591,"href":"https:\/\/centros.uepb.edu.br\/ccj\/wp-json\/wp\/v2\/pages\/892\/revisions\/2591"}],"wp:attachment":[{"href":"https:\/\/centros.uepb.edu.br\/ccj\/wp-json\/wp\/v2\/media?parent=892"}],"curies":[{"name":"wp","href":"https:\/\/api.w.org\/{rel}","templated":true}]}}