{"id":787,"date":"2019-09-02T15:51:29","date_gmt":"2019-09-02T18:51:29","guid":{"rendered":"https:\/\/centros.uepb.edu.br\/ccj\/?page_id=787"},"modified":"2022-06-01T15:44:37","modified_gmt":"2022-06-01T18:44:37","slug":"visita-do-conselho-estadual-de-educacao","status":"publish","type":"page","link":"https:\/\/centros.uepb.edu.br\/ccj\/visita-do-conselho-estadual-de-educacao\/","title":{"rendered":"Visita do Conselho Estadual de Educa\u00e7\u00e3o"},"content":{"rendered":"<div class=\"wpb-content-wrapper\"><p>[vc_row][vc_column][vc_column_text]<\/p>\n<ul>\n<li><a href=\"https:\/\/centros.uepb.edu.br\/ccj\/download\/pdi-uepb\/?wpdmdl=1714&amp;masterkey\">PDI UEPB<\/a><\/li>\n<li><a href=\"https:\/\/centros.uepb.edu.br\/ccj\/download\/ppc-2016\/?wpdmdl=1686&amp;masterkey\">Plano Pedag\u00f3gico 2016<\/a><\/li>\n<li><a href=\"https:\/\/centros.uepb.edu.br\/ccj\/download\/estatuto-da-uepb\/?wpdmdl=1704&amp;masterkey\">Estatuto da UEPB<\/a><\/li>\n<li><a href=\"https:\/\/centros.uepb.edu.br\/ccj\/download\/regimento-geral\/?wpdmdl=1705&amp;masterkey\">Regimento da Geral da Gradua\u00e7\u00e3o<\/a><\/li>\n<li><a href=\"https:\/\/centros.uepb.edu.br\/ccj\/download\/portaria-008-presidente-do-nde-paulo-esdras\/?wpdmdl=1716&amp;masterkey\">Portaria de nomea\u00e7\u00e3o do presidente do NDE<\/a><\/li>\n<li><a href=\"https:\/\/centros.uepb.edu.br\/ccj\/download\/027-2013-institui-o-nucleo-docente-estruturante-nde-da-uepb\/?wpdmdl=1699&amp;masterkey\">Resolu\u00e7\u00e3o que regulamenta o NDE<\/a><\/li>\n<li><a href=\"https:\/\/centros.uepb.edu.br\/ccj\/download\/lista-alunos-matriculados\/?wpdmdl=1715&amp;masterkey\">Lista Alunos Matriculados<\/a><\/li>\n<li><a href=\"https:\/\/centros.uepb.edu.br\/ccj\/download\/cpa-2015-2-a-2018-1\/?wpdmdl=1717&amp;masterkey\">Documenta\u00e7\u00e3o da CPA<\/a><\/li>\n<li><a href=\"https:\/\/centros.uepb.edu.br\/ccj\/download\/listados-projetos-de-extensaoccj-2016-21019\/?wpdmdl=1718&amp;masterkey\">Lista dos projetos de Extens\u00e3o desde de 2016<\/a><\/li>\n<\/ul>\n<p>[\/vc_column_text][\/vc_column][\/vc_row]<\/p>\n<\/div>","protected":false},"excerpt":{"rendered":"<p>[vc_row][vc_column][vc_column_text] PDI UEPB Plano Pedag\u00f3gico 2016 Estatuto da UEPB Regimento da Geral da Gradua\u00e7\u00e3o Portaria de nomea\u00e7\u00e3o do presidente do NDE Resolu\u00e7\u00e3o que regulamenta o NDE Lista Alunos Matriculados Documenta\u00e7\u00e3o da CPA Lista dos projetos de Extens\u00e3o desde de 2016 [\/vc_column_text][\/vc_column][\/vc_row]<\/p>\n","protected":false},"author":37,"featured_media":0,"parent":0,"menu_order":14,"comment_status":"closed","ping_status":"closed","template":"","meta":{"footnotes":""},"class_list":["post-787","page","type-page","status-publish","hentry"],"jetpack_sharing_enabled":true,"jetpack_shortlink":"https:\/\/wp.me\/P7WTDo-cH","_links":{"self":[{"href":"https:\/\/centros.uepb.edu.br\/ccj\/wp-json\/wp\/v2\/pages\/787","targetHints":{"allow":["GET"]}}],"collection":[{"href":"https:\/\/centros.uepb.edu.br\/ccj\/wp-json\/wp\/v2\/pages"}],"about":[{"href":"https:\/\/centros.uepb.edu.br\/ccj\/wp-json\/wp\/v2\/types\/page"}],"author":[{"embeddable":true,"href":"https:\/\/centros.uepb.edu.br\/ccj\/wp-json\/wp\/v2\/users\/37"}],"replies":[{"embeddable":true,"href":"https:\/\/centros.uepb.edu.br\/ccj\/wp-json\/wp\/v2\/comments?post=787"}],"version-history":[{"count":0,"href":"https:\/\/centros.uepb.edu.br\/ccj\/wp-json\/wp\/v2\/pages\/787\/revisions"}],"wp:attachment":[{"href":"https:\/\/centros.uepb.edu.br\/ccj\/wp-json\/wp\/v2\/media?parent=787"}],"curies":[{"name":"wp","href":"https:\/\/api.w.org\/{rel}","templated":true}]}}