{"id":2438,"date":"2024-08-22T09:28:31","date_gmt":"2024-08-22T12:28:31","guid":{"rendered":"https:\/\/centros.uepb.edu.br\/ccj\/?page_id=2438"},"modified":"2024-08-22T09:28:31","modified_gmt":"2024-08-22T12:28:31","slug":"horarios","status":"publish","type":"page","link":"https:\/\/centros.uepb.edu.br\/ccj\/horarios\/","title":{"rendered":"Hor\u00e1rios"},"content":{"rendered":"<ul>\n<li><a href=\"https:\/\/drive.google.com\/file\/d\/18XorMIAwJ-UxgJckYfhfbZ5zud2B9OlH\/view\" target=\"_blank\" rel=\"noopener\">Hor\u00e1rio Semestral 2021.1<\/a><\/li>\n<li>Hor\u00e1rio Semestral 2021.2<\/li>\n<li>Hor\u00e1rio Semestral 2022.1<\/li>\n<li><a href=\"https:\/\/drive.google.com\/file\/d\/1zbK7v13flT3yjFnsEJe1bfYRurkKY-4Z\/view?usp=sharing\">Hor\u00e1rio Semestral 2022.2<\/a><\/li>\n<li><a href=\"https:\/\/centros.uepb.edu.br\/ccj\/download\/encargos-docentes-2023-2-ccj\/\">Hor\u00e1rio Semestral 2023.2<\/a><\/li>\n<\/ul>\n","protected":false},"excerpt":{"rendered":"<p>Hor\u00e1rio Semestral 2021.1 Hor\u00e1rio Semestral 2021.2 Hor\u00e1rio Semestral 2022.1 Hor\u00e1rio Semestral 2022.2 Hor\u00e1rio Semestral 2023.2<\/p>\n","protected":false},"author":29,"featured_media":0,"parent":0,"menu_order":0,"comment_status":"closed","ping_status":"closed","template":"","meta":{"jetpack_post_was_ever_published":false,"footnotes":""},"class_list":["post-2438","page","type-page","status-publish","hentry"],"jetpack_sharing_enabled":true,"jetpack_shortlink":"https:\/\/wp.me\/P7WTDo-Dk","_links":{"self":[{"href":"https:\/\/centros.uepb.edu.br\/ccj\/wp-json\/wp\/v2\/pages\/2438","targetHints":{"allow":["GET"]}}],"collection":[{"href":"https:\/\/centros.uepb.edu.br\/ccj\/wp-json\/wp\/v2\/pages"}],"about":[{"href":"https:\/\/centros.uepb.edu.br\/ccj\/wp-json\/wp\/v2\/types\/page"}],"author":[{"embeddable":true,"href":"https:\/\/centros.uepb.edu.br\/ccj\/wp-json\/wp\/v2\/users\/29"}],"replies":[{"embeddable":true,"href":"https:\/\/centros.uepb.edu.br\/ccj\/wp-json\/wp\/v2\/comments?post=2438"}],"version-history":[{"count":0,"href":"https:\/\/centros.uepb.edu.br\/ccj\/wp-json\/wp\/v2\/pages\/2438\/revisions"}],"wp:attachment":[{"href":"https:\/\/centros.uepb.edu.br\/ccj\/wp-json\/wp\/v2\/media?parent=2438"}],"curies":[{"name":"wp","href":"https:\/\/api.w.org\/{rel}","templated":true}]}}