{"id":2115,"date":"2023-02-27T12:09:46","date_gmt":"2023-02-27T15:09:46","guid":{"rendered":"https:\/\/centros.uepb.edu.br\/ccj\/?page_id=2115"},"modified":"2025-03-20T21:38:04","modified_gmt":"2025-03-21T00:38:04","slug":"eleicoes-ccj-2023","status":"publish","type":"page","link":"https:\/\/centros.uepb.edu.br\/ccj\/eleicoes-ccj-2023\/","title":{"rendered":"Elei\u00e7\u00f5es CCJ 2025"},"content":{"rendered":"<h2 style=\"text-align: center\">PROCESSOS DE ESCOLHA DOS OCUPANTES DE CARGOS ELETIVOS NO CCJ BI\u00caNIO 2025-2027<\/h2>\n<p>&nbsp;<\/p>\n<p><strong>LEGISLA\u00c7\u00c3O QUE REGULAMENTA O PLEITO<\/strong>:<\/p>\n<ol>\n<li><a href=\"https:\/\/eleicoes.uepb.edu.br\/download\/resolucao-consuni-003-2008-regulamenta-os-processos-eleitorais-na-uepb\/\">https:\/\/eleicoes.uepb.edu.br\/download\/resolucao-consuni-003-2008-regulamenta-os-processos-eleitorais-na-uepb\/<\/a><\/li>\n<li>https:\/\/uepb.edu.br\/download\/017-2009-altera-o-art-1o-da-resolucao-consuni-003-2008-que-regulamenta-os-processos-eleitorais-na-uepb\/<\/li>\n<\/ol>\n<p>&nbsp;<\/p>\n<p><strong>LEGISLA\u00c7\u00c3O DA REFORMA ADMINISTRATIVA DO CCJ:<\/strong><\/p>\n<ol>\n<li><a href=\"https:\/\/centros.uepb.edu.br\/ccj\/download\/0269-2019-altera-a-estrutura-administrativa-do-ccj\/\">RESOLU\u00c7\u00c3O\/UEPB\/CONSUNI\/0269\/2019,<\/a> que alterou a estrutura administrativa do Centro de Ci\u00eancias Jur\u00eddicas \u2013 CCJ, conforme seu art. 1\u00ba par\u00e1grafo 2\u00b0, as compet\u00eancias e atribui\u00e7\u00f5es das Chefias dos Departamentos, estabelecidas nos Artigos 26 e 27 do Regimento Geral da UEPB, passam \u00e0 responsabilidade da Dire\u00e7\u00e3o do Centro.<\/li>\n<li><a href=\"https:\/\/centros.uepb.edu.br\/ccj\/download\/resolucao-uepb-consuni-0346-2020-altera-a-redacao-de-artigos-da-resolucao-consuni-uepb-0269-2019\/\">RESOLU\u00c7\u00c3O\/UEPB\/CONSUNI\/0346\/2020<\/a>, Altera a reda\u00e7\u00e3o de artigos da Resolu\u00e7\u00e3o 0269\/2019, que alterou a estrutura administrativa do Centro de Ci\u00eancias Jur\u00eddicas-CCJ, Campus I e d\u00e1 outras provid\u00eancias<\/li>\n<\/ol>\n<h2><\/h2>\n<h2><span style=\"color: #0000ff\">ATOS ADMINISTRATIVOS:<\/span><\/h2>\n<ul>\n<li><strong>EDITAL<\/strong> regulamentando as elei\u00e7\u00f5es para o cargo de gest\u00e3o no CCJ: <a href=\"https:\/\/uepb.edu.br\/editais\/eleicoes\/\">https:\/\/uepb.edu.br\/editais\/eleicoes\/<\/a><\/li>\n<\/ul>\n<ul>\n<li><span style=\"color: #000000\">Portaria designando a <strong>COMISS\u00c3O ELEITORAL<\/strong> para o pleito de 2025-2027 do CCJ:\u00a0 <a href=\"https:\/\/drive.google.com\/file\/d\/1_J_wcMBKEjcTj6VPUhwGs6kfM27zHYkv\/view?usp=sharing\">PORTARIA<\/a>\u00a0<\/span><\/li>\n<\/ul>\n<p>&nbsp;<\/p>\n<p>&nbsp;<\/p>\n<p>&nbsp;<\/p>\n","protected":false},"excerpt":{"rendered":"<p>PROCESSOS DE ESCOLHA DOS OCUPANTES DE CARGOS ELETIVOS NO CCJ BI\u00caNIO 2025-2027 &nbsp; LEGISLA\u00c7\u00c3O QUE REGULAMENTA O PLEITO: https:\/\/eleicoes.uepb.edu.br\/download\/resolucao-consuni-003-2008-regulamenta-os-processos-eleitorais-na-uepb\/ https:\/\/uepb.edu.br\/download\/017-2009-altera-o-art-1o-da-resolucao-consuni-003-2008-que-regulamenta-os-processos-eleitorais-na-uepb\/ &nbsp; LEGISLA\u00c7\u00c3O DA REFORMA ADMINISTRATIVA DO CCJ: RESOLU\u00c7\u00c3O\/UEPB\/CONSUNI\/0269\/2019, que alterou a estrutura administrativa do Centro de Ci\u00eancias Jur\u00eddicas \u2013 CCJ, conforme seu art. 1\u00ba par\u00e1grafo 2\u00b0, as compet\u00eancias e atribui\u00e7\u00f5es das Chefias dos Departamentos, estabelecidas <a class=\"leiamais\" href=\"https:\/\/centros.uepb.edu.br\/ccj\/eleicoes-ccj-2023\/\">Leia Mais&#8230;<\/a><\/p>\n","protected":false},"author":46,"featured_media":0,"parent":0,"menu_order":0,"comment_status":"closed","ping_status":"closed","template":"","meta":{"jetpack_post_was_ever_published":false,"footnotes":""},"class_list":["post-2115","page","type-page","status-publish","hentry"],"jetpack_sharing_enabled":true,"jetpack_shortlink":"https:\/\/wp.me\/P7WTDo-y7","_links":{"self":[{"href":"https:\/\/centros.uepb.edu.br\/ccj\/wp-json\/wp\/v2\/pages\/2115","targetHints":{"allow":["GET"]}}],"collection":[{"href":"https:\/\/centros.uepb.edu.br\/ccj\/wp-json\/wp\/v2\/pages"}],"about":[{"href":"https:\/\/centros.uepb.edu.br\/ccj\/wp-json\/wp\/v2\/types\/page"}],"author":[{"embeddable":true,"href":"https:\/\/centros.uepb.edu.br\/ccj\/wp-json\/wp\/v2\/users\/46"}],"replies":[{"embeddable":true,"href":"https:\/\/centros.uepb.edu.br\/ccj\/wp-json\/wp\/v2\/comments?post=2115"}],"version-history":[{"count":0,"href":"https:\/\/centros.uepb.edu.br\/ccj\/wp-json\/wp\/v2\/pages\/2115\/revisions"}],"wp:attachment":[{"href":"https:\/\/centros.uepb.edu.br\/ccj\/wp-json\/wp\/v2\/media?parent=2115"}],"curies":[{"name":"wp","href":"https:\/\/api.w.org\/{rel}","templated":true}]}}